{"id":1711,"date":"2016-01-26T15:08:52","date_gmt":"2016-01-26T15:08:52","guid":{"rendered":"https:\/\/staging.futurehealthbiobank.com\/al\/?page_id=1711"},"modified":"2024-02-13T15:45:14","modified_gmt":"2024-02-13T14:45:14","slug":"na-kontaktoni","status":"publish","type":"page","link":"https:\/\/staging.futurehealthbiobank.com\/al\/na-kontaktoni\/","title":{"rendered":"Na kontaktoni"},"content":{"rendered":"<p>[easy-pricing-table id=&#8221;1863&#8243;]<\/p>\n","protected":false},"excerpt":{"rendered":"<p>[easy-pricing-table id=&#8221;1863&#8243;]<\/p>\n","protected":false},"author":25,"featured_media":0,"parent":0,"menu_order":0,"comment_status":"closed","ping_status":"closed","template":"page-contact.php","meta":{"_acf_changed":false,"footnotes":""},"class_list":["post-1711","page","type-page","status-publish","hentry"],"acf":[],"yoast_head":"<!-- This site is optimized with the Yoast SEO plugin v26.7 - https:\/\/yoast.com\/wordpress\/plugins\/seo\/ -->\n<title>Na kontaktoni<\/title>\n<meta name=\"description\" content=\"Na kontaktoni n\u00eb \u00e7do koh\u00eb p\u00ebrmes emailit, telefonit 24\/7 ose pran\u00eb zyrave tona qendrore n\u00eb Tiran\u00eb\" \/>\n<meta name=\"robots\" content=\"noindex, follow, max-snippet:-1, max-image-preview:large, max-video-preview:-1\" \/>\n<meta property=\"og:locale\" content=\"sq_AL\" \/>\n<meta property=\"og:type\" content=\"article\" \/>\n<meta property=\"og:title\" content=\"Na kontaktoni\" \/>\n<meta property=\"og:description\" content=\"Na kontaktoni n\u00eb \u00e7do koh\u00eb p\u00ebrmes emailit, telefonit 24\/7 ose pran\u00eb zyrave tona qendrore n\u00eb Tiran\u00eb\" \/>\n<meta property=\"og:url\" content=\"https:\/\/staging.futurehealthbiobank.com\/al\/na-kontaktoni\/\" \/>\n<meta property=\"og:site_name\" content=\"Future Health Biobank Albania\" \/>\n<meta property=\"article:modified_time\" content=\"2024-02-13T14:45:14+00:00\" \/>\n<meta name=\"twitter:card\" content=\"summary_large_image\" \/>\n<meta name=\"twitter:label1\" content=\"Est. reading time\" \/>\n\t<meta name=\"twitter:data1\" content=\"1 minut\u00eb\" \/>\n<script type=\"application\/ld+json\" class=\"yoast-schema-graph\">{\"@context\":\"https:\/\/schema.org\",\"@graph\":[{\"@type\":\"WebPage\",\"@id\":\"https:\/\/staging.futurehealthbiobank.com\/al\/na-kontaktoni\/\",\"url\":\"https:\/\/staging.futurehealthbiobank.com\/al\/na-kontaktoni\/\",\"name\":\"Na kontaktoni\",\"isPartOf\":{\"@id\":\"https:\/\/staging.futurehealthbiobank.com\/al\/#website\"},\"datePublished\":\"2016-01-26T15:08:52+00:00\",\"dateModified\":\"2024-02-13T14:45:14+00:00\",\"description\":\"Na kontaktoni n\u00eb \u00e7do koh\u00eb p\u00ebrmes emailit, telefonit 24\/7 ose pran\u00eb zyrave tona qendrore n\u00eb Tiran\u00eb\",\"inLanguage\":\"sq\",\"potentialAction\":[{\"@type\":\"ReadAction\",\"target\":[\"https:\/\/staging.futurehealthbiobank.com\/al\/na-kontaktoni\/\"]}]},{\"@type\":\"WebSite\",\"@id\":\"https:\/\/staging.futurehealthbiobank.com\/al\/#website\",\"url\":\"https:\/\/staging.futurehealthbiobank.com\/al\/\",\"name\":\"Future Health Biobank Albania\",\"description\":\"\",\"potentialAction\":[{\"@type\":\"SearchAction\",\"target\":{\"@type\":\"EntryPoint\",\"urlTemplate\":\"https:\/\/staging.futurehealthbiobank.com\/al\/?s={search_term_string}\"},\"query-input\":{\"@type\":\"PropertyValueSpecification\",\"valueRequired\":true,\"valueName\":\"search_term_string\"}}],\"inLanguage\":\"sq\"}]}<\/script>\n<!-- \/ Yoast SEO plugin. -->","yoast_head_json":{"title":"Na kontaktoni","description":"Na kontaktoni n\u00eb \u00e7do koh\u00eb p\u00ebrmes emailit, telefonit 24\/7 ose pran\u00eb zyrave tona qendrore n\u00eb Tiran\u00eb","robots":{"index":"noindex","follow":"follow","max-snippet":"max-snippet:-1","max-image-preview":"max-image-preview:large","max-video-preview":"max-video-preview:-1"},"og_locale":"sq_AL","og_type":"article","og_title":"Na kontaktoni","og_description":"Na kontaktoni n\u00eb \u00e7do koh\u00eb p\u00ebrmes emailit, telefonit 24\/7 ose pran\u00eb zyrave tona qendrore n\u00eb Tiran\u00eb","og_url":"https:\/\/staging.futurehealthbiobank.com\/al\/na-kontaktoni\/","og_site_name":"Future Health Biobank Albania","article_modified_time":"2024-02-13T14:45:14+00:00","twitter_card":"summary_large_image","twitter_misc":{"Est. reading time":"1 minut\u00eb"},"schema":{"@context":"https:\/\/schema.org","@graph":[{"@type":"WebPage","@id":"https:\/\/staging.futurehealthbiobank.com\/al\/na-kontaktoni\/","url":"https:\/\/staging.futurehealthbiobank.com\/al\/na-kontaktoni\/","name":"Na kontaktoni","isPartOf":{"@id":"https:\/\/staging.futurehealthbiobank.com\/al\/#website"},"datePublished":"2016-01-26T15:08:52+00:00","dateModified":"2024-02-13T14:45:14+00:00","description":"Na kontaktoni n\u00eb \u00e7do koh\u00eb p\u00ebrmes emailit, telefonit 24\/7 ose pran\u00eb zyrave tona qendrore n\u00eb Tiran\u00eb","inLanguage":"sq","potentialAction":[{"@type":"ReadAction","target":["https:\/\/staging.futurehealthbiobank.com\/al\/na-kontaktoni\/"]}]},{"@type":"WebSite","@id":"https:\/\/staging.futurehealthbiobank.com\/al\/#website","url":"https:\/\/staging.futurehealthbiobank.com\/al\/","name":"Future Health Biobank Albania","description":"","potentialAction":[{"@type":"SearchAction","target":{"@type":"EntryPoint","urlTemplate":"https:\/\/staging.futurehealthbiobank.com\/al\/?s={search_term_string}"},"query-input":{"@type":"PropertyValueSpecification","valueRequired":true,"valueName":"search_term_string"}}],"inLanguage":"sq"}]}},"_links":{"self":[{"href":"https:\/\/staging.futurehealthbiobank.com\/al\/wp-json\/wp\/v2\/pages\/1711","targetHints":{"allow":["GET"]}}],"collection":[{"href":"https:\/\/staging.futurehealthbiobank.com\/al\/wp-json\/wp\/v2\/pages"}],"about":[{"href":"https:\/\/staging.futurehealthbiobank.com\/al\/wp-json\/wp\/v2\/types\/page"}],"author":[{"embeddable":true,"href":"https:\/\/staging.futurehealthbiobank.com\/al\/wp-json\/wp\/v2\/users\/25"}],"replies":[{"embeddable":true,"href":"https:\/\/staging.futurehealthbiobank.com\/al\/wp-json\/wp\/v2\/comments?post=1711"}],"version-history":[{"count":1,"href":"https:\/\/staging.futurehealthbiobank.com\/al\/wp-json\/wp\/v2\/pages\/1711\/revisions"}],"predecessor-version":[{"id":36376,"href":"https:\/\/staging.futurehealthbiobank.com\/al\/wp-json\/wp\/v2\/pages\/1711\/revisions\/36376"}],"wp:attachment":[{"href":"https:\/\/staging.futurehealthbiobank.com\/al\/wp-json\/wp\/v2\/media?parent=1711"}],"curies":[{"name":"wp","href":"https:\/\/api.w.org\/{rel}","templated":true}]}}