{"id":3450,"date":"2016-04-12T13:52:02","date_gmt":"2016-04-12T12:52:02","guid":{"rendered":"https:\/\/staging.futurehealthbiobank.com\/al\/?page_id=3450"},"modified":"2020-01-06T10:24:05","modified_gmt":"2020-01-06T09:24:05","slug":"nje-dore-ndihme","status":"publish","type":"page","link":"https:\/\/staging.futurehealthbiobank.com\/al\/cmimet\/nje-dore-ndihme\/","title":{"rendered":"Nj\u00eb dor\u00eb ndihme"},"content":{"rendered":"","protected":false},"excerpt":{"rendered":"","protected":false},"author":25,"featured_media":0,"parent":1708,"menu_order":0,"comment_status":"closed","ping_status":"closed","template":"page-page_template.php","meta":{"_acf_changed":false,"footnotes":""},"class_list":["post-3450","page","type-page","status-publish","hentry"],"acf":[],"yoast_head":"<!-- This site is optimized with the Yoast SEO plugin v26.7 - https:\/\/yoast.com\/wordpress\/plugins\/seo\/ -->\n<title>Nj\u00eb dor\u00eb ndihme | Ofertat ekskluzive dhe skemat shp\u00ebrblyese t\u00eb Biobank\u00ebs Future Health<\/title>\n<meta name=\"description\" content=\"Seksioni i ofertave eksluzive t\u00eb Future Health p\u00ebrfshin nga opsioni &#039;rekomandoja nj\u00eb miku&#039;, skema e besnik\u00ebris\u00eb e deri tek premtimi yn\u00eb p\u00ebr \u00e7mimin m\u00eb t\u00eb mir\u00eb\" \/>\n<meta name=\"robots\" content=\"noindex, follow, max-snippet:-1, max-image-preview:large, max-video-preview:-1\" \/>\n<meta property=\"og:locale\" content=\"sq_AL\" \/>\n<meta property=\"og:type\" content=\"article\" \/>\n<meta property=\"og:title\" content=\"Nj\u00eb dor\u00eb ndihme | Ofertat ekskluzive dhe skemat shp\u00ebrblyese t\u00eb Biobank\u00ebs Future Health\" \/>\n<meta property=\"og:description\" content=\"Seksioni i ofertave eksluzive t\u00eb Future Health p\u00ebrfshin nga opsioni &#039;rekomandoja nj\u00eb miku&#039;, skema e besnik\u00ebris\u00eb e deri tek premtimi yn\u00eb p\u00ebr \u00e7mimin m\u00eb t\u00eb mir\u00eb\" \/>\n<meta property=\"og:url\" content=\"https:\/\/staging.futurehealthbiobank.com\/al\/cmimet\/nje-dore-ndihme\/\" \/>\n<meta property=\"og:site_name\" content=\"Future Health Biobank Albania\" \/>\n<meta property=\"article:modified_time\" content=\"2020-01-06T09:24:05+00:00\" \/>\n<meta name=\"twitter:card\" content=\"summary_large_image\" \/>\n<script type=\"application\/ld+json\" class=\"yoast-schema-graph\">{\"@context\":\"https:\/\/schema.org\",\"@graph\":[{\"@type\":\"WebPage\",\"@id\":\"https:\/\/staging.futurehealthbiobank.com\/al\/cmimet\/nje-dore-ndihme\/\",\"url\":\"https:\/\/staging.futurehealthbiobank.com\/al\/cmimet\/nje-dore-ndihme\/\",\"name\":\"Nj\u00eb dor\u00eb ndihme | Ofertat ekskluzive dhe skemat shp\u00ebrblyese t\u00eb Biobank\u00ebs Future Health\",\"isPartOf\":{\"@id\":\"https:\/\/staging.futurehealthbiobank.com\/al\/#website\"},\"datePublished\":\"2016-04-12T12:52:02+00:00\",\"dateModified\":\"2020-01-06T09:24:05+00:00\",\"description\":\"Seksioni i ofertave eksluzive t\u00eb Future Health p\u00ebrfshin nga opsioni 'rekomandoja nj\u00eb miku', skema e besnik\u00ebris\u00eb e deri tek premtimi yn\u00eb p\u00ebr \u00e7mimin m\u00eb t\u00eb mir\u00eb\",\"breadcrumb\":{\"@id\":\"https:\/\/staging.futurehealthbiobank.com\/al\/cmimet\/nje-dore-ndihme\/#breadcrumb\"},\"inLanguage\":\"sq\",\"potentialAction\":[{\"@type\":\"ReadAction\",\"target\":[\"https:\/\/staging.futurehealthbiobank.com\/al\/cmimet\/nje-dore-ndihme\/\"]}]},{\"@type\":\"BreadcrumbList\",\"@id\":\"https:\/\/staging.futurehealthbiobank.com\/al\/cmimet\/nje-dore-ndihme\/#breadcrumb\",\"itemListElement\":[{\"@type\":\"ListItem\",\"position\":1,\"name\":\"\u00c7mimet\",\"item\":\"https:\/\/staging.futurehealthbiobank.com\/al\/cmimet\/\"},{\"@type\":\"ListItem\",\"position\":2,\"name\":\"Nj\u00eb dor\u00eb ndihme\"}]},{\"@type\":\"WebSite\",\"@id\":\"https:\/\/staging.futurehealthbiobank.com\/al\/#website\",\"url\":\"https:\/\/staging.futurehealthbiobank.com\/al\/\",\"name\":\"Future Health Biobank Albania\",\"description\":\"\",\"potentialAction\":[{\"@type\":\"SearchAction\",\"target\":{\"@type\":\"EntryPoint\",\"urlTemplate\":\"https:\/\/staging.futurehealthbiobank.com\/al\/?s={search_term_string}\"},\"query-input\":{\"@type\":\"PropertyValueSpecification\",\"valueRequired\":true,\"valueName\":\"search_term_string\"}}],\"inLanguage\":\"sq\"}]}<\/script>\n<!-- \/ Yoast SEO plugin. -->","yoast_head_json":{"title":"Nj\u00eb dor\u00eb ndihme | Ofertat ekskluzive dhe skemat shp\u00ebrblyese t\u00eb Biobank\u00ebs Future Health","description":"Seksioni i ofertave eksluzive t\u00eb Future Health p\u00ebrfshin nga opsioni 'rekomandoja nj\u00eb miku', skema e besnik\u00ebris\u00eb e deri tek premtimi yn\u00eb p\u00ebr \u00e7mimin m\u00eb t\u00eb mir\u00eb","robots":{"index":"noindex","follow":"follow","max-snippet":"max-snippet:-1","max-image-preview":"max-image-preview:large","max-video-preview":"max-video-preview:-1"},"og_locale":"sq_AL","og_type":"article","og_title":"Nj\u00eb dor\u00eb ndihme | Ofertat ekskluzive dhe skemat shp\u00ebrblyese t\u00eb Biobank\u00ebs Future Health","og_description":"Seksioni i ofertave eksluzive t\u00eb Future Health p\u00ebrfshin nga opsioni 'rekomandoja nj\u00eb miku', skema e besnik\u00ebris\u00eb e deri tek premtimi yn\u00eb p\u00ebr \u00e7mimin m\u00eb t\u00eb mir\u00eb","og_url":"https:\/\/staging.futurehealthbiobank.com\/al\/cmimet\/nje-dore-ndihme\/","og_site_name":"Future Health Biobank Albania","article_modified_time":"2020-01-06T09:24:05+00:00","twitter_card":"summary_large_image","schema":{"@context":"https:\/\/schema.org","@graph":[{"@type":"WebPage","@id":"https:\/\/staging.futurehealthbiobank.com\/al\/cmimet\/nje-dore-ndihme\/","url":"https:\/\/staging.futurehealthbiobank.com\/al\/cmimet\/nje-dore-ndihme\/","name":"Nj\u00eb dor\u00eb ndihme | Ofertat ekskluzive dhe skemat shp\u00ebrblyese t\u00eb Biobank\u00ebs Future Health","isPartOf":{"@id":"https:\/\/staging.futurehealthbiobank.com\/al\/#website"},"datePublished":"2016-04-12T12:52:02+00:00","dateModified":"2020-01-06T09:24:05+00:00","description":"Seksioni i ofertave eksluzive t\u00eb Future Health p\u00ebrfshin nga opsioni 'rekomandoja nj\u00eb miku', skema e besnik\u00ebris\u00eb e deri tek premtimi yn\u00eb p\u00ebr \u00e7mimin m\u00eb t\u00eb mir\u00eb","breadcrumb":{"@id":"https:\/\/staging.futurehealthbiobank.com\/al\/cmimet\/nje-dore-ndihme\/#breadcrumb"},"inLanguage":"sq","potentialAction":[{"@type":"ReadAction","target":["https:\/\/staging.futurehealthbiobank.com\/al\/cmimet\/nje-dore-ndihme\/"]}]},{"@type":"BreadcrumbList","@id":"https:\/\/staging.futurehealthbiobank.com\/al\/cmimet\/nje-dore-ndihme\/#breadcrumb","itemListElement":[{"@type":"ListItem","position":1,"name":"\u00c7mimet","item":"https:\/\/staging.futurehealthbiobank.com\/al\/cmimet\/"},{"@type":"ListItem","position":2,"name":"Nj\u00eb dor\u00eb ndihme"}]},{"@type":"WebSite","@id":"https:\/\/staging.futurehealthbiobank.com\/al\/#website","url":"https:\/\/staging.futurehealthbiobank.com\/al\/","name":"Future Health Biobank Albania","description":"","potentialAction":[{"@type":"SearchAction","target":{"@type":"EntryPoint","urlTemplate":"https:\/\/staging.futurehealthbiobank.com\/al\/?s={search_term_string}"},"query-input":{"@type":"PropertyValueSpecification","valueRequired":true,"valueName":"search_term_string"}}],"inLanguage":"sq"}]}},"_links":{"self":[{"href":"https:\/\/staging.futurehealthbiobank.com\/al\/wp-json\/wp\/v2\/pages\/3450","targetHints":{"allow":["GET"]}}],"collection":[{"href":"https:\/\/staging.futurehealthbiobank.com\/al\/wp-json\/wp\/v2\/pages"}],"about":[{"href":"https:\/\/staging.futurehealthbiobank.com\/al\/wp-json\/wp\/v2\/types\/page"}],"author":[{"embeddable":true,"href":"https:\/\/staging.futurehealthbiobank.com\/al\/wp-json\/wp\/v2\/users\/25"}],"replies":[{"embeddable":true,"href":"https:\/\/staging.futurehealthbiobank.com\/al\/wp-json\/wp\/v2\/comments?post=3450"}],"version-history":[{"count":0,"href":"https:\/\/staging.futurehealthbiobank.com\/al\/wp-json\/wp\/v2\/pages\/3450\/revisions"}],"up":[{"embeddable":true,"href":"https:\/\/staging.futurehealthbiobank.com\/al\/wp-json\/wp\/v2\/pages\/1708"}],"wp:attachment":[{"href":"https:\/\/staging.futurehealthbiobank.com\/al\/wp-json\/wp\/v2\/media?parent=3450"}],"curies":[{"name":"wp","href":"https:\/\/api.w.org\/{rel}","templated":true}]}}