{"id":3465,"date":"2016-04-13T12:27:45","date_gmt":"2016-04-13T11:27:45","guid":{"rendered":"https:\/\/staging.futurehealthbiobank.com\/al\/?page_id=3465"},"modified":"2020-01-06T10:25:14","modified_gmt":"2020-01-06T09:25:14","slug":"rekomandoja-nje-miku","status":"publish","type":"page","link":"https:\/\/staging.futurehealthbiobank.com\/al\/cmimet\/nje-dore-ndihme\/rekomandoja-nje-miku\/","title":{"rendered":"Rekomandoja nj\u00eb miku"},"content":{"rendered":"<p>A Recommend a Friend service rewards both existing and new customers. Simply recommend one of our services to a friend or family member and you will receive a cheque for \u00a3100 and your friend will receive a 10% discount.<\/p>\n<p>&nbsp;<\/p>\n","protected":false},"excerpt":{"rendered":"<p>A Recommend a Friend service rewards both existing and new customers. Simply recommend one of our services to a friend or family member and you will receive a cheque for \u00a3100 and your friend will receive a 10% discount. &nbsp;<\/p>\n","protected":false},"author":25,"featured_media":0,"parent":3450,"menu_order":0,"comment_status":"closed","ping_status":"closed","template":"page-page_template.php","meta":{"_acf_changed":false,"footnotes":""},"class_list":["post-3465","page","type-page","status-publish","hentry"],"acf":[],"yoast_head":"<!-- This site is optimized with the Yoast SEO plugin v26.7 - https:\/\/yoast.com\/wordpress\/plugins\/seo\/ -->\n<title>Rekomandoja nj\u00eb miku | Rekomandimi i sh\u00ebrbimit t\u00eb ruajtjes s\u00eb qelizave ju shp\u00ebrblen<\/title>\n<meta name=\"description\" content=\"Rekomandimi i ruajtjes s\u00eb qelizave staminale nj\u00eb shoku a nj\u00eb familjari tuaj shp\u00ebrblen si klient\u00ebt egzistues dhe ata t\u00eb rinj, si edhe juve vet\u00eb\" \/>\n<meta name=\"robots\" content=\"noindex, follow, max-snippet:-1, max-image-preview:large, max-video-preview:-1\" \/>\n<meta property=\"og:locale\" content=\"sq_AL\" \/>\n<meta property=\"og:type\" content=\"article\" \/>\n<meta property=\"og:title\" content=\"Rekomandoja nj\u00eb miku | Rekomandimi i sh\u00ebrbimit t\u00eb ruajtjes s\u00eb qelizave ju shp\u00ebrblen\" \/>\n<meta property=\"og:description\" content=\"Rekomandimi i ruajtjes s\u00eb qelizave staminale nj\u00eb shoku a nj\u00eb familjari tuaj shp\u00ebrblen si klient\u00ebt egzistues dhe ata t\u00eb rinj, si edhe juve vet\u00eb\" \/>\n<meta property=\"og:url\" content=\"https:\/\/staging.futurehealthbiobank.com\/al\/cmimet\/nje-dore-ndihme\/rekomandoja-nje-miku\/\" \/>\n<meta property=\"og:site_name\" content=\"Future Health Biobank Albania\" \/>\n<meta property=\"article:modified_time\" content=\"2020-01-06T09:25:14+00:00\" \/>\n<meta name=\"twitter:card\" content=\"summary_large_image\" \/>\n<script type=\"application\/ld+json\" class=\"yoast-schema-graph\">{\"@context\":\"https:\/\/schema.org\",\"@graph\":[{\"@type\":\"WebPage\",\"@id\":\"https:\/\/staging.futurehealthbiobank.com\/al\/cmimet\/nje-dore-ndihme\/rekomandoja-nje-miku\/\",\"url\":\"https:\/\/staging.futurehealthbiobank.com\/al\/cmimet\/nje-dore-ndihme\/rekomandoja-nje-miku\/\",\"name\":\"Rekomandoja nj\u00eb miku | Rekomandimi i sh\u00ebrbimit t\u00eb ruajtjes s\u00eb qelizave ju shp\u00ebrblen\",\"isPartOf\":{\"@id\":\"https:\/\/staging.futurehealthbiobank.com\/al\/#website\"},\"datePublished\":\"2016-04-13T11:27:45+00:00\",\"dateModified\":\"2020-01-06T09:25:14+00:00\",\"description\":\"Rekomandimi i ruajtjes s\u00eb qelizave staminale nj\u00eb shoku a nj\u00eb familjari tuaj shp\u00ebrblen si klient\u00ebt egzistues dhe ata t\u00eb rinj, si edhe juve vet\u00eb\",\"breadcrumb\":{\"@id\":\"https:\/\/staging.futurehealthbiobank.com\/al\/cmimet\/nje-dore-ndihme\/rekomandoja-nje-miku\/#breadcrumb\"},\"inLanguage\":\"sq\",\"potentialAction\":[{\"@type\":\"ReadAction\",\"target\":[\"https:\/\/staging.futurehealthbiobank.com\/al\/cmimet\/nje-dore-ndihme\/rekomandoja-nje-miku\/\"]}]},{\"@type\":\"BreadcrumbList\",\"@id\":\"https:\/\/staging.futurehealthbiobank.com\/al\/cmimet\/nje-dore-ndihme\/rekomandoja-nje-miku\/#breadcrumb\",\"itemListElement\":[{\"@type\":\"ListItem\",\"position\":1,\"name\":\"\u00c7mimet\",\"item\":\"https:\/\/staging.futurehealthbiobank.com\/al\/cmimet\/\"},{\"@type\":\"ListItem\",\"position\":2,\"name\":\"Nj\u00eb dor\u00eb ndihme\",\"item\":\"https:\/\/staging.futurehealthbiobank.com\/al\/cmimet\/nje-dore-ndihme\/\"},{\"@type\":\"ListItem\",\"position\":3,\"name\":\"Rekomandoja nj\u00eb miku\"}]},{\"@type\":\"WebSite\",\"@id\":\"https:\/\/staging.futurehealthbiobank.com\/al\/#website\",\"url\":\"https:\/\/staging.futurehealthbiobank.com\/al\/\",\"name\":\"Future Health Biobank Albania\",\"description\":\"\",\"potentialAction\":[{\"@type\":\"SearchAction\",\"target\":{\"@type\":\"EntryPoint\",\"urlTemplate\":\"https:\/\/staging.futurehealthbiobank.com\/al\/?s={search_term_string}\"},\"query-input\":{\"@type\":\"PropertyValueSpecification\",\"valueRequired\":true,\"valueName\":\"search_term_string\"}}],\"inLanguage\":\"sq\"}]}<\/script>\n<!-- \/ Yoast SEO plugin. -->","yoast_head_json":{"title":"Rekomandoja nj\u00eb miku | Rekomandimi i sh\u00ebrbimit t\u00eb ruajtjes s\u00eb qelizave ju shp\u00ebrblen","description":"Rekomandimi i ruajtjes s\u00eb qelizave staminale nj\u00eb shoku a nj\u00eb familjari tuaj shp\u00ebrblen si klient\u00ebt egzistues dhe ata t\u00eb rinj, si edhe juve vet\u00eb","robots":{"index":"noindex","follow":"follow","max-snippet":"max-snippet:-1","max-image-preview":"max-image-preview:large","max-video-preview":"max-video-preview:-1"},"og_locale":"sq_AL","og_type":"article","og_title":"Rekomandoja nj\u00eb miku | Rekomandimi i sh\u00ebrbimit t\u00eb ruajtjes s\u00eb qelizave ju shp\u00ebrblen","og_description":"Rekomandimi i ruajtjes s\u00eb qelizave staminale nj\u00eb shoku a nj\u00eb familjari tuaj shp\u00ebrblen si klient\u00ebt egzistues dhe ata t\u00eb rinj, si edhe juve vet\u00eb","og_url":"https:\/\/staging.futurehealthbiobank.com\/al\/cmimet\/nje-dore-ndihme\/rekomandoja-nje-miku\/","og_site_name":"Future Health Biobank Albania","article_modified_time":"2020-01-06T09:25:14+00:00","twitter_card":"summary_large_image","schema":{"@context":"https:\/\/schema.org","@graph":[{"@type":"WebPage","@id":"https:\/\/staging.futurehealthbiobank.com\/al\/cmimet\/nje-dore-ndihme\/rekomandoja-nje-miku\/","url":"https:\/\/staging.futurehealthbiobank.com\/al\/cmimet\/nje-dore-ndihme\/rekomandoja-nje-miku\/","name":"Rekomandoja nj\u00eb miku | Rekomandimi i sh\u00ebrbimit t\u00eb ruajtjes s\u00eb qelizave ju shp\u00ebrblen","isPartOf":{"@id":"https:\/\/staging.futurehealthbiobank.com\/al\/#website"},"datePublished":"2016-04-13T11:27:45+00:00","dateModified":"2020-01-06T09:25:14+00:00","description":"Rekomandimi i ruajtjes s\u00eb qelizave staminale nj\u00eb shoku a nj\u00eb familjari tuaj shp\u00ebrblen si klient\u00ebt egzistues dhe ata t\u00eb rinj, si edhe juve vet\u00eb","breadcrumb":{"@id":"https:\/\/staging.futurehealthbiobank.com\/al\/cmimet\/nje-dore-ndihme\/rekomandoja-nje-miku\/#breadcrumb"},"inLanguage":"sq","potentialAction":[{"@type":"ReadAction","target":["https:\/\/staging.futurehealthbiobank.com\/al\/cmimet\/nje-dore-ndihme\/rekomandoja-nje-miku\/"]}]},{"@type":"BreadcrumbList","@id":"https:\/\/staging.futurehealthbiobank.com\/al\/cmimet\/nje-dore-ndihme\/rekomandoja-nje-miku\/#breadcrumb","itemListElement":[{"@type":"ListItem","position":1,"name":"\u00c7mimet","item":"https:\/\/staging.futurehealthbiobank.com\/al\/cmimet\/"},{"@type":"ListItem","position":2,"name":"Nj\u00eb dor\u00eb ndihme","item":"https:\/\/staging.futurehealthbiobank.com\/al\/cmimet\/nje-dore-ndihme\/"},{"@type":"ListItem","position":3,"name":"Rekomandoja nj\u00eb miku"}]},{"@type":"WebSite","@id":"https:\/\/staging.futurehealthbiobank.com\/al\/#website","url":"https:\/\/staging.futurehealthbiobank.com\/al\/","name":"Future Health Biobank Albania","description":"","potentialAction":[{"@type":"SearchAction","target":{"@type":"EntryPoint","urlTemplate":"https:\/\/staging.futurehealthbiobank.com\/al\/?s={search_term_string}"},"query-input":{"@type":"PropertyValueSpecification","valueRequired":true,"valueName":"search_term_string"}}],"inLanguage":"sq"}]}},"_links":{"self":[{"href":"https:\/\/staging.futurehealthbiobank.com\/al\/wp-json\/wp\/v2\/pages\/3465","targetHints":{"allow":["GET"]}}],"collection":[{"href":"https:\/\/staging.futurehealthbiobank.com\/al\/wp-json\/wp\/v2\/pages"}],"about":[{"href":"https:\/\/staging.futurehealthbiobank.com\/al\/wp-json\/wp\/v2\/types\/page"}],"author":[{"embeddable":true,"href":"https:\/\/staging.futurehealthbiobank.com\/al\/wp-json\/wp\/v2\/users\/25"}],"replies":[{"embeddable":true,"href":"https:\/\/staging.futurehealthbiobank.com\/al\/wp-json\/wp\/v2\/comments?post=3465"}],"version-history":[{"count":0,"href":"https:\/\/staging.futurehealthbiobank.com\/al\/wp-json\/wp\/v2\/pages\/3465\/revisions"}],"up":[{"embeddable":true,"href":"https:\/\/staging.futurehealthbiobank.com\/al\/wp-json\/wp\/v2\/pages\/3450"}],"wp:attachment":[{"href":"https:\/\/staging.futurehealthbiobank.com\/al\/wp-json\/wp\/v2\/media?parent=3465"}],"curies":[{"name":"wp","href":"https:\/\/api.w.org\/{rel}","templated":true}]}}