{"id":3649,"date":"2016-04-24T16:53:37","date_gmt":"2016-04-24T15:53:37","guid":{"rendered":"https:\/\/staging.futurehealthbiobank.com\/al\/?page_id=3649"},"modified":"2017-07-06T15:29:34","modified_gmt":"2017-07-06T13:29:34","slug":"metodat-e-perpunimit","status":"publish","type":"page","link":"https:\/\/staging.futurehealthbiobank.com\/al\/sherbimet-tona\/ruajtja-e-qelizave-staminale\/metodat-e-perpunimit\/","title":{"rendered":"Metodat e p\u00ebrpunimit"},"content":{"rendered":"","protected":false},"excerpt":{"rendered":"","protected":false},"author":25,"featured_media":0,"parent":2382,"menu_order":0,"comment_status":"closed","ping_status":"closed","template":"page-page_template.php","meta":{"_acf_changed":false,"footnotes":""},"class_list":["post-3649","page","type-page","status-publish","hentry"],"acf":[],"yoast_head":"<!-- This site is optimized with the Yoast SEO plugin v26.7 - https:\/\/yoast.com\/wordpress\/plugins\/seo\/ -->\n<title>Metodat e p\u00ebrpunimit | P\u00ebrpunimi i gjakut t\u00eb kordonit k\u00ebrthizor<\/title>\n<meta name=\"description\" content=\"P\u00ebrpunimi i gjakut t\u00eb kordonit kryhet p\u00ebrmes reduktimit t\u00eb volumit duke ndar\u00eb plazm\u00eb, qelizat staminale hematopoietike dhe rruazat e kuqe t\u00eb gjakut\" \/>\n<meta name=\"robots\" content=\"noindex, follow, max-snippet:-1, max-image-preview:large, max-video-preview:-1\" \/>\n<meta property=\"og:locale\" content=\"sq_AL\" \/>\n<meta property=\"og:type\" content=\"article\" \/>\n<meta property=\"og:title\" content=\"Metodat e p\u00ebrpunimit | P\u00ebrpunimi i gjakut t\u00eb kordonit k\u00ebrthizor\" \/>\n<meta property=\"og:description\" content=\"P\u00ebrpunimi i gjakut t\u00eb kordonit kryhet p\u00ebrmes reduktimit t\u00eb volumit duke ndar\u00eb plazm\u00eb, qelizat staminale hematopoietike dhe rruazat e kuqe t\u00eb gjakut\" \/>\n<meta property=\"og:url\" content=\"https:\/\/staging.futurehealthbiobank.com\/al\/sherbimet-tona\/ruajtja-e-qelizave-staminale\/metodat-e-perpunimit\/\" \/>\n<meta property=\"og:site_name\" content=\"Future Health Biobank Albania\" \/>\n<meta property=\"article:modified_time\" content=\"2017-07-06T13:29:34+00:00\" \/>\n<meta name=\"twitter:card\" content=\"summary_large_image\" \/>\n<script type=\"application\/ld+json\" class=\"yoast-schema-graph\">{\"@context\":\"https:\/\/schema.org\",\"@graph\":[{\"@type\":\"WebPage\",\"@id\":\"https:\/\/staging.futurehealthbiobank.com\/al\/sherbimet-tona\/ruajtja-e-qelizave-staminale\/metodat-e-perpunimit\/\",\"url\":\"https:\/\/staging.futurehealthbiobank.com\/al\/sherbimet-tona\/ruajtja-e-qelizave-staminale\/metodat-e-perpunimit\/\",\"name\":\"Metodat e p\u00ebrpunimit | P\u00ebrpunimi i gjakut t\u00eb kordonit k\u00ebrthizor\",\"isPartOf\":{\"@id\":\"https:\/\/staging.futurehealthbiobank.com\/al\/#website\"},\"datePublished\":\"2016-04-24T15:53:37+00:00\",\"dateModified\":\"2017-07-06T13:29:34+00:00\",\"description\":\"P\u00ebrpunimi i gjakut t\u00eb kordonit kryhet p\u00ebrmes reduktimit t\u00eb volumit duke ndar\u00eb plazm\u00eb, qelizat staminale hematopoietike dhe rruazat e kuqe t\u00eb gjakut\",\"breadcrumb\":{\"@id\":\"https:\/\/staging.futurehealthbiobank.com\/al\/sherbimet-tona\/ruajtja-e-qelizave-staminale\/metodat-e-perpunimit\/#breadcrumb\"},\"inLanguage\":\"sq\",\"potentialAction\":[{\"@type\":\"ReadAction\",\"target\":[\"https:\/\/staging.futurehealthbiobank.com\/al\/sherbimet-tona\/ruajtja-e-qelizave-staminale\/metodat-e-perpunimit\/\"]}]},{\"@type\":\"BreadcrumbList\",\"@id\":\"https:\/\/staging.futurehealthbiobank.com\/al\/sherbimet-tona\/ruajtja-e-qelizave-staminale\/metodat-e-perpunimit\/#breadcrumb\",\"itemListElement\":[{\"@type\":\"ListItem\",\"position\":1,\"name\":\"Sh\u00ebrbimet tona\",\"item\":\"https:\/\/staging.futurehealthbiobank.com\/al\/sherbimet-tona\/\"},{\"@type\":\"ListItem\",\"position\":2,\"name\":\"Ruajtja e qelizave staminale\",\"item\":\"https:\/\/staging.futurehealthbiobank.com\/al\/sherbimet-tona\/ruajtja-e-qelizave-staminale\/\"},{\"@type\":\"ListItem\",\"position\":3,\"name\":\"Metodat e p\u00ebrpunimit\"}]},{\"@type\":\"WebSite\",\"@id\":\"https:\/\/staging.futurehealthbiobank.com\/al\/#website\",\"url\":\"https:\/\/staging.futurehealthbiobank.com\/al\/\",\"name\":\"Future Health Biobank Albania\",\"description\":\"\",\"potentialAction\":[{\"@type\":\"SearchAction\",\"target\":{\"@type\":\"EntryPoint\",\"urlTemplate\":\"https:\/\/staging.futurehealthbiobank.com\/al\/?s={search_term_string}\"},\"query-input\":{\"@type\":\"PropertyValueSpecification\",\"valueRequired\":true,\"valueName\":\"search_term_string\"}}],\"inLanguage\":\"sq\"}]}<\/script>\n<!-- \/ Yoast SEO plugin. -->","yoast_head_json":{"title":"Metodat e p\u00ebrpunimit | P\u00ebrpunimi i gjakut t\u00eb kordonit k\u00ebrthizor","description":"P\u00ebrpunimi i gjakut t\u00eb kordonit kryhet p\u00ebrmes reduktimit t\u00eb volumit duke ndar\u00eb plazm\u00eb, qelizat staminale hematopoietike dhe rruazat e kuqe t\u00eb gjakut","robots":{"index":"noindex","follow":"follow","max-snippet":"max-snippet:-1","max-image-preview":"max-image-preview:large","max-video-preview":"max-video-preview:-1"},"og_locale":"sq_AL","og_type":"article","og_title":"Metodat e p\u00ebrpunimit | P\u00ebrpunimi i gjakut t\u00eb kordonit k\u00ebrthizor","og_description":"P\u00ebrpunimi i gjakut t\u00eb kordonit kryhet p\u00ebrmes reduktimit t\u00eb volumit duke ndar\u00eb plazm\u00eb, qelizat staminale hematopoietike dhe rruazat e kuqe t\u00eb gjakut","og_url":"https:\/\/staging.futurehealthbiobank.com\/al\/sherbimet-tona\/ruajtja-e-qelizave-staminale\/metodat-e-perpunimit\/","og_site_name":"Future Health Biobank Albania","article_modified_time":"2017-07-06T13:29:34+00:00","twitter_card":"summary_large_image","schema":{"@context":"https:\/\/schema.org","@graph":[{"@type":"WebPage","@id":"https:\/\/staging.futurehealthbiobank.com\/al\/sherbimet-tona\/ruajtja-e-qelizave-staminale\/metodat-e-perpunimit\/","url":"https:\/\/staging.futurehealthbiobank.com\/al\/sherbimet-tona\/ruajtja-e-qelizave-staminale\/metodat-e-perpunimit\/","name":"Metodat e p\u00ebrpunimit | P\u00ebrpunimi i gjakut t\u00eb kordonit k\u00ebrthizor","isPartOf":{"@id":"https:\/\/staging.futurehealthbiobank.com\/al\/#website"},"datePublished":"2016-04-24T15:53:37+00:00","dateModified":"2017-07-06T13:29:34+00:00","description":"P\u00ebrpunimi i gjakut t\u00eb kordonit kryhet p\u00ebrmes reduktimit t\u00eb volumit duke ndar\u00eb plazm\u00eb, qelizat staminale hematopoietike dhe rruazat e kuqe t\u00eb gjakut","breadcrumb":{"@id":"https:\/\/staging.futurehealthbiobank.com\/al\/sherbimet-tona\/ruajtja-e-qelizave-staminale\/metodat-e-perpunimit\/#breadcrumb"},"inLanguage":"sq","potentialAction":[{"@type":"ReadAction","target":["https:\/\/staging.futurehealthbiobank.com\/al\/sherbimet-tona\/ruajtja-e-qelizave-staminale\/metodat-e-perpunimit\/"]}]},{"@type":"BreadcrumbList","@id":"https:\/\/staging.futurehealthbiobank.com\/al\/sherbimet-tona\/ruajtja-e-qelizave-staminale\/metodat-e-perpunimit\/#breadcrumb","itemListElement":[{"@type":"ListItem","position":1,"name":"Sh\u00ebrbimet tona","item":"https:\/\/staging.futurehealthbiobank.com\/al\/sherbimet-tona\/"},{"@type":"ListItem","position":2,"name":"Ruajtja e qelizave staminale","item":"https:\/\/staging.futurehealthbiobank.com\/al\/sherbimet-tona\/ruajtja-e-qelizave-staminale\/"},{"@type":"ListItem","position":3,"name":"Metodat e p\u00ebrpunimit"}]},{"@type":"WebSite","@id":"https:\/\/staging.futurehealthbiobank.com\/al\/#website","url":"https:\/\/staging.futurehealthbiobank.com\/al\/","name":"Future Health Biobank Albania","description":"","potentialAction":[{"@type":"SearchAction","target":{"@type":"EntryPoint","urlTemplate":"https:\/\/staging.futurehealthbiobank.com\/al\/?s={search_term_string}"},"query-input":{"@type":"PropertyValueSpecification","valueRequired":true,"valueName":"search_term_string"}}],"inLanguage":"sq"}]}},"_links":{"self":[{"href":"https:\/\/staging.futurehealthbiobank.com\/al\/wp-json\/wp\/v2\/pages\/3649","targetHints":{"allow":["GET"]}}],"collection":[{"href":"https:\/\/staging.futurehealthbiobank.com\/al\/wp-json\/wp\/v2\/pages"}],"about":[{"href":"https:\/\/staging.futurehealthbiobank.com\/al\/wp-json\/wp\/v2\/types\/page"}],"author":[{"embeddable":true,"href":"https:\/\/staging.futurehealthbiobank.com\/al\/wp-json\/wp\/v2\/users\/25"}],"replies":[{"embeddable":true,"href":"https:\/\/staging.futurehealthbiobank.com\/al\/wp-json\/wp\/v2\/comments?post=3649"}],"version-history":[{"count":0,"href":"https:\/\/staging.futurehealthbiobank.com\/al\/wp-json\/wp\/v2\/pages\/3649\/revisions"}],"up":[{"embeddable":true,"href":"https:\/\/staging.futurehealthbiobank.com\/al\/wp-json\/wp\/v2\/pages\/2382"}],"wp:attachment":[{"href":"https:\/\/staging.futurehealthbiobank.com\/al\/wp-json\/wp\/v2\/media?parent=3649"}],"curies":[{"name":"wp","href":"https:\/\/api.w.org\/{rel}","templated":true}]}}