{"id":9416,"date":"2018-08-03T10:18:56","date_gmt":"2018-08-03T09:18:56","guid":{"rendered":"https:\/\/staging.futurehealthbiobank.com\/?page_id=9416"},"modified":"2019-06-10T12:30:57","modified_gmt":"2019-06-10T10:30:57","slug":"cmimet-e-testit-prenatal-vision","status":"publish","type":"page","link":"https:\/\/staging.futurehealthbiobank.com\/al\/cmimet\/cmimet-e-testit-prenatal-vision\/","title":{"rendered":"\u00c7mimet e Testit Prenatal Vision"},"content":{"rendered":"","protected":false},"excerpt":{"rendered":"","protected":false},"author":25,"featured_media":0,"parent":1708,"menu_order":0,"comment_status":"closed","ping_status":"closed","template":"page-pricingvisionblue.php","meta":{"_acf_changed":false,"footnotes":""},"class_list":["post-9416","page","type-page","status-publish","hentry"],"acf":[],"yoast_head":"<!-- This site is optimized with the Yoast SEO plugin v26.7 - https:\/\/yoast.com\/wordpress\/plugins\/seo\/ -->\n<title>\u00c7mimet e Vision: Testi Prenatal Joinvaziv | Future Health Biobank<\/title>\n<meta name=\"description\" content=\"Hidhini nj\u00eb sy paketave tona t\u00eb \u00e7mimeve konkuruese p\u00ebr testin prenatal joinvaziv Vision. Secila paket\u00eb kontrollon p\u00ebr anomali t\u00eb ndryshme gjenetike, ndaj ju mund t\u00eb zgjidhni opsionin q\u00eb \u00ebsht\u00eb i duhuri p\u00ebr ju.\" \/>\n<meta name=\"robots\" content=\"noindex, follow, max-snippet:-1, max-image-preview:large, max-video-preview:-1\" \/>\n<meta property=\"og:locale\" content=\"sq_AL\" \/>\n<meta property=\"og:type\" content=\"article\" \/>\n<meta property=\"og:title\" content=\"\u00c7mimet e Vision: Testi Prenatal Joinvaziv | Future Health Biobank\" \/>\n<meta property=\"og:description\" content=\"Hidhini nj\u00eb sy paketave tona t\u00eb \u00e7mimeve konkuruese p\u00ebr testin prenatal joinvaziv Vision. Secila paket\u00eb kontrollon p\u00ebr anomali t\u00eb ndryshme gjenetike, ndaj ju mund t\u00eb zgjidhni opsionin q\u00eb \u00ebsht\u00eb i duhuri p\u00ebr ju.\" \/>\n<meta property=\"og:url\" content=\"https:\/\/staging.futurehealthbiobank.com\/al\/cmimet\/cmimet-e-testit-prenatal-vision\/\" \/>\n<meta property=\"og:site_name\" content=\"Future Health Biobank Albania\" \/>\n<meta property=\"article:modified_time\" content=\"2019-06-10T10:30:57+00:00\" \/>\n<meta name=\"twitter:card\" content=\"summary_large_image\" \/>\n<script type=\"application\/ld+json\" class=\"yoast-schema-graph\">{\"@context\":\"https:\/\/schema.org\",\"@graph\":[{\"@type\":\"WebPage\",\"@id\":\"https:\/\/staging.futurehealthbiobank.com\/al\/cmimet\/cmimet-e-testit-prenatal-vision\/\",\"url\":\"https:\/\/staging.futurehealthbiobank.com\/al\/cmimet\/cmimet-e-testit-prenatal-vision\/\",\"name\":\"\u00c7mimet e Vision: Testi Prenatal Joinvaziv | Future Health Biobank\",\"isPartOf\":{\"@id\":\"https:\/\/staging.futurehealthbiobank.com\/al\/#website\"},\"datePublished\":\"2018-08-03T09:18:56+00:00\",\"dateModified\":\"2019-06-10T10:30:57+00:00\",\"description\":\"Hidhini nj\u00eb sy paketave tona t\u00eb \u00e7mimeve konkuruese p\u00ebr testin prenatal joinvaziv Vision. Secila paket\u00eb kontrollon p\u00ebr anomali t\u00eb ndryshme gjenetike, ndaj ju mund t\u00eb zgjidhni opsionin q\u00eb \u00ebsht\u00eb i duhuri p\u00ebr ju.\",\"breadcrumb\":{\"@id\":\"https:\/\/staging.futurehealthbiobank.com\/al\/cmimet\/cmimet-e-testit-prenatal-vision\/#breadcrumb\"},\"inLanguage\":\"sq\",\"potentialAction\":[{\"@type\":\"ReadAction\",\"target\":[\"https:\/\/staging.futurehealthbiobank.com\/al\/cmimet\/cmimet-e-testit-prenatal-vision\/\"]}]},{\"@type\":\"BreadcrumbList\",\"@id\":\"https:\/\/staging.futurehealthbiobank.com\/al\/cmimet\/cmimet-e-testit-prenatal-vision\/#breadcrumb\",\"itemListElement\":[{\"@type\":\"ListItem\",\"position\":1,\"name\":\"\u00c7mimet\",\"item\":\"https:\/\/staging.futurehealthbiobank.com\/al\/cmimet\/\"},{\"@type\":\"ListItem\",\"position\":2,\"name\":\"\u00c7mimet e Testit Prenatal Vision\"}]},{\"@type\":\"WebSite\",\"@id\":\"https:\/\/staging.futurehealthbiobank.com\/al\/#website\",\"url\":\"https:\/\/staging.futurehealthbiobank.com\/al\/\",\"name\":\"Future Health Biobank Albania\",\"description\":\"\",\"potentialAction\":[{\"@type\":\"SearchAction\",\"target\":{\"@type\":\"EntryPoint\",\"urlTemplate\":\"https:\/\/staging.futurehealthbiobank.com\/al\/?s={search_term_string}\"},\"query-input\":{\"@type\":\"PropertyValueSpecification\",\"valueRequired\":true,\"valueName\":\"search_term_string\"}}],\"inLanguage\":\"sq\"}]}<\/script>\n<!-- \/ Yoast SEO plugin. -->","yoast_head_json":{"title":"\u00c7mimet e Vision: Testi Prenatal Joinvaziv | Future Health Biobank","description":"Hidhini nj\u00eb sy paketave tona t\u00eb \u00e7mimeve konkuruese p\u00ebr testin prenatal joinvaziv Vision. Secila paket\u00eb kontrollon p\u00ebr anomali t\u00eb ndryshme gjenetike, ndaj ju mund t\u00eb zgjidhni opsionin q\u00eb \u00ebsht\u00eb i duhuri p\u00ebr ju.","robots":{"index":"noindex","follow":"follow","max-snippet":"max-snippet:-1","max-image-preview":"max-image-preview:large","max-video-preview":"max-video-preview:-1"},"og_locale":"sq_AL","og_type":"article","og_title":"\u00c7mimet e Vision: Testi Prenatal Joinvaziv | Future Health Biobank","og_description":"Hidhini nj\u00eb sy paketave tona t\u00eb \u00e7mimeve konkuruese p\u00ebr testin prenatal joinvaziv Vision. Secila paket\u00eb kontrollon p\u00ebr anomali t\u00eb ndryshme gjenetike, ndaj ju mund t\u00eb zgjidhni opsionin q\u00eb \u00ebsht\u00eb i duhuri p\u00ebr ju.","og_url":"https:\/\/staging.futurehealthbiobank.com\/al\/cmimet\/cmimet-e-testit-prenatal-vision\/","og_site_name":"Future Health Biobank Albania","article_modified_time":"2019-06-10T10:30:57+00:00","twitter_card":"summary_large_image","schema":{"@context":"https:\/\/schema.org","@graph":[{"@type":"WebPage","@id":"https:\/\/staging.futurehealthbiobank.com\/al\/cmimet\/cmimet-e-testit-prenatal-vision\/","url":"https:\/\/staging.futurehealthbiobank.com\/al\/cmimet\/cmimet-e-testit-prenatal-vision\/","name":"\u00c7mimet e Vision: Testi Prenatal Joinvaziv | Future Health Biobank","isPartOf":{"@id":"https:\/\/staging.futurehealthbiobank.com\/al\/#website"},"datePublished":"2018-08-03T09:18:56+00:00","dateModified":"2019-06-10T10:30:57+00:00","description":"Hidhini nj\u00eb sy paketave tona t\u00eb \u00e7mimeve konkuruese p\u00ebr testin prenatal joinvaziv Vision. Secila paket\u00eb kontrollon p\u00ebr anomali t\u00eb ndryshme gjenetike, ndaj ju mund t\u00eb zgjidhni opsionin q\u00eb \u00ebsht\u00eb i duhuri p\u00ebr ju.","breadcrumb":{"@id":"https:\/\/staging.futurehealthbiobank.com\/al\/cmimet\/cmimet-e-testit-prenatal-vision\/#breadcrumb"},"inLanguage":"sq","potentialAction":[{"@type":"ReadAction","target":["https:\/\/staging.futurehealthbiobank.com\/al\/cmimet\/cmimet-e-testit-prenatal-vision\/"]}]},{"@type":"BreadcrumbList","@id":"https:\/\/staging.futurehealthbiobank.com\/al\/cmimet\/cmimet-e-testit-prenatal-vision\/#breadcrumb","itemListElement":[{"@type":"ListItem","position":1,"name":"\u00c7mimet","item":"https:\/\/staging.futurehealthbiobank.com\/al\/cmimet\/"},{"@type":"ListItem","position":2,"name":"\u00c7mimet e Testit Prenatal Vision"}]},{"@type":"WebSite","@id":"https:\/\/staging.futurehealthbiobank.com\/al\/#website","url":"https:\/\/staging.futurehealthbiobank.com\/al\/","name":"Future Health Biobank Albania","description":"","potentialAction":[{"@type":"SearchAction","target":{"@type":"EntryPoint","urlTemplate":"https:\/\/staging.futurehealthbiobank.com\/al\/?s={search_term_string}"},"query-input":{"@type":"PropertyValueSpecification","valueRequired":true,"valueName":"search_term_string"}}],"inLanguage":"sq"}]}},"_links":{"self":[{"href":"https:\/\/staging.futurehealthbiobank.com\/al\/wp-json\/wp\/v2\/pages\/9416","targetHints":{"allow":["GET"]}}],"collection":[{"href":"https:\/\/staging.futurehealthbiobank.com\/al\/wp-json\/wp\/v2\/pages"}],"about":[{"href":"https:\/\/staging.futurehealthbiobank.com\/al\/wp-json\/wp\/v2\/types\/page"}],"author":[{"embeddable":true,"href":"https:\/\/staging.futurehealthbiobank.com\/al\/wp-json\/wp\/v2\/users\/25"}],"replies":[{"embeddable":true,"href":"https:\/\/staging.futurehealthbiobank.com\/al\/wp-json\/wp\/v2\/comments?post=9416"}],"version-history":[{"count":0,"href":"https:\/\/staging.futurehealthbiobank.com\/al\/wp-json\/wp\/v2\/pages\/9416\/revisions"}],"up":[{"embeddable":true,"href":"https:\/\/staging.futurehealthbiobank.com\/al\/wp-json\/wp\/v2\/pages\/1708"}],"wp:attachment":[{"href":"https:\/\/staging.futurehealthbiobank.com\/al\/wp-json\/wp\/v2\/media?parent=9416"}],"curies":[{"name":"wp","href":"https:\/\/api.w.org\/{rel}","templated":true}]}}