{"id":9709,"date":"2018-12-03T22:25:08","date_gmt":"2018-12-03T21:25:08","guid":{"rendered":"http:\/\/fhbb.staging.wpengine.com\/al\/?page_id=2813"},"modified":"2022-02-14T15:34:30","modified_gmt":"2022-02-14T14:34:30","slug":"cmimet-e-ruajtjes-se-qelizave-te-pulpit-te-dhembit","status":"publish","type":"page","link":"https:\/\/staging.futurehealthbiobank.com\/al\/cmimet\/cmimet-e-ruajtjes-se-qelizave-staminale\/cmimet-e-ruajtjes-se-qelizave-te-pulpit-te-dhembit\/","title":{"rendered":"\u00c7mimet e ruajtjes s\u00eb qelizave t\u00eb pulpit t\u00eb dh\u00ebmbit"},"content":{"rendered":"","protected":false},"excerpt":{"rendered":"","protected":false},"author":25,"featured_media":0,"parent":2811,"menu_order":0,"comment_status":"closed","ping_status":"closed","template":"page-pricingv2.php","meta":{"_acf_changed":false,"footnotes":""},"class_list":["post-9709","page","type-page","status-publish","hentry"],"acf":[],"yoast_head":"<!-- This site is optimized with the Yoast SEO plugin v26.7 - https:\/\/yoast.com\/wordpress\/plugins\/seo\/ -->\n<title>\u00c7mimet e ruajtjes s\u00eb qelizave t\u00eb pulpit t\u00eb dh\u00ebmbit<\/title>\n<meta name=\"description\" content=\"\u00c7mimet e sh\u00ebrbimit t\u00eb ruajtjes s\u00eb qelizave t\u00eb pulpit dentar parashikojn\u00eb paketat e ruajtjes p\u00ebr 20, 25 dhe p\u00ebr 30 vjet\" \/>\n<meta name=\"robots\" content=\"noindex, follow, max-snippet:-1, max-image-preview:large, max-video-preview:-1\" \/>\n<meta property=\"og:locale\" content=\"sq_AL\" \/>\n<meta property=\"og:type\" content=\"article\" \/>\n<meta property=\"og:title\" content=\"\u00c7mimet e ruajtjes s\u00eb qelizave t\u00eb pulpit t\u00eb dh\u00ebmbit\" \/>\n<meta property=\"og:description\" content=\"\u00c7mimet e sh\u00ebrbimit t\u00eb ruajtjes s\u00eb qelizave t\u00eb pulpit dentar parashikojn\u00eb paketat e ruajtjes p\u00ebr 20, 25 dhe p\u00ebr 30 vjet\" \/>\n<meta property=\"og:url\" content=\"https:\/\/staging.futurehealthbiobank.com\/al\/cmimet\/cmimet-e-ruajtjes-se-qelizave-staminale\/cmimet-e-ruajtjes-se-qelizave-te-pulpit-te-dhembit\/\" \/>\n<meta property=\"og:site_name\" content=\"Future Health Biobank Albania\" \/>\n<meta property=\"article:modified_time\" content=\"2022-02-14T14:34:30+00:00\" \/>\n<meta name=\"twitter:card\" content=\"summary_large_image\" \/>\n<script type=\"application\/ld+json\" class=\"yoast-schema-graph\">{\"@context\":\"https:\/\/schema.org\",\"@graph\":[{\"@type\":\"WebPage\",\"@id\":\"https:\/\/staging.futurehealthbiobank.com\/al\/cmimet\/cmimet-e-ruajtjes-se-qelizave-staminale\/cmimet-e-ruajtjes-se-qelizave-te-pulpit-te-dhembit\/\",\"url\":\"https:\/\/staging.futurehealthbiobank.com\/al\/cmimet\/cmimet-e-ruajtjes-se-qelizave-staminale\/cmimet-e-ruajtjes-se-qelizave-te-pulpit-te-dhembit\/\",\"name\":\"\u00c7mimet e ruajtjes s\u00eb qelizave t\u00eb pulpit t\u00eb dh\u00ebmbit\",\"isPartOf\":{\"@id\":\"https:\/\/staging.futurehealthbiobank.com\/al\/#website\"},\"datePublished\":\"2018-12-03T21:25:08+00:00\",\"dateModified\":\"2022-02-14T14:34:30+00:00\",\"description\":\"\u00c7mimet e sh\u00ebrbimit t\u00eb ruajtjes s\u00eb qelizave t\u00eb pulpit dentar parashikojn\u00eb paketat e ruajtjes p\u00ebr 20, 25 dhe p\u00ebr 30 vjet\",\"breadcrumb\":{\"@id\":\"https:\/\/staging.futurehealthbiobank.com\/al\/cmimet\/cmimet-e-ruajtjes-se-qelizave-staminale\/cmimet-e-ruajtjes-se-qelizave-te-pulpit-te-dhembit\/#breadcrumb\"},\"inLanguage\":\"sq\",\"potentialAction\":[{\"@type\":\"ReadAction\",\"target\":[\"https:\/\/staging.futurehealthbiobank.com\/al\/cmimet\/cmimet-e-ruajtjes-se-qelizave-staminale\/cmimet-e-ruajtjes-se-qelizave-te-pulpit-te-dhembit\/\"]}]},{\"@type\":\"BreadcrumbList\",\"@id\":\"https:\/\/staging.futurehealthbiobank.com\/al\/cmimet\/cmimet-e-ruajtjes-se-qelizave-staminale\/cmimet-e-ruajtjes-se-qelizave-te-pulpit-te-dhembit\/#breadcrumb\",\"itemListElement\":[{\"@type\":\"ListItem\",\"position\":1,\"name\":\"\u00c7mimet\",\"item\":\"https:\/\/staging.futurehealthbiobank.com\/al\/cmimet\/\"},{\"@type\":\"ListItem\",\"position\":2,\"name\":\"\u00c7mimet e ruajtjes s\u00eb qelizave staminale\",\"item\":\"https:\/\/staging.futurehealthbiobank.com\/al\/cmimet\/cmimet-e-ruajtjes-se-qelizave-staminale\/\"},{\"@type\":\"ListItem\",\"position\":3,\"name\":\"\u00c7mimet e ruajtjes s\u00eb qelizave t\u00eb pulpit t\u00eb dh\u00ebmbit\"}]},{\"@type\":\"WebSite\",\"@id\":\"https:\/\/staging.futurehealthbiobank.com\/al\/#website\",\"url\":\"https:\/\/staging.futurehealthbiobank.com\/al\/\",\"name\":\"Future Health Biobank Albania\",\"description\":\"\",\"potentialAction\":[{\"@type\":\"SearchAction\",\"target\":{\"@type\":\"EntryPoint\",\"urlTemplate\":\"https:\/\/staging.futurehealthbiobank.com\/al\/?s={search_term_string}\"},\"query-input\":{\"@type\":\"PropertyValueSpecification\",\"valueRequired\":true,\"valueName\":\"search_term_string\"}}],\"inLanguage\":\"sq\"}]}<\/script>\n<!-- \/ Yoast SEO plugin. -->","yoast_head_json":{"title":"\u00c7mimet e ruajtjes s\u00eb qelizave t\u00eb pulpit t\u00eb dh\u00ebmbit","description":"\u00c7mimet e sh\u00ebrbimit t\u00eb ruajtjes s\u00eb qelizave t\u00eb pulpit dentar parashikojn\u00eb paketat e ruajtjes p\u00ebr 20, 25 dhe p\u00ebr 30 vjet","robots":{"index":"noindex","follow":"follow","max-snippet":"max-snippet:-1","max-image-preview":"max-image-preview:large","max-video-preview":"max-video-preview:-1"},"og_locale":"sq_AL","og_type":"article","og_title":"\u00c7mimet e ruajtjes s\u00eb qelizave t\u00eb pulpit t\u00eb dh\u00ebmbit","og_description":"\u00c7mimet e sh\u00ebrbimit t\u00eb ruajtjes s\u00eb qelizave t\u00eb pulpit dentar parashikojn\u00eb paketat e ruajtjes p\u00ebr 20, 25 dhe p\u00ebr 30 vjet","og_url":"https:\/\/staging.futurehealthbiobank.com\/al\/cmimet\/cmimet-e-ruajtjes-se-qelizave-staminale\/cmimet-e-ruajtjes-se-qelizave-te-pulpit-te-dhembit\/","og_site_name":"Future Health Biobank Albania","article_modified_time":"2022-02-14T14:34:30+00:00","twitter_card":"summary_large_image","schema":{"@context":"https:\/\/schema.org","@graph":[{"@type":"WebPage","@id":"https:\/\/staging.futurehealthbiobank.com\/al\/cmimet\/cmimet-e-ruajtjes-se-qelizave-staminale\/cmimet-e-ruajtjes-se-qelizave-te-pulpit-te-dhembit\/","url":"https:\/\/staging.futurehealthbiobank.com\/al\/cmimet\/cmimet-e-ruajtjes-se-qelizave-staminale\/cmimet-e-ruajtjes-se-qelizave-te-pulpit-te-dhembit\/","name":"\u00c7mimet e ruajtjes s\u00eb qelizave t\u00eb pulpit t\u00eb dh\u00ebmbit","isPartOf":{"@id":"https:\/\/staging.futurehealthbiobank.com\/al\/#website"},"datePublished":"2018-12-03T21:25:08+00:00","dateModified":"2022-02-14T14:34:30+00:00","description":"\u00c7mimet e sh\u00ebrbimit t\u00eb ruajtjes s\u00eb qelizave t\u00eb pulpit dentar parashikojn\u00eb paketat e ruajtjes p\u00ebr 20, 25 dhe p\u00ebr 30 vjet","breadcrumb":{"@id":"https:\/\/staging.futurehealthbiobank.com\/al\/cmimet\/cmimet-e-ruajtjes-se-qelizave-staminale\/cmimet-e-ruajtjes-se-qelizave-te-pulpit-te-dhembit\/#breadcrumb"},"inLanguage":"sq","potentialAction":[{"@type":"ReadAction","target":["https:\/\/staging.futurehealthbiobank.com\/al\/cmimet\/cmimet-e-ruajtjes-se-qelizave-staminale\/cmimet-e-ruajtjes-se-qelizave-te-pulpit-te-dhembit\/"]}]},{"@type":"BreadcrumbList","@id":"https:\/\/staging.futurehealthbiobank.com\/al\/cmimet\/cmimet-e-ruajtjes-se-qelizave-staminale\/cmimet-e-ruajtjes-se-qelizave-te-pulpit-te-dhembit\/#breadcrumb","itemListElement":[{"@type":"ListItem","position":1,"name":"\u00c7mimet","item":"https:\/\/staging.futurehealthbiobank.com\/al\/cmimet\/"},{"@type":"ListItem","position":2,"name":"\u00c7mimet e ruajtjes s\u00eb qelizave staminale","item":"https:\/\/staging.futurehealthbiobank.com\/al\/cmimet\/cmimet-e-ruajtjes-se-qelizave-staminale\/"},{"@type":"ListItem","position":3,"name":"\u00c7mimet e ruajtjes s\u00eb qelizave t\u00eb pulpit t\u00eb dh\u00ebmbit"}]},{"@type":"WebSite","@id":"https:\/\/staging.futurehealthbiobank.com\/al\/#website","url":"https:\/\/staging.futurehealthbiobank.com\/al\/","name":"Future Health Biobank Albania","description":"","potentialAction":[{"@type":"SearchAction","target":{"@type":"EntryPoint","urlTemplate":"https:\/\/staging.futurehealthbiobank.com\/al\/?s={search_term_string}"},"query-input":{"@type":"PropertyValueSpecification","valueRequired":true,"valueName":"search_term_string"}}],"inLanguage":"sq"}]}},"_links":{"self":[{"href":"https:\/\/staging.futurehealthbiobank.com\/al\/wp-json\/wp\/v2\/pages\/9709","targetHints":{"allow":["GET"]}}],"collection":[{"href":"https:\/\/staging.futurehealthbiobank.com\/al\/wp-json\/wp\/v2\/pages"}],"about":[{"href":"https:\/\/staging.futurehealthbiobank.com\/al\/wp-json\/wp\/v2\/types\/page"}],"author":[{"embeddable":true,"href":"https:\/\/staging.futurehealthbiobank.com\/al\/wp-json\/wp\/v2\/users\/25"}],"replies":[{"embeddable":true,"href":"https:\/\/staging.futurehealthbiobank.com\/al\/wp-json\/wp\/v2\/comments?post=9709"}],"version-history":[{"count":0,"href":"https:\/\/staging.futurehealthbiobank.com\/al\/wp-json\/wp\/v2\/pages\/9709\/revisions"}],"up":[{"embeddable":true,"href":"https:\/\/staging.futurehealthbiobank.com\/al\/wp-json\/wp\/v2\/pages\/2811"}],"wp:attachment":[{"href":"https:\/\/staging.futurehealthbiobank.com\/al\/wp-json\/wp\/v2\/media?parent=9709"}],"curies":[{"name":"wp","href":"https:\/\/api.w.org\/{rel}","templated":true}]}}