

{"id":2810,"date":"2016-03-03T21:38:13","date_gmt":"2016-03-03T21:38:13","guid":{"rendered":"https:\/\/staging.futurehealthbiobank.com\/ba\/?page_id=2810"},"modified":"2024-11-20T15:04:26","modified_gmt":"2024-11-20T15:04:26","slug":"cijena","status":"publish","type":"page","link":"https:\/\/staging.futurehealthbiobank.com\/ba\/cijena\/","title":{"rendered":"Cijena"},"content":{"rendered":"","protected":false},"excerpt":{"rendered":"","protected":false},"author":25,"featured_media":0,"parent":0,"menu_order":0,"comment_status":"closed","ping_status":"closed","template":"page-pricingv2.php","meta":{"_acf_changed":false,"footnotes":""},"class_list":["post-2810","page","type-page","status-publish","hentry"],"acf":[],"yoast_head":"<!-- This site is optimized with the Yoast SEO plugin v26.7 - https:\/\/yoast.com\/wordpress\/plugins\/seo\/ -->\n<title>Pohranjivanje mati\u010dnih \u0107elija pup\u010dane vrpce | Opcije pla\u0107anja<\/title>\n<meta name=\"description\" content=\"Dajemo mogu\u0107nost pla\u0107anja na rate bez kamata. Za vi\u0161e informacija pozovite 0800 222 32.\" \/>\n<meta name=\"robots\" content=\"noindex, follow, max-snippet:-1, max-image-preview:large, max-video-preview:-1\" \/>\n<meta property=\"og:locale\" content=\"bs_BA\" \/>\n<meta property=\"og:type\" content=\"article\" \/>\n<meta property=\"og:title\" content=\"Pohranjivanje mati\u010dnih \u0107elija pup\u010dane vrpce | Opcije pla\u0107anja\" \/>\n<meta property=\"og:description\" content=\"Dajemo mogu\u0107nost pla\u0107anja na rate bez kamata. Za vi\u0161e informacija pozovite 0800 222 32.\" \/>\n<meta property=\"og:url\" content=\"https:\/\/staging.futurehealthbiobank.com\/ba\/cijena\/\" \/>\n<meta property=\"og:site_name\" content=\"Future Health Biobank Bosnia\" \/>\n<meta property=\"article:modified_time\" content=\"2024-11-20T15:04:26+00:00\" \/>\n<meta name=\"twitter:card\" content=\"summary_large_image\" \/>\n<script type=\"application\/ld+json\" class=\"yoast-schema-graph\">{\"@context\":\"https:\/\/schema.org\",\"@graph\":[{\"@type\":\"WebPage\",\"@id\":\"https:\/\/staging.futurehealthbiobank.com\/ba\/cijena\/\",\"url\":\"https:\/\/staging.futurehealthbiobank.com\/ba\/cijena\/\",\"name\":\"Pohranjivanje mati\u010dnih \u0107elija pup\u010dane vrpce | Opcije pla\u0107anja\",\"isPartOf\":{\"@id\":\"https:\/\/staging.futurehealthbiobank.com\/ba\/#website\"},\"datePublished\":\"2016-03-03T21:38:13+00:00\",\"dateModified\":\"2024-11-20T15:04:26+00:00\",\"description\":\"Dajemo mogu\u0107nost pla\u0107anja na rate bez kamata. Za vi\u0161e informacija pozovite 0800 222 32.\",\"inLanguage\":\"bs-BA\",\"potentialAction\":[{\"@type\":\"ReadAction\",\"target\":[\"https:\/\/staging.futurehealthbiobank.com\/ba\/cijena\/\"]}]},{\"@type\":\"WebSite\",\"@id\":\"https:\/\/staging.futurehealthbiobank.com\/ba\/#website\",\"url\":\"https:\/\/staging.futurehealthbiobank.com\/ba\/\",\"name\":\"Future Health Biobank Bosnia\",\"description\":\"\",\"potentialAction\":[{\"@type\":\"SearchAction\",\"target\":{\"@type\":\"EntryPoint\",\"urlTemplate\":\"https:\/\/staging.futurehealthbiobank.com\/ba\/?s={search_term_string}\"},\"query-input\":{\"@type\":\"PropertyValueSpecification\",\"valueRequired\":true,\"valueName\":\"search_term_string\"}}],\"inLanguage\":\"bs-BA\"}]}<\/script>\n<!-- \/ Yoast SEO plugin. -->","yoast_head_json":{"title":"Pohranjivanje mati\u010dnih \u0107elija pup\u010dane vrpce | Opcije pla\u0107anja","description":"Dajemo mogu\u0107nost pla\u0107anja na rate bez kamata. Za vi\u0161e informacija pozovite 0800 222 32.","robots":{"index":"noindex","follow":"follow","max-snippet":"max-snippet:-1","max-image-preview":"max-image-preview:large","max-video-preview":"max-video-preview:-1"},"og_locale":"bs_BA","og_type":"article","og_title":"Pohranjivanje mati\u010dnih \u0107elija pup\u010dane vrpce | Opcije pla\u0107anja","og_description":"Dajemo mogu\u0107nost pla\u0107anja na rate bez kamata. Za vi\u0161e informacija pozovite 0800 222 32.","og_url":"https:\/\/staging.futurehealthbiobank.com\/ba\/cijena\/","og_site_name":"Future Health Biobank Bosnia","article_modified_time":"2024-11-20T15:04:26+00:00","twitter_card":"summary_large_image","schema":{"@context":"https:\/\/schema.org","@graph":[{"@type":"WebPage","@id":"https:\/\/staging.futurehealthbiobank.com\/ba\/cijena\/","url":"https:\/\/staging.futurehealthbiobank.com\/ba\/cijena\/","name":"Pohranjivanje mati\u010dnih \u0107elija pup\u010dane vrpce | Opcije pla\u0107anja","isPartOf":{"@id":"https:\/\/staging.futurehealthbiobank.com\/ba\/#website"},"datePublished":"2016-03-03T21:38:13+00:00","dateModified":"2024-11-20T15:04:26+00:00","description":"Dajemo mogu\u0107nost pla\u0107anja na rate bez kamata. Za vi\u0161e informacija pozovite 0800 222 32.","inLanguage":"bs-BA","potentialAction":[{"@type":"ReadAction","target":["https:\/\/staging.futurehealthbiobank.com\/ba\/cijena\/"]}]},{"@type":"WebSite","@id":"https:\/\/staging.futurehealthbiobank.com\/ba\/#website","url":"https:\/\/staging.futurehealthbiobank.com\/ba\/","name":"Future Health Biobank Bosnia","description":"","potentialAction":[{"@type":"SearchAction","target":{"@type":"EntryPoint","urlTemplate":"https:\/\/staging.futurehealthbiobank.com\/ba\/?s={search_term_string}"},"query-input":{"@type":"PropertyValueSpecification","valueRequired":true,"valueName":"search_term_string"}}],"inLanguage":"bs-BA"}]}},"_links":{"self":[{"href":"https:\/\/staging.futurehealthbiobank.com\/ba\/wp-json\/wp\/v2\/pages\/2810","targetHints":{"allow":["GET"]}}],"collection":[{"href":"https:\/\/staging.futurehealthbiobank.com\/ba\/wp-json\/wp\/v2\/pages"}],"about":[{"href":"https:\/\/staging.futurehealthbiobank.com\/ba\/wp-json\/wp\/v2\/types\/page"}],"author":[{"embeddable":true,"href":"https:\/\/staging.futurehealthbiobank.com\/ba\/wp-json\/wp\/v2\/users\/25"}],"replies":[{"embeddable":true,"href":"https:\/\/staging.futurehealthbiobank.com\/ba\/wp-json\/wp\/v2\/comments?post=2810"}],"version-history":[{"count":2,"href":"https:\/\/staging.futurehealthbiobank.com\/ba\/wp-json\/wp\/v2\/pages\/2810\/revisions"}],"predecessor-version":[{"id":16584,"href":"https:\/\/staging.futurehealthbiobank.com\/ba\/wp-json\/wp\/v2\/pages\/2810\/revisions\/16584"}],"wp:attachment":[{"href":"https:\/\/staging.futurehealthbiobank.com\/ba\/wp-json\/wp\/v2\/media?parent=2810"}],"curies":[{"name":"wp","href":"https:\/\/api.w.org\/{rel}","templated":true}]}}