

{"id":3450,"date":"2016-04-12T13:52:02","date_gmt":"2016-04-12T12:52:02","guid":{"rendered":"https:\/\/staging.futurehealthbiobank.com\/ba\/?page_id=3450"},"modified":"2018-03-30T14:16:54","modified_gmt":"2018-03-30T13:16:54","slug":"specijalne-ponude","status":"publish","type":"page","link":"https:\/\/staging.futurehealthbiobank.com\/ba\/blog\/specijalne-ponude\/","title":{"rendered":"Specijalne ponude"},"content":{"rendered":"","protected":false},"excerpt":{"rendered":"","protected":false},"author":25,"featured_media":0,"parent":703,"menu_order":0,"comment_status":"closed","ping_status":"closed","template":"page-page_template.php","meta":{"_acf_changed":false,"footnotes":""},"class_list":["post-3450","page","type-page","status-publish","hentry"],"acf":[],"yoast_head":"<!-- This site is optimized with the Yoast SEO plugin v26.7 - https:\/\/yoast.com\/wordpress\/plugins\/seo\/ -->\n<title>Specijalne ponude | \u0160ema lojalnosti, paketi za blizance<\/title>\n<meta name=\"description\" content=\"Za na\u0161e klijente smo obezbjedili 20% popusta na pohranu mati\u010dnih \u0107elija za drugo dijete. Pripremili smo posebne popuste za blizance.\" \/>\n<meta name=\"robots\" content=\"noindex, follow, max-snippet:-1, max-image-preview:large, max-video-preview:-1\" \/>\n<meta property=\"og:locale\" content=\"bs_BA\" \/>\n<meta property=\"og:type\" content=\"article\" \/>\n<meta property=\"og:title\" content=\"Specijalne ponude | \u0160ema lojalnosti, paketi za blizance\" \/>\n<meta property=\"og:description\" content=\"Za na\u0161e klijente smo obezbjedili 20% popusta na pohranu mati\u010dnih \u0107elija za drugo dijete. Pripremili smo posebne popuste za blizance.\" \/>\n<meta property=\"og:url\" content=\"https:\/\/staging.futurehealthbiobank.com\/ba\/blog\/specijalne-ponude\/\" \/>\n<meta property=\"og:site_name\" content=\"Future Health Biobank Bosnia\" \/>\n<meta property=\"article:modified_time\" content=\"2018-03-30T13:16:54+00:00\" \/>\n<meta name=\"twitter:card\" content=\"summary_large_image\" \/>\n<script type=\"application\/ld+json\" class=\"yoast-schema-graph\">{\"@context\":\"https:\/\/schema.org\",\"@graph\":[{\"@type\":\"WebPage\",\"@id\":\"https:\/\/staging.futurehealthbiobank.com\/ba\/blog\/specijalne-ponude\/\",\"url\":\"https:\/\/staging.futurehealthbiobank.com\/ba\/blog\/specijalne-ponude\/\",\"name\":\"Specijalne ponude | \u0160ema lojalnosti, paketi za blizance\",\"isPartOf\":{\"@id\":\"https:\/\/staging.futurehealthbiobank.com\/ba\/#website\"},\"datePublished\":\"2016-04-12T12:52:02+00:00\",\"dateModified\":\"2018-03-30T13:16:54+00:00\",\"description\":\"Za na\u0161e klijente smo obezbjedili 20% popusta na pohranu mati\u010dnih \u0107elija za drugo dijete. Pripremili smo posebne popuste za blizance.\",\"breadcrumb\":{\"@id\":\"https:\/\/staging.futurehealthbiobank.com\/ba\/blog\/specijalne-ponude\/#breadcrumb\"},\"inLanguage\":\"bs-BA\",\"potentialAction\":[{\"@type\":\"ReadAction\",\"target\":[\"https:\/\/staging.futurehealthbiobank.com\/ba\/blog\/specijalne-ponude\/\"]}]},{\"@type\":\"BreadcrumbList\",\"@id\":\"https:\/\/staging.futurehealthbiobank.com\/ba\/blog\/specijalne-ponude\/#breadcrumb\",\"itemListElement\":[{\"@type\":\"ListItem\",\"position\":1,\"name\":\"Blog\",\"item\":\"https:\/\/staging.futurehealthbiobank.com\/ba\/blog\/\"},{\"@type\":\"ListItem\",\"position\":2,\"name\":\"Specijalne ponude\"}]},{\"@type\":\"WebSite\",\"@id\":\"https:\/\/staging.futurehealthbiobank.com\/ba\/#website\",\"url\":\"https:\/\/staging.futurehealthbiobank.com\/ba\/\",\"name\":\"Future Health Biobank Bosnia\",\"description\":\"\",\"potentialAction\":[{\"@type\":\"SearchAction\",\"target\":{\"@type\":\"EntryPoint\",\"urlTemplate\":\"https:\/\/staging.futurehealthbiobank.com\/ba\/?s={search_term_string}\"},\"query-input\":{\"@type\":\"PropertyValueSpecification\",\"valueRequired\":true,\"valueName\":\"search_term_string\"}}],\"inLanguage\":\"bs-BA\"}]}<\/script>\n<!-- \/ Yoast SEO plugin. -->","yoast_head_json":{"title":"Specijalne ponude | \u0160ema lojalnosti, paketi za blizance","description":"Za na\u0161e klijente smo obezbjedili 20% popusta na pohranu mati\u010dnih \u0107elija za drugo dijete. Pripremili smo posebne popuste za blizance.","robots":{"index":"noindex","follow":"follow","max-snippet":"max-snippet:-1","max-image-preview":"max-image-preview:large","max-video-preview":"max-video-preview:-1"},"og_locale":"bs_BA","og_type":"article","og_title":"Specijalne ponude | \u0160ema lojalnosti, paketi za blizance","og_description":"Za na\u0161e klijente smo obezbjedili 20% popusta na pohranu mati\u010dnih \u0107elija za drugo dijete. Pripremili smo posebne popuste za blizance.","og_url":"https:\/\/staging.futurehealthbiobank.com\/ba\/blog\/specijalne-ponude\/","og_site_name":"Future Health Biobank Bosnia","article_modified_time":"2018-03-30T13:16:54+00:00","twitter_card":"summary_large_image","schema":{"@context":"https:\/\/schema.org","@graph":[{"@type":"WebPage","@id":"https:\/\/staging.futurehealthbiobank.com\/ba\/blog\/specijalne-ponude\/","url":"https:\/\/staging.futurehealthbiobank.com\/ba\/blog\/specijalne-ponude\/","name":"Specijalne ponude | \u0160ema lojalnosti, paketi za blizance","isPartOf":{"@id":"https:\/\/staging.futurehealthbiobank.com\/ba\/#website"},"datePublished":"2016-04-12T12:52:02+00:00","dateModified":"2018-03-30T13:16:54+00:00","description":"Za na\u0161e klijente smo obezbjedili 20% popusta na pohranu mati\u010dnih \u0107elija za drugo dijete. Pripremili smo posebne popuste za blizance.","breadcrumb":{"@id":"https:\/\/staging.futurehealthbiobank.com\/ba\/blog\/specijalne-ponude\/#breadcrumb"},"inLanguage":"bs-BA","potentialAction":[{"@type":"ReadAction","target":["https:\/\/staging.futurehealthbiobank.com\/ba\/blog\/specijalne-ponude\/"]}]},{"@type":"BreadcrumbList","@id":"https:\/\/staging.futurehealthbiobank.com\/ba\/blog\/specijalne-ponude\/#breadcrumb","itemListElement":[{"@type":"ListItem","position":1,"name":"Blog","item":"https:\/\/staging.futurehealthbiobank.com\/ba\/blog\/"},{"@type":"ListItem","position":2,"name":"Specijalne ponude"}]},{"@type":"WebSite","@id":"https:\/\/staging.futurehealthbiobank.com\/ba\/#website","url":"https:\/\/staging.futurehealthbiobank.com\/ba\/","name":"Future Health Biobank Bosnia","description":"","potentialAction":[{"@type":"SearchAction","target":{"@type":"EntryPoint","urlTemplate":"https:\/\/staging.futurehealthbiobank.com\/ba\/?s={search_term_string}"},"query-input":{"@type":"PropertyValueSpecification","valueRequired":true,"valueName":"search_term_string"}}],"inLanguage":"bs-BA"}]}},"_links":{"self":[{"href":"https:\/\/staging.futurehealthbiobank.com\/ba\/wp-json\/wp\/v2\/pages\/3450","targetHints":{"allow":["GET"]}}],"collection":[{"href":"https:\/\/staging.futurehealthbiobank.com\/ba\/wp-json\/wp\/v2\/pages"}],"about":[{"href":"https:\/\/staging.futurehealthbiobank.com\/ba\/wp-json\/wp\/v2\/types\/page"}],"author":[{"embeddable":true,"href":"https:\/\/staging.futurehealthbiobank.com\/ba\/wp-json\/wp\/v2\/users\/25"}],"replies":[{"embeddable":true,"href":"https:\/\/staging.futurehealthbiobank.com\/ba\/wp-json\/wp\/v2\/comments?post=3450"}],"version-history":[{"count":0,"href":"https:\/\/staging.futurehealthbiobank.com\/ba\/wp-json\/wp\/v2\/pages\/3450\/revisions"}],"up":[{"embeddable":true,"href":"https:\/\/staging.futurehealthbiobank.com\/ba\/wp-json\/wp\/v2\/pages\/703"}],"wp:attachment":[{"href":"https:\/\/staging.futurehealthbiobank.com\/ba\/wp-json\/wp\/v2\/media?parent=3450"}],"curies":[{"name":"wp","href":"https:\/\/api.w.org\/{rel}","templated":true}]}}