

{"id":3468,"date":"2016-04-13T13:15:37","date_gmt":"2016-04-13T12:15:37","guid":{"rendered":"https:\/\/staging.futurehealthbiobank.com\/ba\/?page_id=3468"},"modified":"2018-01-30T16:39:26","modified_gmt":"2018-01-30T16:39:26","slug":"sema-lojalnosti","status":"publish","type":"page","link":"https:\/\/staging.futurehealthbiobank.com\/ba\/blog\/specijalne-ponude\/sema-lojalnosti\/","title":{"rendered":"\u0160ema lojalnosti"},"content":{"rendered":"","protected":false},"excerpt":{"rendered":"","protected":false},"author":25,"featured_media":0,"parent":3450,"menu_order":0,"comment_status":"closed","ping_status":"closed","template":"page-page_template.php","meta":{"_acf_changed":false,"footnotes":""},"class_list":["post-3468","page","type-page","status-publish","hentry"],"acf":[],"yoast_head":"<!-- This site is optimized with the Yoast SEO plugin v26.7 - https:\/\/yoast.com\/wordpress\/plugins\/seo\/ -->\n<title>\u0160ema lojalnosti | Program nagrade za ponovljene klijente<\/title>\n<meta name=\"description\" content=\"\u0160ema lojalnosti omogu\u0107ava 20% popusta svim na\u0161im ponovljenim klijentima za pohranu mati\u010dnih \u0107elija drugi, \u010dak i tre\u0107i put.\" \/>\n<meta name=\"robots\" content=\"noindex, follow, max-snippet:-1, max-image-preview:large, max-video-preview:-1\" \/>\n<meta property=\"og:locale\" content=\"bs_BA\" \/>\n<meta property=\"og:type\" content=\"article\" \/>\n<meta property=\"og:title\" content=\"\u0160ema lojalnosti | Program nagrade za ponovljene klijente\" \/>\n<meta property=\"og:description\" content=\"\u0160ema lojalnosti omogu\u0107ava 20% popusta svim na\u0161im ponovljenim klijentima za pohranu mati\u010dnih \u0107elija drugi, \u010dak i tre\u0107i put.\" \/>\n<meta property=\"og:url\" content=\"https:\/\/staging.futurehealthbiobank.com\/ba\/blog\/specijalne-ponude\/sema-lojalnosti\/\" \/>\n<meta property=\"og:site_name\" content=\"Future Health Biobank Bosnia\" \/>\n<meta property=\"article:modified_time\" content=\"2018-01-30T16:39:26+00:00\" \/>\n<meta name=\"twitter:card\" content=\"summary_large_image\" \/>\n<script type=\"application\/ld+json\" class=\"yoast-schema-graph\">{\"@context\":\"https:\/\/schema.org\",\"@graph\":[{\"@type\":\"WebPage\",\"@id\":\"https:\/\/staging.futurehealthbiobank.com\/ba\/blog\/specijalne-ponude\/sema-lojalnosti\/\",\"url\":\"https:\/\/staging.futurehealthbiobank.com\/ba\/blog\/specijalne-ponude\/sema-lojalnosti\/\",\"name\":\"\u0160ema lojalnosti | Program nagrade za ponovljene klijente\",\"isPartOf\":{\"@id\":\"https:\/\/staging.futurehealthbiobank.com\/ba\/#website\"},\"datePublished\":\"2016-04-13T12:15:37+00:00\",\"dateModified\":\"2018-01-30T16:39:26+00:00\",\"description\":\"\u0160ema lojalnosti omogu\u0107ava 20% popusta svim na\u0161im ponovljenim klijentima za pohranu mati\u010dnih \u0107elija drugi, \u010dak i tre\u0107i put.\",\"breadcrumb\":{\"@id\":\"https:\/\/staging.futurehealthbiobank.com\/ba\/blog\/specijalne-ponude\/sema-lojalnosti\/#breadcrumb\"},\"inLanguage\":\"bs-BA\",\"potentialAction\":[{\"@type\":\"ReadAction\",\"target\":[\"https:\/\/staging.futurehealthbiobank.com\/ba\/blog\/specijalne-ponude\/sema-lojalnosti\/\"]}]},{\"@type\":\"BreadcrumbList\",\"@id\":\"https:\/\/staging.futurehealthbiobank.com\/ba\/blog\/specijalne-ponude\/sema-lojalnosti\/#breadcrumb\",\"itemListElement\":[{\"@type\":\"ListItem\",\"position\":1,\"name\":\"Blog\",\"item\":\"https:\/\/staging.futurehealthbiobank.com\/ba\/blog\/\"},{\"@type\":\"ListItem\",\"position\":2,\"name\":\"Specijalne ponude\",\"item\":\"https:\/\/staging.futurehealthbiobank.com\/ba\/blog\/specijalne-ponude\/\"},{\"@type\":\"ListItem\",\"position\":3,\"name\":\"\u0160ema lojalnosti\"}]},{\"@type\":\"WebSite\",\"@id\":\"https:\/\/staging.futurehealthbiobank.com\/ba\/#website\",\"url\":\"https:\/\/staging.futurehealthbiobank.com\/ba\/\",\"name\":\"Future Health Biobank Bosnia\",\"description\":\"\",\"potentialAction\":[{\"@type\":\"SearchAction\",\"target\":{\"@type\":\"EntryPoint\",\"urlTemplate\":\"https:\/\/staging.futurehealthbiobank.com\/ba\/?s={search_term_string}\"},\"query-input\":{\"@type\":\"PropertyValueSpecification\",\"valueRequired\":true,\"valueName\":\"search_term_string\"}}],\"inLanguage\":\"bs-BA\"}]}<\/script>\n<!-- \/ Yoast SEO plugin. -->","yoast_head_json":{"title":"\u0160ema lojalnosti | Program nagrade za ponovljene klijente","description":"\u0160ema lojalnosti omogu\u0107ava 20% popusta svim na\u0161im ponovljenim klijentima za pohranu mati\u010dnih \u0107elija drugi, \u010dak i tre\u0107i put.","robots":{"index":"noindex","follow":"follow","max-snippet":"max-snippet:-1","max-image-preview":"max-image-preview:large","max-video-preview":"max-video-preview:-1"},"og_locale":"bs_BA","og_type":"article","og_title":"\u0160ema lojalnosti | Program nagrade za ponovljene klijente","og_description":"\u0160ema lojalnosti omogu\u0107ava 20% popusta svim na\u0161im ponovljenim klijentima za pohranu mati\u010dnih \u0107elija drugi, \u010dak i tre\u0107i put.","og_url":"https:\/\/staging.futurehealthbiobank.com\/ba\/blog\/specijalne-ponude\/sema-lojalnosti\/","og_site_name":"Future Health Biobank Bosnia","article_modified_time":"2018-01-30T16:39:26+00:00","twitter_card":"summary_large_image","schema":{"@context":"https:\/\/schema.org","@graph":[{"@type":"WebPage","@id":"https:\/\/staging.futurehealthbiobank.com\/ba\/blog\/specijalne-ponude\/sema-lojalnosti\/","url":"https:\/\/staging.futurehealthbiobank.com\/ba\/blog\/specijalne-ponude\/sema-lojalnosti\/","name":"\u0160ema lojalnosti | Program nagrade za ponovljene klijente","isPartOf":{"@id":"https:\/\/staging.futurehealthbiobank.com\/ba\/#website"},"datePublished":"2016-04-13T12:15:37+00:00","dateModified":"2018-01-30T16:39:26+00:00","description":"\u0160ema lojalnosti omogu\u0107ava 20% popusta svim na\u0161im ponovljenim klijentima za pohranu mati\u010dnih \u0107elija drugi, \u010dak i tre\u0107i put.","breadcrumb":{"@id":"https:\/\/staging.futurehealthbiobank.com\/ba\/blog\/specijalne-ponude\/sema-lojalnosti\/#breadcrumb"},"inLanguage":"bs-BA","potentialAction":[{"@type":"ReadAction","target":["https:\/\/staging.futurehealthbiobank.com\/ba\/blog\/specijalne-ponude\/sema-lojalnosti\/"]}]},{"@type":"BreadcrumbList","@id":"https:\/\/staging.futurehealthbiobank.com\/ba\/blog\/specijalne-ponude\/sema-lojalnosti\/#breadcrumb","itemListElement":[{"@type":"ListItem","position":1,"name":"Blog","item":"https:\/\/staging.futurehealthbiobank.com\/ba\/blog\/"},{"@type":"ListItem","position":2,"name":"Specijalne ponude","item":"https:\/\/staging.futurehealthbiobank.com\/ba\/blog\/specijalne-ponude\/"},{"@type":"ListItem","position":3,"name":"\u0160ema lojalnosti"}]},{"@type":"WebSite","@id":"https:\/\/staging.futurehealthbiobank.com\/ba\/#website","url":"https:\/\/staging.futurehealthbiobank.com\/ba\/","name":"Future Health Biobank Bosnia","description":"","potentialAction":[{"@type":"SearchAction","target":{"@type":"EntryPoint","urlTemplate":"https:\/\/staging.futurehealthbiobank.com\/ba\/?s={search_term_string}"},"query-input":{"@type":"PropertyValueSpecification","valueRequired":true,"valueName":"search_term_string"}}],"inLanguage":"bs-BA"}]}},"_links":{"self":[{"href":"https:\/\/staging.futurehealthbiobank.com\/ba\/wp-json\/wp\/v2\/pages\/3468","targetHints":{"allow":["GET"]}}],"collection":[{"href":"https:\/\/staging.futurehealthbiobank.com\/ba\/wp-json\/wp\/v2\/pages"}],"about":[{"href":"https:\/\/staging.futurehealthbiobank.com\/ba\/wp-json\/wp\/v2\/types\/page"}],"author":[{"embeddable":true,"href":"https:\/\/staging.futurehealthbiobank.com\/ba\/wp-json\/wp\/v2\/users\/25"}],"replies":[{"embeddable":true,"href":"https:\/\/staging.futurehealthbiobank.com\/ba\/wp-json\/wp\/v2\/comments?post=3468"}],"version-history":[{"count":0,"href":"https:\/\/staging.futurehealthbiobank.com\/ba\/wp-json\/wp\/v2\/pages\/3468\/revisions"}],"up":[{"embeddable":true,"href":"https:\/\/staging.futurehealthbiobank.com\/ba\/wp-json\/wp\/v2\/pages\/3450"}],"wp:attachment":[{"href":"https:\/\/staging.futurehealthbiobank.com\/ba\/wp-json\/wp\/v2\/media?parent=3468"}],"curies":[{"name":"wp","href":"https:\/\/api.w.org\/{rel}","templated":true}]}}