{"id":10581,"date":"2019-06-18T15:58:52","date_gmt":"2019-06-18T13:58:52","guid":{"rendered":"https:\/\/staging.futurehealthbiobank.com\/ch-en\/?page_id=10581"},"modified":"2023-02-06T15:32:27","modified_gmt":"2023-02-06T14:32:27","slug":"changer-de-banque-de-cellules-souches","status":"publish","type":"page","link":"https:\/\/staging.futurehealthbiobank.com\/ch-fr\/changer-de-banque-de-cellules-souches\/","title":{"rendered":"Changer de banque de cellules souches"},"content":{"rendered":"<div class=\"helpful-block-content wth-theme-thumbs\" data-title=\"\" >\n<ul>\n<li><span class=\"wth-title\">Est-ce que cela a \u00e9t\u00e9 utile?<\/span><\/li>\n<li><a data-post=\"10581\" data-post-url=\"https:\/\/staging.futurehealthbiobank.com\/ch-fr\/changer-de-banque-de-cellules-souches\/\" data-post-title=\"Changer de banque de cellules souches\" data-response=\"1\" href=\"#\" class=\"wth-green-btn icon-thumbsup icon1-thumbs-up4\">Oui<\/a><a data-response=\"0\" data-post=\"10581\" data-post-url=\"https:\/\/staging.futurehealthbiobank.com\/ch-fr\/changer-de-banque-de-cellules-souches\/\" data-post-title=\"Changer de banque de cellules souches\" href=\"#\" class=\"wth-red-btn icon-thumbsdown icon1-thumbs-down4\">Non<\/a><\/li>\n<\/ul>\n<\/div>","protected":false},"excerpt":{"rendered":"<p>Est-ce que cela a \u00e9t\u00e9 utile? OuiNon<\/p>\n","protected":false},"author":25,"featured_media":0,"parent":0,"menu_order":0,"comment_status":"closed","ping_status":"closed","template":"page-cryosave.php","meta":{"_acf_changed":false,"footnotes":""},"class_list":["post-10581","page","type-page","status-publish","hentry"],"acf":[],"yoast_head":"<!-- This site is optimized with the Yoast SEO plugin v26.7 - https:\/\/yoast.com\/wordpress\/plugins\/seo\/ -->\n<title>Comment choisir votre Banque de Cellules Souches en Suisse ?<\/title>\n<meta name=\"description\" content=\"Vous n&#039;\u00eates pas satisfait avec votre banque de cellules souches ? Changez d\u00e8s maintenant et d\u00e9couverez les crit\u00e8res \u00e0 prendre en consid\u00e9ration pour bien la choisir\" \/>\n<meta name=\"robots\" content=\"noindex, follow, max-snippet:-1, max-image-preview:large, max-video-preview:-1\" \/>\n<meta property=\"og:locale\" content=\"fr_FR\" \/>\n<meta property=\"og:type\" content=\"article\" \/>\n<meta property=\"og:title\" content=\"Comment choisir votre Banque de Cellules Souches en Suisse ?\" \/>\n<meta property=\"og:description\" content=\"Vous n&#039;\u00eates pas satisfait avec votre banque de cellules souches ? Changez d\u00e8s maintenant et d\u00e9couverez les crit\u00e8res \u00e0 prendre en consid\u00e9ration pour bien la choisir\" \/>\n<meta property=\"og:url\" content=\"https:\/\/staging.futurehealthbiobank.com\/ch-fr\/changer-de-banque-de-cellules-souches\/\" \/>\n<meta property=\"og:site_name\" content=\"Future Health Biobank - Swiss french\" \/>\n<meta property=\"article:modified_time\" content=\"2023-02-06T14:32:27+00:00\" \/>\n<meta name=\"twitter:card\" content=\"summary_large_image\" \/>\n<script type=\"application\/ld+json\" class=\"yoast-schema-graph\">{\"@context\":\"https:\/\/schema.org\",\"@graph\":[{\"@type\":\"WebPage\",\"@id\":\"https:\/\/staging.futurehealthbiobank.com\/ch-fr\/changer-de-banque-de-cellules-souches\/\",\"url\":\"https:\/\/staging.futurehealthbiobank.com\/ch-fr\/changer-de-banque-de-cellules-souches\/\",\"name\":\"Comment choisir votre Banque de Cellules Souches en Suisse ?\",\"isPartOf\":{\"@id\":\"https:\/\/staging.futurehealthbiobank.com\/ch-fr\/#website\"},\"datePublished\":\"2019-06-18T13:58:52+00:00\",\"dateModified\":\"2023-02-06T14:32:27+00:00\",\"description\":\"Vous n'\u00eates pas satisfait avec votre banque de cellules souches ? Changez d\u00e8s maintenant et d\u00e9couverez les crit\u00e8res \u00e0 prendre en consid\u00e9ration pour bien la choisir\",\"inLanguage\":\"fr-FR\",\"potentialAction\":[{\"@type\":\"ReadAction\",\"target\":[\"https:\/\/staging.futurehealthbiobank.com\/ch-fr\/changer-de-banque-de-cellules-souches\/\"]}]},{\"@type\":\"WebSite\",\"@id\":\"https:\/\/staging.futurehealthbiobank.com\/ch-fr\/#website\",\"url\":\"https:\/\/staging.futurehealthbiobank.com\/ch-fr\/\",\"name\":\"Future Health Biobank - Swiss french\",\"description\":\"\",\"potentialAction\":[{\"@type\":\"SearchAction\",\"target\":{\"@type\":\"EntryPoint\",\"urlTemplate\":\"https:\/\/staging.futurehealthbiobank.com\/ch-fr\/?s={search_term_string}\"},\"query-input\":{\"@type\":\"PropertyValueSpecification\",\"valueRequired\":true,\"valueName\":\"search_term_string\"}}],\"inLanguage\":\"fr-FR\"}]}<\/script>\n<!-- \/ Yoast SEO plugin. -->","yoast_head_json":{"title":"Comment choisir votre Banque de Cellules Souches en Suisse ?","description":"Vous n'\u00eates pas satisfait avec votre banque de cellules souches ? Changez d\u00e8s maintenant et d\u00e9couverez les crit\u00e8res \u00e0 prendre en consid\u00e9ration pour bien la choisir","robots":{"index":"noindex","follow":"follow","max-snippet":"max-snippet:-1","max-image-preview":"max-image-preview:large","max-video-preview":"max-video-preview:-1"},"og_locale":"fr_FR","og_type":"article","og_title":"Comment choisir votre Banque de Cellules Souches en Suisse ?","og_description":"Vous n'\u00eates pas satisfait avec votre banque de cellules souches ? Changez d\u00e8s maintenant et d\u00e9couverez les crit\u00e8res \u00e0 prendre en consid\u00e9ration pour bien la choisir","og_url":"https:\/\/staging.futurehealthbiobank.com\/ch-fr\/changer-de-banque-de-cellules-souches\/","og_site_name":"Future Health Biobank - Swiss french","article_modified_time":"2023-02-06T14:32:27+00:00","twitter_card":"summary_large_image","schema":{"@context":"https:\/\/schema.org","@graph":[{"@type":"WebPage","@id":"https:\/\/staging.futurehealthbiobank.com\/ch-fr\/changer-de-banque-de-cellules-souches\/","url":"https:\/\/staging.futurehealthbiobank.com\/ch-fr\/changer-de-banque-de-cellules-souches\/","name":"Comment choisir votre Banque de Cellules Souches en Suisse ?","isPartOf":{"@id":"https:\/\/staging.futurehealthbiobank.com\/ch-fr\/#website"},"datePublished":"2019-06-18T13:58:52+00:00","dateModified":"2023-02-06T14:32:27+00:00","description":"Vous n'\u00eates pas satisfait avec votre banque de cellules souches ? Changez d\u00e8s maintenant et d\u00e9couverez les crit\u00e8res \u00e0 prendre en consid\u00e9ration pour bien la choisir","inLanguage":"fr-FR","potentialAction":[{"@type":"ReadAction","target":["https:\/\/staging.futurehealthbiobank.com\/ch-fr\/changer-de-banque-de-cellules-souches\/"]}]},{"@type":"WebSite","@id":"https:\/\/staging.futurehealthbiobank.com\/ch-fr\/#website","url":"https:\/\/staging.futurehealthbiobank.com\/ch-fr\/","name":"Future Health Biobank - Swiss french","description":"","potentialAction":[{"@type":"SearchAction","target":{"@type":"EntryPoint","urlTemplate":"https:\/\/staging.futurehealthbiobank.com\/ch-fr\/?s={search_term_string}"},"query-input":{"@type":"PropertyValueSpecification","valueRequired":true,"valueName":"search_term_string"}}],"inLanguage":"fr-FR"}]}},"_links":{"self":[{"href":"https:\/\/staging.futurehealthbiobank.com\/ch-fr\/wp-json\/wp\/v2\/pages\/10581","targetHints":{"allow":["GET"]}}],"collection":[{"href":"https:\/\/staging.futurehealthbiobank.com\/ch-fr\/wp-json\/wp\/v2\/pages"}],"about":[{"href":"https:\/\/staging.futurehealthbiobank.com\/ch-fr\/wp-json\/wp\/v2\/types\/page"}],"author":[{"embeddable":true,"href":"https:\/\/staging.futurehealthbiobank.com\/ch-fr\/wp-json\/wp\/v2\/users\/25"}],"replies":[{"embeddable":true,"href":"https:\/\/staging.futurehealthbiobank.com\/ch-fr\/wp-json\/wp\/v2\/comments?post=10581"}],"version-history":[{"count":0,"href":"https:\/\/staging.futurehealthbiobank.com\/ch-fr\/wp-json\/wp\/v2\/pages\/10581\/revisions"}],"wp:attachment":[{"href":"https:\/\/staging.futurehealthbiobank.com\/ch-fr\/wp-json\/wp\/v2\/media?parent=10581"}],"curies":[{"name":"wp","href":"https:\/\/api.w.org\/{rel}","templated":true}]}}