{"id":30149,"date":"2019-08-19T15:37:19","date_gmt":"2019-08-19T14:37:19","guid":{"rendered":"http:\/\/fhbb.staging.wpengine.com\/?page_id=11080"},"modified":"2021-03-08T14:22:38","modified_gmt":"2021-03-08T13:22:38","slug":"therapie-des-cellules-souches-et-anemie","status":"publish","type":"page","link":"https:\/\/staging.futurehealthbiobank.com\/ch-fr\/maladies-traitees\/therapie-des-cellules-souches-et-anemie\/","title":{"rendered":"Th\u00e9rapie des cellules souches et an\u00e9mie"},"content":{"rendered":"<div class=\"helpful-block-content wth-theme-thumbs\" data-title=\"\" >\n<ul>\n<li><span class=\"wth-title\">Est-ce que cela a \u00e9t\u00e9 utile?<\/span><\/li>\n<li><a data-post=\"30149\" data-post-url=\"https:\/\/staging.futurehealthbiobank.com\/ch-fr\/maladies-traitees\/therapie-des-cellules-souches-et-anemie\/\" data-post-title=\"Th\u00e9rapie des cellules souches et an\u00e9mie\" data-response=\"1\" href=\"#\" class=\"wth-green-btn icon-thumbsup icon1-thumbs-up4\">Oui<\/a><a data-response=\"0\" data-post=\"30149\" data-post-url=\"https:\/\/staging.futurehealthbiobank.com\/ch-fr\/maladies-traitees\/therapie-des-cellules-souches-et-anemie\/\" data-post-title=\"Th\u00e9rapie des cellules souches et an\u00e9mie\" href=\"#\" class=\"wth-red-btn icon-thumbsdown icon1-thumbs-down4\">Non<\/a><\/li>\n<\/ul>\n<\/div>","protected":false},"excerpt":{"rendered":"<p>Est-ce que cela a \u00e9t\u00e9 utile? OuiNon<\/p>\n","protected":false},"author":25,"featured_media":0,"parent":12952,"menu_order":0,"comment_status":"closed","ping_status":"closed","template":"page-diseases.php","meta":{"_acf_changed":false,"footnotes":""},"class_list":["post-30149","page","type-page","status-publish","hentry"],"acf":[],"yoast_head":"<!-- This site is optimized with the Yoast SEO plugin v26.7 - https:\/\/yoast.com\/wordpress\/plugins\/seo\/ -->\n<title>Th\u00e9rapie par cellules souches et an\u00e9mie | Future Health Biobank<\/title>\n<meta name=\"description\" content=\"Les cellules souches h\u00e9matopo\u00ef\u00e9tiques pr\u00e9sentes dans le sang du cordon et la moelle osseuse produisent des cellules sanguines saines, qui ont prouv\u00e9 leur efficacit\u00e9 dans le traitement de l&#039;an\u00e9mie aplastique, de l&#039;an\u00e9mie de Fanconi, de la dr\u00e9panocytose et de l&#039;an\u00e9mie \u00e0 Blackfan.\" \/>\n<meta name=\"robots\" content=\"noindex, follow, max-snippet:-1, max-image-preview:large, max-video-preview:-1\" \/>\n<meta property=\"og:locale\" content=\"fr_FR\" \/>\n<meta property=\"og:type\" content=\"article\" \/>\n<meta property=\"og:title\" content=\"Th\u00e9rapie par cellules souches et an\u00e9mie | Future Health Biobank\" \/>\n<meta property=\"og:description\" content=\"Les cellules souches h\u00e9matopo\u00ef\u00e9tiques pr\u00e9sentes dans le sang du cordon et la moelle osseuse produisent des cellules sanguines saines, qui ont prouv\u00e9 leur efficacit\u00e9 dans le traitement de l&#039;an\u00e9mie aplastique, de l&#039;an\u00e9mie de Fanconi, de la dr\u00e9panocytose et de l&#039;an\u00e9mie \u00e0 Blackfan.\" \/>\n<meta property=\"og:url\" content=\"https:\/\/staging.futurehealthbiobank.com\/ch-fr\/maladies-traitees\/therapie-des-cellules-souches-et-anemie\/\" \/>\n<meta property=\"og:site_name\" content=\"Future Health Biobank - Swiss french\" \/>\n<meta property=\"article:modified_time\" content=\"2021-03-08T13:22:38+00:00\" \/>\n<meta name=\"twitter:card\" content=\"summary_large_image\" \/>\n<script type=\"application\/ld+json\" class=\"yoast-schema-graph\">{\"@context\":\"https:\/\/schema.org\",\"@graph\":[{\"@type\":\"WebPage\",\"@id\":\"https:\/\/staging.futurehealthbiobank.com\/ch-fr\/maladies-traitees\/therapie-des-cellules-souches-et-anemie\/\",\"url\":\"https:\/\/staging.futurehealthbiobank.com\/ch-fr\/maladies-traitees\/therapie-des-cellules-souches-et-anemie\/\",\"name\":\"Th\u00e9rapie par cellules souches et an\u00e9mie | Future Health Biobank\",\"isPartOf\":{\"@id\":\"https:\/\/staging.futurehealthbiobank.com\/ch-fr\/#website\"},\"datePublished\":\"2019-08-19T14:37:19+00:00\",\"dateModified\":\"2021-03-08T13:22:38+00:00\",\"description\":\"Les cellules souches h\u00e9matopo\u00ef\u00e9tiques pr\u00e9sentes dans le sang du cordon et la moelle osseuse produisent des cellules sanguines saines, qui ont prouv\u00e9 leur efficacit\u00e9 dans le traitement de l'an\u00e9mie aplastique, de l'an\u00e9mie de Fanconi, de la dr\u00e9panocytose et de l'an\u00e9mie \u00e0 Blackfan.\",\"breadcrumb\":{\"@id\":\"https:\/\/staging.futurehealthbiobank.com\/ch-fr\/maladies-traitees\/therapie-des-cellules-souches-et-anemie\/#breadcrumb\"},\"inLanguage\":\"fr-FR\",\"potentialAction\":[{\"@type\":\"ReadAction\",\"target\":[\"https:\/\/staging.futurehealthbiobank.com\/ch-fr\/maladies-traitees\/therapie-des-cellules-souches-et-anemie\/\"]}]},{\"@type\":\"BreadcrumbList\",\"@id\":\"https:\/\/staging.futurehealthbiobank.com\/ch-fr\/maladies-traitees\/therapie-des-cellules-souches-et-anemie\/#breadcrumb\",\"itemListElement\":[{\"@type\":\"ListItem\",\"position\":1,\"name\":\"Maladies trait\u00e9es\",\"item\":\"https:\/\/staging.futurehealthbiobank.com\/ch-fr\/maladies-traitees\/\"},{\"@type\":\"ListItem\",\"position\":2,\"name\":\"Th\u00e9rapie des cellules souches et an\u00e9mie\"}]},{\"@type\":\"WebSite\",\"@id\":\"https:\/\/staging.futurehealthbiobank.com\/ch-fr\/#website\",\"url\":\"https:\/\/staging.futurehealthbiobank.com\/ch-fr\/\",\"name\":\"Future Health Biobank - Swiss french\",\"description\":\"\",\"potentialAction\":[{\"@type\":\"SearchAction\",\"target\":{\"@type\":\"EntryPoint\",\"urlTemplate\":\"https:\/\/staging.futurehealthbiobank.com\/ch-fr\/?s={search_term_string}\"},\"query-input\":{\"@type\":\"PropertyValueSpecification\",\"valueRequired\":true,\"valueName\":\"search_term_string\"}}],\"inLanguage\":\"fr-FR\"}]}<\/script>\n<!-- \/ Yoast SEO plugin. -->","yoast_head_json":{"title":"Th\u00e9rapie par cellules souches et an\u00e9mie | Future Health Biobank","description":"Les cellules souches h\u00e9matopo\u00ef\u00e9tiques pr\u00e9sentes dans le sang du cordon et la moelle osseuse produisent des cellules sanguines saines, qui ont prouv\u00e9 leur efficacit\u00e9 dans le traitement de l'an\u00e9mie aplastique, de l'an\u00e9mie de Fanconi, de la dr\u00e9panocytose et de l'an\u00e9mie \u00e0 Blackfan.","robots":{"index":"noindex","follow":"follow","max-snippet":"max-snippet:-1","max-image-preview":"max-image-preview:large","max-video-preview":"max-video-preview:-1"},"og_locale":"fr_FR","og_type":"article","og_title":"Th\u00e9rapie par cellules souches et an\u00e9mie | Future Health Biobank","og_description":"Les cellules souches h\u00e9matopo\u00ef\u00e9tiques pr\u00e9sentes dans le sang du cordon et la moelle osseuse produisent des cellules sanguines saines, qui ont prouv\u00e9 leur efficacit\u00e9 dans le traitement de l'an\u00e9mie aplastique, de l'an\u00e9mie de Fanconi, de la dr\u00e9panocytose et de l'an\u00e9mie \u00e0 Blackfan.","og_url":"https:\/\/staging.futurehealthbiobank.com\/ch-fr\/maladies-traitees\/therapie-des-cellules-souches-et-anemie\/","og_site_name":"Future Health Biobank - Swiss french","article_modified_time":"2021-03-08T13:22:38+00:00","twitter_card":"summary_large_image","schema":{"@context":"https:\/\/schema.org","@graph":[{"@type":"WebPage","@id":"https:\/\/staging.futurehealthbiobank.com\/ch-fr\/maladies-traitees\/therapie-des-cellules-souches-et-anemie\/","url":"https:\/\/staging.futurehealthbiobank.com\/ch-fr\/maladies-traitees\/therapie-des-cellules-souches-et-anemie\/","name":"Th\u00e9rapie par cellules souches et an\u00e9mie | Future Health Biobank","isPartOf":{"@id":"https:\/\/staging.futurehealthbiobank.com\/ch-fr\/#website"},"datePublished":"2019-08-19T14:37:19+00:00","dateModified":"2021-03-08T13:22:38+00:00","description":"Les cellules souches h\u00e9matopo\u00ef\u00e9tiques pr\u00e9sentes dans le sang du cordon et la moelle osseuse produisent des cellules sanguines saines, qui ont prouv\u00e9 leur efficacit\u00e9 dans le traitement de l'an\u00e9mie aplastique, de l'an\u00e9mie de Fanconi, de la dr\u00e9panocytose et de l'an\u00e9mie \u00e0 Blackfan.","breadcrumb":{"@id":"https:\/\/staging.futurehealthbiobank.com\/ch-fr\/maladies-traitees\/therapie-des-cellules-souches-et-anemie\/#breadcrumb"},"inLanguage":"fr-FR","potentialAction":[{"@type":"ReadAction","target":["https:\/\/staging.futurehealthbiobank.com\/ch-fr\/maladies-traitees\/therapie-des-cellules-souches-et-anemie\/"]}]},{"@type":"BreadcrumbList","@id":"https:\/\/staging.futurehealthbiobank.com\/ch-fr\/maladies-traitees\/therapie-des-cellules-souches-et-anemie\/#breadcrumb","itemListElement":[{"@type":"ListItem","position":1,"name":"Maladies trait\u00e9es","item":"https:\/\/staging.futurehealthbiobank.com\/ch-fr\/maladies-traitees\/"},{"@type":"ListItem","position":2,"name":"Th\u00e9rapie des cellules souches et an\u00e9mie"}]},{"@type":"WebSite","@id":"https:\/\/staging.futurehealthbiobank.com\/ch-fr\/#website","url":"https:\/\/staging.futurehealthbiobank.com\/ch-fr\/","name":"Future Health Biobank - Swiss french","description":"","potentialAction":[{"@type":"SearchAction","target":{"@type":"EntryPoint","urlTemplate":"https:\/\/staging.futurehealthbiobank.com\/ch-fr\/?s={search_term_string}"},"query-input":{"@type":"PropertyValueSpecification","valueRequired":true,"valueName":"search_term_string"}}],"inLanguage":"fr-FR"}]}},"_links":{"self":[{"href":"https:\/\/staging.futurehealthbiobank.com\/ch-fr\/wp-json\/wp\/v2\/pages\/30149","targetHints":{"allow":["GET"]}}],"collection":[{"href":"https:\/\/staging.futurehealthbiobank.com\/ch-fr\/wp-json\/wp\/v2\/pages"}],"about":[{"href":"https:\/\/staging.futurehealthbiobank.com\/ch-fr\/wp-json\/wp\/v2\/types\/page"}],"author":[{"embeddable":true,"href":"https:\/\/staging.futurehealthbiobank.com\/ch-fr\/wp-json\/wp\/v2\/users\/25"}],"replies":[{"embeddable":true,"href":"https:\/\/staging.futurehealthbiobank.com\/ch-fr\/wp-json\/wp\/v2\/comments?post=30149"}],"version-history":[{"count":0,"href":"https:\/\/staging.futurehealthbiobank.com\/ch-fr\/wp-json\/wp\/v2\/pages\/30149\/revisions"}],"up":[{"embeddable":true,"href":"https:\/\/staging.futurehealthbiobank.com\/ch-fr\/wp-json\/wp\/v2\/pages\/12952"}],"wp:attachment":[{"href":"https:\/\/staging.futurehealthbiobank.com\/ch-fr\/wp-json\/wp\/v2\/media?parent=30149"}],"curies":[{"name":"wp","href":"https:\/\/api.w.org\/{rel}","templated":true}]}}