{"id":842,"date":"2016-07-15T13:21:25","date_gmt":"2016-07-15T11:21:25","guid":{"rendered":"https:\/\/staging.futurehealthbiobank.com\/ch-fr\/?page_id=842"},"modified":"2020-10-02T10:20:26","modified_gmt":"2020-10-02T08:20:26","slug":"hopitaux","status":"publish","type":"page","link":"https:\/\/staging.futurehealthbiobank.com\/ch-fr\/hopitaux\/","title":{"rendered":"H\u00f4pitaux"},"content":{"rendered":"<div class=\"helpful-block-content wth-theme-thumbs\" data-title=\"\" >\n<ul>\n<li><span class=\"wth-title\">Est-ce que cela a \u00e9t\u00e9 utile?<\/span><\/li>\n<li><a data-post=\"842\" data-post-url=\"https:\/\/staging.futurehealthbiobank.com\/ch-fr\/hopitaux\/\" data-post-title=\"H\u00f4pitaux\" data-response=\"1\" href=\"#\" class=\"wth-green-btn icon-thumbsup icon1-thumbs-up4\">Oui<\/a><a data-response=\"0\" data-post=\"842\" data-post-url=\"https:\/\/staging.futurehealthbiobank.com\/ch-fr\/hopitaux\/\" data-post-title=\"H\u00f4pitaux\" href=\"#\" class=\"wth-red-btn icon-thumbsdown icon1-thumbs-down4\">Non<\/a><\/li>\n<\/ul>\n<\/div>","protected":false},"excerpt":{"rendered":"<p>Est-ce que cela a \u00e9t\u00e9 utile? OuiNon<\/p>\n","protected":false},"author":25,"featured_media":0,"parent":0,"menu_order":0,"comment_status":"closed","ping_status":"closed","template":"page-hospital.php","meta":{"_acf_changed":false,"footnotes":""},"class_list":["post-842","page","type-page","status-publish","hentry"],"acf":[],"yoast_head":"<!-- This site is optimized with the Yoast SEO plugin v26.7 - https:\/\/yoast.com\/wordpress\/plugins\/seo\/ -->\n<title>H\u00f4pitaux partenaires de Future Health Biobank en Suisse<\/title>\n<meta name=\"description\" content=\"Liste compl\u00e8te des h\u00f4pitaux suisses avec qui travaille Future Health Biobank pour la collecte de cellules souches\" \/>\n<meta name=\"robots\" content=\"noindex, follow, max-snippet:-1, max-image-preview:large, max-video-preview:-1\" \/>\n<meta property=\"og:locale\" content=\"fr_FR\" \/>\n<meta property=\"og:type\" content=\"article\" \/>\n<meta property=\"og:title\" content=\"H\u00f4pitaux partenaires de Future Health Biobank en Suisse\" \/>\n<meta property=\"og:description\" content=\"Liste compl\u00e8te des h\u00f4pitaux suisses avec qui travaille Future Health Biobank pour la collecte de cellules souches\" \/>\n<meta property=\"og:url\" content=\"https:\/\/staging.futurehealthbiobank.com\/ch-fr\/hopitaux\/\" \/>\n<meta property=\"og:site_name\" content=\"Future Health Biobank - Swiss french\" \/>\n<meta property=\"article:modified_time\" content=\"2020-10-02T08:20:26+00:00\" \/>\n<meta name=\"twitter:card\" content=\"summary_large_image\" \/>\n<script type=\"application\/ld+json\" class=\"yoast-schema-graph\">{\"@context\":\"https:\/\/schema.org\",\"@graph\":[{\"@type\":\"WebPage\",\"@id\":\"https:\/\/staging.futurehealthbiobank.com\/ch-fr\/hopitaux\/\",\"url\":\"https:\/\/staging.futurehealthbiobank.com\/ch-fr\/hopitaux\/\",\"name\":\"H\u00f4pitaux partenaires de Future Health Biobank en Suisse\",\"isPartOf\":{\"@id\":\"https:\/\/staging.futurehealthbiobank.com\/ch-fr\/#website\"},\"datePublished\":\"2016-07-15T11:21:25+00:00\",\"dateModified\":\"2020-10-02T08:20:26+00:00\",\"description\":\"Liste compl\u00e8te des h\u00f4pitaux suisses avec qui travaille Future Health Biobank pour la collecte de cellules souches\",\"inLanguage\":\"fr-FR\",\"potentialAction\":[{\"@type\":\"ReadAction\",\"target\":[\"https:\/\/staging.futurehealthbiobank.com\/ch-fr\/hopitaux\/\"]}]},{\"@type\":\"WebSite\",\"@id\":\"https:\/\/staging.futurehealthbiobank.com\/ch-fr\/#website\",\"url\":\"https:\/\/staging.futurehealthbiobank.com\/ch-fr\/\",\"name\":\"Future Health Biobank - Swiss french\",\"description\":\"\",\"potentialAction\":[{\"@type\":\"SearchAction\",\"target\":{\"@type\":\"EntryPoint\",\"urlTemplate\":\"https:\/\/staging.futurehealthbiobank.com\/ch-fr\/?s={search_term_string}\"},\"query-input\":{\"@type\":\"PropertyValueSpecification\",\"valueRequired\":true,\"valueName\":\"search_term_string\"}}],\"inLanguage\":\"fr-FR\"}]}<\/script>\n<!-- \/ Yoast SEO plugin. -->","yoast_head_json":{"title":"H\u00f4pitaux partenaires de Future Health Biobank en Suisse","description":"Liste compl\u00e8te des h\u00f4pitaux suisses avec qui travaille Future Health Biobank pour la collecte de cellules souches","robots":{"index":"noindex","follow":"follow","max-snippet":"max-snippet:-1","max-image-preview":"max-image-preview:large","max-video-preview":"max-video-preview:-1"},"og_locale":"fr_FR","og_type":"article","og_title":"H\u00f4pitaux partenaires de Future Health Biobank en Suisse","og_description":"Liste compl\u00e8te des h\u00f4pitaux suisses avec qui travaille Future Health Biobank pour la collecte de cellules souches","og_url":"https:\/\/staging.futurehealthbiobank.com\/ch-fr\/hopitaux\/","og_site_name":"Future Health Biobank - Swiss french","article_modified_time":"2020-10-02T08:20:26+00:00","twitter_card":"summary_large_image","schema":{"@context":"https:\/\/schema.org","@graph":[{"@type":"WebPage","@id":"https:\/\/staging.futurehealthbiobank.com\/ch-fr\/hopitaux\/","url":"https:\/\/staging.futurehealthbiobank.com\/ch-fr\/hopitaux\/","name":"H\u00f4pitaux partenaires de Future Health Biobank en Suisse","isPartOf":{"@id":"https:\/\/staging.futurehealthbiobank.com\/ch-fr\/#website"},"datePublished":"2016-07-15T11:21:25+00:00","dateModified":"2020-10-02T08:20:26+00:00","description":"Liste compl\u00e8te des h\u00f4pitaux suisses avec qui travaille Future Health Biobank pour la collecte de cellules souches","inLanguage":"fr-FR","potentialAction":[{"@type":"ReadAction","target":["https:\/\/staging.futurehealthbiobank.com\/ch-fr\/hopitaux\/"]}]},{"@type":"WebSite","@id":"https:\/\/staging.futurehealthbiobank.com\/ch-fr\/#website","url":"https:\/\/staging.futurehealthbiobank.com\/ch-fr\/","name":"Future Health Biobank - Swiss french","description":"","potentialAction":[{"@type":"SearchAction","target":{"@type":"EntryPoint","urlTemplate":"https:\/\/staging.futurehealthbiobank.com\/ch-fr\/?s={search_term_string}"},"query-input":{"@type":"PropertyValueSpecification","valueRequired":true,"valueName":"search_term_string"}}],"inLanguage":"fr-FR"}]}},"_links":{"self":[{"href":"https:\/\/staging.futurehealthbiobank.com\/ch-fr\/wp-json\/wp\/v2\/pages\/842","targetHints":{"allow":["GET"]}}],"collection":[{"href":"https:\/\/staging.futurehealthbiobank.com\/ch-fr\/wp-json\/wp\/v2\/pages"}],"about":[{"href":"https:\/\/staging.futurehealthbiobank.com\/ch-fr\/wp-json\/wp\/v2\/types\/page"}],"author":[{"embeddable":true,"href":"https:\/\/staging.futurehealthbiobank.com\/ch-fr\/wp-json\/wp\/v2\/users\/25"}],"replies":[{"embeddable":true,"href":"https:\/\/staging.futurehealthbiobank.com\/ch-fr\/wp-json\/wp\/v2\/comments?post=842"}],"version-history":[{"count":0,"href":"https:\/\/staging.futurehealthbiobank.com\/ch-fr\/wp-json\/wp\/v2\/pages\/842\/revisions"}],"wp:attachment":[{"href":"https:\/\/staging.futurehealthbiobank.com\/ch-fr\/wp-json\/wp\/v2\/media?parent=842"}],"curies":[{"name":"wp","href":"https:\/\/api.w.org\/{rel}","templated":true}]}}