{"id":9265,"date":"2018-11-06T09:59:18","date_gmt":"2018-11-06T09:59:18","guid":{"rendered":"https:\/\/staging.futurehealthbiobank.com\/?page_id=9265"},"modified":"2021-09-21T14:39:32","modified_gmt":"2021-09-21T12:39:32","slug":"clampage-tardif-du-cordon","status":"publish","type":"page","link":"https:\/\/staging.futurehealthbiobank.com\/ch-fr\/clampage-tardif-du-cordon\/","title":{"rendered":"Clampage tardif du cordon"},"content":{"rendered":"<div class=\"helpful-block-content wth-theme-thumbs\" data-title=\"\" >\n<ul>\n<li><span class=\"wth-title\">Est-ce que cela a \u00e9t\u00e9 utile?<\/span><\/li>\n<li><a data-post=\"9265\" data-post-url=\"https:\/\/staging.futurehealthbiobank.com\/ch-fr\/clampage-tardif-du-cordon\/\" data-post-title=\"Clampage tardif du cordon\" data-response=\"1\" href=\"#\" class=\"wth-green-btn icon-thumbsup icon1-thumbs-up4\">Oui<\/a><a data-response=\"0\" data-post=\"9265\" data-post-url=\"https:\/\/staging.futurehealthbiobank.com\/ch-fr\/clampage-tardif-du-cordon\/\" data-post-title=\"Clampage tardif du cordon\" href=\"#\" class=\"wth-red-btn icon-thumbsdown icon1-thumbs-down4\">Non<\/a><\/li>\n<\/ul>\n<\/div>","protected":false},"excerpt":{"rendered":"<p>Est-ce que cela a \u00e9t\u00e9 utile? OuiNon<\/p>\n","protected":false},"author":25,"featured_media":0,"parent":0,"menu_order":0,"comment_status":"closed","ping_status":"closed","template":"page-landing.php","meta":{"_acf_changed":false,"footnotes":""},"class_list":["post-9265","page","type-page","status-publish","hentry"],"acf":[],"yoast_head":"<!-- This site is optimized with the Yoast SEO plugin v26.7 - https:\/\/yoast.com\/wordpress\/plugins\/seo\/ -->\n<title>Clampage tardif du cordon ombilical et conservation du sang ombilical<\/title>\n<meta name=\"description\" content=\"D\u00e9couvrez comment le clampage tardif du cordon ombilical fonctionne parall\u00e8lement \u00e0 la conservation du sang ombilical dans une banque de cellules souches\" \/>\n<meta name=\"robots\" content=\"noindex, follow, max-snippet:-1, max-image-preview:large, max-video-preview:-1\" \/>\n<meta property=\"og:locale\" content=\"fr_FR\" \/>\n<meta property=\"og:type\" content=\"article\" \/>\n<meta property=\"og:title\" content=\"Clampage tardif du cordon ombilical et conservation du sang ombilical\" \/>\n<meta property=\"og:description\" content=\"D\u00e9couvrez comment le clampage tardif du cordon ombilical fonctionne parall\u00e8lement \u00e0 la conservation du sang ombilical dans une banque de cellules souches\" \/>\n<meta property=\"og:url\" content=\"https:\/\/staging.futurehealthbiobank.com\/ch-fr\/clampage-tardif-du-cordon\/\" \/>\n<meta property=\"og:site_name\" content=\"Future Health Biobank - Swiss french\" \/>\n<meta property=\"article:modified_time\" content=\"2021-09-21T12:39:32+00:00\" \/>\n<meta name=\"twitter:card\" content=\"summary_large_image\" \/>\n<script type=\"application\/ld+json\" class=\"yoast-schema-graph\">{\"@context\":\"https:\/\/schema.org\",\"@graph\":[{\"@type\":\"WebPage\",\"@id\":\"https:\/\/staging.futurehealthbiobank.com\/ch-fr\/clampage-tardif-du-cordon\/\",\"url\":\"https:\/\/staging.futurehealthbiobank.com\/ch-fr\/clampage-tardif-du-cordon\/\",\"name\":\"Clampage tardif du cordon ombilical et conservation du sang ombilical\",\"isPartOf\":{\"@id\":\"https:\/\/staging.futurehealthbiobank.com\/ch-fr\/#website\"},\"datePublished\":\"2018-11-06T09:59:18+00:00\",\"dateModified\":\"2021-09-21T12:39:32+00:00\",\"description\":\"D\u00e9couvrez comment le clampage tardif du cordon ombilical fonctionne parall\u00e8lement \u00e0 la conservation du sang ombilical dans une banque de cellules souches\",\"inLanguage\":\"fr-FR\",\"potentialAction\":[{\"@type\":\"ReadAction\",\"target\":[\"https:\/\/staging.futurehealthbiobank.com\/ch-fr\/clampage-tardif-du-cordon\/\"]}]},{\"@type\":\"WebSite\",\"@id\":\"https:\/\/staging.futurehealthbiobank.com\/ch-fr\/#website\",\"url\":\"https:\/\/staging.futurehealthbiobank.com\/ch-fr\/\",\"name\":\"Future Health Biobank - Swiss french\",\"description\":\"\",\"potentialAction\":[{\"@type\":\"SearchAction\",\"target\":{\"@type\":\"EntryPoint\",\"urlTemplate\":\"https:\/\/staging.futurehealthbiobank.com\/ch-fr\/?s={search_term_string}\"},\"query-input\":{\"@type\":\"PropertyValueSpecification\",\"valueRequired\":true,\"valueName\":\"search_term_string\"}}],\"inLanguage\":\"fr-FR\"}]}<\/script>\n<!-- \/ Yoast SEO plugin. -->","yoast_head_json":{"title":"Clampage tardif du cordon ombilical et conservation du sang ombilical","description":"D\u00e9couvrez comment le clampage tardif du cordon ombilical fonctionne parall\u00e8lement \u00e0 la conservation du sang ombilical dans une banque de cellules souches","robots":{"index":"noindex","follow":"follow","max-snippet":"max-snippet:-1","max-image-preview":"max-image-preview:large","max-video-preview":"max-video-preview:-1"},"og_locale":"fr_FR","og_type":"article","og_title":"Clampage tardif du cordon ombilical et conservation du sang ombilical","og_description":"D\u00e9couvrez comment le clampage tardif du cordon ombilical fonctionne parall\u00e8lement \u00e0 la conservation du sang ombilical dans une banque de cellules souches","og_url":"https:\/\/staging.futurehealthbiobank.com\/ch-fr\/clampage-tardif-du-cordon\/","og_site_name":"Future Health Biobank - Swiss french","article_modified_time":"2021-09-21T12:39:32+00:00","twitter_card":"summary_large_image","schema":{"@context":"https:\/\/schema.org","@graph":[{"@type":"WebPage","@id":"https:\/\/staging.futurehealthbiobank.com\/ch-fr\/clampage-tardif-du-cordon\/","url":"https:\/\/staging.futurehealthbiobank.com\/ch-fr\/clampage-tardif-du-cordon\/","name":"Clampage tardif du cordon ombilical et conservation du sang ombilical","isPartOf":{"@id":"https:\/\/staging.futurehealthbiobank.com\/ch-fr\/#website"},"datePublished":"2018-11-06T09:59:18+00:00","dateModified":"2021-09-21T12:39:32+00:00","description":"D\u00e9couvrez comment le clampage tardif du cordon ombilical fonctionne parall\u00e8lement \u00e0 la conservation du sang ombilical dans une banque de cellules souches","inLanguage":"fr-FR","potentialAction":[{"@type":"ReadAction","target":["https:\/\/staging.futurehealthbiobank.com\/ch-fr\/clampage-tardif-du-cordon\/"]}]},{"@type":"WebSite","@id":"https:\/\/staging.futurehealthbiobank.com\/ch-fr\/#website","url":"https:\/\/staging.futurehealthbiobank.com\/ch-fr\/","name":"Future Health Biobank - Swiss french","description":"","potentialAction":[{"@type":"SearchAction","target":{"@type":"EntryPoint","urlTemplate":"https:\/\/staging.futurehealthbiobank.com\/ch-fr\/?s={search_term_string}"},"query-input":{"@type":"PropertyValueSpecification","valueRequired":true,"valueName":"search_term_string"}}],"inLanguage":"fr-FR"}]}},"_links":{"self":[{"href":"https:\/\/staging.futurehealthbiobank.com\/ch-fr\/wp-json\/wp\/v2\/pages\/9265","targetHints":{"allow":["GET"]}}],"collection":[{"href":"https:\/\/staging.futurehealthbiobank.com\/ch-fr\/wp-json\/wp\/v2\/pages"}],"about":[{"href":"https:\/\/staging.futurehealthbiobank.com\/ch-fr\/wp-json\/wp\/v2\/types\/page"}],"author":[{"embeddable":true,"href":"https:\/\/staging.futurehealthbiobank.com\/ch-fr\/wp-json\/wp\/v2\/users\/25"}],"replies":[{"embeddable":true,"href":"https:\/\/staging.futurehealthbiobank.com\/ch-fr\/wp-json\/wp\/v2\/comments?post=9265"}],"version-history":[{"count":0,"href":"https:\/\/staging.futurehealthbiobank.com\/ch-fr\/wp-json\/wp\/v2\/pages\/9265\/revisions"}],"wp:attachment":[{"href":"https:\/\/staging.futurehealthbiobank.com\/ch-fr\/wp-json\/wp\/v2\/media?parent=9265"}],"curies":[{"name":"wp","href":"https:\/\/api.w.org\/{rel}","templated":true}]}}