

{"id":3641,"date":"2016-04-23T23:38:00","date_gmt":"2016-04-23T22:38:00","guid":{"rendered":"https:\/\/staging.futurehealthbiobank.com\/fhbb-2\/?page_id=3641"},"modified":"2019-12-30T09:55:01","modified_gmt":"2019-12-30T09:55:01","slug":"brosur-talep-ettiginiz-icin-tesekkur-ederiz","status":"publish","type":"page","link":"https:\/\/staging.futurehealthbiobank.com\/cy-tr\/brosur-talep-ettiginiz-icin-tesekkur-ederiz\/","title":{"rendered":"Bro\u015f\u00fcr talep etti\u011finiz i\u00e7in te\u015fekk\u00fcr ederiz"},"content":{"rendered":"","protected":false},"excerpt":{"rendered":"","protected":false},"author":2,"featured_media":0,"parent":0,"menu_order":0,"comment_status":"closed","ping_status":"closed","template":"page-page_template.php","meta":{"_acf_changed":false,"footnotes":""},"class_list":["post-3641","page","type-page","status-publish","hentry"],"acf":[],"yoast_head":"<!-- This site is optimized with the Yoast SEO plugin v26.7 - https:\/\/yoast.com\/wordpress\/plugins\/seo\/ -->\n<title>Bro\u015f\u00fcr talep etti\u011finiz i\u00e7in te\u015fekk\u00fcr ederiz - Future Health Biobank Cyprus Turkish<\/title>\n<meta name=\"robots\" content=\"noindex, follow, max-snippet:-1, max-image-preview:large, max-video-preview:-1\" \/>\n<meta property=\"og:locale\" content=\"tr_TR\" \/>\n<meta property=\"og:type\" content=\"article\" \/>\n<meta property=\"og:title\" content=\"Bro\u015f\u00fcr talep etti\u011finiz i\u00e7in te\u015fekk\u00fcr ederiz - Future Health Biobank Cyprus Turkish\" \/>\n<meta property=\"og:url\" content=\"https:\/\/staging.futurehealthbiobank.com\/cy-tr\/brosur-talep-ettiginiz-icin-tesekkur-ederiz\/\" \/>\n<meta property=\"og:site_name\" content=\"Future Health Biobank Cyprus Turkish\" \/>\n<meta property=\"article:modified_time\" content=\"2019-12-30T09:55:01+00:00\" \/>\n<meta name=\"twitter:card\" content=\"summary_large_image\" \/>\n<script type=\"application\/ld+json\" class=\"yoast-schema-graph\">{\"@context\":\"https:\/\/schema.org\",\"@graph\":[{\"@type\":\"WebPage\",\"@id\":\"https:\/\/staging.futurehealthbiobank.com\/cy-tr\/brosur-talep-ettiginiz-icin-tesekkur-ederiz\/\",\"url\":\"https:\/\/staging.futurehealthbiobank.com\/cy-tr\/brosur-talep-ettiginiz-icin-tesekkur-ederiz\/\",\"name\":\"Bro\u015f\u00fcr talep etti\u011finiz i\u00e7in te\u015fekk\u00fcr ederiz - Future Health Biobank Cyprus Turkish\",\"isPartOf\":{\"@id\":\"https:\/\/staging.futurehealthbiobank.com\/cy-tr\/#website\"},\"datePublished\":\"2016-04-23T22:38:00+00:00\",\"dateModified\":\"2019-12-30T09:55:01+00:00\",\"inLanguage\":\"tr\",\"potentialAction\":[{\"@type\":\"ReadAction\",\"target\":[\"https:\/\/staging.futurehealthbiobank.com\/cy-tr\/brosur-talep-ettiginiz-icin-tesekkur-ederiz\/\"]}]},{\"@type\":\"WebSite\",\"@id\":\"https:\/\/staging.futurehealthbiobank.com\/cy-tr\/#website\",\"url\":\"https:\/\/staging.futurehealthbiobank.com\/cy-tr\/\",\"name\":\"Future Health Biobank Cyprus Turkish\",\"description\":\"\",\"potentialAction\":[{\"@type\":\"SearchAction\",\"target\":{\"@type\":\"EntryPoint\",\"urlTemplate\":\"https:\/\/staging.futurehealthbiobank.com\/cy-tr\/?s={search_term_string}\"},\"query-input\":{\"@type\":\"PropertyValueSpecification\",\"valueRequired\":true,\"valueName\":\"search_term_string\"}}],\"inLanguage\":\"tr\"}]}<\/script>\n<!-- \/ Yoast SEO plugin. -->","yoast_head_json":{"title":"Bro\u015f\u00fcr talep etti\u011finiz i\u00e7in te\u015fekk\u00fcr ederiz - Future Health Biobank Cyprus Turkish","robots":{"index":"noindex","follow":"follow","max-snippet":"max-snippet:-1","max-image-preview":"max-image-preview:large","max-video-preview":"max-video-preview:-1"},"og_locale":"tr_TR","og_type":"article","og_title":"Bro\u015f\u00fcr talep etti\u011finiz i\u00e7in te\u015fekk\u00fcr ederiz - Future Health Biobank Cyprus Turkish","og_url":"https:\/\/staging.futurehealthbiobank.com\/cy-tr\/brosur-talep-ettiginiz-icin-tesekkur-ederiz\/","og_site_name":"Future Health Biobank Cyprus Turkish","article_modified_time":"2019-12-30T09:55:01+00:00","twitter_card":"summary_large_image","schema":{"@context":"https:\/\/schema.org","@graph":[{"@type":"WebPage","@id":"https:\/\/staging.futurehealthbiobank.com\/cy-tr\/brosur-talep-ettiginiz-icin-tesekkur-ederiz\/","url":"https:\/\/staging.futurehealthbiobank.com\/cy-tr\/brosur-talep-ettiginiz-icin-tesekkur-ederiz\/","name":"Bro\u015f\u00fcr talep etti\u011finiz i\u00e7in te\u015fekk\u00fcr ederiz - Future Health Biobank Cyprus Turkish","isPartOf":{"@id":"https:\/\/staging.futurehealthbiobank.com\/cy-tr\/#website"},"datePublished":"2016-04-23T22:38:00+00:00","dateModified":"2019-12-30T09:55:01+00:00","inLanguage":"tr","potentialAction":[{"@type":"ReadAction","target":["https:\/\/staging.futurehealthbiobank.com\/cy-tr\/brosur-talep-ettiginiz-icin-tesekkur-ederiz\/"]}]},{"@type":"WebSite","@id":"https:\/\/staging.futurehealthbiobank.com\/cy-tr\/#website","url":"https:\/\/staging.futurehealthbiobank.com\/cy-tr\/","name":"Future Health Biobank Cyprus Turkish","description":"","potentialAction":[{"@type":"SearchAction","target":{"@type":"EntryPoint","urlTemplate":"https:\/\/staging.futurehealthbiobank.com\/cy-tr\/?s={search_term_string}"},"query-input":{"@type":"PropertyValueSpecification","valueRequired":true,"valueName":"search_term_string"}}],"inLanguage":"tr"}]}},"_links":{"self":[{"href":"https:\/\/staging.futurehealthbiobank.com\/cy-tr\/wp-json\/wp\/v2\/pages\/3641","targetHints":{"allow":["GET"]}}],"collection":[{"href":"https:\/\/staging.futurehealthbiobank.com\/cy-tr\/wp-json\/wp\/v2\/pages"}],"about":[{"href":"https:\/\/staging.futurehealthbiobank.com\/cy-tr\/wp-json\/wp\/v2\/types\/page"}],"author":[{"embeddable":true,"href":"https:\/\/staging.futurehealthbiobank.com\/cy-tr\/wp-json\/wp\/v2\/users\/2"}],"replies":[{"embeddable":true,"href":"https:\/\/staging.futurehealthbiobank.com\/cy-tr\/wp-json\/wp\/v2\/comments?post=3641"}],"version-history":[{"count":0,"href":"https:\/\/staging.futurehealthbiobank.com\/cy-tr\/wp-json\/wp\/v2\/pages\/3641\/revisions"}],"wp:attachment":[{"href":"https:\/\/staging.futurehealthbiobank.com\/cy-tr\/wp-json\/wp\/v2\/media?parent=3641"}],"curies":[{"name":"wp","href":"https:\/\/api.w.org\/{rel}","templated":true}]}}