

{"id":97,"date":"2017-11-05T12:57:21","date_gmt":"2017-11-05T12:57:21","guid":{"rendered":"http:\/\/mctestdev.staging.wpengine.com\/?page_id=97"},"modified":"2019-01-16T14:08:39","modified_gmt":"2019-01-16T14:08:39","slug":"kordon-kani-toplama-islemi","status":"publish","type":"page","link":"https:\/\/staging.futurehealthbiobank.com\/cy-tr\/gobek-kordonu-kok-hucre-bankaciligi\/kordon-kani-kok-hucre-bankaciligi\/kordon-kani-toplama-islemi\/","title":{"rendered":"Kordon kan\u0131 toplama i\u015flemi"},"content":{"rendered":"","protected":false},"excerpt":{"rendered":"","protected":false},"author":25,"featured_media":0,"parent":2935,"menu_order":0,"comment_status":"closed","ping_status":"closed","template":"page-collection.php","meta":{"_acf_changed":false,"footnotes":""},"class_list":["post-97","page","type-page","status-publish","hentry"],"acf":[],"yoast_head":"<!-- This site is optimized with the Yoast SEO plugin v26.7 - https:\/\/yoast.com\/wordpress\/plugins\/seo\/ -->\n<title>Cord blood collection process | Future Health Biobank<\/title>\n<meta name=\"description\" content=\"Learn about our professional and streamlined cord blood collection process, practices every time by a trained phlebotomist.\" \/>\n<meta name=\"robots\" content=\"noindex, follow, max-snippet:-1, max-image-preview:large, max-video-preview:-1\" \/>\n<meta property=\"og:locale\" content=\"tr_TR\" \/>\n<meta property=\"og:type\" content=\"article\" \/>\n<meta property=\"og:title\" content=\"Cord blood collection process | Future Health Biobank\" \/>\n<meta property=\"og:description\" content=\"Learn about our professional and streamlined cord blood collection process, practices every time by a trained phlebotomist.\" \/>\n<meta property=\"og:url\" content=\"https:\/\/staging.futurehealthbiobank.com\/cy-tr\/gobek-kordonu-kok-hucre-bankaciligi\/kordon-kani-kok-hucre-bankaciligi\/kordon-kani-toplama-islemi\/\" \/>\n<meta property=\"og:site_name\" content=\"Future Health Biobank Cyprus Turkish\" \/>\n<meta property=\"article:modified_time\" content=\"2019-01-16T14:08:39+00:00\" \/>\n<meta name=\"twitter:card\" content=\"summary_large_image\" \/>\n<script type=\"application\/ld+json\" class=\"yoast-schema-graph\">{\"@context\":\"https:\/\/schema.org\",\"@graph\":[{\"@type\":\"WebPage\",\"@id\":\"https:\/\/staging.futurehealthbiobank.com\/cy-tr\/gobek-kordonu-kok-hucre-bankaciligi\/kordon-kani-kok-hucre-bankaciligi\/kordon-kani-toplama-islemi\/\",\"url\":\"https:\/\/staging.futurehealthbiobank.com\/cy-tr\/gobek-kordonu-kok-hucre-bankaciligi\/kordon-kani-kok-hucre-bankaciligi\/kordon-kani-toplama-islemi\/\",\"name\":\"Cord blood collection process | Future Health Biobank\",\"isPartOf\":{\"@id\":\"https:\/\/staging.futurehealthbiobank.com\/cy-tr\/#website\"},\"datePublished\":\"2017-11-05T12:57:21+00:00\",\"dateModified\":\"2019-01-16T14:08:39+00:00\",\"description\":\"Learn about our professional and streamlined cord blood collection process, practices every time by a trained phlebotomist.\",\"breadcrumb\":{\"@id\":\"https:\/\/staging.futurehealthbiobank.com\/cy-tr\/gobek-kordonu-kok-hucre-bankaciligi\/kordon-kani-kok-hucre-bankaciligi\/kordon-kani-toplama-islemi\/#breadcrumb\"},\"inLanguage\":\"tr\",\"potentialAction\":[{\"@type\":\"ReadAction\",\"target\":[\"https:\/\/staging.futurehealthbiobank.com\/cy-tr\/gobek-kordonu-kok-hucre-bankaciligi\/kordon-kani-kok-hucre-bankaciligi\/kordon-kani-toplama-islemi\/\"]}]},{\"@type\":\"BreadcrumbList\",\"@id\":\"https:\/\/staging.futurehealthbiobank.com\/cy-tr\/gobek-kordonu-kok-hucre-bankaciligi\/kordon-kani-kok-hucre-bankaciligi\/kordon-kani-toplama-islemi\/#breadcrumb\",\"itemListElement\":[{\"@type\":\"ListItem\",\"position\":1,\"name\":\"G\u00f6bek kordonu k\u00f6k h\u00fccre bankac\u0131l\u0131\u011f\u0131\",\"item\":\"https:\/\/staging.futurehealthbiobank.com\/cy-tr\/gobek-kordonu-kok-hucre-bankaciligi\/\"},{\"@type\":\"ListItem\",\"position\":2,\"name\":\"Kordon kan\u0131 k\u00f6k h\u00fccre bankac\u0131l\u0131\u011f\u0131\",\"item\":\"https:\/\/staging.futurehealthbiobank.com\/cy-tr\/gobek-kordonu-kok-hucre-bankaciligi\/kordon-kani-kok-hucre-bankaciligi\/\"},{\"@type\":\"ListItem\",\"position\":3,\"name\":\"Kordon kan\u0131 toplama i\u015flemi\"}]},{\"@type\":\"WebSite\",\"@id\":\"https:\/\/staging.futurehealthbiobank.com\/cy-tr\/#website\",\"url\":\"https:\/\/staging.futurehealthbiobank.com\/cy-tr\/\",\"name\":\"Future Health Biobank Cyprus Turkish\",\"description\":\"\",\"potentialAction\":[{\"@type\":\"SearchAction\",\"target\":{\"@type\":\"EntryPoint\",\"urlTemplate\":\"https:\/\/staging.futurehealthbiobank.com\/cy-tr\/?s={search_term_string}\"},\"query-input\":{\"@type\":\"PropertyValueSpecification\",\"valueRequired\":true,\"valueName\":\"search_term_string\"}}],\"inLanguage\":\"tr\"}]}<\/script>\n<!-- \/ Yoast SEO plugin. -->","yoast_head_json":{"title":"Cord blood collection process | Future Health Biobank","description":"Learn about our professional and streamlined cord blood collection process, practices every time by a trained phlebotomist.","robots":{"index":"noindex","follow":"follow","max-snippet":"max-snippet:-1","max-image-preview":"max-image-preview:large","max-video-preview":"max-video-preview:-1"},"og_locale":"tr_TR","og_type":"article","og_title":"Cord blood collection process | Future Health Biobank","og_description":"Learn about our professional and streamlined cord blood collection process, practices every time by a trained phlebotomist.","og_url":"https:\/\/staging.futurehealthbiobank.com\/cy-tr\/gobek-kordonu-kok-hucre-bankaciligi\/kordon-kani-kok-hucre-bankaciligi\/kordon-kani-toplama-islemi\/","og_site_name":"Future Health Biobank Cyprus Turkish","article_modified_time":"2019-01-16T14:08:39+00:00","twitter_card":"summary_large_image","schema":{"@context":"https:\/\/schema.org","@graph":[{"@type":"WebPage","@id":"https:\/\/staging.futurehealthbiobank.com\/cy-tr\/gobek-kordonu-kok-hucre-bankaciligi\/kordon-kani-kok-hucre-bankaciligi\/kordon-kani-toplama-islemi\/","url":"https:\/\/staging.futurehealthbiobank.com\/cy-tr\/gobek-kordonu-kok-hucre-bankaciligi\/kordon-kani-kok-hucre-bankaciligi\/kordon-kani-toplama-islemi\/","name":"Cord blood collection process | Future Health Biobank","isPartOf":{"@id":"https:\/\/staging.futurehealthbiobank.com\/cy-tr\/#website"},"datePublished":"2017-11-05T12:57:21+00:00","dateModified":"2019-01-16T14:08:39+00:00","description":"Learn about our professional and streamlined cord blood collection process, practices every time by a trained phlebotomist.","breadcrumb":{"@id":"https:\/\/staging.futurehealthbiobank.com\/cy-tr\/gobek-kordonu-kok-hucre-bankaciligi\/kordon-kani-kok-hucre-bankaciligi\/kordon-kani-toplama-islemi\/#breadcrumb"},"inLanguage":"tr","potentialAction":[{"@type":"ReadAction","target":["https:\/\/staging.futurehealthbiobank.com\/cy-tr\/gobek-kordonu-kok-hucre-bankaciligi\/kordon-kani-kok-hucre-bankaciligi\/kordon-kani-toplama-islemi\/"]}]},{"@type":"BreadcrumbList","@id":"https:\/\/staging.futurehealthbiobank.com\/cy-tr\/gobek-kordonu-kok-hucre-bankaciligi\/kordon-kani-kok-hucre-bankaciligi\/kordon-kani-toplama-islemi\/#breadcrumb","itemListElement":[{"@type":"ListItem","position":1,"name":"G\u00f6bek kordonu k\u00f6k h\u00fccre bankac\u0131l\u0131\u011f\u0131","item":"https:\/\/staging.futurehealthbiobank.com\/cy-tr\/gobek-kordonu-kok-hucre-bankaciligi\/"},{"@type":"ListItem","position":2,"name":"Kordon kan\u0131 k\u00f6k h\u00fccre bankac\u0131l\u0131\u011f\u0131","item":"https:\/\/staging.futurehealthbiobank.com\/cy-tr\/gobek-kordonu-kok-hucre-bankaciligi\/kordon-kani-kok-hucre-bankaciligi\/"},{"@type":"ListItem","position":3,"name":"Kordon kan\u0131 toplama i\u015flemi"}]},{"@type":"WebSite","@id":"https:\/\/staging.futurehealthbiobank.com\/cy-tr\/#website","url":"https:\/\/staging.futurehealthbiobank.com\/cy-tr\/","name":"Future Health Biobank Cyprus Turkish","description":"","potentialAction":[{"@type":"SearchAction","target":{"@type":"EntryPoint","urlTemplate":"https:\/\/staging.futurehealthbiobank.com\/cy-tr\/?s={search_term_string}"},"query-input":{"@type":"PropertyValueSpecification","valueRequired":true,"valueName":"search_term_string"}}],"inLanguage":"tr"}]}},"_links":{"self":[{"href":"https:\/\/staging.futurehealthbiobank.com\/cy-tr\/wp-json\/wp\/v2\/pages\/97","targetHints":{"allow":["GET"]}}],"collection":[{"href":"https:\/\/staging.futurehealthbiobank.com\/cy-tr\/wp-json\/wp\/v2\/pages"}],"about":[{"href":"https:\/\/staging.futurehealthbiobank.com\/cy-tr\/wp-json\/wp\/v2\/types\/page"}],"author":[{"embeddable":true,"href":"https:\/\/staging.futurehealthbiobank.com\/cy-tr\/wp-json\/wp\/v2\/users\/25"}],"replies":[{"embeddable":true,"href":"https:\/\/staging.futurehealthbiobank.com\/cy-tr\/wp-json\/wp\/v2\/comments?post=97"}],"version-history":[{"count":0,"href":"https:\/\/staging.futurehealthbiobank.com\/cy-tr\/wp-json\/wp\/v2\/pages\/97\/revisions"}],"up":[{"embeddable":true,"href":"https:\/\/staging.futurehealthbiobank.com\/cy-tr\/wp-json\/wp\/v2\/pages\/2935"}],"wp:attachment":[{"href":"https:\/\/staging.futurehealthbiobank.com\/cy-tr\/wp-json\/wp\/v2\/media?parent=97"}],"curies":[{"name":"wp","href":"https:\/\/api.w.org\/{rel}","templated":true}]}}