{"id":10457,"date":"2019-06-19T11:52:32","date_gmt":"2019-06-19T09:52:32","guid":{"rendered":"https:\/\/staging.futurehealthbiobank.com\/ch-de\/?page_id=10457"},"modified":"2021-09-27T16:56:07","modified_gmt":"2021-09-27T14:56:07","slug":"was-sind-gentests","status":"publish","type":"page","link":"https:\/\/staging.futurehealthbiobank.com\/de\/was-sind-gentests\/","title":{"rendered":"Was sind Gentests?"},"content":{"rendered":"","protected":false},"excerpt":{"rendered":"","protected":false},"author":25,"featured_media":0,"parent":0,"menu_order":0,"comment_status":"closed","ping_status":"closed","template":"page-genetictesting.php","meta":{"_acf_changed":false,"footnotes":""},"class_list":["post-10457","page","type-page","status-publish","hentry"],"acf":[],"yoast_head":"<!-- This site is optimized with the Yoast SEO plugin v26.7 - https:\/\/yoast.com\/wordpress\/plugins\/seo\/ -->\n<title>Was sind Gentests? | Future Health Biobank<\/title>\n<meta name=\"description\" content=\"Gentests untersuchen die DNA einer Person, um genetische Unterschiede und Anomalien anzuzeigen oder auszuschliessen. Diese Tests liefern durch die Untersuchung von Ver\u00e4nderungen in Chromosomen, Genen oder Proteinen ein zuverl\u00e4ssiges Bild der zuk\u00fcnftigen Gesundheit.\" \/>\n<meta name=\"robots\" content=\"noindex, follow, max-snippet:-1, max-image-preview:large, max-video-preview:-1\" \/>\n<meta property=\"og:locale\" content=\"de_DE\" \/>\n<meta property=\"og:type\" content=\"article\" \/>\n<meta property=\"og:title\" content=\"Was sind Gentests? | Future Health Biobank\" \/>\n<meta property=\"og:description\" content=\"Gentests untersuchen die DNA einer Person, um genetische Unterschiede und Anomalien anzuzeigen oder auszuschliessen. Diese Tests liefern durch die Untersuchung von Ver\u00e4nderungen in Chromosomen, Genen oder Proteinen ein zuverl\u00e4ssiges Bild der zuk\u00fcnftigen Gesundheit.\" \/>\n<meta property=\"og:url\" content=\"https:\/\/staging.futurehealthbiobank.com\/de\/was-sind-gentests\/\" \/>\n<meta property=\"og:site_name\" content=\"Future Health Biobank German\" \/>\n<meta property=\"article:modified_time\" content=\"2021-09-27T14:56:07+00:00\" \/>\n<meta name=\"twitter:card\" content=\"summary_large_image\" \/>\n<script type=\"application\/ld+json\" class=\"yoast-schema-graph\">{\"@context\":\"https:\/\/schema.org\",\"@graph\":[{\"@type\":\"WebPage\",\"@id\":\"https:\/\/staging.futurehealthbiobank.com\/de\/was-sind-gentests\/\",\"url\":\"https:\/\/staging.futurehealthbiobank.com\/de\/was-sind-gentests\/\",\"name\":\"Was sind Gentests? | Future Health Biobank\",\"isPartOf\":{\"@id\":\"https:\/\/staging.futurehealthbiobank.com\/de\/#website\"},\"datePublished\":\"2019-06-19T09:52:32+00:00\",\"dateModified\":\"2021-09-27T14:56:07+00:00\",\"description\":\"Gentests untersuchen die DNA einer Person, um genetische Unterschiede und Anomalien anzuzeigen oder auszuschliessen. Diese Tests liefern durch die Untersuchung von Ver\u00e4nderungen in Chromosomen, Genen oder Proteinen ein zuverl\u00e4ssiges Bild der zuk\u00fcnftigen Gesundheit.\",\"inLanguage\":\"de\",\"potentialAction\":[{\"@type\":\"ReadAction\",\"target\":[\"https:\/\/staging.futurehealthbiobank.com\/de\/was-sind-gentests\/\"]}]},{\"@type\":\"WebSite\",\"@id\":\"https:\/\/staging.futurehealthbiobank.com\/de\/#website\",\"url\":\"https:\/\/staging.futurehealthbiobank.com\/de\/\",\"name\":\"Future Health Biobank German\",\"description\":\"\",\"potentialAction\":[{\"@type\":\"SearchAction\",\"target\":{\"@type\":\"EntryPoint\",\"urlTemplate\":\"https:\/\/staging.futurehealthbiobank.com\/de\/?s={search_term_string}\"},\"query-input\":{\"@type\":\"PropertyValueSpecification\",\"valueRequired\":true,\"valueName\":\"search_term_string\"}}],\"inLanguage\":\"de\"}]}<\/script>\n<!-- \/ Yoast SEO plugin. -->","yoast_head_json":{"title":"Was sind Gentests? | Future Health Biobank","description":"Gentests untersuchen die DNA einer Person, um genetische Unterschiede und Anomalien anzuzeigen oder auszuschliessen. Diese Tests liefern durch die Untersuchung von Ver\u00e4nderungen in Chromosomen, Genen oder Proteinen ein zuverl\u00e4ssiges Bild der zuk\u00fcnftigen Gesundheit.","robots":{"index":"noindex","follow":"follow","max-snippet":"max-snippet:-1","max-image-preview":"max-image-preview:large","max-video-preview":"max-video-preview:-1"},"og_locale":"de_DE","og_type":"article","og_title":"Was sind Gentests? | Future Health Biobank","og_description":"Gentests untersuchen die DNA einer Person, um genetische Unterschiede und Anomalien anzuzeigen oder auszuschliessen. Diese Tests liefern durch die Untersuchung von Ver\u00e4nderungen in Chromosomen, Genen oder Proteinen ein zuverl\u00e4ssiges Bild der zuk\u00fcnftigen Gesundheit.","og_url":"https:\/\/staging.futurehealthbiobank.com\/de\/was-sind-gentests\/","og_site_name":"Future Health Biobank German","article_modified_time":"2021-09-27T14:56:07+00:00","twitter_card":"summary_large_image","schema":{"@context":"https:\/\/schema.org","@graph":[{"@type":"WebPage","@id":"https:\/\/staging.futurehealthbiobank.com\/de\/was-sind-gentests\/","url":"https:\/\/staging.futurehealthbiobank.com\/de\/was-sind-gentests\/","name":"Was sind Gentests? | Future Health Biobank","isPartOf":{"@id":"https:\/\/staging.futurehealthbiobank.com\/de\/#website"},"datePublished":"2019-06-19T09:52:32+00:00","dateModified":"2021-09-27T14:56:07+00:00","description":"Gentests untersuchen die DNA einer Person, um genetische Unterschiede und Anomalien anzuzeigen oder auszuschliessen. Diese Tests liefern durch die Untersuchung von Ver\u00e4nderungen in Chromosomen, Genen oder Proteinen ein zuverl\u00e4ssiges Bild der zuk\u00fcnftigen Gesundheit.","inLanguage":"de","potentialAction":[{"@type":"ReadAction","target":["https:\/\/staging.futurehealthbiobank.com\/de\/was-sind-gentests\/"]}]},{"@type":"WebSite","@id":"https:\/\/staging.futurehealthbiobank.com\/de\/#website","url":"https:\/\/staging.futurehealthbiobank.com\/de\/","name":"Future Health Biobank German","description":"","potentialAction":[{"@type":"SearchAction","target":{"@type":"EntryPoint","urlTemplate":"https:\/\/staging.futurehealthbiobank.com\/de\/?s={search_term_string}"},"query-input":{"@type":"PropertyValueSpecification","valueRequired":true,"valueName":"search_term_string"}}],"inLanguage":"de"}]}},"_links":{"self":[{"href":"https:\/\/staging.futurehealthbiobank.com\/de\/wp-json\/wp\/v2\/pages\/10457","targetHints":{"allow":["GET"]}}],"collection":[{"href":"https:\/\/staging.futurehealthbiobank.com\/de\/wp-json\/wp\/v2\/pages"}],"about":[{"href":"https:\/\/staging.futurehealthbiobank.com\/de\/wp-json\/wp\/v2\/types\/page"}],"author":[{"embeddable":true,"href":"https:\/\/staging.futurehealthbiobank.com\/de\/wp-json\/wp\/v2\/users\/25"}],"replies":[{"embeddable":true,"href":"https:\/\/staging.futurehealthbiobank.com\/de\/wp-json\/wp\/v2\/comments?post=10457"}],"version-history":[{"count":0,"href":"https:\/\/staging.futurehealthbiobank.com\/de\/wp-json\/wp\/v2\/pages\/10457\/revisions"}],"wp:attachment":[{"href":"https:\/\/staging.futurehealthbiobank.com\/de\/wp-json\/wp\/v2\/media?parent=10457"}],"curies":[{"name":"wp","href":"https:\/\/api.w.org\/{rel}","templated":true}]}}