{"id":2625,"date":"2016-02-24T16:16:17","date_gmt":"2016-02-24T16:16:17","guid":{"rendered":"https:\/\/staging.futurehealthbiobank.com\/ch-de\/?page_id=2625"},"modified":"2024-08-19T14:50:45","modified_gmt":"2024-08-19T12:50:45","slug":"eine-broschure-anfordern","status":"publish","type":"page","link":"https:\/\/staging.futurehealthbiobank.com\/de\/eine-broschure-anfordern\/","title":{"rendered":"Eine Brosch\u00fcre anfordern"},"content":{"rendered":"","protected":false},"excerpt":{"rendered":"","protected":false},"author":25,"featured_media":0,"parent":0,"menu_order":0,"comment_status":"closed","ping_status":"closed","template":"page-request-brochure.php","meta":{"_acf_changed":false,"footnotes":""},"class_list":["post-2625","page","type-page","status-publish","hentry"],"acf":[],"yoast_head":"<!-- This site is optimized with the Yoast SEO plugin v26.7 - https:\/\/yoast.com\/wordpress\/plugins\/seo\/ -->\n<title>Eine Brosch\u00fcre anfordern | Future Health Biobank<\/title>\n<meta name=\"description\" content=\"Fordern Sie eine kostenlose Brosch\u00fcre \u00fcber unsere Stammzellenbank- oder Gentestservices an\" \/>\n<meta name=\"robots\" content=\"noindex, follow, max-snippet:-1, max-image-preview:large, max-video-preview:-1\" \/>\n<meta property=\"og:locale\" content=\"de_DE\" \/>\n<meta property=\"og:type\" content=\"article\" \/>\n<meta property=\"og:title\" content=\"Eine Brosch\u00fcre anfordern | Future Health Biobank\" \/>\n<meta property=\"og:description\" content=\"Fordern Sie eine kostenlose Brosch\u00fcre \u00fcber unsere Stammzellenbank- oder Gentestservices an\" \/>\n<meta property=\"og:url\" content=\"https:\/\/staging.futurehealthbiobank.com\/de\/eine-broschure-anfordern\/\" \/>\n<meta property=\"og:site_name\" content=\"Future Health Biobank German\" \/>\n<meta property=\"article:modified_time\" content=\"2024-08-19T12:50:45+00:00\" \/>\n<meta name=\"twitter:card\" content=\"summary_large_image\" \/>\n<script type=\"application\/ld+json\" class=\"yoast-schema-graph\">{\"@context\":\"https:\/\/schema.org\",\"@graph\":[{\"@type\":\"WebPage\",\"@id\":\"https:\/\/staging.futurehealthbiobank.com\/de\/eine-broschure-anfordern\/\",\"url\":\"https:\/\/staging.futurehealthbiobank.com\/de\/eine-broschure-anfordern\/\",\"name\":\"Eine Brosch\u00fcre anfordern | Future Health Biobank\",\"isPartOf\":{\"@id\":\"https:\/\/staging.futurehealthbiobank.com\/de\/#website\"},\"datePublished\":\"2016-02-24T16:16:17+00:00\",\"dateModified\":\"2024-08-19T12:50:45+00:00\",\"description\":\"Fordern Sie eine kostenlose Brosch\u00fcre \u00fcber unsere Stammzellenbank- oder Gentestservices an\",\"inLanguage\":\"de\",\"potentialAction\":[{\"@type\":\"ReadAction\",\"target\":[\"https:\/\/staging.futurehealthbiobank.com\/de\/eine-broschure-anfordern\/\"]}]},{\"@type\":\"WebSite\",\"@id\":\"https:\/\/staging.futurehealthbiobank.com\/de\/#website\",\"url\":\"https:\/\/staging.futurehealthbiobank.com\/de\/\",\"name\":\"Future Health Biobank German\",\"description\":\"\",\"potentialAction\":[{\"@type\":\"SearchAction\",\"target\":{\"@type\":\"EntryPoint\",\"urlTemplate\":\"https:\/\/staging.futurehealthbiobank.com\/de\/?s={search_term_string}\"},\"query-input\":{\"@type\":\"PropertyValueSpecification\",\"valueRequired\":true,\"valueName\":\"search_term_string\"}}],\"inLanguage\":\"de\"}]}<\/script>\n<!-- \/ Yoast SEO plugin. -->","yoast_head_json":{"title":"Eine Brosch\u00fcre anfordern | Future Health Biobank","description":"Fordern Sie eine kostenlose Brosch\u00fcre \u00fcber unsere Stammzellenbank- oder Gentestservices an","robots":{"index":"noindex","follow":"follow","max-snippet":"max-snippet:-1","max-image-preview":"max-image-preview:large","max-video-preview":"max-video-preview:-1"},"og_locale":"de_DE","og_type":"article","og_title":"Eine Brosch\u00fcre anfordern | Future Health Biobank","og_description":"Fordern Sie eine kostenlose Brosch\u00fcre \u00fcber unsere Stammzellenbank- oder Gentestservices an","og_url":"https:\/\/staging.futurehealthbiobank.com\/de\/eine-broschure-anfordern\/","og_site_name":"Future Health Biobank German","article_modified_time":"2024-08-19T12:50:45+00:00","twitter_card":"summary_large_image","schema":{"@context":"https:\/\/schema.org","@graph":[{"@type":"WebPage","@id":"https:\/\/staging.futurehealthbiobank.com\/de\/eine-broschure-anfordern\/","url":"https:\/\/staging.futurehealthbiobank.com\/de\/eine-broschure-anfordern\/","name":"Eine Brosch\u00fcre anfordern | Future Health Biobank","isPartOf":{"@id":"https:\/\/staging.futurehealthbiobank.com\/de\/#website"},"datePublished":"2016-02-24T16:16:17+00:00","dateModified":"2024-08-19T12:50:45+00:00","description":"Fordern Sie eine kostenlose Brosch\u00fcre \u00fcber unsere Stammzellenbank- oder Gentestservices an","inLanguage":"de","potentialAction":[{"@type":"ReadAction","target":["https:\/\/staging.futurehealthbiobank.com\/de\/eine-broschure-anfordern\/"]}]},{"@type":"WebSite","@id":"https:\/\/staging.futurehealthbiobank.com\/de\/#website","url":"https:\/\/staging.futurehealthbiobank.com\/de\/","name":"Future Health Biobank German","description":"","potentialAction":[{"@type":"SearchAction","target":{"@type":"EntryPoint","urlTemplate":"https:\/\/staging.futurehealthbiobank.com\/de\/?s={search_term_string}"},"query-input":{"@type":"PropertyValueSpecification","valueRequired":true,"valueName":"search_term_string"}}],"inLanguage":"de"}]}},"_links":{"self":[{"href":"https:\/\/staging.futurehealthbiobank.com\/de\/wp-json\/wp\/v2\/pages\/2625","targetHints":{"allow":["GET"]}}],"collection":[{"href":"https:\/\/staging.futurehealthbiobank.com\/de\/wp-json\/wp\/v2\/pages"}],"about":[{"href":"https:\/\/staging.futurehealthbiobank.com\/de\/wp-json\/wp\/v2\/types\/page"}],"author":[{"embeddable":true,"href":"https:\/\/staging.futurehealthbiobank.com\/de\/wp-json\/wp\/v2\/users\/25"}],"replies":[{"embeddable":true,"href":"https:\/\/staging.futurehealthbiobank.com\/de\/wp-json\/wp\/v2\/comments?post=2625"}],"version-history":[{"count":1,"href":"https:\/\/staging.futurehealthbiobank.com\/de\/wp-json\/wp\/v2\/pages\/2625\/revisions"}],"predecessor-version":[{"id":34017,"href":"https:\/\/staging.futurehealthbiobank.com\/de\/wp-json\/wp\/v2\/pages\/2625\/revisions\/34017"}],"wp:attachment":[{"href":"https:\/\/staging.futurehealthbiobank.com\/de\/wp-json\/wp\/v2\/media?parent=2625"}],"curies":[{"name":"wp","href":"https:\/\/api.w.org\/{rel}","templated":true}]}}