{"id":7490,"date":"2017-11-07T09:48:05","date_gmt":"2017-11-07T09:48:05","guid":{"rendered":"https:\/\/staging.futurehealthbiobank.com\/?page_id=7375"},"modified":"2024-08-19T10:18:39","modified_gmt":"2024-08-19T08:18:39","slug":"warum-uns-wahlen","status":"publish","type":"page","link":"https:\/\/staging.futurehealthbiobank.com\/de\/warum-uns-wahlen\/","title":{"rendered":"Warum uns w\u00e4hlen"},"content":{"rendered":"","protected":false},"excerpt":{"rendered":"","protected":false},"author":25,"featured_media":0,"parent":0,"menu_order":0,"comment_status":"closed","ping_status":"closed","template":"page-why-choose-us-new.php","meta":{"_acf_changed":false,"footnotes":""},"class_list":["post-7490","page","type-page","status-publish","hentry"],"acf":[],"yoast_head":"<!-- This site is optimized with the Yoast SEO plugin v26.7 - https:\/\/yoast.com\/wordpress\/plugins\/seo\/ -->\n<title>Warum uns w\u00e4hlen | Future Health Biobank<\/title>\n<meta name=\"description\" content=\"Im Verlauf unserer 15-j\u00e4hrigen Geschichte, wurden wir zur gr\u00f6\u00dften und fortgeschrittensten britischen Stammzellenbank. Wir sind leidenschaftlich beim Schutz der Gesundheit Ihrer Familie, w\u00e4hrend Sie an der Spitze der gegenw\u00e4rtigen und zuk\u00fcnftigen Innovationen stehen.\" \/>\n<meta name=\"robots\" content=\"noindex, follow, max-snippet:-1, max-image-preview:large, max-video-preview:-1\" \/>\n<meta property=\"og:locale\" content=\"de_DE\" \/>\n<meta property=\"og:type\" content=\"article\" \/>\n<meta property=\"og:title\" content=\"Warum uns w\u00e4hlen | Future Health Biobank\" \/>\n<meta property=\"og:description\" content=\"Im Verlauf unserer 15-j\u00e4hrigen Geschichte, wurden wir zur gr\u00f6\u00dften und fortgeschrittensten britischen Stammzellenbank. Wir sind leidenschaftlich beim Schutz der Gesundheit Ihrer Familie, w\u00e4hrend Sie an der Spitze der gegenw\u00e4rtigen und zuk\u00fcnftigen Innovationen stehen.\" \/>\n<meta property=\"og:url\" content=\"https:\/\/staging.futurehealthbiobank.com\/de\/warum-uns-wahlen\/\" \/>\n<meta property=\"og:site_name\" content=\"Future Health Biobank German\" \/>\n<meta property=\"article:modified_time\" content=\"2024-08-19T08:18:39+00:00\" \/>\n<meta name=\"twitter:card\" content=\"summary_large_image\" \/>\n<script type=\"application\/ld+json\" class=\"yoast-schema-graph\">{\"@context\":\"https:\/\/schema.org\",\"@graph\":[{\"@type\":\"WebPage\",\"@id\":\"https:\/\/staging.futurehealthbiobank.com\/de\/warum-uns-wahlen\/\",\"url\":\"https:\/\/staging.futurehealthbiobank.com\/de\/warum-uns-wahlen\/\",\"name\":\"Warum uns w\u00e4hlen | Future Health Biobank\",\"isPartOf\":{\"@id\":\"https:\/\/staging.futurehealthbiobank.com\/de\/#website\"},\"datePublished\":\"2017-11-07T09:48:05+00:00\",\"dateModified\":\"2024-08-19T08:18:39+00:00\",\"description\":\"Im Verlauf unserer 15-j\u00e4hrigen Geschichte, wurden wir zur gr\u00f6\u00dften und fortgeschrittensten britischen Stammzellenbank. Wir sind leidenschaftlich beim Schutz der Gesundheit Ihrer Familie, w\u00e4hrend Sie an der Spitze der gegenw\u00e4rtigen und zuk\u00fcnftigen Innovationen stehen.\",\"inLanguage\":\"de\",\"potentialAction\":[{\"@type\":\"ReadAction\",\"target\":[\"https:\/\/staging.futurehealthbiobank.com\/de\/warum-uns-wahlen\/\"]}]},{\"@type\":\"WebSite\",\"@id\":\"https:\/\/staging.futurehealthbiobank.com\/de\/#website\",\"url\":\"https:\/\/staging.futurehealthbiobank.com\/de\/\",\"name\":\"Future Health Biobank German\",\"description\":\"\",\"potentialAction\":[{\"@type\":\"SearchAction\",\"target\":{\"@type\":\"EntryPoint\",\"urlTemplate\":\"https:\/\/staging.futurehealthbiobank.com\/de\/?s={search_term_string}\"},\"query-input\":{\"@type\":\"PropertyValueSpecification\",\"valueRequired\":true,\"valueName\":\"search_term_string\"}}],\"inLanguage\":\"de\"}]}<\/script>\n<!-- \/ Yoast SEO plugin. -->","yoast_head_json":{"title":"Warum uns w\u00e4hlen | Future Health Biobank","description":"Im Verlauf unserer 15-j\u00e4hrigen Geschichte, wurden wir zur gr\u00f6\u00dften und fortgeschrittensten britischen Stammzellenbank. Wir sind leidenschaftlich beim Schutz der Gesundheit Ihrer Familie, w\u00e4hrend Sie an der Spitze der gegenw\u00e4rtigen und zuk\u00fcnftigen Innovationen stehen.","robots":{"index":"noindex","follow":"follow","max-snippet":"max-snippet:-1","max-image-preview":"max-image-preview:large","max-video-preview":"max-video-preview:-1"},"og_locale":"de_DE","og_type":"article","og_title":"Warum uns w\u00e4hlen | Future Health Biobank","og_description":"Im Verlauf unserer 15-j\u00e4hrigen Geschichte, wurden wir zur gr\u00f6\u00dften und fortgeschrittensten britischen Stammzellenbank. Wir sind leidenschaftlich beim Schutz der Gesundheit Ihrer Familie, w\u00e4hrend Sie an der Spitze der gegenw\u00e4rtigen und zuk\u00fcnftigen Innovationen stehen.","og_url":"https:\/\/staging.futurehealthbiobank.com\/de\/warum-uns-wahlen\/","og_site_name":"Future Health Biobank German","article_modified_time":"2024-08-19T08:18:39+00:00","twitter_card":"summary_large_image","schema":{"@context":"https:\/\/schema.org","@graph":[{"@type":"WebPage","@id":"https:\/\/staging.futurehealthbiobank.com\/de\/warum-uns-wahlen\/","url":"https:\/\/staging.futurehealthbiobank.com\/de\/warum-uns-wahlen\/","name":"Warum uns w\u00e4hlen | Future Health Biobank","isPartOf":{"@id":"https:\/\/staging.futurehealthbiobank.com\/de\/#website"},"datePublished":"2017-11-07T09:48:05+00:00","dateModified":"2024-08-19T08:18:39+00:00","description":"Im Verlauf unserer 15-j\u00e4hrigen Geschichte, wurden wir zur gr\u00f6\u00dften und fortgeschrittensten britischen Stammzellenbank. Wir sind leidenschaftlich beim Schutz der Gesundheit Ihrer Familie, w\u00e4hrend Sie an der Spitze der gegenw\u00e4rtigen und zuk\u00fcnftigen Innovationen stehen.","inLanguage":"de","potentialAction":[{"@type":"ReadAction","target":["https:\/\/staging.futurehealthbiobank.com\/de\/warum-uns-wahlen\/"]}]},{"@type":"WebSite","@id":"https:\/\/staging.futurehealthbiobank.com\/de\/#website","url":"https:\/\/staging.futurehealthbiobank.com\/de\/","name":"Future Health Biobank German","description":"","potentialAction":[{"@type":"SearchAction","target":{"@type":"EntryPoint","urlTemplate":"https:\/\/staging.futurehealthbiobank.com\/de\/?s={search_term_string}"},"query-input":{"@type":"PropertyValueSpecification","valueRequired":true,"valueName":"search_term_string"}}],"inLanguage":"de"}]}},"_links":{"self":[{"href":"https:\/\/staging.futurehealthbiobank.com\/de\/wp-json\/wp\/v2\/pages\/7490","targetHints":{"allow":["GET"]}}],"collection":[{"href":"https:\/\/staging.futurehealthbiobank.com\/de\/wp-json\/wp\/v2\/pages"}],"about":[{"href":"https:\/\/staging.futurehealthbiobank.com\/de\/wp-json\/wp\/v2\/types\/page"}],"author":[{"embeddable":true,"href":"https:\/\/staging.futurehealthbiobank.com\/de\/wp-json\/wp\/v2\/users\/25"}],"replies":[{"embeddable":true,"href":"https:\/\/staging.futurehealthbiobank.com\/de\/wp-json\/wp\/v2\/comments?post=7490"}],"version-history":[{"count":1,"href":"https:\/\/staging.futurehealthbiobank.com\/de\/wp-json\/wp\/v2\/pages\/7490\/revisions"}],"predecessor-version":[{"id":34003,"href":"https:\/\/staging.futurehealthbiobank.com\/de\/wp-json\/wp\/v2\/pages\/7490\/revisions\/34003"}],"wp:attachment":[{"href":"https:\/\/staging.futurehealthbiobank.com\/de\/wp-json\/wp\/v2\/media?parent=7490"}],"curies":[{"name":"wp","href":"https:\/\/api.w.org\/{rel}","templated":true}]}}