{"id":1364,"date":"2016-05-25T22:10:19","date_gmt":"2016-05-25T21:10:19","guid":{"rendered":"https:\/\/staging.futurehealthbiobank.com\/es\/?page_id=1364"},"modified":"2021-04-06T12:57:45","modified_gmt":"2021-04-06T10:57:45","slug":"mi-cuenta","status":"publish","type":"page","link":"https:\/\/staging.futurehealthbiobank.com\/es\/mi-cuenta\/","title":{"rendered":"Mi cuenta"},"content":{"rendered":"\n<div class=\"helpful-block-content wth-theme-thumbs\" data-title=\"\" >\n<ul>\n<li><span class=\"wth-title\">\u00bfFue \u00fatil esto?<\/span><\/li>\n<li><a data-post=\"1364\" data-post-url=\"https:\/\/staging.futurehealthbiobank.com\/es\/mi-cuenta\/\" data-post-title=\"Mi cuenta\" data-response=\"1\" href=\"#\" class=\"wth-green-btn icon-thumbsup icon1-thumbs-up4\">S\u00ed<\/a><a data-response=\"0\" data-post=\"1364\" data-post-url=\"https:\/\/staging.futurehealthbiobank.com\/es\/mi-cuenta\/\" data-post-title=\"Mi cuenta\" href=\"#\" class=\"wth-red-btn icon-thumbsdown icon1-thumbs-down4\">No<\/a><\/li>\n<\/ul>\n<\/div>","protected":false},"excerpt":{"rendered":"<p>\u00bfFue \u00fatil esto? S\u00edNo<\/p>\n","protected":false},"author":25,"featured_media":0,"parent":0,"menu_order":0,"comment_status":"closed","ping_status":"closed","template":"","meta":{"_acf_changed":false,"footnotes":""},"class_list":["post-1364","page","type-page","status-publish","hentry"],"acf":[],"yoast_head":"<!-- This site is optimized with the Yoast SEO plugin v26.7 - https:\/\/yoast.com\/wordpress\/plugins\/seo\/ -->\n<title>Mi cuenta - Future Health Biobank Spain<\/title>\n<meta name=\"description\" content=\"En esta p\u00e1gina podr\u00e1 comprobar qu\u00e9 servicios ha contratado con Future Health Biobank a trav\u00e9s de su pedido y ver el estado de su cuenta.\" \/>\n<meta name=\"robots\" content=\"noindex, nofollow\" \/>\n<meta property=\"og:locale\" content=\"es_ES\" \/>\n<meta property=\"og:type\" content=\"article\" \/>\n<meta property=\"og:title\" content=\"Mi cuenta - Future Health Biobank Spain\" \/>\n<meta property=\"og:description\" content=\"En esta p\u00e1gina podr\u00e1 comprobar qu\u00e9 servicios ha contratado con Future Health Biobank a trav\u00e9s de su pedido y ver el estado de su cuenta.\" \/>\n<meta property=\"og:url\" content=\"https:\/\/staging.futurehealthbiobank.com\/es\/mi-cuenta\/\" \/>\n<meta property=\"og:site_name\" content=\"Future Health Biobank Spain\" \/>\n<meta property=\"article:modified_time\" content=\"2021-04-06T10:57:45+00:00\" \/>\n<meta name=\"twitter:card\" content=\"summary_large_image\" \/>\n<script type=\"application\/ld+json\" class=\"yoast-schema-graph\">{\"@context\":\"https:\/\/schema.org\",\"@graph\":[{\"@type\":\"WebPage\",\"@id\":\"https:\/\/staging.futurehealthbiobank.com\/es\/mi-cuenta\/\",\"url\":\"https:\/\/staging.futurehealthbiobank.com\/es\/mi-cuenta\/\",\"name\":\"Mi cuenta - Future Health Biobank Spain\",\"isPartOf\":{\"@id\":\"https:\/\/staging.futurehealthbiobank.com\/es\/#website\"},\"datePublished\":\"2016-05-25T21:10:19+00:00\",\"dateModified\":\"2021-04-06T10:57:45+00:00\",\"description\":\"En esta p\u00e1gina podr\u00e1 comprobar qu\u00e9 servicios ha contratado con Future Health Biobank a trav\u00e9s de su pedido y ver el estado de su cuenta.\",\"inLanguage\":\"es\",\"potentialAction\":[{\"@type\":\"ReadAction\",\"target\":[\"https:\/\/staging.futurehealthbiobank.com\/es\/mi-cuenta\/\"]}]},{\"@type\":\"WebSite\",\"@id\":\"https:\/\/staging.futurehealthbiobank.com\/es\/#website\",\"url\":\"https:\/\/staging.futurehealthbiobank.com\/es\/\",\"name\":\"Future Health Biobank Spain\",\"description\":\"\",\"potentialAction\":[{\"@type\":\"SearchAction\",\"target\":{\"@type\":\"EntryPoint\",\"urlTemplate\":\"https:\/\/staging.futurehealthbiobank.com\/es\/?s={search_term_string}\"},\"query-input\":{\"@type\":\"PropertyValueSpecification\",\"valueRequired\":true,\"valueName\":\"search_term_string\"}}],\"inLanguage\":\"es\"}]}<\/script>\n<!-- \/ Yoast SEO plugin. -->","yoast_head_json":{"title":"Mi cuenta - Future Health Biobank Spain","description":"En esta p\u00e1gina podr\u00e1 comprobar qu\u00e9 servicios ha contratado con Future Health Biobank a trav\u00e9s de su pedido y ver el estado de su cuenta.","robots":{"index":"noindex","follow":"nofollow"},"og_locale":"es_ES","og_type":"article","og_title":"Mi cuenta - Future Health Biobank Spain","og_description":"En esta p\u00e1gina podr\u00e1 comprobar qu\u00e9 servicios ha contratado con Future Health Biobank a trav\u00e9s de su pedido y ver el estado de su cuenta.","og_url":"https:\/\/staging.futurehealthbiobank.com\/es\/mi-cuenta\/","og_site_name":"Future Health Biobank Spain","article_modified_time":"2021-04-06T10:57:45+00:00","twitter_card":"summary_large_image","schema":{"@context":"https:\/\/schema.org","@graph":[{"@type":"WebPage","@id":"https:\/\/staging.futurehealthbiobank.com\/es\/mi-cuenta\/","url":"https:\/\/staging.futurehealthbiobank.com\/es\/mi-cuenta\/","name":"Mi cuenta - Future Health Biobank Spain","isPartOf":{"@id":"https:\/\/staging.futurehealthbiobank.com\/es\/#website"},"datePublished":"2016-05-25T21:10:19+00:00","dateModified":"2021-04-06T10:57:45+00:00","description":"En esta p\u00e1gina podr\u00e1 comprobar qu\u00e9 servicios ha contratado con Future Health Biobank a trav\u00e9s de su pedido y ver el estado de su cuenta.","inLanguage":"es","potentialAction":[{"@type":"ReadAction","target":["https:\/\/staging.futurehealthbiobank.com\/es\/mi-cuenta\/"]}]},{"@type":"WebSite","@id":"https:\/\/staging.futurehealthbiobank.com\/es\/#website","url":"https:\/\/staging.futurehealthbiobank.com\/es\/","name":"Future Health Biobank Spain","description":"","potentialAction":[{"@type":"SearchAction","target":{"@type":"EntryPoint","urlTemplate":"https:\/\/staging.futurehealthbiobank.com\/es\/?s={search_term_string}"},"query-input":{"@type":"PropertyValueSpecification","valueRequired":true,"valueName":"search_term_string"}}],"inLanguage":"es"}]}},"_links":{"self":[{"href":"https:\/\/staging.futurehealthbiobank.com\/es\/wp-json\/wp\/v2\/pages\/1364","targetHints":{"allow":["GET"]}}],"collection":[{"href":"https:\/\/staging.futurehealthbiobank.com\/es\/wp-json\/wp\/v2\/pages"}],"about":[{"href":"https:\/\/staging.futurehealthbiobank.com\/es\/wp-json\/wp\/v2\/types\/page"}],"author":[{"embeddable":true,"href":"https:\/\/staging.futurehealthbiobank.com\/es\/wp-json\/wp\/v2\/users\/25"}],"replies":[{"embeddable":true,"href":"https:\/\/staging.futurehealthbiobank.com\/es\/wp-json\/wp\/v2\/comments?post=1364"}],"version-history":[{"count":0,"href":"https:\/\/staging.futurehealthbiobank.com\/es\/wp-json\/wp\/v2\/pages\/1364\/revisions"}],"wp:attachment":[{"href":"https:\/\/staging.futurehealthbiobank.com\/es\/wp-json\/wp\/v2\/media?parent=1364"}],"curies":[{"name":"wp","href":"https:\/\/api.w.org\/{rel}","templated":true}]}}