{"id":2174,"date":"2017-10-25T15:48:20","date_gmt":"2017-10-25T13:48:20","guid":{"rendered":"https:\/\/staging.futurehealthbiobank.com\/es\/?page_id=2174"},"modified":"2023-02-02T11:33:48","modified_gmt":"2023-02-02T10:33:48","slug":"preguntas-frecuentes","status":"publish","type":"page","link":"https:\/\/staging.futurehealthbiobank.com\/es\/preguntas-frecuentes\/","title":{"rendered":"Preguntas frecuentes"},"content":{"rendered":"<div class=\"helpful-block-content wth-theme-thumbs\" data-title=\"\" >\n<ul>\n<li><span class=\"wth-title\">\u00bfFue \u00fatil esto?<\/span><\/li>\n<li><a data-post=\"2174\" data-post-url=\"https:\/\/staging.futurehealthbiobank.com\/es\/preguntas-frecuentes\/\" data-post-title=\"Preguntas frecuentes\" data-response=\"1\" href=\"#\" class=\"wth-green-btn icon-thumbsup icon1-thumbs-up4\">S\u00ed<\/a><a data-response=\"0\" data-post=\"2174\" data-post-url=\"https:\/\/staging.futurehealthbiobank.com\/es\/preguntas-frecuentes\/\" data-post-title=\"Preguntas frecuentes\" href=\"#\" class=\"wth-red-btn icon-thumbsdown icon1-thumbs-down4\">No<\/a><\/li>\n<\/ul>\n<\/div>","protected":false},"excerpt":{"rendered":"<p>\u00bfFue \u00fatil esto? S\u00edNo<\/p>\n","protected":false},"author":25,"featured_media":0,"parent":0,"menu_order":0,"comment_status":"closed","ping_status":"closed","template":"page-faq.php","meta":{"_acf_changed":false,"footnotes":""},"class_list":["post-2174","page","type-page","status-publish","hentry"],"acf":[],"yoast_head":"<!-- This site is optimized with the Yoast SEO plugin v26.7 - https:\/\/yoast.com\/wordpress\/plugins\/seo\/ -->\n<title>Conservaci\u00f3n de c\u00e9lulas madre Preguntas frecuentes | Future Health Biobank<\/title>\n<meta name=\"description\" content=\"Preguntas frecuentes sobre c\u00e9lulas madre, pruebas de diagn\u00f3stico y procesos de la empresa de Future Health\" \/>\n<meta name=\"robots\" content=\"noindex, follow, max-snippet:-1, max-image-preview:large, max-video-preview:-1\" \/>\n<meta property=\"og:locale\" content=\"es_ES\" \/>\n<meta property=\"og:type\" content=\"article\" \/>\n<meta property=\"og:title\" content=\"Conservaci\u00f3n de c\u00e9lulas madre Preguntas frecuentes | Future Health Biobank\" \/>\n<meta property=\"og:description\" content=\"Preguntas frecuentes sobre c\u00e9lulas madre, pruebas de diagn\u00f3stico y procesos de la empresa de Future Health\" \/>\n<meta property=\"og:url\" content=\"https:\/\/staging.futurehealthbiobank.com\/es\/preguntas-frecuentes\/\" \/>\n<meta property=\"og:site_name\" content=\"Future Health Biobank Spain\" \/>\n<meta property=\"article:modified_time\" content=\"2023-02-02T10:33:48+00:00\" \/>\n<meta name=\"twitter:card\" content=\"summary_large_image\" \/>\n<script type=\"application\/ld+json\" class=\"yoast-schema-graph\">{\"@context\":\"https:\/\/schema.org\",\"@graph\":[{\"@type\":\"WebPage\",\"@id\":\"https:\/\/staging.futurehealthbiobank.com\/es\/preguntas-frecuentes\/\",\"url\":\"https:\/\/staging.futurehealthbiobank.com\/es\/preguntas-frecuentes\/\",\"name\":\"Conservaci\u00f3n de c\u00e9lulas madre Preguntas frecuentes | Future Health Biobank\",\"isPartOf\":{\"@id\":\"https:\/\/staging.futurehealthbiobank.com\/es\/#website\"},\"datePublished\":\"2017-10-25T13:48:20+00:00\",\"dateModified\":\"2023-02-02T10:33:48+00:00\",\"description\":\"Preguntas frecuentes sobre c\u00e9lulas madre, pruebas de diagn\u00f3stico y procesos de la empresa de Future Health\",\"inLanguage\":\"es\",\"potentialAction\":[{\"@type\":\"ReadAction\",\"target\":[\"https:\/\/staging.futurehealthbiobank.com\/es\/preguntas-frecuentes\/\"]}]},{\"@type\":\"WebSite\",\"@id\":\"https:\/\/staging.futurehealthbiobank.com\/es\/#website\",\"url\":\"https:\/\/staging.futurehealthbiobank.com\/es\/\",\"name\":\"Future Health Biobank Spain\",\"description\":\"\",\"potentialAction\":[{\"@type\":\"SearchAction\",\"target\":{\"@type\":\"EntryPoint\",\"urlTemplate\":\"https:\/\/staging.futurehealthbiobank.com\/es\/?s={search_term_string}\"},\"query-input\":{\"@type\":\"PropertyValueSpecification\",\"valueRequired\":true,\"valueName\":\"search_term_string\"}}],\"inLanguage\":\"es\"}]}<\/script>\n<!-- \/ Yoast SEO plugin. -->","yoast_head_json":{"title":"Conservaci\u00f3n de c\u00e9lulas madre Preguntas frecuentes | Future Health Biobank","description":"Preguntas frecuentes sobre c\u00e9lulas madre, pruebas de diagn\u00f3stico y procesos de la empresa de Future Health","robots":{"index":"noindex","follow":"follow","max-snippet":"max-snippet:-1","max-image-preview":"max-image-preview:large","max-video-preview":"max-video-preview:-1"},"og_locale":"es_ES","og_type":"article","og_title":"Conservaci\u00f3n de c\u00e9lulas madre Preguntas frecuentes | Future Health Biobank","og_description":"Preguntas frecuentes sobre c\u00e9lulas madre, pruebas de diagn\u00f3stico y procesos de la empresa de Future Health","og_url":"https:\/\/staging.futurehealthbiobank.com\/es\/preguntas-frecuentes\/","og_site_name":"Future Health Biobank Spain","article_modified_time":"2023-02-02T10:33:48+00:00","twitter_card":"summary_large_image","schema":{"@context":"https:\/\/schema.org","@graph":[{"@type":"WebPage","@id":"https:\/\/staging.futurehealthbiobank.com\/es\/preguntas-frecuentes\/","url":"https:\/\/staging.futurehealthbiobank.com\/es\/preguntas-frecuentes\/","name":"Conservaci\u00f3n de c\u00e9lulas madre Preguntas frecuentes | Future Health Biobank","isPartOf":{"@id":"https:\/\/staging.futurehealthbiobank.com\/es\/#website"},"datePublished":"2017-10-25T13:48:20+00:00","dateModified":"2023-02-02T10:33:48+00:00","description":"Preguntas frecuentes sobre c\u00e9lulas madre, pruebas de diagn\u00f3stico y procesos de la empresa de Future Health","inLanguage":"es","potentialAction":[{"@type":"ReadAction","target":["https:\/\/staging.futurehealthbiobank.com\/es\/preguntas-frecuentes\/"]}]},{"@type":"WebSite","@id":"https:\/\/staging.futurehealthbiobank.com\/es\/#website","url":"https:\/\/staging.futurehealthbiobank.com\/es\/","name":"Future Health Biobank Spain","description":"","potentialAction":[{"@type":"SearchAction","target":{"@type":"EntryPoint","urlTemplate":"https:\/\/staging.futurehealthbiobank.com\/es\/?s={search_term_string}"},"query-input":{"@type":"PropertyValueSpecification","valueRequired":true,"valueName":"search_term_string"}}],"inLanguage":"es"}]}},"_links":{"self":[{"href":"https:\/\/staging.futurehealthbiobank.com\/es\/wp-json\/wp\/v2\/pages\/2174","targetHints":{"allow":["GET"]}}],"collection":[{"href":"https:\/\/staging.futurehealthbiobank.com\/es\/wp-json\/wp\/v2\/pages"}],"about":[{"href":"https:\/\/staging.futurehealthbiobank.com\/es\/wp-json\/wp\/v2\/types\/page"}],"author":[{"embeddable":true,"href":"https:\/\/staging.futurehealthbiobank.com\/es\/wp-json\/wp\/v2\/users\/25"}],"replies":[{"embeddable":true,"href":"https:\/\/staging.futurehealthbiobank.com\/es\/wp-json\/wp\/v2\/comments?post=2174"}],"version-history":[{"count":0,"href":"https:\/\/staging.futurehealthbiobank.com\/es\/wp-json\/wp\/v2\/pages\/2174\/revisions"}],"wp:attachment":[{"href":"https:\/\/staging.futurehealthbiobank.com\/es\/wp-json\/wp\/v2\/media?parent=2174"}],"curies":[{"name":"wp","href":"https:\/\/api.w.org\/{rel}","templated":true}]}}