{"id":369,"date":"2016-05-03T12:06:53","date_gmt":"2016-05-03T11:06:53","guid":{"rendered":"https:\/\/staging.futurehealthbiobank.com\/es\/?page_id=369"},"modified":"2020-02-27T10:35:28","modified_gmt":"2020-02-27T09:35:28","slug":"inicio","status":"publish","type":"page","link":"https:\/\/staging.futurehealthbiobank.com\/es\/","title":{"rendered":"Inicio"},"content":{"rendered":"<div class=\"helpful-block-content wth-theme-thumbs\" data-title=\"\" >\n<ul>\n<li><span class=\"wth-title\">\u00bfFue \u00fatil esto?<\/span><\/li>\n<li><a data-post=\"369\" data-post-url=\"https:\/\/staging.futurehealthbiobank.com\/es\/\" data-post-title=\"Inicio\" data-response=\"1\" href=\"#\" class=\"wth-green-btn icon-thumbsup icon1-thumbs-up4\">S\u00ed<\/a><a data-response=\"0\" data-post=\"369\" data-post-url=\"https:\/\/staging.futurehealthbiobank.com\/es\/\" data-post-title=\"Inicio\" href=\"#\" class=\"wth-red-btn icon-thumbsdown icon1-thumbs-down4\">No<\/a><\/li>\n<\/ul>\n<\/div>","protected":false},"excerpt":{"rendered":"<p>\u00bfFue \u00fatil esto? S\u00edNo<\/p>\n","protected":false},"author":25,"featured_media":0,"parent":0,"menu_order":0,"comment_status":"closed","ping_status":"closed","template":"page-home.php","meta":{"_acf_changed":false,"footnotes":""},"class_list":["post-369","page","type-page","status-publish","hentry"],"acf":[],"yoast_head":"<!-- This site is optimized with the Yoast SEO plugin v26.7 - https:\/\/yoast.com\/wordpress\/plugins\/seo\/ -->\n<title>Banco de c\u00e9lulas madre del cord\u00f3n umbilical | Future Health<\/title>\n<meta name=\"description\" content=\"Bienvenido a Future Health Biobank. El 1er banco de sangre del cord\u00f3n acreditado de Europa. Conservaci\u00f3n de c\u00e9lulas madre de la SCU y tests de diagn\u00f3stico\" \/>\n<meta name=\"robots\" content=\"noindex, follow, max-snippet:-1, max-image-preview:large, max-video-preview:-1\" \/>\n<meta property=\"og:locale\" content=\"es_ES\" \/>\n<meta property=\"og:type\" content=\"article\" \/>\n<meta property=\"og:title\" content=\"Banco de c\u00e9lulas madre del cord\u00f3n umbilical | Future Health\" \/>\n<meta property=\"og:description\" content=\"Bienvenido a Future Health Biobank. El 1er banco de sangre del cord\u00f3n acreditado de Europa. Conservaci\u00f3n de c\u00e9lulas madre de la SCU y tests de diagn\u00f3stico\" \/>\n<meta property=\"og:url\" content=\"https:\/\/staging.futurehealthbiobank.com\/es\/\" \/>\n<meta property=\"og:site_name\" content=\"Future Health Biobank Spain\" \/>\n<meta property=\"article:modified_time\" content=\"2020-02-27T09:35:28+00:00\" \/>\n<meta name=\"twitter:card\" content=\"summary_large_image\" \/>\n<script type=\"application\/ld+json\" class=\"yoast-schema-graph\">{\"@context\":\"https:\/\/schema.org\",\"@graph\":[{\"@type\":\"WebPage\",\"@id\":\"https:\/\/staging.futurehealthbiobank.com\/es\/\",\"url\":\"https:\/\/staging.futurehealthbiobank.com\/es\/\",\"name\":\"Banco de c\u00e9lulas madre del cord\u00f3n umbilical | Future Health\",\"isPartOf\":{\"@id\":\"https:\/\/staging.futurehealthbiobank.com\/es\/#website\"},\"datePublished\":\"2016-05-03T11:06:53+00:00\",\"dateModified\":\"2020-02-27T09:35:28+00:00\",\"description\":\"Bienvenido a Future Health Biobank. El 1er banco de sangre del cord\u00f3n acreditado de Europa. Conservaci\u00f3n de c\u00e9lulas madre de la SCU y tests de diagn\u00f3stico\",\"inLanguage\":\"es\",\"potentialAction\":[{\"@type\":\"ReadAction\",\"target\":[\"https:\/\/staging.futurehealthbiobank.com\/es\/\"]}]},{\"@type\":\"WebSite\",\"@id\":\"https:\/\/staging.futurehealthbiobank.com\/es\/#website\",\"url\":\"https:\/\/staging.futurehealthbiobank.com\/es\/\",\"name\":\"Future Health Biobank Spain\",\"description\":\"\",\"potentialAction\":[{\"@type\":\"SearchAction\",\"target\":{\"@type\":\"EntryPoint\",\"urlTemplate\":\"https:\/\/staging.futurehealthbiobank.com\/es\/?s={search_term_string}\"},\"query-input\":{\"@type\":\"PropertyValueSpecification\",\"valueRequired\":true,\"valueName\":\"search_term_string\"}}],\"inLanguage\":\"es\"}]}<\/script>\n<!-- \/ Yoast SEO plugin. -->","yoast_head_json":{"title":"Banco de c\u00e9lulas madre del cord\u00f3n umbilical | Future Health","description":"Bienvenido a Future Health Biobank. El 1er banco de sangre del cord\u00f3n acreditado de Europa. Conservaci\u00f3n de c\u00e9lulas madre de la SCU y tests de diagn\u00f3stico","robots":{"index":"noindex","follow":"follow","max-snippet":"max-snippet:-1","max-image-preview":"max-image-preview:large","max-video-preview":"max-video-preview:-1"},"og_locale":"es_ES","og_type":"article","og_title":"Banco de c\u00e9lulas madre del cord\u00f3n umbilical | Future Health","og_description":"Bienvenido a Future Health Biobank. El 1er banco de sangre del cord\u00f3n acreditado de Europa. Conservaci\u00f3n de c\u00e9lulas madre de la SCU y tests de diagn\u00f3stico","og_url":"https:\/\/staging.futurehealthbiobank.com\/es\/","og_site_name":"Future Health Biobank Spain","article_modified_time":"2020-02-27T09:35:28+00:00","twitter_card":"summary_large_image","schema":{"@context":"https:\/\/schema.org","@graph":[{"@type":"WebPage","@id":"https:\/\/staging.futurehealthbiobank.com\/es\/","url":"https:\/\/staging.futurehealthbiobank.com\/es\/","name":"Banco de c\u00e9lulas madre del cord\u00f3n umbilical | Future Health","isPartOf":{"@id":"https:\/\/staging.futurehealthbiobank.com\/es\/#website"},"datePublished":"2016-05-03T11:06:53+00:00","dateModified":"2020-02-27T09:35:28+00:00","description":"Bienvenido a Future Health Biobank. El 1er banco de sangre del cord\u00f3n acreditado de Europa. Conservaci\u00f3n de c\u00e9lulas madre de la SCU y tests de diagn\u00f3stico","inLanguage":"es","potentialAction":[{"@type":"ReadAction","target":["https:\/\/staging.futurehealthbiobank.com\/es\/"]}]},{"@type":"WebSite","@id":"https:\/\/staging.futurehealthbiobank.com\/es\/#website","url":"https:\/\/staging.futurehealthbiobank.com\/es\/","name":"Future Health Biobank Spain","description":"","potentialAction":[{"@type":"SearchAction","target":{"@type":"EntryPoint","urlTemplate":"https:\/\/staging.futurehealthbiobank.com\/es\/?s={search_term_string}"},"query-input":{"@type":"PropertyValueSpecification","valueRequired":true,"valueName":"search_term_string"}}],"inLanguage":"es"}]}},"_links":{"self":[{"href":"https:\/\/staging.futurehealthbiobank.com\/es\/wp-json\/wp\/v2\/pages\/369","targetHints":{"allow":["GET"]}}],"collection":[{"href":"https:\/\/staging.futurehealthbiobank.com\/es\/wp-json\/wp\/v2\/pages"}],"about":[{"href":"https:\/\/staging.futurehealthbiobank.com\/es\/wp-json\/wp\/v2\/types\/page"}],"author":[{"embeddable":true,"href":"https:\/\/staging.futurehealthbiobank.com\/es\/wp-json\/wp\/v2\/users\/25"}],"replies":[{"embeddable":true,"href":"https:\/\/staging.futurehealthbiobank.com\/es\/wp-json\/wp\/v2\/comments?post=369"}],"version-history":[{"count":0,"href":"https:\/\/staging.futurehealthbiobank.com\/es\/wp-json\/wp\/v2\/pages\/369\/revisions"}],"wp:attachment":[{"href":"https:\/\/staging.futurehealthbiobank.com\/es\/wp-json\/wp\/v2\/media?parent=369"}],"curies":[{"name":"wp","href":"https:\/\/api.w.org\/{rel}","templated":true}]}}