{"id":647,"date":"2016-05-04T15:30:32","date_gmt":"2016-05-04T14:30:32","guid":{"rendered":"https:\/\/staging.futurehealthbiobank.com\/es\/?page_id=647"},"modified":"2017-12-11T16:05:15","modified_gmt":"2017-12-11T15:05:15","slug":"servicios","status":"publish","type":"page","link":"https:\/\/staging.futurehealthbiobank.com\/es\/servicios\/","title":{"rendered":"Nuestros servicios"},"content":{"rendered":"<div class=\"helpful-block-content wth-theme-thumbs\" data-title=\"\" >\n<ul>\n<li><span class=\"wth-title\">\u00bfFue \u00fatil esto?<\/span><\/li>\n<li><a data-post=\"647\" data-post-url=\"https:\/\/staging.futurehealthbiobank.com\/es\/servicios\/\" data-post-title=\"Nuestros servicios\" data-response=\"1\" href=\"#\" class=\"wth-green-btn icon-thumbsup icon1-thumbs-up4\">S\u00ed<\/a><a data-response=\"0\" data-post=\"647\" data-post-url=\"https:\/\/staging.futurehealthbiobank.com\/es\/servicios\/\" data-post-title=\"Nuestros servicios\" href=\"#\" class=\"wth-red-btn icon-thumbsdown icon1-thumbs-down4\">No<\/a><\/li>\n<\/ul>\n<\/div>","protected":false},"excerpt":{"rendered":"<p>\u00bfFue \u00fatil esto? S\u00edNo<\/p>\n","protected":false},"author":25,"featured_media":0,"parent":0,"menu_order":0,"comment_status":"closed","ping_status":"closed","template":"page-page_template.php","meta":{"_acf_changed":false,"footnotes":""},"class_list":["post-647","page","type-page","status-publish","hentry"],"acf":[],"yoast_head":"<!-- This site is optimized with the Yoast SEO plugin v26.7 - https:\/\/yoast.com\/wordpress\/plugins\/seo\/ -->\n<title>Servicios de conservaci\u00f3n de c\u00e9lulas madre y m\u00e1s | Future Health Biobank<\/title>\n<meta name=\"description\" content=\"Ofrecemos la conservaci\u00f3n de c\u00e9lulas madre de la sangre del cord\u00f3n y una gama de servicios de diagn\u00f3stico neonatal (screening y test prenatal no invasivo)\" \/>\n<meta name=\"robots\" content=\"noindex, follow, max-snippet:-1, max-image-preview:large, max-video-preview:-1\" \/>\n<meta property=\"og:locale\" content=\"es_ES\" \/>\n<meta property=\"og:type\" content=\"article\" \/>\n<meta property=\"og:title\" content=\"Servicios de conservaci\u00f3n de c\u00e9lulas madre y m\u00e1s | Future Health Biobank\" \/>\n<meta property=\"og:description\" content=\"Ofrecemos la conservaci\u00f3n de c\u00e9lulas madre de la sangre del cord\u00f3n y una gama de servicios de diagn\u00f3stico neonatal (screening y test prenatal no invasivo)\" \/>\n<meta property=\"og:url\" content=\"https:\/\/staging.futurehealthbiobank.com\/es\/servicios\/\" \/>\n<meta property=\"og:site_name\" content=\"Future Health Biobank Spain\" \/>\n<meta property=\"article:modified_time\" content=\"2017-12-11T15:05:15+00:00\" \/>\n<meta name=\"twitter:card\" content=\"summary_large_image\" \/>\n<script type=\"application\/ld+json\" class=\"yoast-schema-graph\">{\"@context\":\"https:\/\/schema.org\",\"@graph\":[{\"@type\":\"WebPage\",\"@id\":\"https:\/\/staging.futurehealthbiobank.com\/es\/servicios\/\",\"url\":\"https:\/\/staging.futurehealthbiobank.com\/es\/servicios\/\",\"name\":\"Servicios de conservaci\u00f3n de c\u00e9lulas madre y m\u00e1s | Future Health Biobank\",\"isPartOf\":{\"@id\":\"https:\/\/staging.futurehealthbiobank.com\/es\/#website\"},\"datePublished\":\"2016-05-04T14:30:32+00:00\",\"dateModified\":\"2017-12-11T15:05:15+00:00\",\"description\":\"Ofrecemos la conservaci\u00f3n de c\u00e9lulas madre de la sangre del cord\u00f3n y una gama de servicios de diagn\u00f3stico neonatal (screening y test prenatal no invasivo)\",\"inLanguage\":\"es\",\"potentialAction\":[{\"@type\":\"ReadAction\",\"target\":[\"https:\/\/staging.futurehealthbiobank.com\/es\/servicios\/\"]}]},{\"@type\":\"WebSite\",\"@id\":\"https:\/\/staging.futurehealthbiobank.com\/es\/#website\",\"url\":\"https:\/\/staging.futurehealthbiobank.com\/es\/\",\"name\":\"Future Health Biobank Spain\",\"description\":\"\",\"potentialAction\":[{\"@type\":\"SearchAction\",\"target\":{\"@type\":\"EntryPoint\",\"urlTemplate\":\"https:\/\/staging.futurehealthbiobank.com\/es\/?s={search_term_string}\"},\"query-input\":{\"@type\":\"PropertyValueSpecification\",\"valueRequired\":true,\"valueName\":\"search_term_string\"}}],\"inLanguage\":\"es\"}]}<\/script>\n<!-- \/ Yoast SEO plugin. -->","yoast_head_json":{"title":"Servicios de conservaci\u00f3n de c\u00e9lulas madre y m\u00e1s | Future Health Biobank","description":"Ofrecemos la conservaci\u00f3n de c\u00e9lulas madre de la sangre del cord\u00f3n y una gama de servicios de diagn\u00f3stico neonatal (screening y test prenatal no invasivo)","robots":{"index":"noindex","follow":"follow","max-snippet":"max-snippet:-1","max-image-preview":"max-image-preview:large","max-video-preview":"max-video-preview:-1"},"og_locale":"es_ES","og_type":"article","og_title":"Servicios de conservaci\u00f3n de c\u00e9lulas madre y m\u00e1s | Future Health Biobank","og_description":"Ofrecemos la conservaci\u00f3n de c\u00e9lulas madre de la sangre del cord\u00f3n y una gama de servicios de diagn\u00f3stico neonatal (screening y test prenatal no invasivo)","og_url":"https:\/\/staging.futurehealthbiobank.com\/es\/servicios\/","og_site_name":"Future Health Biobank Spain","article_modified_time":"2017-12-11T15:05:15+00:00","twitter_card":"summary_large_image","schema":{"@context":"https:\/\/schema.org","@graph":[{"@type":"WebPage","@id":"https:\/\/staging.futurehealthbiobank.com\/es\/servicios\/","url":"https:\/\/staging.futurehealthbiobank.com\/es\/servicios\/","name":"Servicios de conservaci\u00f3n de c\u00e9lulas madre y m\u00e1s | Future Health Biobank","isPartOf":{"@id":"https:\/\/staging.futurehealthbiobank.com\/es\/#website"},"datePublished":"2016-05-04T14:30:32+00:00","dateModified":"2017-12-11T15:05:15+00:00","description":"Ofrecemos la conservaci\u00f3n de c\u00e9lulas madre de la sangre del cord\u00f3n y una gama de servicios de diagn\u00f3stico neonatal (screening y test prenatal no invasivo)","inLanguage":"es","potentialAction":[{"@type":"ReadAction","target":["https:\/\/staging.futurehealthbiobank.com\/es\/servicios\/"]}]},{"@type":"WebSite","@id":"https:\/\/staging.futurehealthbiobank.com\/es\/#website","url":"https:\/\/staging.futurehealthbiobank.com\/es\/","name":"Future Health Biobank Spain","description":"","potentialAction":[{"@type":"SearchAction","target":{"@type":"EntryPoint","urlTemplate":"https:\/\/staging.futurehealthbiobank.com\/es\/?s={search_term_string}"},"query-input":{"@type":"PropertyValueSpecification","valueRequired":true,"valueName":"search_term_string"}}],"inLanguage":"es"}]}},"_links":{"self":[{"href":"https:\/\/staging.futurehealthbiobank.com\/es\/wp-json\/wp\/v2\/pages\/647","targetHints":{"allow":["GET"]}}],"collection":[{"href":"https:\/\/staging.futurehealthbiobank.com\/es\/wp-json\/wp\/v2\/pages"}],"about":[{"href":"https:\/\/staging.futurehealthbiobank.com\/es\/wp-json\/wp\/v2\/types\/page"}],"author":[{"embeddable":true,"href":"https:\/\/staging.futurehealthbiobank.com\/es\/wp-json\/wp\/v2\/users\/25"}],"replies":[{"embeddable":true,"href":"https:\/\/staging.futurehealthbiobank.com\/es\/wp-json\/wp\/v2\/comments?post=647"}],"version-history":[{"count":0,"href":"https:\/\/staging.futurehealthbiobank.com\/es\/wp-json\/wp\/v2\/pages\/647\/revisions"}],"wp:attachment":[{"href":"https:\/\/staging.futurehealthbiobank.com\/es\/wp-json\/wp\/v2\/media?parent=647"}],"curies":[{"name":"wp","href":"https:\/\/api.w.org\/{rel}","templated":true}]}}