{"id":661,"date":"2016-05-05T11:37:19","date_gmt":"2016-05-05T10:37:19","guid":{"rendered":"https:\/\/staging.futurehealthbiobank.com\/es\/?page_id=661"},"modified":"2022-12-13T13:33:20","modified_gmt":"2022-12-13T12:33:20","slug":"contacto","status":"publish","type":"page","link":"https:\/\/staging.futurehealthbiobank.com\/es\/contacto\/","title":{"rendered":"Contacto"},"content":{"rendered":"<p>[contact-form-7 id=\u00bb761&#8243; title=\u00bbContactenos\u00bb]<\/p>\n<div class=\"helpful-block-content wth-theme-thumbs\" data-title=\"\" >\n<ul>\n<li><span class=\"wth-title\">\u00bfFue \u00fatil esto?<\/span><\/li>\n<li><a data-post=\"661\" data-post-url=\"https:\/\/staging.futurehealthbiobank.com\/es\/contacto\/\" data-post-title=\"Contacto\" data-response=\"1\" href=\"#\" class=\"wth-green-btn icon-thumbsup icon1-thumbs-up4\">S\u00ed<\/a><a data-response=\"0\" data-post=\"661\" data-post-url=\"https:\/\/staging.futurehealthbiobank.com\/es\/contacto\/\" data-post-title=\"Contacto\" href=\"#\" class=\"wth-red-btn icon-thumbsdown icon1-thumbs-down4\">No<\/a><\/li>\n<\/ul>\n<\/div>","protected":false},"excerpt":{"rendered":"<p>[contact-form-7 id=\u00bb761&#8243; title=\u00bbContactenos\u00bb] \u00bfFue \u00fatil esto? S\u00edNo<\/p>\n","protected":false},"author":25,"featured_media":0,"parent":0,"menu_order":0,"comment_status":"closed","ping_status":"closed","template":"page-contact.php","meta":{"_acf_changed":false,"footnotes":""},"class_list":["post-661","page","type-page","status-publish","hentry"],"acf":[],"yoast_head":"<!-- This site is optimized with the Yoast SEO plugin v26.7 - https:\/\/yoast.com\/wordpress\/plugins\/seo\/ -->\n<title>Informacion y Servicio de atenci\u00f3n al cliente | Contacto<\/title>\n<meta name=\"description\" content=\"Para m\u00e1s informaci\u00f3n sobre nuestros servicios, no dude en contactar con nuestro Servicio de Atenci\u00f3n al Cliente en 932 806 184 -info@futurehealth.es\" \/>\n<meta name=\"robots\" content=\"noindex, follow, max-snippet:-1, max-image-preview:large, max-video-preview:-1\" \/>\n<meta property=\"og:locale\" content=\"es_ES\" \/>\n<meta property=\"og:type\" content=\"article\" \/>\n<meta property=\"og:title\" content=\"Informacion y Servicio de atenci\u00f3n al cliente | Contacto\" \/>\n<meta property=\"og:description\" content=\"Para m\u00e1s informaci\u00f3n sobre nuestros servicios, no dude en contactar con nuestro Servicio de Atenci\u00f3n al Cliente en 932 806 184 -info@futurehealth.es\" \/>\n<meta property=\"og:url\" content=\"https:\/\/staging.futurehealthbiobank.com\/es\/contacto\/\" \/>\n<meta property=\"og:site_name\" content=\"Future Health Biobank Spain\" \/>\n<meta property=\"article:modified_time\" content=\"2022-12-13T12:33:20+00:00\" \/>\n<meta name=\"twitter:card\" content=\"summary_large_image\" \/>\n<meta name=\"twitter:label1\" content=\"Tiempo de lectura\" \/>\n\t<meta name=\"twitter:data1\" content=\"1 minuto\" \/>\n<script type=\"application\/ld+json\" class=\"yoast-schema-graph\">{\"@context\":\"https:\/\/schema.org\",\"@graph\":[{\"@type\":\"WebPage\",\"@id\":\"https:\/\/staging.futurehealthbiobank.com\/es\/contacto\/\",\"url\":\"https:\/\/staging.futurehealthbiobank.com\/es\/contacto\/\",\"name\":\"Informacion y Servicio de atenci\u00f3n al cliente | Contacto\",\"isPartOf\":{\"@id\":\"https:\/\/staging.futurehealthbiobank.com\/es\/#website\"},\"datePublished\":\"2016-05-05T10:37:19+00:00\",\"dateModified\":\"2022-12-13T12:33:20+00:00\",\"description\":\"Para m\u00e1s informaci\u00f3n sobre nuestros servicios, no dude en contactar con nuestro Servicio de Atenci\u00f3n al Cliente en 932 806 184 -info@futurehealth.es\",\"inLanguage\":\"es\",\"potentialAction\":[{\"@type\":\"ReadAction\",\"target\":[\"https:\/\/staging.futurehealthbiobank.com\/es\/contacto\/\"]}]},{\"@type\":\"WebSite\",\"@id\":\"https:\/\/staging.futurehealthbiobank.com\/es\/#website\",\"url\":\"https:\/\/staging.futurehealthbiobank.com\/es\/\",\"name\":\"Future Health Biobank Spain\",\"description\":\"\",\"potentialAction\":[{\"@type\":\"SearchAction\",\"target\":{\"@type\":\"EntryPoint\",\"urlTemplate\":\"https:\/\/staging.futurehealthbiobank.com\/es\/?s={search_term_string}\"},\"query-input\":{\"@type\":\"PropertyValueSpecification\",\"valueRequired\":true,\"valueName\":\"search_term_string\"}}],\"inLanguage\":\"es\"}]}<\/script>\n<!-- \/ Yoast SEO plugin. -->","yoast_head_json":{"title":"Informacion y Servicio de atenci\u00f3n al cliente | Contacto","description":"Para m\u00e1s informaci\u00f3n sobre nuestros servicios, no dude en contactar con nuestro Servicio de Atenci\u00f3n al Cliente en 932 806 184 -info@futurehealth.es","robots":{"index":"noindex","follow":"follow","max-snippet":"max-snippet:-1","max-image-preview":"max-image-preview:large","max-video-preview":"max-video-preview:-1"},"og_locale":"es_ES","og_type":"article","og_title":"Informacion y Servicio de atenci\u00f3n al cliente | Contacto","og_description":"Para m\u00e1s informaci\u00f3n sobre nuestros servicios, no dude en contactar con nuestro Servicio de Atenci\u00f3n al Cliente en 932 806 184 -info@futurehealth.es","og_url":"https:\/\/staging.futurehealthbiobank.com\/es\/contacto\/","og_site_name":"Future Health Biobank Spain","article_modified_time":"2022-12-13T12:33:20+00:00","twitter_card":"summary_large_image","twitter_misc":{"Tiempo de lectura":"1 minuto"},"schema":{"@context":"https:\/\/schema.org","@graph":[{"@type":"WebPage","@id":"https:\/\/staging.futurehealthbiobank.com\/es\/contacto\/","url":"https:\/\/staging.futurehealthbiobank.com\/es\/contacto\/","name":"Informacion y Servicio de atenci\u00f3n al cliente | Contacto","isPartOf":{"@id":"https:\/\/staging.futurehealthbiobank.com\/es\/#website"},"datePublished":"2016-05-05T10:37:19+00:00","dateModified":"2022-12-13T12:33:20+00:00","description":"Para m\u00e1s informaci\u00f3n sobre nuestros servicios, no dude en contactar con nuestro Servicio de Atenci\u00f3n al Cliente en 932 806 184 -info@futurehealth.es","inLanguage":"es","potentialAction":[{"@type":"ReadAction","target":["https:\/\/staging.futurehealthbiobank.com\/es\/contacto\/"]}]},{"@type":"WebSite","@id":"https:\/\/staging.futurehealthbiobank.com\/es\/#website","url":"https:\/\/staging.futurehealthbiobank.com\/es\/","name":"Future Health Biobank Spain","description":"","potentialAction":[{"@type":"SearchAction","target":{"@type":"EntryPoint","urlTemplate":"https:\/\/staging.futurehealthbiobank.com\/es\/?s={search_term_string}"},"query-input":{"@type":"PropertyValueSpecification","valueRequired":true,"valueName":"search_term_string"}}],"inLanguage":"es"}]}},"_links":{"self":[{"href":"https:\/\/staging.futurehealthbiobank.com\/es\/wp-json\/wp\/v2\/pages\/661","targetHints":{"allow":["GET"]}}],"collection":[{"href":"https:\/\/staging.futurehealthbiobank.com\/es\/wp-json\/wp\/v2\/pages"}],"about":[{"href":"https:\/\/staging.futurehealthbiobank.com\/es\/wp-json\/wp\/v2\/types\/page"}],"author":[{"embeddable":true,"href":"https:\/\/staging.futurehealthbiobank.com\/es\/wp-json\/wp\/v2\/users\/25"}],"replies":[{"embeddable":true,"href":"https:\/\/staging.futurehealthbiobank.com\/es\/wp-json\/wp\/v2\/comments?post=661"}],"version-history":[{"count":0,"href":"https:\/\/staging.futurehealthbiobank.com\/es\/wp-json\/wp\/v2\/pages\/661\/revisions"}],"wp:attachment":[{"href":"https:\/\/staging.futurehealthbiobank.com\/es\/wp-json\/wp\/v2\/media?parent=661"}],"curies":[{"name":"wp","href":"https:\/\/api.w.org\/{rel}","templated":true}]}}