{"id":665,"date":"2016-05-05T12:05:29","date_gmt":"2016-05-05T10:05:29","guid":{"rendered":"https:\/\/staging.futurehealthbiobank.com\/es\/?page_id=665"},"modified":"2020-02-27T10:31:41","modified_gmt":"2020-02-27T09:31:41","slug":"precios-especiales","status":"publish","type":"page","link":"https:\/\/staging.futurehealthbiobank.com\/es\/precios\/precios-especiales\/","title":{"rendered":"Programa de fidelizaci\u00f3n"},"content":{"rendered":"<div class=\"helpful-block-content wth-theme-thumbs\" data-title=\"\" >\n<ul>\n<li><span class=\"wth-title\">\u00bfFue \u00fatil esto?<\/span><\/li>\n<li><a data-post=\"665\" data-post-url=\"https:\/\/staging.futurehealthbiobank.com\/es\/precios\/precios-especiales\/\" data-post-title=\"Programa de fidelizaci\u00f3n\" data-response=\"1\" href=\"#\" class=\"wth-green-btn icon-thumbsup icon1-thumbs-up4\">S\u00ed<\/a><a data-response=\"0\" data-post=\"665\" data-post-url=\"https:\/\/staging.futurehealthbiobank.com\/es\/precios\/precios-especiales\/\" data-post-title=\"Programa de fidelizaci\u00f3n\" href=\"#\" class=\"wth-red-btn icon-thumbsdown icon1-thumbs-down4\">No<\/a><\/li>\n<\/ul>\n<\/div>","protected":false},"excerpt":{"rendered":"<p>\u00bfFue \u00fatil esto? S\u00edNo<\/p>\n","protected":false},"author":25,"featured_media":0,"parent":654,"menu_order":0,"comment_status":"closed","ping_status":"closed","template":"page-page_template.php","meta":{"_acf_changed":false,"footnotes":""},"class_list":["post-665","page","type-page","status-publish","hentry"],"acf":[],"yoast_head":"<!-- This site is optimized with the Yoast SEO plugin v26.7 - https:\/\/yoast.com\/wordpress\/plugins\/seo\/ -->\n<title>Programa precios especiales y descuentos | Future Health<\/title>\n<meta name=\"description\" content=\"Informaci\u00f3n sobre nuestros programas de fidelizaci\u00f3n, incluyendo la recomendaci\u00f3n a un amigo, el precio especial antiguos clientes y descuentos por gemelos\" \/>\n<meta name=\"robots\" content=\"noindex, follow, max-snippet:-1, max-image-preview:large, max-video-preview:-1\" \/>\n<meta property=\"og:locale\" content=\"es_ES\" \/>\n<meta property=\"og:type\" content=\"article\" \/>\n<meta property=\"og:title\" content=\"Programa precios especiales y descuentos | Future Health\" \/>\n<meta property=\"og:description\" content=\"Informaci\u00f3n sobre nuestros programas de fidelizaci\u00f3n, incluyendo la recomendaci\u00f3n a un amigo, el precio especial antiguos clientes y descuentos por gemelos\" \/>\n<meta property=\"og:url\" content=\"https:\/\/staging.futurehealthbiobank.com\/es\/precios\/precios-especiales\/\" \/>\n<meta property=\"og:site_name\" content=\"Future Health Biobank Spain\" \/>\n<meta property=\"article:modified_time\" content=\"2020-02-27T09:31:41+00:00\" \/>\n<meta name=\"twitter:card\" content=\"summary_large_image\" \/>\n<script type=\"application\/ld+json\" class=\"yoast-schema-graph\">{\"@context\":\"https:\/\/schema.org\",\"@graph\":[{\"@type\":\"WebPage\",\"@id\":\"https:\/\/staging.futurehealthbiobank.com\/es\/precios\/precios-especiales\/\",\"url\":\"https:\/\/staging.futurehealthbiobank.com\/es\/precios\/precios-especiales\/\",\"name\":\"Programa precios especiales y descuentos | Future Health\",\"isPartOf\":{\"@id\":\"https:\/\/staging.futurehealthbiobank.com\/es\/#website\"},\"datePublished\":\"2016-05-05T10:05:29+00:00\",\"dateModified\":\"2020-02-27T09:31:41+00:00\",\"description\":\"Informaci\u00f3n sobre nuestros programas de fidelizaci\u00f3n, incluyendo la recomendaci\u00f3n a un amigo, el precio especial antiguos clientes y descuentos por gemelos\",\"breadcrumb\":{\"@id\":\"https:\/\/staging.futurehealthbiobank.com\/es\/precios\/precios-especiales\/#breadcrumb\"},\"inLanguage\":\"es\",\"potentialAction\":[{\"@type\":\"ReadAction\",\"target\":[\"https:\/\/staging.futurehealthbiobank.com\/es\/precios\/precios-especiales\/\"]}]},{\"@type\":\"BreadcrumbList\",\"@id\":\"https:\/\/staging.futurehealthbiobank.com\/es\/precios\/precios-especiales\/#breadcrumb\",\"itemListElement\":[{\"@type\":\"ListItem\",\"position\":1,\"name\":\"Precios\",\"item\":\"https:\/\/staging.futurehealthbiobank.com\/es\/precios\/\"},{\"@type\":\"ListItem\",\"position\":2,\"name\":\"Programa de fidelizaci\u00f3n\"}]},{\"@type\":\"WebSite\",\"@id\":\"https:\/\/staging.futurehealthbiobank.com\/es\/#website\",\"url\":\"https:\/\/staging.futurehealthbiobank.com\/es\/\",\"name\":\"Future Health Biobank Spain\",\"description\":\"\",\"potentialAction\":[{\"@type\":\"SearchAction\",\"target\":{\"@type\":\"EntryPoint\",\"urlTemplate\":\"https:\/\/staging.futurehealthbiobank.com\/es\/?s={search_term_string}\"},\"query-input\":{\"@type\":\"PropertyValueSpecification\",\"valueRequired\":true,\"valueName\":\"search_term_string\"}}],\"inLanguage\":\"es\"}]}<\/script>\n<!-- \/ Yoast SEO plugin. -->","yoast_head_json":{"title":"Programa precios especiales y descuentos | Future Health","description":"Informaci\u00f3n sobre nuestros programas de fidelizaci\u00f3n, incluyendo la recomendaci\u00f3n a un amigo, el precio especial antiguos clientes y descuentos por gemelos","robots":{"index":"noindex","follow":"follow","max-snippet":"max-snippet:-1","max-image-preview":"max-image-preview:large","max-video-preview":"max-video-preview:-1"},"og_locale":"es_ES","og_type":"article","og_title":"Programa precios especiales y descuentos | Future Health","og_description":"Informaci\u00f3n sobre nuestros programas de fidelizaci\u00f3n, incluyendo la recomendaci\u00f3n a un amigo, el precio especial antiguos clientes y descuentos por gemelos","og_url":"https:\/\/staging.futurehealthbiobank.com\/es\/precios\/precios-especiales\/","og_site_name":"Future Health Biobank Spain","article_modified_time":"2020-02-27T09:31:41+00:00","twitter_card":"summary_large_image","schema":{"@context":"https:\/\/schema.org","@graph":[{"@type":"WebPage","@id":"https:\/\/staging.futurehealthbiobank.com\/es\/precios\/precios-especiales\/","url":"https:\/\/staging.futurehealthbiobank.com\/es\/precios\/precios-especiales\/","name":"Programa precios especiales y descuentos | Future Health","isPartOf":{"@id":"https:\/\/staging.futurehealthbiobank.com\/es\/#website"},"datePublished":"2016-05-05T10:05:29+00:00","dateModified":"2020-02-27T09:31:41+00:00","description":"Informaci\u00f3n sobre nuestros programas de fidelizaci\u00f3n, incluyendo la recomendaci\u00f3n a un amigo, el precio especial antiguos clientes y descuentos por gemelos","breadcrumb":{"@id":"https:\/\/staging.futurehealthbiobank.com\/es\/precios\/precios-especiales\/#breadcrumb"},"inLanguage":"es","potentialAction":[{"@type":"ReadAction","target":["https:\/\/staging.futurehealthbiobank.com\/es\/precios\/precios-especiales\/"]}]},{"@type":"BreadcrumbList","@id":"https:\/\/staging.futurehealthbiobank.com\/es\/precios\/precios-especiales\/#breadcrumb","itemListElement":[{"@type":"ListItem","position":1,"name":"Precios","item":"https:\/\/staging.futurehealthbiobank.com\/es\/precios\/"},{"@type":"ListItem","position":2,"name":"Programa de fidelizaci\u00f3n"}]},{"@type":"WebSite","@id":"https:\/\/staging.futurehealthbiobank.com\/es\/#website","url":"https:\/\/staging.futurehealthbiobank.com\/es\/","name":"Future Health Biobank Spain","description":"","potentialAction":[{"@type":"SearchAction","target":{"@type":"EntryPoint","urlTemplate":"https:\/\/staging.futurehealthbiobank.com\/es\/?s={search_term_string}"},"query-input":{"@type":"PropertyValueSpecification","valueRequired":true,"valueName":"search_term_string"}}],"inLanguage":"es"}]}},"_links":{"self":[{"href":"https:\/\/staging.futurehealthbiobank.com\/es\/wp-json\/wp\/v2\/pages\/665","targetHints":{"allow":["GET"]}}],"collection":[{"href":"https:\/\/staging.futurehealthbiobank.com\/es\/wp-json\/wp\/v2\/pages"}],"about":[{"href":"https:\/\/staging.futurehealthbiobank.com\/es\/wp-json\/wp\/v2\/types\/page"}],"author":[{"embeddable":true,"href":"https:\/\/staging.futurehealthbiobank.com\/es\/wp-json\/wp\/v2\/users\/25"}],"replies":[{"embeddable":true,"href":"https:\/\/staging.futurehealthbiobank.com\/es\/wp-json\/wp\/v2\/comments?post=665"}],"version-history":[{"count":0,"href":"https:\/\/staging.futurehealthbiobank.com\/es\/wp-json\/wp\/v2\/pages\/665\/revisions"}],"up":[{"embeddable":true,"href":"https:\/\/staging.futurehealthbiobank.com\/es\/wp-json\/wp\/v2\/pages\/654"}],"wp:attachment":[{"href":"https:\/\/staging.futurehealthbiobank.com\/es\/wp-json\/wp\/v2\/media?parent=665"}],"curies":[{"name":"wp","href":"https:\/\/api.w.org\/{rel}","templated":true}]}}