{"id":849,"date":"2016-05-09T10:57:17","date_gmt":"2016-05-09T09:57:17","guid":{"rendered":"https:\/\/staging.futurehealthbiobank.com\/es\/?page_id=849"},"modified":"2019-02-20T12:32:18","modified_gmt":"2019-02-20T11:32:18","slug":"celulas-madre-sangre-cordon-umbilical","status":"publish","type":"page","link":"https:\/\/staging.futurehealthbiobank.com\/es\/servicios\/conservar-celulas-madre-cordon-umbilical\/celulas-madre-sangre-cordon-umbilical\/","title":{"rendered":"Conservaci\u00f3n de c\u00e9lulas madre de la sangre del cord\u00f3n"},"content":{"rendered":"<div class=\"helpful-block-content wth-theme-thumbs\" data-title=\"\" >\n<ul>\n<li><span class=\"wth-title\">\u00bfFue \u00fatil esto?<\/span><\/li>\n<li><a data-post=\"849\" data-post-url=\"https:\/\/staging.futurehealthbiobank.com\/es\/servicios\/conservar-celulas-madre-cordon-umbilical\/celulas-madre-sangre-cordon-umbilical\/\" data-post-title=\"Conservaci\u00f3n de c\u00e9lulas madre de la sangre del cord\u00f3n\" data-response=\"1\" href=\"#\" class=\"wth-green-btn icon-thumbsup icon1-thumbs-up4\">S\u00ed<\/a><a data-response=\"0\" data-post=\"849\" data-post-url=\"https:\/\/staging.futurehealthbiobank.com\/es\/servicios\/conservar-celulas-madre-cordon-umbilical\/celulas-madre-sangre-cordon-umbilical\/\" data-post-title=\"Conservaci\u00f3n de c\u00e9lulas madre de la sangre del cord\u00f3n\" href=\"#\" class=\"wth-red-btn icon-thumbsdown icon1-thumbs-down4\">No<\/a><\/li>\n<\/ul>\n<\/div>","protected":false},"excerpt":{"rendered":"<p>\u00bfFue \u00fatil esto? S\u00edNo<\/p>\n","protected":false},"author":25,"featured_media":0,"parent":649,"menu_order":0,"comment_status":"closed","ping_status":"closed","template":"page-page_template.php","meta":{"_acf_changed":false,"footnotes":""},"class_list":["post-849","page","type-page","status-publish","hentry"],"acf":[],"yoast_head":"<!-- This site is optimized with the Yoast SEO plugin v26.7 - https:\/\/yoast.com\/wordpress\/plugins\/seo\/ -->\n<title>Conservar c\u00e9lulas madre de la sangre del cord\u00f3n umbilical | Future Health Biobank<\/title>\n<meta name=\"description\" content=\"Cuando se guardan las c\u00e9lulas madre del cord\u00f3n umbilical, puede tratar m\u00e1s de 85 afecciones, que incluyen leucemia y anemia.\" \/>\n<meta name=\"robots\" content=\"noindex, follow, max-snippet:-1, max-image-preview:large, max-video-preview:-1\" \/>\n<meta property=\"og:locale\" content=\"es_ES\" \/>\n<meta property=\"og:type\" content=\"article\" \/>\n<meta property=\"og:title\" content=\"Conservar c\u00e9lulas madre de la sangre del cord\u00f3n umbilical | Future Health Biobank\" \/>\n<meta property=\"og:description\" content=\"Cuando se guardan las c\u00e9lulas madre del cord\u00f3n umbilical, puede tratar m\u00e1s de 85 afecciones, que incluyen leucemia y anemia.\" \/>\n<meta property=\"og:url\" content=\"https:\/\/staging.futurehealthbiobank.com\/es\/servicios\/conservar-celulas-madre-cordon-umbilical\/celulas-madre-sangre-cordon-umbilical\/\" \/>\n<meta property=\"og:site_name\" content=\"Future Health Biobank Spain\" \/>\n<meta property=\"article:modified_time\" content=\"2019-02-20T11:32:18+00:00\" \/>\n<meta name=\"twitter:card\" content=\"summary_large_image\" \/>\n<script type=\"application\/ld+json\" class=\"yoast-schema-graph\">{\"@context\":\"https:\/\/schema.org\",\"@graph\":[{\"@type\":\"WebPage\",\"@id\":\"https:\/\/staging.futurehealthbiobank.com\/es\/servicios\/conservar-celulas-madre-cordon-umbilical\/celulas-madre-sangre-cordon-umbilical\/\",\"url\":\"https:\/\/staging.futurehealthbiobank.com\/es\/servicios\/conservar-celulas-madre-cordon-umbilical\/celulas-madre-sangre-cordon-umbilical\/\",\"name\":\"Conservar c\u00e9lulas madre de la sangre del cord\u00f3n umbilical | Future Health Biobank\",\"isPartOf\":{\"@id\":\"https:\/\/staging.futurehealthbiobank.com\/es\/#website\"},\"datePublished\":\"2016-05-09T09:57:17+00:00\",\"dateModified\":\"2019-02-20T11:32:18+00:00\",\"description\":\"Cuando se guardan las c\u00e9lulas madre del cord\u00f3n umbilical, puede tratar m\u00e1s de 85 afecciones, que incluyen leucemia y anemia.\",\"breadcrumb\":{\"@id\":\"https:\/\/staging.futurehealthbiobank.com\/es\/servicios\/conservar-celulas-madre-cordon-umbilical\/celulas-madre-sangre-cordon-umbilical\/#breadcrumb\"},\"inLanguage\":\"es\",\"potentialAction\":[{\"@type\":\"ReadAction\",\"target\":[\"https:\/\/staging.futurehealthbiobank.com\/es\/servicios\/conservar-celulas-madre-cordon-umbilical\/celulas-madre-sangre-cordon-umbilical\/\"]}]},{\"@type\":\"BreadcrumbList\",\"@id\":\"https:\/\/staging.futurehealthbiobank.com\/es\/servicios\/conservar-celulas-madre-cordon-umbilical\/celulas-madre-sangre-cordon-umbilical\/#breadcrumb\",\"itemListElement\":[{\"@type\":\"ListItem\",\"position\":1,\"name\":\"Nuestros servicios\",\"item\":\"https:\/\/staging.futurehealthbiobank.com\/es\/servicios\/\"},{\"@type\":\"ListItem\",\"position\":2,\"name\":\"Conservaci\u00f3n de c\u00e9lulas madre del cord\u00f3n umbilical\",\"item\":\"https:\/\/staging.futurehealthbiobank.com\/es\/servicios\/conservar-celulas-madre-cordon-umbilical\/\"},{\"@type\":\"ListItem\",\"position\":3,\"name\":\"Conservaci\u00f3n de c\u00e9lulas madre de la sangre del cord\u00f3n\"}]},{\"@type\":\"WebSite\",\"@id\":\"https:\/\/staging.futurehealthbiobank.com\/es\/#website\",\"url\":\"https:\/\/staging.futurehealthbiobank.com\/es\/\",\"name\":\"Future Health Biobank Spain\",\"description\":\"\",\"potentialAction\":[{\"@type\":\"SearchAction\",\"target\":{\"@type\":\"EntryPoint\",\"urlTemplate\":\"https:\/\/staging.futurehealthbiobank.com\/es\/?s={search_term_string}\"},\"query-input\":{\"@type\":\"PropertyValueSpecification\",\"valueRequired\":true,\"valueName\":\"search_term_string\"}}],\"inLanguage\":\"es\"}]}<\/script>\n<!-- \/ Yoast SEO plugin. -->","yoast_head_json":{"title":"Conservar c\u00e9lulas madre de la sangre del cord\u00f3n umbilical | Future Health Biobank","description":"Cuando se guardan las c\u00e9lulas madre del cord\u00f3n umbilical, puede tratar m\u00e1s de 85 afecciones, que incluyen leucemia y anemia.","robots":{"index":"noindex","follow":"follow","max-snippet":"max-snippet:-1","max-image-preview":"max-image-preview:large","max-video-preview":"max-video-preview:-1"},"og_locale":"es_ES","og_type":"article","og_title":"Conservar c\u00e9lulas madre de la sangre del cord\u00f3n umbilical | Future Health Biobank","og_description":"Cuando se guardan las c\u00e9lulas madre del cord\u00f3n umbilical, puede tratar m\u00e1s de 85 afecciones, que incluyen leucemia y anemia.","og_url":"https:\/\/staging.futurehealthbiobank.com\/es\/servicios\/conservar-celulas-madre-cordon-umbilical\/celulas-madre-sangre-cordon-umbilical\/","og_site_name":"Future Health Biobank Spain","article_modified_time":"2019-02-20T11:32:18+00:00","twitter_card":"summary_large_image","schema":{"@context":"https:\/\/schema.org","@graph":[{"@type":"WebPage","@id":"https:\/\/staging.futurehealthbiobank.com\/es\/servicios\/conservar-celulas-madre-cordon-umbilical\/celulas-madre-sangre-cordon-umbilical\/","url":"https:\/\/staging.futurehealthbiobank.com\/es\/servicios\/conservar-celulas-madre-cordon-umbilical\/celulas-madre-sangre-cordon-umbilical\/","name":"Conservar c\u00e9lulas madre de la sangre del cord\u00f3n umbilical | Future Health Biobank","isPartOf":{"@id":"https:\/\/staging.futurehealthbiobank.com\/es\/#website"},"datePublished":"2016-05-09T09:57:17+00:00","dateModified":"2019-02-20T11:32:18+00:00","description":"Cuando se guardan las c\u00e9lulas madre del cord\u00f3n umbilical, puede tratar m\u00e1s de 85 afecciones, que incluyen leucemia y anemia.","breadcrumb":{"@id":"https:\/\/staging.futurehealthbiobank.com\/es\/servicios\/conservar-celulas-madre-cordon-umbilical\/celulas-madre-sangre-cordon-umbilical\/#breadcrumb"},"inLanguage":"es","potentialAction":[{"@type":"ReadAction","target":["https:\/\/staging.futurehealthbiobank.com\/es\/servicios\/conservar-celulas-madre-cordon-umbilical\/celulas-madre-sangre-cordon-umbilical\/"]}]},{"@type":"BreadcrumbList","@id":"https:\/\/staging.futurehealthbiobank.com\/es\/servicios\/conservar-celulas-madre-cordon-umbilical\/celulas-madre-sangre-cordon-umbilical\/#breadcrumb","itemListElement":[{"@type":"ListItem","position":1,"name":"Nuestros servicios","item":"https:\/\/staging.futurehealthbiobank.com\/es\/servicios\/"},{"@type":"ListItem","position":2,"name":"Conservaci\u00f3n de c\u00e9lulas madre del cord\u00f3n umbilical","item":"https:\/\/staging.futurehealthbiobank.com\/es\/servicios\/conservar-celulas-madre-cordon-umbilical\/"},{"@type":"ListItem","position":3,"name":"Conservaci\u00f3n de c\u00e9lulas madre de la sangre del cord\u00f3n"}]},{"@type":"WebSite","@id":"https:\/\/staging.futurehealthbiobank.com\/es\/#website","url":"https:\/\/staging.futurehealthbiobank.com\/es\/","name":"Future Health Biobank Spain","description":"","potentialAction":[{"@type":"SearchAction","target":{"@type":"EntryPoint","urlTemplate":"https:\/\/staging.futurehealthbiobank.com\/es\/?s={search_term_string}"},"query-input":{"@type":"PropertyValueSpecification","valueRequired":true,"valueName":"search_term_string"}}],"inLanguage":"es"}]}},"_links":{"self":[{"href":"https:\/\/staging.futurehealthbiobank.com\/es\/wp-json\/wp\/v2\/pages\/849","targetHints":{"allow":["GET"]}}],"collection":[{"href":"https:\/\/staging.futurehealthbiobank.com\/es\/wp-json\/wp\/v2\/pages"}],"about":[{"href":"https:\/\/staging.futurehealthbiobank.com\/es\/wp-json\/wp\/v2\/types\/page"}],"author":[{"embeddable":true,"href":"https:\/\/staging.futurehealthbiobank.com\/es\/wp-json\/wp\/v2\/users\/25"}],"replies":[{"embeddable":true,"href":"https:\/\/staging.futurehealthbiobank.com\/es\/wp-json\/wp\/v2\/comments?post=849"}],"version-history":[{"count":0,"href":"https:\/\/staging.futurehealthbiobank.com\/es\/wp-json\/wp\/v2\/pages\/849\/revisions"}],"up":[{"embeddable":true,"href":"https:\/\/staging.futurehealthbiobank.com\/es\/wp-json\/wp\/v2\/pages\/649"}],"wp:attachment":[{"href":"https:\/\/staging.futurehealthbiobank.com\/es\/wp-json\/wp\/v2\/media?parent=849"}],"curies":[{"name":"wp","href":"https:\/\/api.w.org\/{rel}","templated":true}]}}