{"id":867,"date":"2016-05-09T12:02:29","date_gmt":"2016-05-09T11:02:29","guid":{"rendered":"https:\/\/staging.futurehealthbiobank.com\/es\/?page_id=867"},"modified":"2022-12-13T14:05:18","modified_gmt":"2022-12-13T13:05:18","slug":"solicitar-informacion","status":"publish","type":"page","link":"https:\/\/staging.futurehealthbiobank.com\/es\/solicitar-informacion\/","title":{"rendered":"Solicitar informaci\u00f3n"},"content":{"rendered":"<div class=\"helpful-block-content wth-theme-thumbs\" data-title=\"\" >\n<ul>\n<li><span class=\"wth-title\">\u00bfFue \u00fatil esto?<\/span><\/li>\n<li><a data-post=\"867\" data-post-url=\"https:\/\/staging.futurehealthbiobank.com\/es\/solicitar-informacion\/\" data-post-title=\"Solicitar informaci\u00f3n\" data-response=\"1\" href=\"#\" class=\"wth-green-btn icon-thumbsup icon1-thumbs-up4\">S\u00ed<\/a><a data-response=\"0\" data-post=\"867\" data-post-url=\"https:\/\/staging.futurehealthbiobank.com\/es\/solicitar-informacion\/\" data-post-title=\"Solicitar informaci\u00f3n\" href=\"#\" class=\"wth-red-btn icon-thumbsdown icon1-thumbs-down4\">No<\/a><\/li>\n<\/ul>\n<\/div>","protected":false},"excerpt":{"rendered":"<p>\u00bfFue \u00fatil esto? S\u00edNo<\/p>\n","protected":false},"author":25,"featured_media":0,"parent":0,"menu_order":0,"comment_status":"closed","ping_status":"closed","template":"page-request-brochure.php","meta":{"_acf_changed":false,"footnotes":""},"class_list":["post-867","page","type-page","status-publish","hentry"],"acf":[],"yoast_head":"<!-- This site is optimized with the Yoast SEO plugin v26.7 - https:\/\/yoast.com\/wordpress\/plugins\/seo\/ -->\n<title>Solicitar informaci\u00f3n - Future Health Biobank Spain<\/title>\n<meta name=\"description\" content=\"Por favor rellene el formulario para solicitar m\u00e1s informaci\u00f3n a Future Health Biobank.\" \/>\n<meta name=\"robots\" content=\"noindex, follow, max-snippet:-1, max-image-preview:large, max-video-preview:-1\" \/>\n<meta property=\"og:locale\" content=\"es_ES\" \/>\n<meta property=\"og:type\" content=\"article\" \/>\n<meta property=\"og:title\" content=\"Solicitar informaci\u00f3n - Future Health Biobank Spain\" \/>\n<meta property=\"og:description\" content=\"Por favor rellene el formulario para solicitar m\u00e1s informaci\u00f3n a Future Health Biobank.\" \/>\n<meta property=\"og:url\" content=\"https:\/\/staging.futurehealthbiobank.com\/es\/solicitar-informacion\/\" \/>\n<meta property=\"og:site_name\" content=\"Future Health Biobank Spain\" \/>\n<meta property=\"article:modified_time\" content=\"2022-12-13T13:05:18+00:00\" \/>\n<meta name=\"twitter:card\" content=\"summary_large_image\" \/>\n<script type=\"application\/ld+json\" class=\"yoast-schema-graph\">{\"@context\":\"https:\/\/schema.org\",\"@graph\":[{\"@type\":\"WebPage\",\"@id\":\"https:\/\/staging.futurehealthbiobank.com\/es\/solicitar-informacion\/\",\"url\":\"https:\/\/staging.futurehealthbiobank.com\/es\/solicitar-informacion\/\",\"name\":\"Solicitar informaci\u00f3n - Future Health Biobank Spain\",\"isPartOf\":{\"@id\":\"https:\/\/staging.futurehealthbiobank.com\/es\/#website\"},\"datePublished\":\"2016-05-09T11:02:29+00:00\",\"dateModified\":\"2022-12-13T13:05:18+00:00\",\"description\":\"Por favor rellene el formulario para solicitar m\u00e1s informaci\u00f3n a Future Health Biobank.\",\"inLanguage\":\"es\",\"potentialAction\":[{\"@type\":\"ReadAction\",\"target\":[\"https:\/\/staging.futurehealthbiobank.com\/es\/solicitar-informacion\/\"]}]},{\"@type\":\"WebSite\",\"@id\":\"https:\/\/staging.futurehealthbiobank.com\/es\/#website\",\"url\":\"https:\/\/staging.futurehealthbiobank.com\/es\/\",\"name\":\"Future Health Biobank Spain\",\"description\":\"\",\"potentialAction\":[{\"@type\":\"SearchAction\",\"target\":{\"@type\":\"EntryPoint\",\"urlTemplate\":\"https:\/\/staging.futurehealthbiobank.com\/es\/?s={search_term_string}\"},\"query-input\":{\"@type\":\"PropertyValueSpecification\",\"valueRequired\":true,\"valueName\":\"search_term_string\"}}],\"inLanguage\":\"es\"}]}<\/script>\n<!-- \/ Yoast SEO plugin. -->","yoast_head_json":{"title":"Solicitar informaci\u00f3n - Future Health Biobank Spain","description":"Por favor rellene el formulario para solicitar m\u00e1s informaci\u00f3n a Future Health Biobank.","robots":{"index":"noindex","follow":"follow","max-snippet":"max-snippet:-1","max-image-preview":"max-image-preview:large","max-video-preview":"max-video-preview:-1"},"og_locale":"es_ES","og_type":"article","og_title":"Solicitar informaci\u00f3n - Future Health Biobank Spain","og_description":"Por favor rellene el formulario para solicitar m\u00e1s informaci\u00f3n a Future Health Biobank.","og_url":"https:\/\/staging.futurehealthbiobank.com\/es\/solicitar-informacion\/","og_site_name":"Future Health Biobank Spain","article_modified_time":"2022-12-13T13:05:18+00:00","twitter_card":"summary_large_image","schema":{"@context":"https:\/\/schema.org","@graph":[{"@type":"WebPage","@id":"https:\/\/staging.futurehealthbiobank.com\/es\/solicitar-informacion\/","url":"https:\/\/staging.futurehealthbiobank.com\/es\/solicitar-informacion\/","name":"Solicitar informaci\u00f3n - Future Health Biobank Spain","isPartOf":{"@id":"https:\/\/staging.futurehealthbiobank.com\/es\/#website"},"datePublished":"2016-05-09T11:02:29+00:00","dateModified":"2022-12-13T13:05:18+00:00","description":"Por favor rellene el formulario para solicitar m\u00e1s informaci\u00f3n a Future Health Biobank.","inLanguage":"es","potentialAction":[{"@type":"ReadAction","target":["https:\/\/staging.futurehealthbiobank.com\/es\/solicitar-informacion\/"]}]},{"@type":"WebSite","@id":"https:\/\/staging.futurehealthbiobank.com\/es\/#website","url":"https:\/\/staging.futurehealthbiobank.com\/es\/","name":"Future Health Biobank Spain","description":"","potentialAction":[{"@type":"SearchAction","target":{"@type":"EntryPoint","urlTemplate":"https:\/\/staging.futurehealthbiobank.com\/es\/?s={search_term_string}"},"query-input":{"@type":"PropertyValueSpecification","valueRequired":true,"valueName":"search_term_string"}}],"inLanguage":"es"}]}},"_links":{"self":[{"href":"https:\/\/staging.futurehealthbiobank.com\/es\/wp-json\/wp\/v2\/pages\/867","targetHints":{"allow":["GET"]}}],"collection":[{"href":"https:\/\/staging.futurehealthbiobank.com\/es\/wp-json\/wp\/v2\/pages"}],"about":[{"href":"https:\/\/staging.futurehealthbiobank.com\/es\/wp-json\/wp\/v2\/types\/page"}],"author":[{"embeddable":true,"href":"https:\/\/staging.futurehealthbiobank.com\/es\/wp-json\/wp\/v2\/users\/25"}],"replies":[{"embeddable":true,"href":"https:\/\/staging.futurehealthbiobank.com\/es\/wp-json\/wp\/v2\/comments?post=867"}],"version-history":[{"count":0,"href":"https:\/\/staging.futurehealthbiobank.com\/es\/wp-json\/wp\/v2\/pages\/867\/revisions"}],"wp:attachment":[{"href":"https:\/\/staging.futurehealthbiobank.com\/es\/wp-json\/wp\/v2\/media?parent=867"}],"curies":[{"name":"wp","href":"https:\/\/api.w.org\/{rel}","templated":true}]}}