{"id":30575,"date":"2017-11-27T09:31:13","date_gmt":"2017-11-27T08:31:13","guid":{"rendered":"http:\/\/fhbb.staging.wpengine.com\/?page_id=7399"},"modified":"2023-03-20T11:22:17","modified_gmt":"2023-03-20T10:22:17","slug":"cose-la-conservazione-della-polpa-dentale","status":"publish","type":"page","link":"https:\/\/staging.futurehealthbiobank.com\/it\/cose-la-conservazione-della-polpa-dentale\/","title":{"rendered":"Cos&#8217;\u00e8 la conservazione della Polpa Dentale?"},"content":{"rendered":"<div class=\"helpful-block-content wth-theme-thumbs\" data-title=\"\" >\n<ul>\n<li><span class=\"wth-title\">E\\' stato utile?<\/span><\/li>\n<li><a data-post=\"30575\" data-post-url=\"https:\/\/staging.futurehealthbiobank.com\/it\/cose-la-conservazione-della-polpa-dentale\/\" data-post-title=\"Cos&#8217;\u00e8 la conservazione della Polpa Dentale?\" data-response=\"1\" href=\"#\" class=\"wth-green-btn icon-thumbsup icon1-thumbs-up4\">Si<\/a><a data-response=\"0\" data-post=\"30575\" data-post-url=\"https:\/\/staging.futurehealthbiobank.com\/it\/cose-la-conservazione-della-polpa-dentale\/\" data-post-title=\"Cos&#8217;\u00e8 la conservazione della Polpa Dentale?\" href=\"#\" class=\"wth-red-btn icon-thumbsdown icon1-thumbs-down4\">No<\/a><\/li>\n<\/ul>\n<\/div>","protected":false},"excerpt":{"rendered":"<p>E\\&#8217; stato utile? SiNo<\/p>\n","protected":false},"author":25,"featured_media":0,"parent":0,"menu_order":0,"comment_status":"closed","ping_status":"closed","template":"page-landing.php","meta":{"_acf_changed":false,"footnotes":""},"class_list":["post-30575","page","type-page","status-publish","hentry"],"acf":[],"yoast_head":"<!-- This site is optimized with the Yoast SEO plugin v26.7 - https:\/\/yoast.com\/wordpress\/plugins\/seo\/ -->\n<title>Cos&#039;\u00e8 la conservazione della Polpa Dentale? | Future Health Biobank<\/title>\n<meta name=\"description\" content=\"La polpa dentale dei denti da latte contiene cellule uniche per tuo figlio, il che significa una perfetta compatibilit\u00e0 con il bambino stesso ed una significativa probabilit\u00e0 di compatibilit\u00e0 con gli altri membri della famiglia.\" \/>\n<meta name=\"robots\" content=\"noindex, follow, max-snippet:-1, max-image-preview:large, max-video-preview:-1\" \/>\n<meta property=\"og:locale\" content=\"it_IT\" \/>\n<meta property=\"og:type\" content=\"article\" \/>\n<meta property=\"og:title\" content=\"Cos&#039;\u00e8 la conservazione della Polpa Dentale? | Future Health Biobank\" \/>\n<meta property=\"og:description\" content=\"La polpa dentale dei denti da latte contiene cellule uniche per tuo figlio, il che significa una perfetta compatibilit\u00e0 con il bambino stesso ed una significativa probabilit\u00e0 di compatibilit\u00e0 con gli altri membri della famiglia.\" \/>\n<meta property=\"og:url\" content=\"https:\/\/staging.futurehealthbiobank.com\/it\/cose-la-conservazione-della-polpa-dentale\/\" \/>\n<meta property=\"og:site_name\" content=\"Future Health Biobank Italy\" \/>\n<meta property=\"article:modified_time\" content=\"2023-03-20T10:22:17+00:00\" \/>\n<meta name=\"twitter:card\" content=\"summary_large_image\" \/>\n<script type=\"application\/ld+json\" class=\"yoast-schema-graph\">{\"@context\":\"https:\/\/schema.org\",\"@graph\":[{\"@type\":\"WebPage\",\"@id\":\"https:\/\/staging.futurehealthbiobank.com\/it\/cose-la-conservazione-della-polpa-dentale\/\",\"url\":\"https:\/\/staging.futurehealthbiobank.com\/it\/cose-la-conservazione-della-polpa-dentale\/\",\"name\":\"Cos'\u00e8 la conservazione della Polpa Dentale? | Future Health Biobank\",\"isPartOf\":{\"@id\":\"https:\/\/staging.futurehealthbiobank.com\/it\/#website\"},\"datePublished\":\"2017-11-27T08:31:13+00:00\",\"dateModified\":\"2023-03-20T10:22:17+00:00\",\"description\":\"La polpa dentale dei denti da latte contiene cellule uniche per tuo figlio, il che significa una perfetta compatibilit\u00e0 con il bambino stesso ed una significativa probabilit\u00e0 di compatibilit\u00e0 con gli altri membri della famiglia.\",\"inLanguage\":\"it-IT\",\"potentialAction\":[{\"@type\":\"ReadAction\",\"target\":[\"https:\/\/staging.futurehealthbiobank.com\/it\/cose-la-conservazione-della-polpa-dentale\/\"]}]},{\"@type\":\"WebSite\",\"@id\":\"https:\/\/staging.futurehealthbiobank.com\/it\/#website\",\"url\":\"https:\/\/staging.futurehealthbiobank.com\/it\/\",\"name\":\"Future Health Biobank Italy\",\"description\":\"\",\"potentialAction\":[{\"@type\":\"SearchAction\",\"target\":{\"@type\":\"EntryPoint\",\"urlTemplate\":\"https:\/\/staging.futurehealthbiobank.com\/it\/?s={search_term_string}\"},\"query-input\":{\"@type\":\"PropertyValueSpecification\",\"valueRequired\":true,\"valueName\":\"search_term_string\"}}],\"inLanguage\":\"it-IT\"}]}<\/script>\n<!-- \/ Yoast SEO plugin. -->","yoast_head_json":{"title":"Cos'\u00e8 la conservazione della Polpa Dentale? | Future Health Biobank","description":"La polpa dentale dei denti da latte contiene cellule uniche per tuo figlio, il che significa una perfetta compatibilit\u00e0 con il bambino stesso ed una significativa probabilit\u00e0 di compatibilit\u00e0 con gli altri membri della famiglia.","robots":{"index":"noindex","follow":"follow","max-snippet":"max-snippet:-1","max-image-preview":"max-image-preview:large","max-video-preview":"max-video-preview:-1"},"og_locale":"it_IT","og_type":"article","og_title":"Cos'\u00e8 la conservazione della Polpa Dentale? | Future Health Biobank","og_description":"La polpa dentale dei denti da latte contiene cellule uniche per tuo figlio, il che significa una perfetta compatibilit\u00e0 con il bambino stesso ed una significativa probabilit\u00e0 di compatibilit\u00e0 con gli altri membri della famiglia.","og_url":"https:\/\/staging.futurehealthbiobank.com\/it\/cose-la-conservazione-della-polpa-dentale\/","og_site_name":"Future Health Biobank Italy","article_modified_time":"2023-03-20T10:22:17+00:00","twitter_card":"summary_large_image","schema":{"@context":"https:\/\/schema.org","@graph":[{"@type":"WebPage","@id":"https:\/\/staging.futurehealthbiobank.com\/it\/cose-la-conservazione-della-polpa-dentale\/","url":"https:\/\/staging.futurehealthbiobank.com\/it\/cose-la-conservazione-della-polpa-dentale\/","name":"Cos'\u00e8 la conservazione della Polpa Dentale? | Future Health Biobank","isPartOf":{"@id":"https:\/\/staging.futurehealthbiobank.com\/it\/#website"},"datePublished":"2017-11-27T08:31:13+00:00","dateModified":"2023-03-20T10:22:17+00:00","description":"La polpa dentale dei denti da latte contiene cellule uniche per tuo figlio, il che significa una perfetta compatibilit\u00e0 con il bambino stesso ed una significativa probabilit\u00e0 di compatibilit\u00e0 con gli altri membri della famiglia.","inLanguage":"it-IT","potentialAction":[{"@type":"ReadAction","target":["https:\/\/staging.futurehealthbiobank.com\/it\/cose-la-conservazione-della-polpa-dentale\/"]}]},{"@type":"WebSite","@id":"https:\/\/staging.futurehealthbiobank.com\/it\/#website","url":"https:\/\/staging.futurehealthbiobank.com\/it\/","name":"Future Health Biobank Italy","description":"","potentialAction":[{"@type":"SearchAction","target":{"@type":"EntryPoint","urlTemplate":"https:\/\/staging.futurehealthbiobank.com\/it\/?s={search_term_string}"},"query-input":{"@type":"PropertyValueSpecification","valueRequired":true,"valueName":"search_term_string"}}],"inLanguage":"it-IT"}]}},"_links":{"self":[{"href":"https:\/\/staging.futurehealthbiobank.com\/it\/wp-json\/wp\/v2\/pages\/30575","targetHints":{"allow":["GET"]}}],"collection":[{"href":"https:\/\/staging.futurehealthbiobank.com\/it\/wp-json\/wp\/v2\/pages"}],"about":[{"href":"https:\/\/staging.futurehealthbiobank.com\/it\/wp-json\/wp\/v2\/types\/page"}],"author":[{"embeddable":true,"href":"https:\/\/staging.futurehealthbiobank.com\/it\/wp-json\/wp\/v2\/users\/25"}],"replies":[{"embeddable":true,"href":"https:\/\/staging.futurehealthbiobank.com\/it\/wp-json\/wp\/v2\/comments?post=30575"}],"version-history":[{"count":0,"href":"https:\/\/staging.futurehealthbiobank.com\/it\/wp-json\/wp\/v2\/pages\/30575\/revisions"}],"wp:attachment":[{"href":"https:\/\/staging.futurehealthbiobank.com\/it\/wp-json\/wp\/v2\/media?parent=30575"}],"curies":[{"name":"wp","href":"https:\/\/api.w.org\/{rel}","templated":true}]}}