{"id":2382,"date":"2016-02-15T00:40:47","date_gmt":"2016-02-15T00:40:47","guid":{"rendered":"https:\/\/staging.futurehealthbiobank.com\/fhbb-2\/?page_id=2382"},"modified":"2020-01-09T15:07:35","modified_gmt":"2020-01-09T14:07:35","slug":"ruajtja-e-qelizave-staminale","status":"publish","type":"page","link":"https:\/\/staging.futurehealthbiobank.com\/ko\/sherbimet-tona\/ruajtja-e-qelizave-staminale\/","title":{"rendered":"Ruajtja e qelizave staminale"},"content":{"rendered":"","protected":false},"excerpt":{"rendered":"","protected":false},"author":2,"featured_media":0,"parent":4365,"menu_order":0,"comment_status":"closed","ping_status":"closed","template":"page-page_template.php","meta":{"_acf_changed":false,"footnotes":""},"class_list":["post-2382","page","type-page","status-publish","hentry"],"acf":[],"yoast_head":"<!-- This site is optimized with the Yoast SEO plugin v26.7 - https:\/\/yoast.com\/wordpress\/plugins\/seo\/ -->\n<title>Ruajtja e qelizave staminale<\/title>\n<meta name=\"description\" content=\"Ruajtja e qelizave staminale t\u00eb kordonit k\u00ebrthizor, pulpit t\u00eb dh\u00ebmb\u00ebve t\u00eb qum\u00ebshtit\" \/>\n<meta name=\"robots\" content=\"noindex, follow, max-snippet:-1, max-image-preview:large, max-video-preview:-1\" \/>\n<meta property=\"og:locale\" content=\"sq_AL\" \/>\n<meta property=\"og:type\" content=\"article\" \/>\n<meta property=\"og:title\" content=\"Ruajtja e qelizave staminale\" \/>\n<meta property=\"og:description\" content=\"Ruajtja e qelizave staminale t\u00eb kordonit k\u00ebrthizor, pulpit t\u00eb dh\u00ebmb\u00ebve t\u00eb qum\u00ebshtit\" \/>\n<meta property=\"og:url\" content=\"https:\/\/staging.futurehealthbiobank.com\/ko\/sherbimet-tona\/ruajtja-e-qelizave-staminale\/\" \/>\n<meta property=\"og:site_name\" content=\"Future Health Biobank Kosovo\" \/>\n<meta property=\"article:modified_time\" content=\"2020-01-09T14:07:35+00:00\" \/>\n<meta name=\"twitter:card\" content=\"summary_large_image\" \/>\n<script type=\"application\/ld+json\" class=\"yoast-schema-graph\">{\"@context\":\"https:\/\/schema.org\",\"@graph\":[{\"@type\":\"WebPage\",\"@id\":\"https:\/\/staging.futurehealthbiobank.com\/ko\/sherbimet-tona\/ruajtja-e-qelizave-staminale\/\",\"url\":\"https:\/\/staging.futurehealthbiobank.com\/ko\/sherbimet-tona\/ruajtja-e-qelizave-staminale\/\",\"name\":\"Ruajtja e qelizave staminale\",\"isPartOf\":{\"@id\":\"https:\/\/staging.futurehealthbiobank.com\/ko\/#website\"},\"datePublished\":\"2016-02-15T00:40:47+00:00\",\"dateModified\":\"2020-01-09T14:07:35+00:00\",\"description\":\"Ruajtja e qelizave staminale t\u00eb kordonit k\u00ebrthizor, pulpit t\u00eb dh\u00ebmb\u00ebve t\u00eb qum\u00ebshtit\",\"breadcrumb\":{\"@id\":\"https:\/\/staging.futurehealthbiobank.com\/ko\/sherbimet-tona\/ruajtja-e-qelizave-staminale\/#breadcrumb\"},\"inLanguage\":\"sq\",\"potentialAction\":[{\"@type\":\"ReadAction\",\"target\":[\"https:\/\/staging.futurehealthbiobank.com\/ko\/sherbimet-tona\/ruajtja-e-qelizave-staminale\/\"]}]},{\"@type\":\"BreadcrumbList\",\"@id\":\"https:\/\/staging.futurehealthbiobank.com\/ko\/sherbimet-tona\/ruajtja-e-qelizave-staminale\/#breadcrumb\",\"itemListElement\":[{\"@type\":\"ListItem\",\"position\":1,\"name\":\"Sh\u00ebrbimet tona\",\"item\":\"https:\/\/staging.futurehealthbiobank.com\/ko\/sherbimet-tona\/\"},{\"@type\":\"ListItem\",\"position\":2,\"name\":\"Ruajtja e qelizave staminale\"}]},{\"@type\":\"WebSite\",\"@id\":\"https:\/\/staging.futurehealthbiobank.com\/ko\/#website\",\"url\":\"https:\/\/staging.futurehealthbiobank.com\/ko\/\",\"name\":\"Future Health Biobank Kosovo\",\"description\":\"\",\"potentialAction\":[{\"@type\":\"SearchAction\",\"target\":{\"@type\":\"EntryPoint\",\"urlTemplate\":\"https:\/\/staging.futurehealthbiobank.com\/ko\/?s={search_term_string}\"},\"query-input\":{\"@type\":\"PropertyValueSpecification\",\"valueRequired\":true,\"valueName\":\"search_term_string\"}}],\"inLanguage\":\"sq\"}]}<\/script>\n<!-- \/ Yoast SEO plugin. -->","yoast_head_json":{"title":"Ruajtja e qelizave staminale","description":"Ruajtja e qelizave staminale t\u00eb kordonit k\u00ebrthizor, pulpit t\u00eb dh\u00ebmb\u00ebve t\u00eb qum\u00ebshtit","robots":{"index":"noindex","follow":"follow","max-snippet":"max-snippet:-1","max-image-preview":"max-image-preview:large","max-video-preview":"max-video-preview:-1"},"og_locale":"sq_AL","og_type":"article","og_title":"Ruajtja e qelizave staminale","og_description":"Ruajtja e qelizave staminale t\u00eb kordonit k\u00ebrthizor, pulpit t\u00eb dh\u00ebmb\u00ebve t\u00eb qum\u00ebshtit","og_url":"https:\/\/staging.futurehealthbiobank.com\/ko\/sherbimet-tona\/ruajtja-e-qelizave-staminale\/","og_site_name":"Future Health Biobank Kosovo","article_modified_time":"2020-01-09T14:07:35+00:00","twitter_card":"summary_large_image","schema":{"@context":"https:\/\/schema.org","@graph":[{"@type":"WebPage","@id":"https:\/\/staging.futurehealthbiobank.com\/ko\/sherbimet-tona\/ruajtja-e-qelizave-staminale\/","url":"https:\/\/staging.futurehealthbiobank.com\/ko\/sherbimet-tona\/ruajtja-e-qelizave-staminale\/","name":"Ruajtja e qelizave staminale","isPartOf":{"@id":"https:\/\/staging.futurehealthbiobank.com\/ko\/#website"},"datePublished":"2016-02-15T00:40:47+00:00","dateModified":"2020-01-09T14:07:35+00:00","description":"Ruajtja e qelizave staminale t\u00eb kordonit k\u00ebrthizor, pulpit t\u00eb dh\u00ebmb\u00ebve t\u00eb qum\u00ebshtit","breadcrumb":{"@id":"https:\/\/staging.futurehealthbiobank.com\/ko\/sherbimet-tona\/ruajtja-e-qelizave-staminale\/#breadcrumb"},"inLanguage":"sq","potentialAction":[{"@type":"ReadAction","target":["https:\/\/staging.futurehealthbiobank.com\/ko\/sherbimet-tona\/ruajtja-e-qelizave-staminale\/"]}]},{"@type":"BreadcrumbList","@id":"https:\/\/staging.futurehealthbiobank.com\/ko\/sherbimet-tona\/ruajtja-e-qelizave-staminale\/#breadcrumb","itemListElement":[{"@type":"ListItem","position":1,"name":"Sh\u00ebrbimet tona","item":"https:\/\/staging.futurehealthbiobank.com\/ko\/sherbimet-tona\/"},{"@type":"ListItem","position":2,"name":"Ruajtja e qelizave staminale"}]},{"@type":"WebSite","@id":"https:\/\/staging.futurehealthbiobank.com\/ko\/#website","url":"https:\/\/staging.futurehealthbiobank.com\/ko\/","name":"Future Health Biobank Kosovo","description":"","potentialAction":[{"@type":"SearchAction","target":{"@type":"EntryPoint","urlTemplate":"https:\/\/staging.futurehealthbiobank.com\/ko\/?s={search_term_string}"},"query-input":{"@type":"PropertyValueSpecification","valueRequired":true,"valueName":"search_term_string"}}],"inLanguage":"sq"}]}},"_links":{"self":[{"href":"https:\/\/staging.futurehealthbiobank.com\/ko\/wp-json\/wp\/v2\/pages\/2382","targetHints":{"allow":["GET"]}}],"collection":[{"href":"https:\/\/staging.futurehealthbiobank.com\/ko\/wp-json\/wp\/v2\/pages"}],"about":[{"href":"https:\/\/staging.futurehealthbiobank.com\/ko\/wp-json\/wp\/v2\/types\/page"}],"author":[{"embeddable":true,"href":"https:\/\/staging.futurehealthbiobank.com\/ko\/wp-json\/wp\/v2\/users\/2"}],"replies":[{"embeddable":true,"href":"https:\/\/staging.futurehealthbiobank.com\/ko\/wp-json\/wp\/v2\/comments?post=2382"}],"version-history":[{"count":0,"href":"https:\/\/staging.futurehealthbiobank.com\/ko\/wp-json\/wp\/v2\/pages\/2382\/revisions"}],"up":[{"embeddable":true,"href":"https:\/\/staging.futurehealthbiobank.com\/ko\/wp-json\/wp\/v2\/pages\/4365"}],"wp:attachment":[{"href":"https:\/\/staging.futurehealthbiobank.com\/ko\/wp-json\/wp\/v2\/media?parent=2382"}],"curies":[{"name":"wp","href":"https:\/\/api.w.org\/{rel}","templated":true}]}}