{"id":2937,"date":"2016-03-10T00:35:56","date_gmt":"2016-03-10T00:35:56","guid":{"rendered":"https:\/\/staging.futurehealthbiobank.com\/fhbb-2\/?page_id=2937"},"modified":"2020-01-09T14:56:46","modified_gmt":"2020-01-09T13:56:46","slug":"indi-i-kordonit","status":"publish","type":"page","link":"https:\/\/staging.futurehealthbiobank.com\/ko\/sherbimet-tona\/ruajtja-e-qelizave-staminale\/indi-i-kordonit\/","title":{"rendered":"Indi i kordonit"},"content":{"rendered":"","protected":false},"excerpt":{"rendered":"","protected":false},"author":2,"featured_media":0,"parent":2382,"menu_order":0,"comment_status":"closed","ping_status":"closed","template":"page-page_template.php","meta":{"_acf_changed":false,"footnotes":""},"class_list":["post-2937","page","type-page","status-publish","hentry"],"acf":[],"yoast_head":"<!-- This site is optimized with the Yoast SEO plugin v26.7 - https:\/\/yoast.com\/wordpress\/plugins\/seo\/ -->\n<title>Indi i Kordonit | Qelizat staminale t\u00eb indit t\u00eb kordonit k\u00ebrthizor<\/title>\n<meta name=\"description\" content=\"Qelizat staminale prej indit t\u00eb kordonit k\u00ebrthizor kan\u00eb nj\u00eb potencial t\u00eb jashtzakonsh\u00ebm p\u00ebr trajtimin e nj\u00eb s\u00ebr\u00eb s\u00ebmundjesh n\u00eb t\u00eb ardhmen si paraliza cerebrale, diabeti e s\u00ebmundjet e zemr\u00ebs, aktualisht n\u00eb faz\u00eb provash klinike p\u00ebr efikasitetin e tyre\" \/>\n<meta name=\"robots\" content=\"noindex, follow, max-snippet:-1, max-image-preview:large, max-video-preview:-1\" \/>\n<meta property=\"og:locale\" content=\"sq_AL\" \/>\n<meta property=\"og:type\" content=\"article\" \/>\n<meta property=\"og:title\" content=\"Indi i Kordonit | Qelizat staminale t\u00eb indit t\u00eb kordonit k\u00ebrthizor\" \/>\n<meta property=\"og:description\" content=\"Qelizat staminale prej indit t\u00eb kordonit k\u00ebrthizor kan\u00eb nj\u00eb potencial t\u00eb jashtzakonsh\u00ebm p\u00ebr trajtimin e nj\u00eb s\u00ebr\u00eb s\u00ebmundjesh n\u00eb t\u00eb ardhmen si paraliza cerebrale, diabeti e s\u00ebmundjet e zemr\u00ebs, aktualisht n\u00eb faz\u00eb provash klinike p\u00ebr efikasitetin e tyre\" \/>\n<meta property=\"og:url\" content=\"https:\/\/staging.futurehealthbiobank.com\/ko\/sherbimet-tona\/ruajtja-e-qelizave-staminale\/indi-i-kordonit\/\" \/>\n<meta property=\"og:site_name\" content=\"Future Health Biobank Kosovo\" \/>\n<meta property=\"article:modified_time\" content=\"2020-01-09T13:56:46+00:00\" \/>\n<meta name=\"twitter:card\" content=\"summary_large_image\" \/>\n<script type=\"application\/ld+json\" class=\"yoast-schema-graph\">{\"@context\":\"https:\/\/schema.org\",\"@graph\":[{\"@type\":\"WebPage\",\"@id\":\"https:\/\/staging.futurehealthbiobank.com\/ko\/sherbimet-tona\/ruajtja-e-qelizave-staminale\/indi-i-kordonit\/\",\"url\":\"https:\/\/staging.futurehealthbiobank.com\/ko\/sherbimet-tona\/ruajtja-e-qelizave-staminale\/indi-i-kordonit\/\",\"name\":\"Indi i Kordonit | Qelizat staminale t\u00eb indit t\u00eb kordonit k\u00ebrthizor\",\"isPartOf\":{\"@id\":\"https:\/\/staging.futurehealthbiobank.com\/ko\/#website\"},\"datePublished\":\"2016-03-10T00:35:56+00:00\",\"dateModified\":\"2020-01-09T13:56:46+00:00\",\"description\":\"Qelizat staminale prej indit t\u00eb kordonit k\u00ebrthizor kan\u00eb nj\u00eb potencial t\u00eb jashtzakonsh\u00ebm p\u00ebr trajtimin e nj\u00eb s\u00ebr\u00eb s\u00ebmundjesh n\u00eb t\u00eb ardhmen si paraliza cerebrale, diabeti e s\u00ebmundjet e zemr\u00ebs, aktualisht n\u00eb faz\u00eb provash klinike p\u00ebr efikasitetin e tyre\",\"breadcrumb\":{\"@id\":\"https:\/\/staging.futurehealthbiobank.com\/ko\/sherbimet-tona\/ruajtja-e-qelizave-staminale\/indi-i-kordonit\/#breadcrumb\"},\"inLanguage\":\"sq\",\"potentialAction\":[{\"@type\":\"ReadAction\",\"target\":[\"https:\/\/staging.futurehealthbiobank.com\/ko\/sherbimet-tona\/ruajtja-e-qelizave-staminale\/indi-i-kordonit\/\"]}]},{\"@type\":\"BreadcrumbList\",\"@id\":\"https:\/\/staging.futurehealthbiobank.com\/ko\/sherbimet-tona\/ruajtja-e-qelizave-staminale\/indi-i-kordonit\/#breadcrumb\",\"itemListElement\":[{\"@type\":\"ListItem\",\"position\":1,\"name\":\"Sh\u00ebrbimet tona\",\"item\":\"https:\/\/staging.futurehealthbiobank.com\/ko\/sherbimet-tona\/\"},{\"@type\":\"ListItem\",\"position\":2,\"name\":\"Ruajtja e qelizave staminale\",\"item\":\"https:\/\/staging.futurehealthbiobank.com\/ko\/sherbimet-tona\/ruajtja-e-qelizave-staminale\/\"},{\"@type\":\"ListItem\",\"position\":3,\"name\":\"Indi i kordonit\"}]},{\"@type\":\"WebSite\",\"@id\":\"https:\/\/staging.futurehealthbiobank.com\/ko\/#website\",\"url\":\"https:\/\/staging.futurehealthbiobank.com\/ko\/\",\"name\":\"Future Health Biobank Kosovo\",\"description\":\"\",\"potentialAction\":[{\"@type\":\"SearchAction\",\"target\":{\"@type\":\"EntryPoint\",\"urlTemplate\":\"https:\/\/staging.futurehealthbiobank.com\/ko\/?s={search_term_string}\"},\"query-input\":{\"@type\":\"PropertyValueSpecification\",\"valueRequired\":true,\"valueName\":\"search_term_string\"}}],\"inLanguage\":\"sq\"}]}<\/script>\n<!-- \/ Yoast SEO plugin. -->","yoast_head_json":{"title":"Indi i Kordonit | Qelizat staminale t\u00eb indit t\u00eb kordonit k\u00ebrthizor","description":"Qelizat staminale prej indit t\u00eb kordonit k\u00ebrthizor kan\u00eb nj\u00eb potencial t\u00eb jashtzakonsh\u00ebm p\u00ebr trajtimin e nj\u00eb s\u00ebr\u00eb s\u00ebmundjesh n\u00eb t\u00eb ardhmen si paraliza cerebrale, diabeti e s\u00ebmundjet e zemr\u00ebs, aktualisht n\u00eb faz\u00eb provash klinike p\u00ebr efikasitetin e tyre","robots":{"index":"noindex","follow":"follow","max-snippet":"max-snippet:-1","max-image-preview":"max-image-preview:large","max-video-preview":"max-video-preview:-1"},"og_locale":"sq_AL","og_type":"article","og_title":"Indi i Kordonit | Qelizat staminale t\u00eb indit t\u00eb kordonit k\u00ebrthizor","og_description":"Qelizat staminale prej indit t\u00eb kordonit k\u00ebrthizor kan\u00eb nj\u00eb potencial t\u00eb jashtzakonsh\u00ebm p\u00ebr trajtimin e nj\u00eb s\u00ebr\u00eb s\u00ebmundjesh n\u00eb t\u00eb ardhmen si paraliza cerebrale, diabeti e s\u00ebmundjet e zemr\u00ebs, aktualisht n\u00eb faz\u00eb provash klinike p\u00ebr efikasitetin e tyre","og_url":"https:\/\/staging.futurehealthbiobank.com\/ko\/sherbimet-tona\/ruajtja-e-qelizave-staminale\/indi-i-kordonit\/","og_site_name":"Future Health Biobank Kosovo","article_modified_time":"2020-01-09T13:56:46+00:00","twitter_card":"summary_large_image","schema":{"@context":"https:\/\/schema.org","@graph":[{"@type":"WebPage","@id":"https:\/\/staging.futurehealthbiobank.com\/ko\/sherbimet-tona\/ruajtja-e-qelizave-staminale\/indi-i-kordonit\/","url":"https:\/\/staging.futurehealthbiobank.com\/ko\/sherbimet-tona\/ruajtja-e-qelizave-staminale\/indi-i-kordonit\/","name":"Indi i Kordonit | Qelizat staminale t\u00eb indit t\u00eb kordonit k\u00ebrthizor","isPartOf":{"@id":"https:\/\/staging.futurehealthbiobank.com\/ko\/#website"},"datePublished":"2016-03-10T00:35:56+00:00","dateModified":"2020-01-09T13:56:46+00:00","description":"Qelizat staminale prej indit t\u00eb kordonit k\u00ebrthizor kan\u00eb nj\u00eb potencial t\u00eb jashtzakonsh\u00ebm p\u00ebr trajtimin e nj\u00eb s\u00ebr\u00eb s\u00ebmundjesh n\u00eb t\u00eb ardhmen si paraliza cerebrale, diabeti e s\u00ebmundjet e zemr\u00ebs, aktualisht n\u00eb faz\u00eb provash klinike p\u00ebr efikasitetin e tyre","breadcrumb":{"@id":"https:\/\/staging.futurehealthbiobank.com\/ko\/sherbimet-tona\/ruajtja-e-qelizave-staminale\/indi-i-kordonit\/#breadcrumb"},"inLanguage":"sq","potentialAction":[{"@type":"ReadAction","target":["https:\/\/staging.futurehealthbiobank.com\/ko\/sherbimet-tona\/ruajtja-e-qelizave-staminale\/indi-i-kordonit\/"]}]},{"@type":"BreadcrumbList","@id":"https:\/\/staging.futurehealthbiobank.com\/ko\/sherbimet-tona\/ruajtja-e-qelizave-staminale\/indi-i-kordonit\/#breadcrumb","itemListElement":[{"@type":"ListItem","position":1,"name":"Sh\u00ebrbimet tona","item":"https:\/\/staging.futurehealthbiobank.com\/ko\/sherbimet-tona\/"},{"@type":"ListItem","position":2,"name":"Ruajtja e qelizave staminale","item":"https:\/\/staging.futurehealthbiobank.com\/ko\/sherbimet-tona\/ruajtja-e-qelizave-staminale\/"},{"@type":"ListItem","position":3,"name":"Indi i kordonit"}]},{"@type":"WebSite","@id":"https:\/\/staging.futurehealthbiobank.com\/ko\/#website","url":"https:\/\/staging.futurehealthbiobank.com\/ko\/","name":"Future Health Biobank Kosovo","description":"","potentialAction":[{"@type":"SearchAction","target":{"@type":"EntryPoint","urlTemplate":"https:\/\/staging.futurehealthbiobank.com\/ko\/?s={search_term_string}"},"query-input":{"@type":"PropertyValueSpecification","valueRequired":true,"valueName":"search_term_string"}}],"inLanguage":"sq"}]}},"_links":{"self":[{"href":"https:\/\/staging.futurehealthbiobank.com\/ko\/wp-json\/wp\/v2\/pages\/2937","targetHints":{"allow":["GET"]}}],"collection":[{"href":"https:\/\/staging.futurehealthbiobank.com\/ko\/wp-json\/wp\/v2\/pages"}],"about":[{"href":"https:\/\/staging.futurehealthbiobank.com\/ko\/wp-json\/wp\/v2\/types\/page"}],"author":[{"embeddable":true,"href":"https:\/\/staging.futurehealthbiobank.com\/ko\/wp-json\/wp\/v2\/users\/2"}],"replies":[{"embeddable":true,"href":"https:\/\/staging.futurehealthbiobank.com\/ko\/wp-json\/wp\/v2\/comments?post=2937"}],"version-history":[{"count":0,"href":"https:\/\/staging.futurehealthbiobank.com\/ko\/wp-json\/wp\/v2\/pages\/2937\/revisions"}],"up":[{"embeddable":true,"href":"https:\/\/staging.futurehealthbiobank.com\/ko\/wp-json\/wp\/v2\/pages\/2382"}],"wp:attachment":[{"href":"https:\/\/staging.futurehealthbiobank.com\/ko\/wp-json\/wp\/v2\/media?parent=2937"}],"curies":[{"name":"wp","href":"https:\/\/api.w.org\/{rel}","templated":true}]}}