{"id":2810,"date":"2020-02-03T21:38:13","date_gmt":"2020-02-03T20:38:13","guid":{"rendered":"https:\/\/staging.futurehealthbiobank.com\/ch-de\/?page_id=2810"},"modified":"2022-01-04T17:25:48","modified_gmt":"2022-01-04T16:25:48","slug":"nabelschnur","status":"publish","type":"page","link":"https:\/\/staging.futurehealthbiobank.com\/lu-de\/nabelschnur\/","title":{"rendered":"Nabelschnur"},"content":{"rendered":"","protected":false},"excerpt":{"rendered":"","protected":false},"author":24,"featured_media":0,"parent":0,"menu_order":0,"comment_status":"closed","ping_status":"closed","template":"page-pricingnew.php","meta":{"_acf_changed":false,"footnotes":""},"class_list":["post-2810","page","type-page","status-publish","hentry"],"acf":[],"yoast_head":"<!-- This site is optimized with the Yoast SEO plugin v26.7 - https:\/\/yoast.com\/wordpress\/plugins\/seo\/ -->\n<title>Preise f\u00fcr Nabelschnurbanken | Future Health Biobank<\/title>\n<meta name=\"description\" content=\"Informieren Sie sich \u00fcber unsere wettbewerbsf\u00e4higen Preise f\u00fcr Nabelschnurstammzellenbanken.\" \/>\n<meta name=\"robots\" content=\"noindex, follow, max-snippet:-1, max-image-preview:large, max-video-preview:-1\" \/>\n<meta property=\"og:locale\" content=\"de_DE\" \/>\n<meta property=\"og:type\" content=\"article\" \/>\n<meta property=\"og:title\" content=\"Preise f\u00fcr Nabelschnurbanken | Future Health Biobank\" \/>\n<meta property=\"og:description\" content=\"Informieren Sie sich \u00fcber unsere wettbewerbsf\u00e4higen Preise f\u00fcr Nabelschnurstammzellenbanken.\" \/>\n<meta property=\"og:url\" content=\"https:\/\/staging.futurehealthbiobank.com\/lu-de\/nabelschnur\/\" \/>\n<meta property=\"og:site_name\" content=\"Future Health Biobank Luxembourg German\" \/>\n<meta property=\"article:modified_time\" content=\"2022-01-04T16:25:48+00:00\" \/>\n<meta name=\"twitter:card\" content=\"summary_large_image\" \/>\n<script type=\"application\/ld+json\" class=\"yoast-schema-graph\">{\"@context\":\"https:\/\/schema.org\",\"@graph\":[{\"@type\":\"WebPage\",\"@id\":\"https:\/\/staging.futurehealthbiobank.com\/lu-de\/nabelschnur\/\",\"url\":\"https:\/\/staging.futurehealthbiobank.com\/lu-de\/nabelschnur\/\",\"name\":\"Preise f\u00fcr Nabelschnurbanken | Future Health Biobank\",\"isPartOf\":{\"@id\":\"https:\/\/staging.futurehealthbiobank.com\/lu-de\/#website\"},\"datePublished\":\"2020-02-03T20:38:13+00:00\",\"dateModified\":\"2022-01-04T16:25:48+00:00\",\"description\":\"Informieren Sie sich \u00fcber unsere wettbewerbsf\u00e4higen Preise f\u00fcr Nabelschnurstammzellenbanken.\",\"inLanguage\":\"de\",\"potentialAction\":[{\"@type\":\"ReadAction\",\"target\":[\"https:\/\/staging.futurehealthbiobank.com\/lu-de\/nabelschnur\/\"]}]},{\"@type\":\"WebSite\",\"@id\":\"https:\/\/staging.futurehealthbiobank.com\/lu-de\/#website\",\"url\":\"https:\/\/staging.futurehealthbiobank.com\/lu-de\/\",\"name\":\"Future Health Biobank Luxembourg German\",\"description\":\"\",\"potentialAction\":[{\"@type\":\"SearchAction\",\"target\":{\"@type\":\"EntryPoint\",\"urlTemplate\":\"https:\/\/staging.futurehealthbiobank.com\/lu-de\/?s={search_term_string}\"},\"query-input\":{\"@type\":\"PropertyValueSpecification\",\"valueRequired\":true,\"valueName\":\"search_term_string\"}}],\"inLanguage\":\"de\"}]}<\/script>\n<!-- \/ Yoast SEO plugin. -->","yoast_head_json":{"title":"Preise f\u00fcr Nabelschnurbanken | Future Health Biobank","description":"Informieren Sie sich \u00fcber unsere wettbewerbsf\u00e4higen Preise f\u00fcr Nabelschnurstammzellenbanken.","robots":{"index":"noindex","follow":"follow","max-snippet":"max-snippet:-1","max-image-preview":"max-image-preview:large","max-video-preview":"max-video-preview:-1"},"og_locale":"de_DE","og_type":"article","og_title":"Preise f\u00fcr Nabelschnurbanken | Future Health Biobank","og_description":"Informieren Sie sich \u00fcber unsere wettbewerbsf\u00e4higen Preise f\u00fcr Nabelschnurstammzellenbanken.","og_url":"https:\/\/staging.futurehealthbiobank.com\/lu-de\/nabelschnur\/","og_site_name":"Future Health Biobank Luxembourg German","article_modified_time":"2022-01-04T16:25:48+00:00","twitter_card":"summary_large_image","schema":{"@context":"https:\/\/schema.org","@graph":[{"@type":"WebPage","@id":"https:\/\/staging.futurehealthbiobank.com\/lu-de\/nabelschnur\/","url":"https:\/\/staging.futurehealthbiobank.com\/lu-de\/nabelschnur\/","name":"Preise f\u00fcr Nabelschnurbanken | Future Health Biobank","isPartOf":{"@id":"https:\/\/staging.futurehealthbiobank.com\/lu-de\/#website"},"datePublished":"2020-02-03T20:38:13+00:00","dateModified":"2022-01-04T16:25:48+00:00","description":"Informieren Sie sich \u00fcber unsere wettbewerbsf\u00e4higen Preise f\u00fcr Nabelschnurstammzellenbanken.","inLanguage":"de","potentialAction":[{"@type":"ReadAction","target":["https:\/\/staging.futurehealthbiobank.com\/lu-de\/nabelschnur\/"]}]},{"@type":"WebSite","@id":"https:\/\/staging.futurehealthbiobank.com\/lu-de\/#website","url":"https:\/\/staging.futurehealthbiobank.com\/lu-de\/","name":"Future Health Biobank Luxembourg German","description":"","potentialAction":[{"@type":"SearchAction","target":{"@type":"EntryPoint","urlTemplate":"https:\/\/staging.futurehealthbiobank.com\/lu-de\/?s={search_term_string}"},"query-input":{"@type":"PropertyValueSpecification","valueRequired":true,"valueName":"search_term_string"}}],"inLanguage":"de"}]}},"_links":{"self":[{"href":"https:\/\/staging.futurehealthbiobank.com\/lu-de\/wp-json\/wp\/v2\/pages\/2810","targetHints":{"allow":["GET"]}}],"collection":[{"href":"https:\/\/staging.futurehealthbiobank.com\/lu-de\/wp-json\/wp\/v2\/pages"}],"about":[{"href":"https:\/\/staging.futurehealthbiobank.com\/lu-de\/wp-json\/wp\/v2\/types\/page"}],"author":[{"embeddable":true,"href":"https:\/\/staging.futurehealthbiobank.com\/lu-de\/wp-json\/wp\/v2\/users\/24"}],"replies":[{"embeddable":true,"href":"https:\/\/staging.futurehealthbiobank.com\/lu-de\/wp-json\/wp\/v2\/comments?post=2810"}],"version-history":[{"count":0,"href":"https:\/\/staging.futurehealthbiobank.com\/lu-de\/wp-json\/wp\/v2\/pages\/2810\/revisions"}],"wp:attachment":[{"href":"https:\/\/staging.futurehealthbiobank.com\/lu-de\/wp-json\/wp\/v2\/media?parent=2810"}],"curies":[{"name":"wp","href":"https:\/\/api.w.org\/{rel}","templated":true}]}}