{"id":3449,"date":"2016-04-12T03:06:43","date_gmt":"2016-04-12T02:06:43","guid":{"rendered":"https:\/\/staging.futurehealthbiobank.com\/ch-de\/?page_id=3449"},"modified":"2016-04-12T03:06:43","modified_gmt":"2016-04-12T02:06:43","slug":"krankenhaus","status":"publish","type":"page","link":"https:\/\/staging.futurehealthbiobank.com\/lu-de\/krankenhaus\/","title":{"rendered":"Krankenhaus"},"content":{"rendered":"","protected":false},"excerpt":{"rendered":"","protected":false},"author":24,"featured_media":0,"parent":0,"menu_order":0,"comment_status":"closed","ping_status":"closed","template":"page-hospital.php","meta":{"_acf_changed":false,"footnotes":""},"class_list":["post-3449","page","type-page","status-publish","hentry"],"acf":[],"yoast_head":"<!-- This site is optimized with the Yoast SEO plugin v26.7 - https:\/\/yoast.com\/wordpress\/plugins\/seo\/ -->\n<title>Krankenh\u00e4user f\u00fcr die Entnahme<\/title>\n<meta name=\"description\" content=\"Hier finden Sie eine Auflistung vielen Krankenh\u00e4user mit denen wir zusammen arbeiten\" \/>\n<meta name=\"robots\" content=\"noindex, follow, max-snippet:-1, max-image-preview:large, max-video-preview:-1\" \/>\n<meta property=\"og:locale\" content=\"de_DE\" \/>\n<meta property=\"og:type\" content=\"article\" \/>\n<meta property=\"og:title\" content=\"Krankenh\u00e4user f\u00fcr die Entnahme\" \/>\n<meta property=\"og:description\" content=\"Hier finden Sie eine Auflistung vielen Krankenh\u00e4user mit denen wir zusammen arbeiten\" \/>\n<meta property=\"og:url\" content=\"https:\/\/staging.futurehealthbiobank.com\/lu-de\/krankenhaus\/\" \/>\n<meta property=\"og:site_name\" content=\"Future Health Biobank Luxembourg German\" \/>\n<meta name=\"twitter:card\" content=\"summary_large_image\" \/>\n<script type=\"application\/ld+json\" class=\"yoast-schema-graph\">{\"@context\":\"https:\/\/schema.org\",\"@graph\":[{\"@type\":\"WebPage\",\"@id\":\"https:\/\/staging.futurehealthbiobank.com\/lu-de\/krankenhaus\/\",\"url\":\"https:\/\/staging.futurehealthbiobank.com\/lu-de\/krankenhaus\/\",\"name\":\"Krankenh\u00e4user f\u00fcr die Entnahme\",\"isPartOf\":{\"@id\":\"https:\/\/staging.futurehealthbiobank.com\/lu-de\/#website\"},\"datePublished\":\"2016-04-12T02:06:43+00:00\",\"description\":\"Hier finden Sie eine Auflistung vielen Krankenh\u00e4user mit denen wir zusammen arbeiten\",\"inLanguage\":\"de\",\"potentialAction\":[{\"@type\":\"ReadAction\",\"target\":[\"https:\/\/staging.futurehealthbiobank.com\/lu-de\/krankenhaus\/\"]}]},{\"@type\":\"WebSite\",\"@id\":\"https:\/\/staging.futurehealthbiobank.com\/lu-de\/#website\",\"url\":\"https:\/\/staging.futurehealthbiobank.com\/lu-de\/\",\"name\":\"Future Health Biobank Luxembourg German\",\"description\":\"\",\"potentialAction\":[{\"@type\":\"SearchAction\",\"target\":{\"@type\":\"EntryPoint\",\"urlTemplate\":\"https:\/\/staging.futurehealthbiobank.com\/lu-de\/?s={search_term_string}\"},\"query-input\":{\"@type\":\"PropertyValueSpecification\",\"valueRequired\":true,\"valueName\":\"search_term_string\"}}],\"inLanguage\":\"de\"}]}<\/script>\n<!-- \/ Yoast SEO plugin. -->","yoast_head_json":{"title":"Krankenh\u00e4user f\u00fcr die Entnahme","description":"Hier finden Sie eine Auflistung vielen Krankenh\u00e4user mit denen wir zusammen arbeiten","robots":{"index":"noindex","follow":"follow","max-snippet":"max-snippet:-1","max-image-preview":"max-image-preview:large","max-video-preview":"max-video-preview:-1"},"og_locale":"de_DE","og_type":"article","og_title":"Krankenh\u00e4user f\u00fcr die Entnahme","og_description":"Hier finden Sie eine Auflistung vielen Krankenh\u00e4user mit denen wir zusammen arbeiten","og_url":"https:\/\/staging.futurehealthbiobank.com\/lu-de\/krankenhaus\/","og_site_name":"Future Health Biobank Luxembourg German","twitter_card":"summary_large_image","schema":{"@context":"https:\/\/schema.org","@graph":[{"@type":"WebPage","@id":"https:\/\/staging.futurehealthbiobank.com\/lu-de\/krankenhaus\/","url":"https:\/\/staging.futurehealthbiobank.com\/lu-de\/krankenhaus\/","name":"Krankenh\u00e4user f\u00fcr die Entnahme","isPartOf":{"@id":"https:\/\/staging.futurehealthbiobank.com\/lu-de\/#website"},"datePublished":"2016-04-12T02:06:43+00:00","description":"Hier finden Sie eine Auflistung vielen Krankenh\u00e4user mit denen wir zusammen arbeiten","inLanguage":"de","potentialAction":[{"@type":"ReadAction","target":["https:\/\/staging.futurehealthbiobank.com\/lu-de\/krankenhaus\/"]}]},{"@type":"WebSite","@id":"https:\/\/staging.futurehealthbiobank.com\/lu-de\/#website","url":"https:\/\/staging.futurehealthbiobank.com\/lu-de\/","name":"Future Health Biobank Luxembourg German","description":"","potentialAction":[{"@type":"SearchAction","target":{"@type":"EntryPoint","urlTemplate":"https:\/\/staging.futurehealthbiobank.com\/lu-de\/?s={search_term_string}"},"query-input":{"@type":"PropertyValueSpecification","valueRequired":true,"valueName":"search_term_string"}}],"inLanguage":"de"}]}},"_links":{"self":[{"href":"https:\/\/staging.futurehealthbiobank.com\/lu-de\/wp-json\/wp\/v2\/pages\/3449","targetHints":{"allow":["GET"]}}],"collection":[{"href":"https:\/\/staging.futurehealthbiobank.com\/lu-de\/wp-json\/wp\/v2\/pages"}],"about":[{"href":"https:\/\/staging.futurehealthbiobank.com\/lu-de\/wp-json\/wp\/v2\/types\/page"}],"author":[{"embeddable":true,"href":"https:\/\/staging.futurehealthbiobank.com\/lu-de\/wp-json\/wp\/v2\/users\/24"}],"replies":[{"embeddable":true,"href":"https:\/\/staging.futurehealthbiobank.com\/lu-de\/wp-json\/wp\/v2\/comments?post=3449"}],"version-history":[{"count":0,"href":"https:\/\/staging.futurehealthbiobank.com\/lu-de\/wp-json\/wp\/v2\/pages\/3449\/revisions"}],"wp:attachment":[{"href":"https:\/\/staging.futurehealthbiobank.com\/lu-de\/wp-json\/wp\/v2\/media?parent=3449"}],"curies":[{"name":"wp","href":"https:\/\/api.w.org\/{rel}","templated":true}]}}