{"id":10345,"date":"2019-04-01T10:20:49","date_gmt":"2019-04-01T08:20:49","guid":{"rendered":"https:\/\/staging.futurehealthbiobank.com\/?page_id=10345"},"modified":"2022-01-06T10:09:43","modified_gmt":"2022-01-06T09:09:43","slug":"comparer-les-banques-de-cellules-souches","status":"publish","type":"page","link":"https:\/\/staging.futurehealthbiobank.com\/lu-fr\/comparer-les-banques-de-cellules-souches\/","title":{"rendered":"Comparer les banques de cellules souches"},"content":{"rendered":"","protected":false},"excerpt":{"rendered":"","protected":false},"author":24,"featured_media":0,"parent":0,"menu_order":0,"comment_status":"closed","ping_status":"closed","template":"page-compare.php","meta":{"_acf_changed":false,"footnotes":""},"class_list":["post-10345","page","type-page","status-publish","hentry"],"acf":[],"yoast_head":"<!-- This site is optimized with the Yoast SEO plugin v26.7 - https:\/\/yoast.com\/wordpress\/plugins\/seo\/ -->\n<title>Comparer les banques de cellules souches | Future Health Biobank<\/title>\n<meta name=\"description\" content=\"Naturellement, choisir une banque de cellules souches comp\u00e9tente, digne de confiance et s\u00fbre peut sembler un d\u00e9fi. C\u2019est la raison pour laquelle nous fournissons aux parents les informations et les ressources dont ils ont besoin au m\u00eame endroit, pour vous donner la confiance n\u00e9cessaire dans votre d\u00e9cision finale.\" \/>\n<meta name=\"robots\" content=\"noindex, follow, max-snippet:-1, max-image-preview:large, max-video-preview:-1\" \/>\n<meta property=\"og:locale\" content=\"fr_FR\" \/>\n<meta property=\"og:type\" content=\"article\" \/>\n<meta property=\"og:title\" content=\"Comparer les banques de cellules souches | Future Health Biobank\" \/>\n<meta property=\"og:description\" content=\"Naturellement, choisir une banque de cellules souches comp\u00e9tente, digne de confiance et s\u00fbre peut sembler un d\u00e9fi. C\u2019est la raison pour laquelle nous fournissons aux parents les informations et les ressources dont ils ont besoin au m\u00eame endroit, pour vous donner la confiance n\u00e9cessaire dans votre d\u00e9cision finale.\" \/>\n<meta property=\"og:url\" content=\"https:\/\/staging.futurehealthbiobank.com\/lu-fr\/comparer-les-banques-de-cellules-souches\/\" \/>\n<meta property=\"og:site_name\" content=\"Future Health Biobank Luxembourg French\" \/>\n<meta property=\"article:modified_time\" content=\"2022-01-06T09:09:43+00:00\" \/>\n<meta name=\"twitter:card\" content=\"summary_large_image\" \/>\n<script type=\"application\/ld+json\" class=\"yoast-schema-graph\">{\"@context\":\"https:\/\/schema.org\",\"@graph\":[{\"@type\":\"WebPage\",\"@id\":\"https:\/\/staging.futurehealthbiobank.com\/lu-fr\/comparer-les-banques-de-cellules-souches\/\",\"url\":\"https:\/\/staging.futurehealthbiobank.com\/lu-fr\/comparer-les-banques-de-cellules-souches\/\",\"name\":\"Comparer les banques de cellules souches | Future Health Biobank\",\"isPartOf\":{\"@id\":\"https:\/\/staging.futurehealthbiobank.com\/lu-fr\/#website\"},\"datePublished\":\"2019-04-01T08:20:49+00:00\",\"dateModified\":\"2022-01-06T09:09:43+00:00\",\"description\":\"Naturellement, choisir une banque de cellules souches comp\u00e9tente, digne de confiance et s\u00fbre peut sembler un d\u00e9fi. C\u2019est la raison pour laquelle nous fournissons aux parents les informations et les ressources dont ils ont besoin au m\u00eame endroit, pour vous donner la confiance n\u00e9cessaire dans votre d\u00e9cision finale.\",\"inLanguage\":\"fr-FR\",\"potentialAction\":[{\"@type\":\"ReadAction\",\"target\":[\"https:\/\/staging.futurehealthbiobank.com\/lu-fr\/comparer-les-banques-de-cellules-souches\/\"]}]},{\"@type\":\"WebSite\",\"@id\":\"https:\/\/staging.futurehealthbiobank.com\/lu-fr\/#website\",\"url\":\"https:\/\/staging.futurehealthbiobank.com\/lu-fr\/\",\"name\":\"Future Health Biobank Luxembourg French\",\"description\":\"\",\"potentialAction\":[{\"@type\":\"SearchAction\",\"target\":{\"@type\":\"EntryPoint\",\"urlTemplate\":\"https:\/\/staging.futurehealthbiobank.com\/lu-fr\/?s={search_term_string}\"},\"query-input\":{\"@type\":\"PropertyValueSpecification\",\"valueRequired\":true,\"valueName\":\"search_term_string\"}}],\"inLanguage\":\"fr-FR\"}]}<\/script>\n<!-- \/ Yoast SEO plugin. -->","yoast_head_json":{"title":"Comparer les banques de cellules souches | Future Health Biobank","description":"Naturellement, choisir une banque de cellules souches comp\u00e9tente, digne de confiance et s\u00fbre peut sembler un d\u00e9fi. C\u2019est la raison pour laquelle nous fournissons aux parents les informations et les ressources dont ils ont besoin au m\u00eame endroit, pour vous donner la confiance n\u00e9cessaire dans votre d\u00e9cision finale.","robots":{"index":"noindex","follow":"follow","max-snippet":"max-snippet:-1","max-image-preview":"max-image-preview:large","max-video-preview":"max-video-preview:-1"},"og_locale":"fr_FR","og_type":"article","og_title":"Comparer les banques de cellules souches | Future Health Biobank","og_description":"Naturellement, choisir une banque de cellules souches comp\u00e9tente, digne de confiance et s\u00fbre peut sembler un d\u00e9fi. C\u2019est la raison pour laquelle nous fournissons aux parents les informations et les ressources dont ils ont besoin au m\u00eame endroit, pour vous donner la confiance n\u00e9cessaire dans votre d\u00e9cision finale.","og_url":"https:\/\/staging.futurehealthbiobank.com\/lu-fr\/comparer-les-banques-de-cellules-souches\/","og_site_name":"Future Health Biobank Luxembourg French","article_modified_time":"2022-01-06T09:09:43+00:00","twitter_card":"summary_large_image","schema":{"@context":"https:\/\/schema.org","@graph":[{"@type":"WebPage","@id":"https:\/\/staging.futurehealthbiobank.com\/lu-fr\/comparer-les-banques-de-cellules-souches\/","url":"https:\/\/staging.futurehealthbiobank.com\/lu-fr\/comparer-les-banques-de-cellules-souches\/","name":"Comparer les banques de cellules souches | Future Health Biobank","isPartOf":{"@id":"https:\/\/staging.futurehealthbiobank.com\/lu-fr\/#website"},"datePublished":"2019-04-01T08:20:49+00:00","dateModified":"2022-01-06T09:09:43+00:00","description":"Naturellement, choisir une banque de cellules souches comp\u00e9tente, digne de confiance et s\u00fbre peut sembler un d\u00e9fi. C\u2019est la raison pour laquelle nous fournissons aux parents les informations et les ressources dont ils ont besoin au m\u00eame endroit, pour vous donner la confiance n\u00e9cessaire dans votre d\u00e9cision finale.","inLanguage":"fr-FR","potentialAction":[{"@type":"ReadAction","target":["https:\/\/staging.futurehealthbiobank.com\/lu-fr\/comparer-les-banques-de-cellules-souches\/"]}]},{"@type":"WebSite","@id":"https:\/\/staging.futurehealthbiobank.com\/lu-fr\/#website","url":"https:\/\/staging.futurehealthbiobank.com\/lu-fr\/","name":"Future Health Biobank Luxembourg French","description":"","potentialAction":[{"@type":"SearchAction","target":{"@type":"EntryPoint","urlTemplate":"https:\/\/staging.futurehealthbiobank.com\/lu-fr\/?s={search_term_string}"},"query-input":{"@type":"PropertyValueSpecification","valueRequired":true,"valueName":"search_term_string"}}],"inLanguage":"fr-FR"}]}},"_links":{"self":[{"href":"https:\/\/staging.futurehealthbiobank.com\/lu-fr\/wp-json\/wp\/v2\/pages\/10345","targetHints":{"allow":["GET"]}}],"collection":[{"href":"https:\/\/staging.futurehealthbiobank.com\/lu-fr\/wp-json\/wp\/v2\/pages"}],"about":[{"href":"https:\/\/staging.futurehealthbiobank.com\/lu-fr\/wp-json\/wp\/v2\/types\/page"}],"author":[{"embeddable":true,"href":"https:\/\/staging.futurehealthbiobank.com\/lu-fr\/wp-json\/wp\/v2\/users\/24"}],"replies":[{"embeddable":true,"href":"https:\/\/staging.futurehealthbiobank.com\/lu-fr\/wp-json\/wp\/v2\/comments?post=10345"}],"version-history":[{"count":0,"href":"https:\/\/staging.futurehealthbiobank.com\/lu-fr\/wp-json\/wp\/v2\/pages\/10345\/revisions"}],"wp:attachment":[{"href":"https:\/\/staging.futurehealthbiobank.com\/lu-fr\/wp-json\/wp\/v2\/media?parent=10345"}],"curies":[{"name":"wp","href":"https:\/\/api.w.org\/{rel}","templated":true}]}}