{"id":10467,"date":"2019-07-01T10:01:37","date_gmt":"2019-07-01T08:01:37","guid":{"rendered":"https:\/\/staging.futurehealthbiobank.com\/ch-fr\/?page_id=10467"},"modified":"2021-10-19T11:30:44","modified_gmt":"2021-10-19T09:30:44","slug":"quest-ce-quun-test-genetique","status":"publish","type":"page","link":"https:\/\/staging.futurehealthbiobank.com\/lu-fr\/quest-ce-quun-test-genetique\/","title":{"rendered":"Qu&rsquo;est-ce qu&rsquo;un test g\u00e9n\u00e9tique?"},"content":{"rendered":"","protected":false},"excerpt":{"rendered":"","protected":false},"author":24,"featured_media":0,"parent":0,"menu_order":0,"comment_status":"closed","ping_status":"closed","template":"page-genetictesting.php","meta":{"_acf_changed":false,"footnotes":""},"class_list":["post-10467","page","type-page","status-publish","hentry"],"acf":[],"yoast_head":"<!-- This site is optimized with the Yoast SEO plugin v26.7 - https:\/\/yoast.com\/wordpress\/plugins\/seo\/ -->\n<title>Qu&#039;est-ce qu&#039;un test g\u00e9n\u00e9tique? | Future Health Biobank<\/title>\n<meta name=\"description\" content=\"Les tests g\u00e9n\u00e9tiques consistent \u00e0 \u00e9tudier l\u2019\u00e9chantillon d\u2019ADN d\u2019une personne afin d\u2019indiquer ou d\u2019\u00e9carter toute diff\u00e9rence ou anomalie g\u00e9n\u00e9tique. En examinant les modifications des chromosomes, des g\u00e8nes ou des prot\u00e9ines, ces tests fournissent une image fiable de la sant\u00e9 future.\" \/>\n<meta name=\"robots\" content=\"noindex, follow, max-snippet:-1, max-image-preview:large, max-video-preview:-1\" \/>\n<meta property=\"og:locale\" content=\"fr_FR\" \/>\n<meta property=\"og:type\" content=\"article\" \/>\n<meta property=\"og:title\" content=\"Qu&#039;est-ce qu&#039;un test g\u00e9n\u00e9tique? | Future Health Biobank\" \/>\n<meta property=\"og:description\" content=\"Les tests g\u00e9n\u00e9tiques consistent \u00e0 \u00e9tudier l\u2019\u00e9chantillon d\u2019ADN d\u2019une personne afin d\u2019indiquer ou d\u2019\u00e9carter toute diff\u00e9rence ou anomalie g\u00e9n\u00e9tique. En examinant les modifications des chromosomes, des g\u00e8nes ou des prot\u00e9ines, ces tests fournissent une image fiable de la sant\u00e9 future.\" \/>\n<meta property=\"og:url\" content=\"https:\/\/staging.futurehealthbiobank.com\/lu-fr\/quest-ce-quun-test-genetique\/\" \/>\n<meta property=\"og:site_name\" content=\"Future Health Biobank Luxembourg French\" \/>\n<meta property=\"article:modified_time\" content=\"2021-10-19T09:30:44+00:00\" \/>\n<meta name=\"twitter:card\" content=\"summary_large_image\" \/>\n<script type=\"application\/ld+json\" class=\"yoast-schema-graph\">{\"@context\":\"https:\/\/schema.org\",\"@graph\":[{\"@type\":\"WebPage\",\"@id\":\"https:\/\/staging.futurehealthbiobank.com\/lu-fr\/quest-ce-quun-test-genetique\/\",\"url\":\"https:\/\/staging.futurehealthbiobank.com\/lu-fr\/quest-ce-quun-test-genetique\/\",\"name\":\"Qu'est-ce qu'un test g\u00e9n\u00e9tique? | Future Health Biobank\",\"isPartOf\":{\"@id\":\"https:\/\/staging.futurehealthbiobank.com\/lu-fr\/#website\"},\"datePublished\":\"2019-07-01T08:01:37+00:00\",\"dateModified\":\"2021-10-19T09:30:44+00:00\",\"description\":\"Les tests g\u00e9n\u00e9tiques consistent \u00e0 \u00e9tudier l\u2019\u00e9chantillon d\u2019ADN d\u2019une personne afin d\u2019indiquer ou d\u2019\u00e9carter toute diff\u00e9rence ou anomalie g\u00e9n\u00e9tique. En examinant les modifications des chromosomes, des g\u00e8nes ou des prot\u00e9ines, ces tests fournissent une image fiable de la sant\u00e9 future.\",\"inLanguage\":\"fr-FR\",\"potentialAction\":[{\"@type\":\"ReadAction\",\"target\":[\"https:\/\/staging.futurehealthbiobank.com\/lu-fr\/quest-ce-quun-test-genetique\/\"]}]},{\"@type\":\"WebSite\",\"@id\":\"https:\/\/staging.futurehealthbiobank.com\/lu-fr\/#website\",\"url\":\"https:\/\/staging.futurehealthbiobank.com\/lu-fr\/\",\"name\":\"Future Health Biobank Luxembourg French\",\"description\":\"\",\"potentialAction\":[{\"@type\":\"SearchAction\",\"target\":{\"@type\":\"EntryPoint\",\"urlTemplate\":\"https:\/\/staging.futurehealthbiobank.com\/lu-fr\/?s={search_term_string}\"},\"query-input\":{\"@type\":\"PropertyValueSpecification\",\"valueRequired\":true,\"valueName\":\"search_term_string\"}}],\"inLanguage\":\"fr-FR\"}]}<\/script>\n<!-- \/ Yoast SEO plugin. -->","yoast_head_json":{"title":"Qu'est-ce qu'un test g\u00e9n\u00e9tique? | Future Health Biobank","description":"Les tests g\u00e9n\u00e9tiques consistent \u00e0 \u00e9tudier l\u2019\u00e9chantillon d\u2019ADN d\u2019une personne afin d\u2019indiquer ou d\u2019\u00e9carter toute diff\u00e9rence ou anomalie g\u00e9n\u00e9tique. En examinant les modifications des chromosomes, des g\u00e8nes ou des prot\u00e9ines, ces tests fournissent une image fiable de la sant\u00e9 future.","robots":{"index":"noindex","follow":"follow","max-snippet":"max-snippet:-1","max-image-preview":"max-image-preview:large","max-video-preview":"max-video-preview:-1"},"og_locale":"fr_FR","og_type":"article","og_title":"Qu'est-ce qu'un test g\u00e9n\u00e9tique? | Future Health Biobank","og_description":"Les tests g\u00e9n\u00e9tiques consistent \u00e0 \u00e9tudier l\u2019\u00e9chantillon d\u2019ADN d\u2019une personne afin d\u2019indiquer ou d\u2019\u00e9carter toute diff\u00e9rence ou anomalie g\u00e9n\u00e9tique. En examinant les modifications des chromosomes, des g\u00e8nes ou des prot\u00e9ines, ces tests fournissent une image fiable de la sant\u00e9 future.","og_url":"https:\/\/staging.futurehealthbiobank.com\/lu-fr\/quest-ce-quun-test-genetique\/","og_site_name":"Future Health Biobank Luxembourg French","article_modified_time":"2021-10-19T09:30:44+00:00","twitter_card":"summary_large_image","schema":{"@context":"https:\/\/schema.org","@graph":[{"@type":"WebPage","@id":"https:\/\/staging.futurehealthbiobank.com\/lu-fr\/quest-ce-quun-test-genetique\/","url":"https:\/\/staging.futurehealthbiobank.com\/lu-fr\/quest-ce-quun-test-genetique\/","name":"Qu'est-ce qu'un test g\u00e9n\u00e9tique? | Future Health Biobank","isPartOf":{"@id":"https:\/\/staging.futurehealthbiobank.com\/lu-fr\/#website"},"datePublished":"2019-07-01T08:01:37+00:00","dateModified":"2021-10-19T09:30:44+00:00","description":"Les tests g\u00e9n\u00e9tiques consistent \u00e0 \u00e9tudier l\u2019\u00e9chantillon d\u2019ADN d\u2019une personne afin d\u2019indiquer ou d\u2019\u00e9carter toute diff\u00e9rence ou anomalie g\u00e9n\u00e9tique. En examinant les modifications des chromosomes, des g\u00e8nes ou des prot\u00e9ines, ces tests fournissent une image fiable de la sant\u00e9 future.","inLanguage":"fr-FR","potentialAction":[{"@type":"ReadAction","target":["https:\/\/staging.futurehealthbiobank.com\/lu-fr\/quest-ce-quun-test-genetique\/"]}]},{"@type":"WebSite","@id":"https:\/\/staging.futurehealthbiobank.com\/lu-fr\/#website","url":"https:\/\/staging.futurehealthbiobank.com\/lu-fr\/","name":"Future Health Biobank Luxembourg French","description":"","potentialAction":[{"@type":"SearchAction","target":{"@type":"EntryPoint","urlTemplate":"https:\/\/staging.futurehealthbiobank.com\/lu-fr\/?s={search_term_string}"},"query-input":{"@type":"PropertyValueSpecification","valueRequired":true,"valueName":"search_term_string"}}],"inLanguage":"fr-FR"}]}},"_links":{"self":[{"href":"https:\/\/staging.futurehealthbiobank.com\/lu-fr\/wp-json\/wp\/v2\/pages\/10467","targetHints":{"allow":["GET"]}}],"collection":[{"href":"https:\/\/staging.futurehealthbiobank.com\/lu-fr\/wp-json\/wp\/v2\/pages"}],"about":[{"href":"https:\/\/staging.futurehealthbiobank.com\/lu-fr\/wp-json\/wp\/v2\/types\/page"}],"author":[{"embeddable":true,"href":"https:\/\/staging.futurehealthbiobank.com\/lu-fr\/wp-json\/wp\/v2\/users\/24"}],"replies":[{"embeddable":true,"href":"https:\/\/staging.futurehealthbiobank.com\/lu-fr\/wp-json\/wp\/v2\/comments?post=10467"}],"version-history":[{"count":0,"href":"https:\/\/staging.futurehealthbiobank.com\/lu-fr\/wp-json\/wp\/v2\/pages\/10467\/revisions"}],"wp:attachment":[{"href":"https:\/\/staging.futurehealthbiobank.com\/lu-fr\/wp-json\/wp\/v2\/media?parent=10467"}],"curies":[{"name":"wp","href":"https:\/\/api.w.org\/{rel}","templated":true}]}}