{"id":31588,"date":"2020-02-13T10:43:04","date_gmt":"2020-02-13T09:43:04","guid":{"rendered":"https:\/\/staging.futurehealthbiobank.com\/ch-fr\/?page_id=12928"},"modified":"2021-10-19T11:34:25","modified_gmt":"2021-10-19T09:34:25","slug":"vision-screening-test-result","status":"publish","type":"page","link":"https:\/\/staging.futurehealthbiobank.com\/lu-fr\/vision-screening-test-result\/","title":{"rendered":"Vision screening test result"},"content":{"rendered":"","protected":false},"excerpt":{"rendered":"","protected":false},"author":24,"featured_media":0,"parent":0,"menu_order":0,"comment_status":"closed","ping_status":"closed","template":"page-visionscreeningresult.php","meta":{"_acf_changed":false,"footnotes":""},"class_list":["post-31588","page","type-page","status-publish","hentry"],"acf":[],"yoast_head":"<!-- This site is optimized with the Yoast SEO plugin v26.7 - https:\/\/yoast.com\/wordpress\/plugins\/seo\/ -->\n<title>Vision: Affections des chromosomes | Future Health Biobank<\/title>\n<meta name=\"description\" content=\"L\u2019affection des chromosomes est li\u00e9e \u00e0 l\u2019aneuplo\u00efdie chromosomique. Une aneuplo\u00efdie chromosomique peut se traduire par un nombre trop \u00e9lev\u00e9 ou trop faible de copies de chromosomes dans une paire de chromosomes\" \/>\n<meta name=\"robots\" content=\"noindex, follow, max-snippet:-1, max-image-preview:large, max-video-preview:-1\" \/>\n<meta property=\"og:locale\" content=\"fr_FR\" \/>\n<meta property=\"og:type\" content=\"article\" \/>\n<meta property=\"og:title\" content=\"Vision: Affections des chromosomes | Future Health Biobank\" \/>\n<meta property=\"og:description\" content=\"L\u2019affection des chromosomes est li\u00e9e \u00e0 l\u2019aneuplo\u00efdie chromosomique. Une aneuplo\u00efdie chromosomique peut se traduire par un nombre trop \u00e9lev\u00e9 ou trop faible de copies de chromosomes dans une paire de chromosomes\" \/>\n<meta property=\"og:url\" content=\"https:\/\/staging.futurehealthbiobank.com\/lu-fr\/vision-screening-test-result\/\" \/>\n<meta property=\"og:site_name\" content=\"Future Health Biobank Luxembourg French\" \/>\n<meta property=\"article:modified_time\" content=\"2021-10-19T09:34:25+00:00\" \/>\n<meta name=\"twitter:card\" content=\"summary_large_image\" \/>\n<script type=\"application\/ld+json\" class=\"yoast-schema-graph\">{\"@context\":\"https:\/\/schema.org\",\"@graph\":[{\"@type\":\"WebPage\",\"@id\":\"https:\/\/staging.futurehealthbiobank.com\/lu-fr\/vision-screening-test-result\/\",\"url\":\"https:\/\/staging.futurehealthbiobank.com\/lu-fr\/vision-screening-test-result\/\",\"name\":\"Vision: Affections des chromosomes | Future Health Biobank\",\"isPartOf\":{\"@id\":\"https:\/\/staging.futurehealthbiobank.com\/lu-fr\/#website\"},\"datePublished\":\"2020-02-13T09:43:04+00:00\",\"dateModified\":\"2021-10-19T09:34:25+00:00\",\"description\":\"L\u2019affection des chromosomes est li\u00e9e \u00e0 l\u2019aneuplo\u00efdie chromosomique. Une aneuplo\u00efdie chromosomique peut se traduire par un nombre trop \u00e9lev\u00e9 ou trop faible de copies de chromosomes dans une paire de chromosomes\",\"inLanguage\":\"fr-FR\",\"potentialAction\":[{\"@type\":\"ReadAction\",\"target\":[\"https:\/\/staging.futurehealthbiobank.com\/lu-fr\/vision-screening-test-result\/\"]}]},{\"@type\":\"WebSite\",\"@id\":\"https:\/\/staging.futurehealthbiobank.com\/lu-fr\/#website\",\"url\":\"https:\/\/staging.futurehealthbiobank.com\/lu-fr\/\",\"name\":\"Future Health Biobank Luxembourg French\",\"description\":\"\",\"potentialAction\":[{\"@type\":\"SearchAction\",\"target\":{\"@type\":\"EntryPoint\",\"urlTemplate\":\"https:\/\/staging.futurehealthbiobank.com\/lu-fr\/?s={search_term_string}\"},\"query-input\":{\"@type\":\"PropertyValueSpecification\",\"valueRequired\":true,\"valueName\":\"search_term_string\"}}],\"inLanguage\":\"fr-FR\"}]}<\/script>\n<!-- \/ Yoast SEO plugin. -->","yoast_head_json":{"title":"Vision: Affections des chromosomes | Future Health Biobank","description":"L\u2019affection des chromosomes est li\u00e9e \u00e0 l\u2019aneuplo\u00efdie chromosomique. Une aneuplo\u00efdie chromosomique peut se traduire par un nombre trop \u00e9lev\u00e9 ou trop faible de copies de chromosomes dans une paire de chromosomes","robots":{"index":"noindex","follow":"follow","max-snippet":"max-snippet:-1","max-image-preview":"max-image-preview:large","max-video-preview":"max-video-preview:-1"},"og_locale":"fr_FR","og_type":"article","og_title":"Vision: Affections des chromosomes | Future Health Biobank","og_description":"L\u2019affection des chromosomes est li\u00e9e \u00e0 l\u2019aneuplo\u00efdie chromosomique. Une aneuplo\u00efdie chromosomique peut se traduire par un nombre trop \u00e9lev\u00e9 ou trop faible de copies de chromosomes dans une paire de chromosomes","og_url":"https:\/\/staging.futurehealthbiobank.com\/lu-fr\/vision-screening-test-result\/","og_site_name":"Future Health Biobank Luxembourg French","article_modified_time":"2021-10-19T09:34:25+00:00","twitter_card":"summary_large_image","schema":{"@context":"https:\/\/schema.org","@graph":[{"@type":"WebPage","@id":"https:\/\/staging.futurehealthbiobank.com\/lu-fr\/vision-screening-test-result\/","url":"https:\/\/staging.futurehealthbiobank.com\/lu-fr\/vision-screening-test-result\/","name":"Vision: Affections des chromosomes | Future Health Biobank","isPartOf":{"@id":"https:\/\/staging.futurehealthbiobank.com\/lu-fr\/#website"},"datePublished":"2020-02-13T09:43:04+00:00","dateModified":"2021-10-19T09:34:25+00:00","description":"L\u2019affection des chromosomes est li\u00e9e \u00e0 l\u2019aneuplo\u00efdie chromosomique. Une aneuplo\u00efdie chromosomique peut se traduire par un nombre trop \u00e9lev\u00e9 ou trop faible de copies de chromosomes dans une paire de chromosomes","inLanguage":"fr-FR","potentialAction":[{"@type":"ReadAction","target":["https:\/\/staging.futurehealthbiobank.com\/lu-fr\/vision-screening-test-result\/"]}]},{"@type":"WebSite","@id":"https:\/\/staging.futurehealthbiobank.com\/lu-fr\/#website","url":"https:\/\/staging.futurehealthbiobank.com\/lu-fr\/","name":"Future Health Biobank Luxembourg French","description":"","potentialAction":[{"@type":"SearchAction","target":{"@type":"EntryPoint","urlTemplate":"https:\/\/staging.futurehealthbiobank.com\/lu-fr\/?s={search_term_string}"},"query-input":{"@type":"PropertyValueSpecification","valueRequired":true,"valueName":"search_term_string"}}],"inLanguage":"fr-FR"}]}},"_links":{"self":[{"href":"https:\/\/staging.futurehealthbiobank.com\/lu-fr\/wp-json\/wp\/v2\/pages\/31588","targetHints":{"allow":["GET"]}}],"collection":[{"href":"https:\/\/staging.futurehealthbiobank.com\/lu-fr\/wp-json\/wp\/v2\/pages"}],"about":[{"href":"https:\/\/staging.futurehealthbiobank.com\/lu-fr\/wp-json\/wp\/v2\/types\/page"}],"author":[{"embeddable":true,"href":"https:\/\/staging.futurehealthbiobank.com\/lu-fr\/wp-json\/wp\/v2\/users\/24"}],"replies":[{"embeddable":true,"href":"https:\/\/staging.futurehealthbiobank.com\/lu-fr\/wp-json\/wp\/v2\/comments?post=31588"}],"version-history":[{"count":0,"href":"https:\/\/staging.futurehealthbiobank.com\/lu-fr\/wp-json\/wp\/v2\/pages\/31588\/revisions"}],"wp:attachment":[{"href":"https:\/\/staging.futurehealthbiobank.com\/lu-fr\/wp-json\/wp\/v2\/media?parent=31588"}],"curies":[{"name":"wp","href":"https:\/\/api.w.org\/{rel}","templated":true}]}}