{"id":3523,"date":"2018-05-01T22:21:14","date_gmt":"2018-05-01T20:21:14","guid":{"rendered":"https:\/\/staging.futurehealthbiobank.com\/?page_id=3523"},"modified":"2018-05-01T22:21:14","modified_gmt":"2018-05-01T20:21:14","slug":"politique-de-confidentialite","status":"publish","type":"page","link":"https:\/\/staging.futurehealthbiobank.com\/lu-fr\/politique-de-confidentialite\/","title":{"rendered":"Politique de confidentialit\u00e9"},"content":{"rendered":"","protected":false},"excerpt":{"rendered":"","protected":false},"author":24,"featured_media":0,"parent":0,"menu_order":0,"comment_status":"closed","ping_status":"closed","template":"page-page_template.php","meta":{"_acf_changed":false,"footnotes":""},"class_list":["post-3523","page","type-page","status-publish","hentry"],"acf":[],"yoast_head":"<!-- This site is optimized with the Yoast SEO plugin v26.7 - https:\/\/yoast.com\/wordpress\/plugins\/seo\/ -->\n<title>Politique de confidentialit\u00e9 | Future Health Biobank<\/title>\n<meta name=\"description\" content=\"Future Health Biobank SA (\u201cnous\u201d et \u201cnotre\u201d) s&#039;est engag\u00e9 \u00e0 pr\u00e9server la vie priv\u00e9e des visiteurs et des utilisateurs de service de notre site web. Nous vous expliquerons par le biais de cette politique comment nous g\u00e9rons vos donn\u00e9es personnelles.\" \/>\n<meta name=\"robots\" content=\"noindex, follow, max-snippet:-1, max-image-preview:large, max-video-preview:-1\" \/>\n<meta property=\"og:locale\" content=\"fr_FR\" \/>\n<meta property=\"og:type\" content=\"article\" \/>\n<meta property=\"og:title\" content=\"Politique de confidentialit\u00e9 | Future Health Biobank\" \/>\n<meta property=\"og:description\" content=\"Future Health Biobank SA (\u201cnous\u201d et \u201cnotre\u201d) s&#039;est engag\u00e9 \u00e0 pr\u00e9server la vie priv\u00e9e des visiteurs et des utilisateurs de service de notre site web. Nous vous expliquerons par le biais de cette politique comment nous g\u00e9rons vos donn\u00e9es personnelles.\" \/>\n<meta property=\"og:url\" content=\"https:\/\/staging.futurehealthbiobank.com\/lu-fr\/politique-de-confidentialite\/\" \/>\n<meta property=\"og:site_name\" content=\"Future Health Biobank Luxembourg French\" \/>\n<meta name=\"twitter:card\" content=\"summary_large_image\" \/>\n<script type=\"application\/ld+json\" class=\"yoast-schema-graph\">{\"@context\":\"https:\/\/schema.org\",\"@graph\":[{\"@type\":\"WebPage\",\"@id\":\"https:\/\/staging.futurehealthbiobank.com\/lu-fr\/politique-de-confidentialite\/\",\"url\":\"https:\/\/staging.futurehealthbiobank.com\/lu-fr\/politique-de-confidentialite\/\",\"name\":\"Politique de confidentialit\u00e9 | Future Health Biobank\",\"isPartOf\":{\"@id\":\"https:\/\/staging.futurehealthbiobank.com\/lu-fr\/#website\"},\"datePublished\":\"2018-05-01T20:21:14+00:00\",\"description\":\"Future Health Biobank SA (\u201cnous\u201d et \u201cnotre\u201d) s'est engag\u00e9 \u00e0 pr\u00e9server la vie priv\u00e9e des visiteurs et des utilisateurs de service de notre site web. Nous vous expliquerons par le biais de cette politique comment nous g\u00e9rons vos donn\u00e9es personnelles.\",\"inLanguage\":\"fr-FR\",\"potentialAction\":[{\"@type\":\"ReadAction\",\"target\":[\"https:\/\/staging.futurehealthbiobank.com\/lu-fr\/politique-de-confidentialite\/\"]}]},{\"@type\":\"WebSite\",\"@id\":\"https:\/\/staging.futurehealthbiobank.com\/lu-fr\/#website\",\"url\":\"https:\/\/staging.futurehealthbiobank.com\/lu-fr\/\",\"name\":\"Future Health Biobank Luxembourg French\",\"description\":\"\",\"potentialAction\":[{\"@type\":\"SearchAction\",\"target\":{\"@type\":\"EntryPoint\",\"urlTemplate\":\"https:\/\/staging.futurehealthbiobank.com\/lu-fr\/?s={search_term_string}\"},\"query-input\":{\"@type\":\"PropertyValueSpecification\",\"valueRequired\":true,\"valueName\":\"search_term_string\"}}],\"inLanguage\":\"fr-FR\"}]}<\/script>\n<!-- \/ Yoast SEO plugin. -->","yoast_head_json":{"title":"Politique de confidentialit\u00e9 | Future Health Biobank","description":"Future Health Biobank SA (\u201cnous\u201d et \u201cnotre\u201d) s'est engag\u00e9 \u00e0 pr\u00e9server la vie priv\u00e9e des visiteurs et des utilisateurs de service de notre site web. Nous vous expliquerons par le biais de cette politique comment nous g\u00e9rons vos donn\u00e9es personnelles.","robots":{"index":"noindex","follow":"follow","max-snippet":"max-snippet:-1","max-image-preview":"max-image-preview:large","max-video-preview":"max-video-preview:-1"},"og_locale":"fr_FR","og_type":"article","og_title":"Politique de confidentialit\u00e9 | Future Health Biobank","og_description":"Future Health Biobank SA (\u201cnous\u201d et \u201cnotre\u201d) s'est engag\u00e9 \u00e0 pr\u00e9server la vie priv\u00e9e des visiteurs et des utilisateurs de service de notre site web. Nous vous expliquerons par le biais de cette politique comment nous g\u00e9rons vos donn\u00e9es personnelles.","og_url":"https:\/\/staging.futurehealthbiobank.com\/lu-fr\/politique-de-confidentialite\/","og_site_name":"Future Health Biobank Luxembourg French","twitter_card":"summary_large_image","schema":{"@context":"https:\/\/schema.org","@graph":[{"@type":"WebPage","@id":"https:\/\/staging.futurehealthbiobank.com\/lu-fr\/politique-de-confidentialite\/","url":"https:\/\/staging.futurehealthbiobank.com\/lu-fr\/politique-de-confidentialite\/","name":"Politique de confidentialit\u00e9 | Future Health Biobank","isPartOf":{"@id":"https:\/\/staging.futurehealthbiobank.com\/lu-fr\/#website"},"datePublished":"2018-05-01T20:21:14+00:00","description":"Future Health Biobank SA (\u201cnous\u201d et \u201cnotre\u201d) s'est engag\u00e9 \u00e0 pr\u00e9server la vie priv\u00e9e des visiteurs et des utilisateurs de service de notre site web. Nous vous expliquerons par le biais de cette politique comment nous g\u00e9rons vos donn\u00e9es personnelles.","inLanguage":"fr-FR","potentialAction":[{"@type":"ReadAction","target":["https:\/\/staging.futurehealthbiobank.com\/lu-fr\/politique-de-confidentialite\/"]}]},{"@type":"WebSite","@id":"https:\/\/staging.futurehealthbiobank.com\/lu-fr\/#website","url":"https:\/\/staging.futurehealthbiobank.com\/lu-fr\/","name":"Future Health Biobank Luxembourg French","description":"","potentialAction":[{"@type":"SearchAction","target":{"@type":"EntryPoint","urlTemplate":"https:\/\/staging.futurehealthbiobank.com\/lu-fr\/?s={search_term_string}"},"query-input":{"@type":"PropertyValueSpecification","valueRequired":true,"valueName":"search_term_string"}}],"inLanguage":"fr-FR"}]}},"_links":{"self":[{"href":"https:\/\/staging.futurehealthbiobank.com\/lu-fr\/wp-json\/wp\/v2\/pages\/3523","targetHints":{"allow":["GET"]}}],"collection":[{"href":"https:\/\/staging.futurehealthbiobank.com\/lu-fr\/wp-json\/wp\/v2\/pages"}],"about":[{"href":"https:\/\/staging.futurehealthbiobank.com\/lu-fr\/wp-json\/wp\/v2\/types\/page"}],"author":[{"embeddable":true,"href":"https:\/\/staging.futurehealthbiobank.com\/lu-fr\/wp-json\/wp\/v2\/users\/24"}],"replies":[{"embeddable":true,"href":"https:\/\/staging.futurehealthbiobank.com\/lu-fr\/wp-json\/wp\/v2\/comments?post=3523"}],"version-history":[{"count":0,"href":"https:\/\/staging.futurehealthbiobank.com\/lu-fr\/wp-json\/wp\/v2\/pages\/3523\/revisions"}],"wp:attachment":[{"href":"https:\/\/staging.futurehealthbiobank.com\/lu-fr\/wp-json\/wp\/v2\/media?parent=3523"}],"curies":[{"name":"wp","href":"https:\/\/api.w.org\/{rel}","templated":true}]}}