{"id":605,"date":"2016-06-08T14:19:18","date_gmt":"2016-06-08T12:19:18","guid":{"rendered":"https:\/\/staging.futurehealthbiobank.com\/ch-fr\/?page_id=605"},"modified":"2016-06-08T14:19:18","modified_gmt":"2016-06-08T12:19:18","slug":"conditions-generales","status":"publish","type":"page","link":"https:\/\/staging.futurehealthbiobank.com\/lu-fr\/conditions-generales\/","title":{"rendered":"Conditions g\u00e9n\u00e9rales"},"content":{"rendered":"","protected":false},"excerpt":{"rendered":"","protected":false},"author":24,"featured_media":0,"parent":0,"menu_order":0,"comment_status":"closed","ping_status":"closed","template":"page-page_template.php","meta":{"_acf_changed":false,"footnotes":""},"class_list":["post-605","page","type-page","status-publish","hentry"],"acf":[],"yoast_head":"<!-- This site is optimized with the Yoast SEO plugin v26.7 - https:\/\/yoast.com\/wordpress\/plugins\/seo\/ -->\n<title>Conditions g\u00e9n\u00e9rales | Future Health Biobank<\/title>\n<meta name=\"description\" content=\"Les pr\u00e9sentes Conditions g\u00e9n\u00e9rales de livraison du site Web (avec les documents auxquels il y est fait r\u00e9f\u00e9rence) \u00e9tablissent les conditions g\u00e9n\u00e9rales dans lesquelles nous vous livrons tout produit (\u00abProduit\u00bb) ou service (\u00abService\u00bb) r\u00e9pertori\u00e9 sur notre site Web www.staging.futurehealthbiobank.com\/ch-fr\/ (\u00abnotre site\u00bb)\" \/>\n<meta name=\"robots\" content=\"noindex, follow, max-snippet:-1, max-image-preview:large, max-video-preview:-1\" \/>\n<meta property=\"og:locale\" content=\"fr_FR\" \/>\n<meta property=\"og:type\" content=\"article\" \/>\n<meta property=\"og:title\" content=\"Conditions g\u00e9n\u00e9rales | Future Health Biobank\" \/>\n<meta property=\"og:description\" content=\"Les pr\u00e9sentes Conditions g\u00e9n\u00e9rales de livraison du site Web (avec les documents auxquels il y est fait r\u00e9f\u00e9rence) \u00e9tablissent les conditions g\u00e9n\u00e9rales dans lesquelles nous vous livrons tout produit (\u00abProduit\u00bb) ou service (\u00abService\u00bb) r\u00e9pertori\u00e9 sur notre site Web www.staging.futurehealthbiobank.com\/ch-fr\/ (\u00abnotre site\u00bb)\" \/>\n<meta property=\"og:url\" content=\"https:\/\/staging.futurehealthbiobank.com\/lu-fr\/conditions-generales\/\" \/>\n<meta property=\"og:site_name\" content=\"Future Health Biobank Luxembourg French\" \/>\n<meta name=\"twitter:card\" content=\"summary_large_image\" \/>\n<script type=\"application\/ld+json\" class=\"yoast-schema-graph\">{\"@context\":\"https:\/\/schema.org\",\"@graph\":[{\"@type\":\"WebPage\",\"@id\":\"https:\/\/staging.futurehealthbiobank.com\/lu-fr\/conditions-generales\/\",\"url\":\"https:\/\/staging.futurehealthbiobank.com\/lu-fr\/conditions-generales\/\",\"name\":\"Conditions g\u00e9n\u00e9rales | Future Health Biobank\",\"isPartOf\":{\"@id\":\"https:\/\/staging.futurehealthbiobank.com\/lu-fr\/#website\"},\"datePublished\":\"2016-06-08T12:19:18+00:00\",\"description\":\"Les pr\u00e9sentes Conditions g\u00e9n\u00e9rales de livraison du site Web (avec les documents auxquels il y est fait r\u00e9f\u00e9rence) \u00e9tablissent les conditions g\u00e9n\u00e9rales dans lesquelles nous vous livrons tout produit (\u00abProduit\u00bb) ou service (\u00abService\u00bb) r\u00e9pertori\u00e9 sur notre site Web www.staging.futurehealthbiobank.com\/ch-fr\/ (\u00abnotre site\u00bb)\",\"inLanguage\":\"fr-FR\",\"potentialAction\":[{\"@type\":\"ReadAction\",\"target\":[\"https:\/\/staging.futurehealthbiobank.com\/lu-fr\/conditions-generales\/\"]}]},{\"@type\":\"WebSite\",\"@id\":\"https:\/\/staging.futurehealthbiobank.com\/lu-fr\/#website\",\"url\":\"https:\/\/staging.futurehealthbiobank.com\/lu-fr\/\",\"name\":\"Future Health Biobank Luxembourg French\",\"description\":\"\",\"potentialAction\":[{\"@type\":\"SearchAction\",\"target\":{\"@type\":\"EntryPoint\",\"urlTemplate\":\"https:\/\/staging.futurehealthbiobank.com\/lu-fr\/?s={search_term_string}\"},\"query-input\":{\"@type\":\"PropertyValueSpecification\",\"valueRequired\":true,\"valueName\":\"search_term_string\"}}],\"inLanguage\":\"fr-FR\"}]}<\/script>\n<!-- \/ Yoast SEO plugin. -->","yoast_head_json":{"title":"Conditions g\u00e9n\u00e9rales | Future Health Biobank","description":"Les pr\u00e9sentes Conditions g\u00e9n\u00e9rales de livraison du site Web (avec les documents auxquels il y est fait r\u00e9f\u00e9rence) \u00e9tablissent les conditions g\u00e9n\u00e9rales dans lesquelles nous vous livrons tout produit (\u00abProduit\u00bb) ou service (\u00abService\u00bb) r\u00e9pertori\u00e9 sur notre site Web www.staging.futurehealthbiobank.com\/ch-fr\/ (\u00abnotre site\u00bb)","robots":{"index":"noindex","follow":"follow","max-snippet":"max-snippet:-1","max-image-preview":"max-image-preview:large","max-video-preview":"max-video-preview:-1"},"og_locale":"fr_FR","og_type":"article","og_title":"Conditions g\u00e9n\u00e9rales | Future Health Biobank","og_description":"Les pr\u00e9sentes Conditions g\u00e9n\u00e9rales de livraison du site Web (avec les documents auxquels il y est fait r\u00e9f\u00e9rence) \u00e9tablissent les conditions g\u00e9n\u00e9rales dans lesquelles nous vous livrons tout produit (\u00abProduit\u00bb) ou service (\u00abService\u00bb) r\u00e9pertori\u00e9 sur notre site Web www.staging.futurehealthbiobank.com\/ch-fr\/ (\u00abnotre site\u00bb)","og_url":"https:\/\/staging.futurehealthbiobank.com\/lu-fr\/conditions-generales\/","og_site_name":"Future Health Biobank Luxembourg French","twitter_card":"summary_large_image","schema":{"@context":"https:\/\/schema.org","@graph":[{"@type":"WebPage","@id":"https:\/\/staging.futurehealthbiobank.com\/lu-fr\/conditions-generales\/","url":"https:\/\/staging.futurehealthbiobank.com\/lu-fr\/conditions-generales\/","name":"Conditions g\u00e9n\u00e9rales | Future Health Biobank","isPartOf":{"@id":"https:\/\/staging.futurehealthbiobank.com\/lu-fr\/#website"},"datePublished":"2016-06-08T12:19:18+00:00","description":"Les pr\u00e9sentes Conditions g\u00e9n\u00e9rales de livraison du site Web (avec les documents auxquels il y est fait r\u00e9f\u00e9rence) \u00e9tablissent les conditions g\u00e9n\u00e9rales dans lesquelles nous vous livrons tout produit (\u00abProduit\u00bb) ou service (\u00abService\u00bb) r\u00e9pertori\u00e9 sur notre site Web www.staging.futurehealthbiobank.com\/ch-fr\/ (\u00abnotre site\u00bb)","inLanguage":"fr-FR","potentialAction":[{"@type":"ReadAction","target":["https:\/\/staging.futurehealthbiobank.com\/lu-fr\/conditions-generales\/"]}]},{"@type":"WebSite","@id":"https:\/\/staging.futurehealthbiobank.com\/lu-fr\/#website","url":"https:\/\/staging.futurehealthbiobank.com\/lu-fr\/","name":"Future Health Biobank Luxembourg French","description":"","potentialAction":[{"@type":"SearchAction","target":{"@type":"EntryPoint","urlTemplate":"https:\/\/staging.futurehealthbiobank.com\/lu-fr\/?s={search_term_string}"},"query-input":{"@type":"PropertyValueSpecification","valueRequired":true,"valueName":"search_term_string"}}],"inLanguage":"fr-FR"}]}},"_links":{"self":[{"href":"https:\/\/staging.futurehealthbiobank.com\/lu-fr\/wp-json\/wp\/v2\/pages\/605","targetHints":{"allow":["GET"]}}],"collection":[{"href":"https:\/\/staging.futurehealthbiobank.com\/lu-fr\/wp-json\/wp\/v2\/pages"}],"about":[{"href":"https:\/\/staging.futurehealthbiobank.com\/lu-fr\/wp-json\/wp\/v2\/types\/page"}],"author":[{"embeddable":true,"href":"https:\/\/staging.futurehealthbiobank.com\/lu-fr\/wp-json\/wp\/v2\/users\/24"}],"replies":[{"embeddable":true,"href":"https:\/\/staging.futurehealthbiobank.com\/lu-fr\/wp-json\/wp\/v2\/comments?post=605"}],"version-history":[{"count":0,"href":"https:\/\/staging.futurehealthbiobank.com\/lu-fr\/wp-json\/wp\/v2\/pages\/605\/revisions"}],"wp:attachment":[{"href":"https:\/\/staging.futurehealthbiobank.com\/lu-fr\/wp-json\/wp\/v2\/media?parent=605"}],"curies":[{"name":"wp","href":"https:\/\/api.w.org\/{rel}","templated":true}]}}