{"id":630,"date":"2018-12-03T15:32:08","date_gmt":"2018-12-03T14:32:08","guid":{"rendered":"https:\/\/staging.futurehealthbiobank.com\/ch-fr\/?page_id=630"},"modified":"2020-11-16T16:33:01","modified_gmt":"2020-11-16T15:33:01","slug":"vision-tarifs-des-tests-prenataux","status":"publish","type":"page","link":"https:\/\/staging.futurehealthbiobank.com\/lu-fr\/vision-tarifs-des-tests-prenataux\/","title":{"rendered":"Vision &#8211; Tarifs des tests pr\u00e9nataux"},"content":{"rendered":"","protected":false},"excerpt":{"rendered":"","protected":false},"author":24,"featured_media":0,"parent":0,"menu_order":0,"comment_status":"closed","ping_status":"closed","template":"page-visionpricing.php","meta":{"_acf_changed":false,"footnotes":""},"class_list":["post-630","page","type-page","status-publish","hentry"],"acf":[],"yoast_head":"<!-- This site is optimized with the Yoast SEO plugin v26.7 - https:\/\/yoast.com\/wordpress\/plugins\/seo\/ -->\n<title>Prix pour le D\u00e9pistage Pr\u00e9natal non-Invasif (DPNI) | Future Health Biobank<\/title>\n<meta name=\"description\" content=\"Consultez notre grille tarifaire abordable \u00abVision\u00bb pour les tests de d\u00e9pistage pr\u00e9natal non invasif (DPNI). Testez votre ADN avec un \u00e9chantillon de sang simple pour d\u00e9pister chez votre enfant \u00e0 venir des maladies g\u00e9n\u00e9tiques potentielles.\" \/>\n<meta name=\"robots\" content=\"noindex, follow, max-snippet:-1, max-image-preview:large, max-video-preview:-1\" \/>\n<meta property=\"og:locale\" content=\"fr_FR\" \/>\n<meta property=\"og:type\" content=\"article\" \/>\n<meta property=\"og:title\" content=\"Prix pour le D\u00e9pistage Pr\u00e9natal non-Invasif (DPNI) | Future Health Biobank\" \/>\n<meta property=\"og:description\" content=\"Consultez notre grille tarifaire abordable \u00abVision\u00bb pour les tests de d\u00e9pistage pr\u00e9natal non invasif (DPNI). Testez votre ADN avec un \u00e9chantillon de sang simple pour d\u00e9pister chez votre enfant \u00e0 venir des maladies g\u00e9n\u00e9tiques potentielles.\" \/>\n<meta property=\"og:url\" content=\"https:\/\/staging.futurehealthbiobank.com\/lu-fr\/vision-tarifs-des-tests-prenataux\/\" \/>\n<meta property=\"og:site_name\" content=\"Future Health Biobank Luxembourg French\" \/>\n<meta property=\"article:modified_time\" content=\"2020-11-16T15:33:01+00:00\" \/>\n<meta name=\"twitter:card\" content=\"summary_large_image\" \/>\n<script type=\"application\/ld+json\" class=\"yoast-schema-graph\">{\"@context\":\"https:\/\/schema.org\",\"@graph\":[{\"@type\":\"WebPage\",\"@id\":\"https:\/\/staging.futurehealthbiobank.com\/lu-fr\/vision-tarifs-des-tests-prenataux\/\",\"url\":\"https:\/\/staging.futurehealthbiobank.com\/lu-fr\/vision-tarifs-des-tests-prenataux\/\",\"name\":\"Prix pour le D\u00e9pistage Pr\u00e9natal non-Invasif (DPNI) | Future Health Biobank\",\"isPartOf\":{\"@id\":\"https:\/\/staging.futurehealthbiobank.com\/lu-fr\/#website\"},\"datePublished\":\"2018-12-03T14:32:08+00:00\",\"dateModified\":\"2020-11-16T15:33:01+00:00\",\"description\":\"Consultez notre grille tarifaire abordable \u00abVision\u00bb pour les tests de d\u00e9pistage pr\u00e9natal non invasif (DPNI). Testez votre ADN avec un \u00e9chantillon de sang simple pour d\u00e9pister chez votre enfant \u00e0 venir des maladies g\u00e9n\u00e9tiques potentielles.\",\"inLanguage\":\"fr-FR\",\"potentialAction\":[{\"@type\":\"ReadAction\",\"target\":[\"https:\/\/staging.futurehealthbiobank.com\/lu-fr\/vision-tarifs-des-tests-prenataux\/\"]}]},{\"@type\":\"WebSite\",\"@id\":\"https:\/\/staging.futurehealthbiobank.com\/lu-fr\/#website\",\"url\":\"https:\/\/staging.futurehealthbiobank.com\/lu-fr\/\",\"name\":\"Future Health Biobank Luxembourg French\",\"description\":\"\",\"potentialAction\":[{\"@type\":\"SearchAction\",\"target\":{\"@type\":\"EntryPoint\",\"urlTemplate\":\"https:\/\/staging.futurehealthbiobank.com\/lu-fr\/?s={search_term_string}\"},\"query-input\":{\"@type\":\"PropertyValueSpecification\",\"valueRequired\":true,\"valueName\":\"search_term_string\"}}],\"inLanguage\":\"fr-FR\"}]}<\/script>\n<!-- \/ Yoast SEO plugin. -->","yoast_head_json":{"title":"Prix pour le D\u00e9pistage Pr\u00e9natal non-Invasif (DPNI) | Future Health Biobank","description":"Consultez notre grille tarifaire abordable \u00abVision\u00bb pour les tests de d\u00e9pistage pr\u00e9natal non invasif (DPNI). Testez votre ADN avec un \u00e9chantillon de sang simple pour d\u00e9pister chez votre enfant \u00e0 venir des maladies g\u00e9n\u00e9tiques potentielles.","robots":{"index":"noindex","follow":"follow","max-snippet":"max-snippet:-1","max-image-preview":"max-image-preview:large","max-video-preview":"max-video-preview:-1"},"og_locale":"fr_FR","og_type":"article","og_title":"Prix pour le D\u00e9pistage Pr\u00e9natal non-Invasif (DPNI) | Future Health Biobank","og_description":"Consultez notre grille tarifaire abordable \u00abVision\u00bb pour les tests de d\u00e9pistage pr\u00e9natal non invasif (DPNI). Testez votre ADN avec un \u00e9chantillon de sang simple pour d\u00e9pister chez votre enfant \u00e0 venir des maladies g\u00e9n\u00e9tiques potentielles.","og_url":"https:\/\/staging.futurehealthbiobank.com\/lu-fr\/vision-tarifs-des-tests-prenataux\/","og_site_name":"Future Health Biobank Luxembourg French","article_modified_time":"2020-11-16T15:33:01+00:00","twitter_card":"summary_large_image","schema":{"@context":"https:\/\/schema.org","@graph":[{"@type":"WebPage","@id":"https:\/\/staging.futurehealthbiobank.com\/lu-fr\/vision-tarifs-des-tests-prenataux\/","url":"https:\/\/staging.futurehealthbiobank.com\/lu-fr\/vision-tarifs-des-tests-prenataux\/","name":"Prix pour le D\u00e9pistage Pr\u00e9natal non-Invasif (DPNI) | Future Health Biobank","isPartOf":{"@id":"https:\/\/staging.futurehealthbiobank.com\/lu-fr\/#website"},"datePublished":"2018-12-03T14:32:08+00:00","dateModified":"2020-11-16T15:33:01+00:00","description":"Consultez notre grille tarifaire abordable \u00abVision\u00bb pour les tests de d\u00e9pistage pr\u00e9natal non invasif (DPNI). Testez votre ADN avec un \u00e9chantillon de sang simple pour d\u00e9pister chez votre enfant \u00e0 venir des maladies g\u00e9n\u00e9tiques potentielles.","inLanguage":"fr-FR","potentialAction":[{"@type":"ReadAction","target":["https:\/\/staging.futurehealthbiobank.com\/lu-fr\/vision-tarifs-des-tests-prenataux\/"]}]},{"@type":"WebSite","@id":"https:\/\/staging.futurehealthbiobank.com\/lu-fr\/#website","url":"https:\/\/staging.futurehealthbiobank.com\/lu-fr\/","name":"Future Health Biobank Luxembourg French","description":"","potentialAction":[{"@type":"SearchAction","target":{"@type":"EntryPoint","urlTemplate":"https:\/\/staging.futurehealthbiobank.com\/lu-fr\/?s={search_term_string}"},"query-input":{"@type":"PropertyValueSpecification","valueRequired":true,"valueName":"search_term_string"}}],"inLanguage":"fr-FR"}]}},"_links":{"self":[{"href":"https:\/\/staging.futurehealthbiobank.com\/lu-fr\/wp-json\/wp\/v2\/pages\/630","targetHints":{"allow":["GET"]}}],"collection":[{"href":"https:\/\/staging.futurehealthbiobank.com\/lu-fr\/wp-json\/wp\/v2\/pages"}],"about":[{"href":"https:\/\/staging.futurehealthbiobank.com\/lu-fr\/wp-json\/wp\/v2\/types\/page"}],"author":[{"embeddable":true,"href":"https:\/\/staging.futurehealthbiobank.com\/lu-fr\/wp-json\/wp\/v2\/users\/24"}],"replies":[{"embeddable":true,"href":"https:\/\/staging.futurehealthbiobank.com\/lu-fr\/wp-json\/wp\/v2\/comments?post=630"}],"version-history":[{"count":0,"href":"https:\/\/staging.futurehealthbiobank.com\/lu-fr\/wp-json\/wp\/v2\/pages\/630\/revisions"}],"wp:attachment":[{"href":"https:\/\/staging.futurehealthbiobank.com\/lu-fr\/wp-json\/wp\/v2\/media?parent=630"}],"curies":[{"name":"wp","href":"https:\/\/api.w.org\/{rel}","templated":true}]}}