{"id":9154,"date":"2018-07-04T12:51:55","date_gmt":"2018-07-04T10:51:55","guid":{"rendered":"https:\/\/staging.futurehealthbiobank.com\/ch-fr\/?page_id=9154"},"modified":"2023-08-22T10:26:00","modified_gmt":"2023-08-22T08:26:00","slug":"nos-accreditations","status":"publish","type":"page","link":"https:\/\/staging.futurehealthbiobank.com\/lu-fr\/nos-accreditations\/","title":{"rendered":"Nos accr\u00e9ditations"},"content":{"rendered":"","protected":false},"excerpt":{"rendered":"","protected":false},"author":24,"featured_media":0,"parent":0,"menu_order":0,"comment_status":"closed","ping_status":"closed","template":"page-accreditations-new.php","meta":{"_acf_changed":false,"footnotes":""},"class_list":["post-9154","page","type-page","status-publish","hentry"],"acf":[],"yoast_head":"<!-- This site is optimized with the Yoast SEO plugin v26.7 - https:\/\/yoast.com\/wordpress\/plugins\/seo\/ -->\n<title>La Banque De Cellules Souches La Plus Accr\u00e9dit\u00e9e Au Monde | Future Health Biobank<\/title>\n<meta name=\"description\" content=\"Nous proposons des services bancaires agr\u00e9\u00e9s Swiss Medic et HTA dans 75 pays. Apprendre encore plus!\" \/>\n<meta name=\"robots\" content=\"noindex, follow, max-snippet:-1, max-image-preview:large, max-video-preview:-1\" \/>\n<meta property=\"og:locale\" content=\"fr_FR\" \/>\n<meta property=\"og:type\" content=\"article\" \/>\n<meta property=\"og:title\" content=\"La Banque De Cellules Souches La Plus Accr\u00e9dit\u00e9e Au Monde | Future Health Biobank\" \/>\n<meta property=\"og:description\" content=\"Nous proposons des services bancaires agr\u00e9\u00e9s Swiss Medic et HTA dans 75 pays. Apprendre encore plus!\" \/>\n<meta property=\"og:url\" content=\"https:\/\/staging.futurehealthbiobank.com\/lu-fr\/nos-accreditations\/\" \/>\n<meta property=\"og:site_name\" content=\"Future Health Biobank Luxembourg French\" \/>\n<meta property=\"article:modified_time\" content=\"2023-08-22T08:26:00+00:00\" \/>\n<meta name=\"twitter:card\" content=\"summary_large_image\" \/>\n<script type=\"application\/ld+json\" class=\"yoast-schema-graph\">{\"@context\":\"https:\/\/schema.org\",\"@graph\":[{\"@type\":\"WebPage\",\"@id\":\"https:\/\/staging.futurehealthbiobank.com\/lu-fr\/nos-accreditations\/\",\"url\":\"https:\/\/staging.futurehealthbiobank.com\/lu-fr\/nos-accreditations\/\",\"name\":\"La Banque De Cellules Souches La Plus Accr\u00e9dit\u00e9e Au Monde | Future Health Biobank\",\"isPartOf\":{\"@id\":\"https:\/\/staging.futurehealthbiobank.com\/lu-fr\/#website\"},\"datePublished\":\"2018-07-04T10:51:55+00:00\",\"dateModified\":\"2023-08-22T08:26:00+00:00\",\"description\":\"Nous proposons des services bancaires agr\u00e9\u00e9s Swiss Medic et HTA dans 75 pays. Apprendre encore plus!\",\"inLanguage\":\"fr-FR\",\"potentialAction\":[{\"@type\":\"ReadAction\",\"target\":[\"https:\/\/staging.futurehealthbiobank.com\/lu-fr\/nos-accreditations\/\"]}]},{\"@type\":\"WebSite\",\"@id\":\"https:\/\/staging.futurehealthbiobank.com\/lu-fr\/#website\",\"url\":\"https:\/\/staging.futurehealthbiobank.com\/lu-fr\/\",\"name\":\"Future Health Biobank Luxembourg French\",\"description\":\"\",\"potentialAction\":[{\"@type\":\"SearchAction\",\"target\":{\"@type\":\"EntryPoint\",\"urlTemplate\":\"https:\/\/staging.futurehealthbiobank.com\/lu-fr\/?s={search_term_string}\"},\"query-input\":{\"@type\":\"PropertyValueSpecification\",\"valueRequired\":true,\"valueName\":\"search_term_string\"}}],\"inLanguage\":\"fr-FR\"}]}<\/script>\n<!-- \/ Yoast SEO plugin. -->","yoast_head_json":{"title":"La Banque De Cellules Souches La Plus Accr\u00e9dit\u00e9e Au Monde | Future Health Biobank","description":"Nous proposons des services bancaires agr\u00e9\u00e9s Swiss Medic et HTA dans 75 pays. Apprendre encore plus!","robots":{"index":"noindex","follow":"follow","max-snippet":"max-snippet:-1","max-image-preview":"max-image-preview:large","max-video-preview":"max-video-preview:-1"},"og_locale":"fr_FR","og_type":"article","og_title":"La Banque De Cellules Souches La Plus Accr\u00e9dit\u00e9e Au Monde | Future Health Biobank","og_description":"Nous proposons des services bancaires agr\u00e9\u00e9s Swiss Medic et HTA dans 75 pays. Apprendre encore plus!","og_url":"https:\/\/staging.futurehealthbiobank.com\/lu-fr\/nos-accreditations\/","og_site_name":"Future Health Biobank Luxembourg French","article_modified_time":"2023-08-22T08:26:00+00:00","twitter_card":"summary_large_image","schema":{"@context":"https:\/\/schema.org","@graph":[{"@type":"WebPage","@id":"https:\/\/staging.futurehealthbiobank.com\/lu-fr\/nos-accreditations\/","url":"https:\/\/staging.futurehealthbiobank.com\/lu-fr\/nos-accreditations\/","name":"La Banque De Cellules Souches La Plus Accr\u00e9dit\u00e9e Au Monde | Future Health Biobank","isPartOf":{"@id":"https:\/\/staging.futurehealthbiobank.com\/lu-fr\/#website"},"datePublished":"2018-07-04T10:51:55+00:00","dateModified":"2023-08-22T08:26:00+00:00","description":"Nous proposons des services bancaires agr\u00e9\u00e9s Swiss Medic et HTA dans 75 pays. Apprendre encore plus!","inLanguage":"fr-FR","potentialAction":[{"@type":"ReadAction","target":["https:\/\/staging.futurehealthbiobank.com\/lu-fr\/nos-accreditations\/"]}]},{"@type":"WebSite","@id":"https:\/\/staging.futurehealthbiobank.com\/lu-fr\/#website","url":"https:\/\/staging.futurehealthbiobank.com\/lu-fr\/","name":"Future Health Biobank Luxembourg French","description":"","potentialAction":[{"@type":"SearchAction","target":{"@type":"EntryPoint","urlTemplate":"https:\/\/staging.futurehealthbiobank.com\/lu-fr\/?s={search_term_string}"},"query-input":{"@type":"PropertyValueSpecification","valueRequired":true,"valueName":"search_term_string"}}],"inLanguage":"fr-FR"}]}},"_links":{"self":[{"href":"https:\/\/staging.futurehealthbiobank.com\/lu-fr\/wp-json\/wp\/v2\/pages\/9154","targetHints":{"allow":["GET"]}}],"collection":[{"href":"https:\/\/staging.futurehealthbiobank.com\/lu-fr\/wp-json\/wp\/v2\/pages"}],"about":[{"href":"https:\/\/staging.futurehealthbiobank.com\/lu-fr\/wp-json\/wp\/v2\/types\/page"}],"author":[{"embeddable":true,"href":"https:\/\/staging.futurehealthbiobank.com\/lu-fr\/wp-json\/wp\/v2\/users\/24"}],"replies":[{"embeddable":true,"href":"https:\/\/staging.futurehealthbiobank.com\/lu-fr\/wp-json\/wp\/v2\/comments?post=9154"}],"version-history":[{"count":0,"href":"https:\/\/staging.futurehealthbiobank.com\/lu-fr\/wp-json\/wp\/v2\/pages\/9154\/revisions"}],"wp:attachment":[{"href":"https:\/\/staging.futurehealthbiobank.com\/lu-fr\/wp-json\/wp\/v2\/media?parent=9154"}],"curies":[{"name":"wp","href":"https:\/\/api.w.org\/{rel}","templated":true}]}}