{"id":2810,"date":"2016-03-03T21:38:13","date_gmt":"2016-03-03T21:38:13","guid":{"rendered":"https:\/\/staging.futurehealthbiobank.com\/lv\/?page_id=2810"},"modified":"2021-01-26T12:00:33","modified_gmt":"2021-01-26T10:00:33","slug":"nabassaites-cilmes-sunu-uzglabasanas-cenradis","status":"publish","type":"page","link":"https:\/\/staging.futurehealthbiobank.com\/lv\/cenradis\/cilmes-sunu-uzglabasanas-cenas\/nabassaites-cilmes-sunu-uzglabasanas-cenradis\/","title":{"rendered":"Nabassaites cilmes \u0161\u016bnu uzglab\u0101\u0161anas cenr\u0101dis"},"content":{"rendered":"","protected":false},"excerpt":{"rendered":"","protected":false},"author":25,"featured_media":0,"parent":2811,"menu_order":0,"comment_status":"closed","ping_status":"closed","template":"page-pricingv2.php","meta":{"_acf_changed":false,"footnotes":""},"class_list":["post-2810","page","type-page","status-publish","hentry"],"acf":[],"yoast_head":"<!-- This site is optimized with the Yoast SEO plugin v26.7 - https:\/\/yoast.com\/wordpress\/plugins\/seo\/ -->\n<title>Pricing | Umbilical cord stem prices<\/title>\n<meta name=\"description\" content=\"Umbilical cord blood and cord tissue stem cell banking pricing plan. Monthly interest free payment plan also available with this service.\" \/>\n<meta name=\"robots\" content=\"noindex, follow, max-snippet:-1, max-image-preview:large, max-video-preview:-1\" \/>\n<meta property=\"og:locale\" content=\"lv_LV\" \/>\n<meta property=\"og:type\" content=\"article\" \/>\n<meta property=\"og:title\" content=\"Pricing | Umbilical cord stem prices\" \/>\n<meta property=\"og:description\" content=\"Umbilical cord blood and cord tissue stem cell banking pricing plan. Monthly interest free payment plan also available with this service.\" \/>\n<meta property=\"og:url\" content=\"https:\/\/staging.futurehealthbiobank.com\/lv\/cenradis\/cilmes-sunu-uzglabasanas-cenas\/nabassaites-cilmes-sunu-uzglabasanas-cenradis\/\" \/>\n<meta property=\"og:site_name\" content=\"Future Health Biobank Latvia\" \/>\n<meta property=\"article:modified_time\" content=\"2021-01-26T10:00:33+00:00\" \/>\n<meta name=\"twitter:card\" content=\"summary_large_image\" \/>\n<script type=\"application\/ld+json\" class=\"yoast-schema-graph\">{\"@context\":\"https:\/\/schema.org\",\"@graph\":[{\"@type\":\"WebPage\",\"@id\":\"https:\/\/staging.futurehealthbiobank.com\/lv\/cenradis\/cilmes-sunu-uzglabasanas-cenas\/nabassaites-cilmes-sunu-uzglabasanas-cenradis\/\",\"url\":\"https:\/\/staging.futurehealthbiobank.com\/lv\/cenradis\/cilmes-sunu-uzglabasanas-cenas\/nabassaites-cilmes-sunu-uzglabasanas-cenradis\/\",\"name\":\"Pricing | Umbilical cord stem prices\",\"isPartOf\":{\"@id\":\"https:\/\/staging.futurehealthbiobank.com\/lv\/#website\"},\"datePublished\":\"2016-03-03T21:38:13+00:00\",\"dateModified\":\"2021-01-26T10:00:33+00:00\",\"description\":\"Umbilical cord blood and cord tissue stem cell banking pricing plan. Monthly interest free payment plan also available with this service.\",\"breadcrumb\":{\"@id\":\"https:\/\/staging.futurehealthbiobank.com\/lv\/cenradis\/cilmes-sunu-uzglabasanas-cenas\/nabassaites-cilmes-sunu-uzglabasanas-cenradis\/#breadcrumb\"},\"inLanguage\":\"lv-LV\",\"potentialAction\":[{\"@type\":\"ReadAction\",\"target\":[\"https:\/\/staging.futurehealthbiobank.com\/lv\/cenradis\/cilmes-sunu-uzglabasanas-cenas\/nabassaites-cilmes-sunu-uzglabasanas-cenradis\/\"]}]},{\"@type\":\"BreadcrumbList\",\"@id\":\"https:\/\/staging.futurehealthbiobank.com\/lv\/cenradis\/cilmes-sunu-uzglabasanas-cenas\/nabassaites-cilmes-sunu-uzglabasanas-cenradis\/#breadcrumb\",\"itemListElement\":[{\"@type\":\"ListItem\",\"position\":1,\"name\":\"Cenr\u0101dis\",\"item\":\"https:\/\/staging.futurehealthbiobank.com\/lv\/cenradis\/\"},{\"@type\":\"ListItem\",\"position\":2,\"name\":\"Cilmes \u0161\u016bnu uzglab\u0101\u0161anas cenas\",\"item\":\"https:\/\/staging.futurehealthbiobank.com\/lv\/cenradis\/cilmes-sunu-uzglabasanas-cenas\/\"},{\"@type\":\"ListItem\",\"position\":3,\"name\":\"Nabassaites cilmes \u0161\u016bnu uzglab\u0101\u0161anas cenr\u0101dis\"}]},{\"@type\":\"WebSite\",\"@id\":\"https:\/\/staging.futurehealthbiobank.com\/lv\/#website\",\"url\":\"https:\/\/staging.futurehealthbiobank.com\/lv\/\",\"name\":\"Future Health Biobank Latvia\",\"description\":\"\",\"potentialAction\":[{\"@type\":\"SearchAction\",\"target\":{\"@type\":\"EntryPoint\",\"urlTemplate\":\"https:\/\/staging.futurehealthbiobank.com\/lv\/?s={search_term_string}\"},\"query-input\":{\"@type\":\"PropertyValueSpecification\",\"valueRequired\":true,\"valueName\":\"search_term_string\"}}],\"inLanguage\":\"lv-LV\"}]}<\/script>\n<!-- \/ Yoast SEO plugin. -->","yoast_head_json":{"title":"Pricing | Umbilical cord stem prices","description":"Umbilical cord blood and cord tissue stem cell banking pricing plan. Monthly interest free payment plan also available with this service.","robots":{"index":"noindex","follow":"follow","max-snippet":"max-snippet:-1","max-image-preview":"max-image-preview:large","max-video-preview":"max-video-preview:-1"},"og_locale":"lv_LV","og_type":"article","og_title":"Pricing | Umbilical cord stem prices","og_description":"Umbilical cord blood and cord tissue stem cell banking pricing plan. Monthly interest free payment plan also available with this service.","og_url":"https:\/\/staging.futurehealthbiobank.com\/lv\/cenradis\/cilmes-sunu-uzglabasanas-cenas\/nabassaites-cilmes-sunu-uzglabasanas-cenradis\/","og_site_name":"Future Health Biobank Latvia","article_modified_time":"2021-01-26T10:00:33+00:00","twitter_card":"summary_large_image","schema":{"@context":"https:\/\/schema.org","@graph":[{"@type":"WebPage","@id":"https:\/\/staging.futurehealthbiobank.com\/lv\/cenradis\/cilmes-sunu-uzglabasanas-cenas\/nabassaites-cilmes-sunu-uzglabasanas-cenradis\/","url":"https:\/\/staging.futurehealthbiobank.com\/lv\/cenradis\/cilmes-sunu-uzglabasanas-cenas\/nabassaites-cilmes-sunu-uzglabasanas-cenradis\/","name":"Pricing | Umbilical cord stem prices","isPartOf":{"@id":"https:\/\/staging.futurehealthbiobank.com\/lv\/#website"},"datePublished":"2016-03-03T21:38:13+00:00","dateModified":"2021-01-26T10:00:33+00:00","description":"Umbilical cord blood and cord tissue stem cell banking pricing plan. Monthly interest free payment plan also available with this service.","breadcrumb":{"@id":"https:\/\/staging.futurehealthbiobank.com\/lv\/cenradis\/cilmes-sunu-uzglabasanas-cenas\/nabassaites-cilmes-sunu-uzglabasanas-cenradis\/#breadcrumb"},"inLanguage":"lv-LV","potentialAction":[{"@type":"ReadAction","target":["https:\/\/staging.futurehealthbiobank.com\/lv\/cenradis\/cilmes-sunu-uzglabasanas-cenas\/nabassaites-cilmes-sunu-uzglabasanas-cenradis\/"]}]},{"@type":"BreadcrumbList","@id":"https:\/\/staging.futurehealthbiobank.com\/lv\/cenradis\/cilmes-sunu-uzglabasanas-cenas\/nabassaites-cilmes-sunu-uzglabasanas-cenradis\/#breadcrumb","itemListElement":[{"@type":"ListItem","position":1,"name":"Cenr\u0101dis","item":"https:\/\/staging.futurehealthbiobank.com\/lv\/cenradis\/"},{"@type":"ListItem","position":2,"name":"Cilmes \u0161\u016bnu uzglab\u0101\u0161anas cenas","item":"https:\/\/staging.futurehealthbiobank.com\/lv\/cenradis\/cilmes-sunu-uzglabasanas-cenas\/"},{"@type":"ListItem","position":3,"name":"Nabassaites cilmes \u0161\u016bnu uzglab\u0101\u0161anas cenr\u0101dis"}]},{"@type":"WebSite","@id":"https:\/\/staging.futurehealthbiobank.com\/lv\/#website","url":"https:\/\/staging.futurehealthbiobank.com\/lv\/","name":"Future Health Biobank Latvia","description":"","potentialAction":[{"@type":"SearchAction","target":{"@type":"EntryPoint","urlTemplate":"https:\/\/staging.futurehealthbiobank.com\/lv\/?s={search_term_string}"},"query-input":{"@type":"PropertyValueSpecification","valueRequired":true,"valueName":"search_term_string"}}],"inLanguage":"lv-LV"}]}},"_links":{"self":[{"href":"https:\/\/staging.futurehealthbiobank.com\/lv\/wp-json\/wp\/v2\/pages\/2810","targetHints":{"allow":["GET"]}}],"collection":[{"href":"https:\/\/staging.futurehealthbiobank.com\/lv\/wp-json\/wp\/v2\/pages"}],"about":[{"href":"https:\/\/staging.futurehealthbiobank.com\/lv\/wp-json\/wp\/v2\/types\/page"}],"author":[{"embeddable":true,"href":"https:\/\/staging.futurehealthbiobank.com\/lv\/wp-json\/wp\/v2\/users\/25"}],"replies":[{"embeddable":true,"href":"https:\/\/staging.futurehealthbiobank.com\/lv\/wp-json\/wp\/v2\/comments?post=2810"}],"version-history":[{"count":0,"href":"https:\/\/staging.futurehealthbiobank.com\/lv\/wp-json\/wp\/v2\/pages\/2810\/revisions"}],"up":[{"embeddable":true,"href":"https:\/\/staging.futurehealthbiobank.com\/lv\/wp-json\/wp\/v2\/pages\/2811"}],"wp:attachment":[{"href":"https:\/\/staging.futurehealthbiobank.com\/lv\/wp-json\/wp\/v2\/media?parent=2810"}],"curies":[{"name":"wp","href":"https:\/\/api.w.org\/{rel}","templated":true}]}}