{"id":2940,"date":"2016-03-10T01:30:07","date_gmt":"2016-03-10T01:30:07","guid":{"rendered":"https:\/\/staging.futurehealthbiobank.com\/lv\/?page_id=2940"},"modified":"2017-03-13T10:34:26","modified_gmt":"2017-03-13T09:34:26","slug":"jaundzimusa-genetiskais-skrinings","status":"publish","type":"page","link":"https:\/\/staging.futurehealthbiobank.com\/lv\/musu-pakalpojumi\/diagnostikas-testi\/jaundzimusa-genetiskais-skrinings\/","title":{"rendered":"Jaundzimu\u0161\u0101 \u0123en\u0113tiskais skr\u012bnings"},"content":{"rendered":"","protected":false},"excerpt":{"rendered":"","protected":false},"author":25,"featured_media":0,"parent":2399,"menu_order":0,"comment_status":"closed","ping_status":"closed","template":"page-page_template.php","meta":{"_acf_changed":false,"footnotes":""},"class_list":["post-2940","page","type-page","status-publish","hentry"],"acf":[],"yoast_head":"<!-- This site is optimized with the Yoast SEO plugin v26.7 - https:\/\/yoast.com\/wordpress\/plugins\/seo\/ -->\n<title>Diagnostics | New born screening test<\/title>\n<meta name=\"description\" content=\"Our new born screening test checks for 5 key intolerances within children, such as lactose intolerance, using just a simple saliva swab\" \/>\n<meta name=\"robots\" content=\"noindex, follow, max-snippet:-1, max-image-preview:large, max-video-preview:-1\" \/>\n<meta property=\"og:locale\" content=\"lv_LV\" \/>\n<meta property=\"og:type\" content=\"article\" \/>\n<meta property=\"og:title\" content=\"Diagnostics | New born screening test\" \/>\n<meta property=\"og:description\" content=\"Our new born screening test checks for 5 key intolerances within children, such as lactose intolerance, using just a simple saliva swab\" \/>\n<meta property=\"og:url\" content=\"https:\/\/staging.futurehealthbiobank.com\/lv\/musu-pakalpojumi\/diagnostikas-testi\/jaundzimusa-genetiskais-skrinings\/\" \/>\n<meta property=\"og:site_name\" content=\"Future Health Biobank Latvia\" \/>\n<meta property=\"article:modified_time\" content=\"2017-03-13T09:34:26+00:00\" \/>\n<meta name=\"twitter:card\" content=\"summary_large_image\" \/>\n<script type=\"application\/ld+json\" class=\"yoast-schema-graph\">{\"@context\":\"https:\/\/schema.org\",\"@graph\":[{\"@type\":\"WebPage\",\"@id\":\"https:\/\/staging.futurehealthbiobank.com\/lv\/musu-pakalpojumi\/diagnostikas-testi\/jaundzimusa-genetiskais-skrinings\/\",\"url\":\"https:\/\/staging.futurehealthbiobank.com\/lv\/musu-pakalpojumi\/diagnostikas-testi\/jaundzimusa-genetiskais-skrinings\/\",\"name\":\"Diagnostics | New born screening test\",\"isPartOf\":{\"@id\":\"https:\/\/staging.futurehealthbiobank.com\/lv\/#website\"},\"datePublished\":\"2016-03-10T01:30:07+00:00\",\"dateModified\":\"2017-03-13T09:34:26+00:00\",\"description\":\"Our new born screening test checks for 5 key intolerances within children, such as lactose intolerance, using just a simple saliva swab\",\"breadcrumb\":{\"@id\":\"https:\/\/staging.futurehealthbiobank.com\/lv\/musu-pakalpojumi\/diagnostikas-testi\/jaundzimusa-genetiskais-skrinings\/#breadcrumb\"},\"inLanguage\":\"lv-LV\",\"potentialAction\":[{\"@type\":\"ReadAction\",\"target\":[\"https:\/\/staging.futurehealthbiobank.com\/lv\/musu-pakalpojumi\/diagnostikas-testi\/jaundzimusa-genetiskais-skrinings\/\"]}]},{\"@type\":\"BreadcrumbList\",\"@id\":\"https:\/\/staging.futurehealthbiobank.com\/lv\/musu-pakalpojumi\/diagnostikas-testi\/jaundzimusa-genetiskais-skrinings\/#breadcrumb\",\"itemListElement\":[{\"@type\":\"ListItem\",\"position\":1,\"name\":\"M\u016bsu pakalpojumi\",\"item\":\"https:\/\/staging.futurehealthbiobank.com\/lv\/musu-pakalpojumi\/\"},{\"@type\":\"ListItem\",\"position\":2,\"name\":\"Diagnostikas testi\",\"item\":\"https:\/\/staging.futurehealthbiobank.com\/lv\/musu-pakalpojumi\/diagnostikas-testi\/\"},{\"@type\":\"ListItem\",\"position\":3,\"name\":\"Jaundzimu\u0161\u0101 \u0123en\u0113tiskais skr\u012bnings\"}]},{\"@type\":\"WebSite\",\"@id\":\"https:\/\/staging.futurehealthbiobank.com\/lv\/#website\",\"url\":\"https:\/\/staging.futurehealthbiobank.com\/lv\/\",\"name\":\"Future Health Biobank Latvia\",\"description\":\"\",\"potentialAction\":[{\"@type\":\"SearchAction\",\"target\":{\"@type\":\"EntryPoint\",\"urlTemplate\":\"https:\/\/staging.futurehealthbiobank.com\/lv\/?s={search_term_string}\"},\"query-input\":{\"@type\":\"PropertyValueSpecification\",\"valueRequired\":true,\"valueName\":\"search_term_string\"}}],\"inLanguage\":\"lv-LV\"}]}<\/script>\n<!-- \/ Yoast SEO plugin. -->","yoast_head_json":{"title":"Diagnostics | New born screening test","description":"Our new born screening test checks for 5 key intolerances within children, such as lactose intolerance, using just a simple saliva swab","robots":{"index":"noindex","follow":"follow","max-snippet":"max-snippet:-1","max-image-preview":"max-image-preview:large","max-video-preview":"max-video-preview:-1"},"og_locale":"lv_LV","og_type":"article","og_title":"Diagnostics | New born screening test","og_description":"Our new born screening test checks for 5 key intolerances within children, such as lactose intolerance, using just a simple saliva swab","og_url":"https:\/\/staging.futurehealthbiobank.com\/lv\/musu-pakalpojumi\/diagnostikas-testi\/jaundzimusa-genetiskais-skrinings\/","og_site_name":"Future Health Biobank Latvia","article_modified_time":"2017-03-13T09:34:26+00:00","twitter_card":"summary_large_image","schema":{"@context":"https:\/\/schema.org","@graph":[{"@type":"WebPage","@id":"https:\/\/staging.futurehealthbiobank.com\/lv\/musu-pakalpojumi\/diagnostikas-testi\/jaundzimusa-genetiskais-skrinings\/","url":"https:\/\/staging.futurehealthbiobank.com\/lv\/musu-pakalpojumi\/diagnostikas-testi\/jaundzimusa-genetiskais-skrinings\/","name":"Diagnostics | New born screening test","isPartOf":{"@id":"https:\/\/staging.futurehealthbiobank.com\/lv\/#website"},"datePublished":"2016-03-10T01:30:07+00:00","dateModified":"2017-03-13T09:34:26+00:00","description":"Our new born screening test checks for 5 key intolerances within children, such as lactose intolerance, using just a simple saliva swab","breadcrumb":{"@id":"https:\/\/staging.futurehealthbiobank.com\/lv\/musu-pakalpojumi\/diagnostikas-testi\/jaundzimusa-genetiskais-skrinings\/#breadcrumb"},"inLanguage":"lv-LV","potentialAction":[{"@type":"ReadAction","target":["https:\/\/staging.futurehealthbiobank.com\/lv\/musu-pakalpojumi\/diagnostikas-testi\/jaundzimusa-genetiskais-skrinings\/"]}]},{"@type":"BreadcrumbList","@id":"https:\/\/staging.futurehealthbiobank.com\/lv\/musu-pakalpojumi\/diagnostikas-testi\/jaundzimusa-genetiskais-skrinings\/#breadcrumb","itemListElement":[{"@type":"ListItem","position":1,"name":"M\u016bsu pakalpojumi","item":"https:\/\/staging.futurehealthbiobank.com\/lv\/musu-pakalpojumi\/"},{"@type":"ListItem","position":2,"name":"Diagnostikas testi","item":"https:\/\/staging.futurehealthbiobank.com\/lv\/musu-pakalpojumi\/diagnostikas-testi\/"},{"@type":"ListItem","position":3,"name":"Jaundzimu\u0161\u0101 \u0123en\u0113tiskais skr\u012bnings"}]},{"@type":"WebSite","@id":"https:\/\/staging.futurehealthbiobank.com\/lv\/#website","url":"https:\/\/staging.futurehealthbiobank.com\/lv\/","name":"Future Health Biobank Latvia","description":"","potentialAction":[{"@type":"SearchAction","target":{"@type":"EntryPoint","urlTemplate":"https:\/\/staging.futurehealthbiobank.com\/lv\/?s={search_term_string}"},"query-input":{"@type":"PropertyValueSpecification","valueRequired":true,"valueName":"search_term_string"}}],"inLanguage":"lv-LV"}]}},"_links":{"self":[{"href":"https:\/\/staging.futurehealthbiobank.com\/lv\/wp-json\/wp\/v2\/pages\/2940","targetHints":{"allow":["GET"]}}],"collection":[{"href":"https:\/\/staging.futurehealthbiobank.com\/lv\/wp-json\/wp\/v2\/pages"}],"about":[{"href":"https:\/\/staging.futurehealthbiobank.com\/lv\/wp-json\/wp\/v2\/types\/page"}],"author":[{"embeddable":true,"href":"https:\/\/staging.futurehealthbiobank.com\/lv\/wp-json\/wp\/v2\/users\/25"}],"replies":[{"embeddable":true,"href":"https:\/\/staging.futurehealthbiobank.com\/lv\/wp-json\/wp\/v2\/comments?post=2940"}],"version-history":[{"count":0,"href":"https:\/\/staging.futurehealthbiobank.com\/lv\/wp-json\/wp\/v2\/pages\/2940\/revisions"}],"up":[{"embeddable":true,"href":"https:\/\/staging.futurehealthbiobank.com\/lv\/wp-json\/wp\/v2\/pages\/2399"}],"wp:attachment":[{"href":"https:\/\/staging.futurehealthbiobank.com\/lv\/wp-json\/wp\/v2\/media?parent=2940"}],"curies":[{"name":"wp","href":"https:\/\/api.w.org\/{rel}","templated":true}]}}