{"id":3229,"date":"2016-03-22T07:51:49","date_gmt":"2016-03-22T07:51:49","guid":{"rendered":"https:\/\/staging.futurehealthbiobank.com\/lv\/?page_id=3229"},"modified":"2017-02-17T11:58:14","modified_gmt":"2017-02-17T10:58:14","slug":"ka-tiek-panemtas-nabassaites-cilmes-sunas","status":"publish","type":"page","link":"https:\/\/staging.futurehealthbiobank.com\/lv\/plasaka-informacija-par-cilmes-sunu-uzglabasanu\/ka-tiek-panemtas-nabassaites-cilmes-sunas\/","title":{"rendered":"K\u0101 tiek pa\u0146emtas nabassaites cilmes \u0161\u016bnas?"},"content":{"rendered":"","protected":false},"excerpt":{"rendered":"","protected":false},"author":25,"featured_media":0,"parent":3051,"menu_order":0,"comment_status":"closed","ping_status":"closed","template":"page-page_template.php","meta":{"_acf_changed":false,"footnotes":""},"class_list":["post-3229","page","type-page","status-publish","hentry"],"acf":[],"yoast_head":"<!-- This site is optimized with the Yoast SEO plugin v26.7 - https:\/\/yoast.com\/wordpress\/plugins\/seo\/ -->\n<title>Stem cell collection process | Umbilical cord<\/title>\n<meta name=\"description\" content=\"A simple step-by-step guide, that describes how to collect process &amp; store umbilical cord blood &amp; cord tissue stem cells\" \/>\n<meta name=\"robots\" content=\"noindex, follow, max-snippet:-1, max-image-preview:large, max-video-preview:-1\" \/>\n<meta property=\"og:locale\" content=\"lv_LV\" \/>\n<meta property=\"og:type\" content=\"article\" \/>\n<meta property=\"og:title\" content=\"Stem cell collection process | Umbilical cord\" \/>\n<meta property=\"og:description\" content=\"A simple step-by-step guide, that describes how to collect process &amp; store umbilical cord blood &amp; cord tissue stem cells\" \/>\n<meta property=\"og:url\" content=\"https:\/\/staging.futurehealthbiobank.com\/lv\/plasaka-informacija-par-cilmes-sunu-uzglabasanu\/ka-tiek-panemtas-nabassaites-cilmes-sunas\/\" \/>\n<meta property=\"og:site_name\" content=\"Future Health Biobank Latvia\" \/>\n<meta property=\"article:modified_time\" content=\"2017-02-17T10:58:14+00:00\" \/>\n<meta name=\"twitter:card\" content=\"summary_large_image\" \/>\n<script type=\"application\/ld+json\" class=\"yoast-schema-graph\">{\"@context\":\"https:\/\/schema.org\",\"@graph\":[{\"@type\":\"WebPage\",\"@id\":\"https:\/\/staging.futurehealthbiobank.com\/lv\/plasaka-informacija-par-cilmes-sunu-uzglabasanu\/ka-tiek-panemtas-nabassaites-cilmes-sunas\/\",\"url\":\"https:\/\/staging.futurehealthbiobank.com\/lv\/plasaka-informacija-par-cilmes-sunu-uzglabasanu\/ka-tiek-panemtas-nabassaites-cilmes-sunas\/\",\"name\":\"Stem cell collection process | Umbilical cord\",\"isPartOf\":{\"@id\":\"https:\/\/staging.futurehealthbiobank.com\/lv\/#website\"},\"datePublished\":\"2016-03-22T07:51:49+00:00\",\"dateModified\":\"2017-02-17T10:58:14+00:00\",\"description\":\"A simple step-by-step guide, that describes how to collect process & store umbilical cord blood & cord tissue stem cells\",\"breadcrumb\":{\"@id\":\"https:\/\/staging.futurehealthbiobank.com\/lv\/plasaka-informacija-par-cilmes-sunu-uzglabasanu\/ka-tiek-panemtas-nabassaites-cilmes-sunas\/#breadcrumb\"},\"inLanguage\":\"lv-LV\",\"potentialAction\":[{\"@type\":\"ReadAction\",\"target\":[\"https:\/\/staging.futurehealthbiobank.com\/lv\/plasaka-informacija-par-cilmes-sunu-uzglabasanu\/ka-tiek-panemtas-nabassaites-cilmes-sunas\/\"]}]},{\"@type\":\"BreadcrumbList\",\"@id\":\"https:\/\/staging.futurehealthbiobank.com\/lv\/plasaka-informacija-par-cilmes-sunu-uzglabasanu\/ka-tiek-panemtas-nabassaites-cilmes-sunas\/#breadcrumb\",\"itemListElement\":[{\"@type\":\"ListItem\",\"position\":1,\"name\":\"Pla\u0161\u0101ka inform\u0101cija par cilmes \u0161\u016bnu uzglab\u0101\u0161anu\",\"item\":\"https:\/\/staging.futurehealthbiobank.com\/lv\/plasaka-informacija-par-cilmes-sunu-uzglabasanu\/\"},{\"@type\":\"ListItem\",\"position\":2,\"name\":\"K\u0101 tiek pa\u0146emtas nabassaites cilmes \u0161\u016bnas?\"}]},{\"@type\":\"WebSite\",\"@id\":\"https:\/\/staging.futurehealthbiobank.com\/lv\/#website\",\"url\":\"https:\/\/staging.futurehealthbiobank.com\/lv\/\",\"name\":\"Future Health Biobank Latvia\",\"description\":\"\",\"potentialAction\":[{\"@type\":\"SearchAction\",\"target\":{\"@type\":\"EntryPoint\",\"urlTemplate\":\"https:\/\/staging.futurehealthbiobank.com\/lv\/?s={search_term_string}\"},\"query-input\":{\"@type\":\"PropertyValueSpecification\",\"valueRequired\":true,\"valueName\":\"search_term_string\"}}],\"inLanguage\":\"lv-LV\"}]}<\/script>\n<!-- \/ Yoast SEO plugin. -->","yoast_head_json":{"title":"Stem cell collection process | Umbilical cord","description":"A simple step-by-step guide, that describes how to collect process & store umbilical cord blood & cord tissue stem cells","robots":{"index":"noindex","follow":"follow","max-snippet":"max-snippet:-1","max-image-preview":"max-image-preview:large","max-video-preview":"max-video-preview:-1"},"og_locale":"lv_LV","og_type":"article","og_title":"Stem cell collection process | Umbilical cord","og_description":"A simple step-by-step guide, that describes how to collect process & store umbilical cord blood & cord tissue stem cells","og_url":"https:\/\/staging.futurehealthbiobank.com\/lv\/plasaka-informacija-par-cilmes-sunu-uzglabasanu\/ka-tiek-panemtas-nabassaites-cilmes-sunas\/","og_site_name":"Future Health Biobank Latvia","article_modified_time":"2017-02-17T10:58:14+00:00","twitter_card":"summary_large_image","schema":{"@context":"https:\/\/schema.org","@graph":[{"@type":"WebPage","@id":"https:\/\/staging.futurehealthbiobank.com\/lv\/plasaka-informacija-par-cilmes-sunu-uzglabasanu\/ka-tiek-panemtas-nabassaites-cilmes-sunas\/","url":"https:\/\/staging.futurehealthbiobank.com\/lv\/plasaka-informacija-par-cilmes-sunu-uzglabasanu\/ka-tiek-panemtas-nabassaites-cilmes-sunas\/","name":"Stem cell collection process | Umbilical cord","isPartOf":{"@id":"https:\/\/staging.futurehealthbiobank.com\/lv\/#website"},"datePublished":"2016-03-22T07:51:49+00:00","dateModified":"2017-02-17T10:58:14+00:00","description":"A simple step-by-step guide, that describes how to collect process & store umbilical cord blood & cord tissue stem cells","breadcrumb":{"@id":"https:\/\/staging.futurehealthbiobank.com\/lv\/plasaka-informacija-par-cilmes-sunu-uzglabasanu\/ka-tiek-panemtas-nabassaites-cilmes-sunas\/#breadcrumb"},"inLanguage":"lv-LV","potentialAction":[{"@type":"ReadAction","target":["https:\/\/staging.futurehealthbiobank.com\/lv\/plasaka-informacija-par-cilmes-sunu-uzglabasanu\/ka-tiek-panemtas-nabassaites-cilmes-sunas\/"]}]},{"@type":"BreadcrumbList","@id":"https:\/\/staging.futurehealthbiobank.com\/lv\/plasaka-informacija-par-cilmes-sunu-uzglabasanu\/ka-tiek-panemtas-nabassaites-cilmes-sunas\/#breadcrumb","itemListElement":[{"@type":"ListItem","position":1,"name":"Pla\u0161\u0101ka inform\u0101cija par cilmes \u0161\u016bnu uzglab\u0101\u0161anu","item":"https:\/\/staging.futurehealthbiobank.com\/lv\/plasaka-informacija-par-cilmes-sunu-uzglabasanu\/"},{"@type":"ListItem","position":2,"name":"K\u0101 tiek pa\u0146emtas nabassaites cilmes \u0161\u016bnas?"}]},{"@type":"WebSite","@id":"https:\/\/staging.futurehealthbiobank.com\/lv\/#website","url":"https:\/\/staging.futurehealthbiobank.com\/lv\/","name":"Future Health Biobank Latvia","description":"","potentialAction":[{"@type":"SearchAction","target":{"@type":"EntryPoint","urlTemplate":"https:\/\/staging.futurehealthbiobank.com\/lv\/?s={search_term_string}"},"query-input":{"@type":"PropertyValueSpecification","valueRequired":true,"valueName":"search_term_string"}}],"inLanguage":"lv-LV"}]}},"_links":{"self":[{"href":"https:\/\/staging.futurehealthbiobank.com\/lv\/wp-json\/wp\/v2\/pages\/3229","targetHints":{"allow":["GET"]}}],"collection":[{"href":"https:\/\/staging.futurehealthbiobank.com\/lv\/wp-json\/wp\/v2\/pages"}],"about":[{"href":"https:\/\/staging.futurehealthbiobank.com\/lv\/wp-json\/wp\/v2\/types\/page"}],"author":[{"embeddable":true,"href":"https:\/\/staging.futurehealthbiobank.com\/lv\/wp-json\/wp\/v2\/users\/25"}],"replies":[{"embeddable":true,"href":"https:\/\/staging.futurehealthbiobank.com\/lv\/wp-json\/wp\/v2\/comments?post=3229"}],"version-history":[{"count":0,"href":"https:\/\/staging.futurehealthbiobank.com\/lv\/wp-json\/wp\/v2\/pages\/3229\/revisions"}],"up":[{"embeddable":true,"href":"https:\/\/staging.futurehealthbiobank.com\/lv\/wp-json\/wp\/v2\/pages\/3051"}],"wp:attachment":[{"href":"https:\/\/staging.futurehealthbiobank.com\/lv\/wp-json\/wp\/v2\/media?parent=3229"}],"curies":[{"name":"wp","href":"https:\/\/api.w.org\/{rel}","templated":true}]}}