{"id":3353,"date":"2016-03-28T17:06:16","date_gmt":"2016-03-28T16:06:16","guid":{"rendered":"https:\/\/staging.futurehealthbiobank.com\/lv\/?page_id=3353"},"modified":"2017-02-17T16:27:51","modified_gmt":"2017-02-17T15:27:51","slug":"pirmais-nabassaites-asins-cilmes-sunu-izmeginajums-hiv-arstesana","status":"publish","type":"page","link":"https:\/\/staging.futurehealthbiobank.com\/lv\/plasaka-informacija-par-cilmes-sunu-uzglabasanu\/pirmais-nabassaites-asins-cilmes-sunu-izmeginajums-hiv-arstesana\/","title":{"rendered":"Pirmais nabassaites asins cilmes \u0161\u016bnu izm\u0113\u0123in\u0101jums HIV \u0101rst\u0113\u0161an\u0101"},"content":{"rendered":"","protected":false},"excerpt":{"rendered":"","protected":false},"author":25,"featured_media":0,"parent":3051,"menu_order":0,"comment_status":"closed","ping_status":"closed","template":"page-page_template.php","meta":{"_acf_changed":false,"footnotes":""},"class_list":["post-3353","page","type-page","status-publish","hentry"],"acf":[],"yoast_head":"<!-- This site is optimized with the Yoast SEO plugin v26.7 - https:\/\/yoast.com\/wordpress\/plugins\/seo\/ -->\n<title>Stem cell banking advice | HIV clinical trial<\/title>\n<meta name=\"description\" content=\"The world\u2019s first clinical trial to investigate if cord blood can cure HIV is set to start early next year in Spain\" \/>\n<meta name=\"robots\" content=\"noindex, follow, max-snippet:-1, max-image-preview:large, max-video-preview:-1\" \/>\n<meta property=\"og:locale\" content=\"lv_LV\" \/>\n<meta property=\"og:type\" content=\"article\" \/>\n<meta property=\"og:title\" content=\"Stem cell banking advice | HIV clinical trial\" \/>\n<meta property=\"og:description\" content=\"The world\u2019s first clinical trial to investigate if cord blood can cure HIV is set to start early next year in Spain\" \/>\n<meta property=\"og:url\" content=\"https:\/\/staging.futurehealthbiobank.com\/lv\/plasaka-informacija-par-cilmes-sunu-uzglabasanu\/pirmais-nabassaites-asins-cilmes-sunu-izmeginajums-hiv-arstesana\/\" \/>\n<meta property=\"og:site_name\" content=\"Future Health Biobank Latvia\" \/>\n<meta property=\"article:modified_time\" content=\"2017-02-17T15:27:51+00:00\" \/>\n<meta name=\"twitter:card\" content=\"summary_large_image\" \/>\n<script type=\"application\/ld+json\" class=\"yoast-schema-graph\">{\"@context\":\"https:\/\/schema.org\",\"@graph\":[{\"@type\":\"WebPage\",\"@id\":\"https:\/\/staging.futurehealthbiobank.com\/lv\/plasaka-informacija-par-cilmes-sunu-uzglabasanu\/pirmais-nabassaites-asins-cilmes-sunu-izmeginajums-hiv-arstesana\/\",\"url\":\"https:\/\/staging.futurehealthbiobank.com\/lv\/plasaka-informacija-par-cilmes-sunu-uzglabasanu\/pirmais-nabassaites-asins-cilmes-sunu-izmeginajums-hiv-arstesana\/\",\"name\":\"Stem cell banking advice | HIV clinical trial\",\"isPartOf\":{\"@id\":\"https:\/\/staging.futurehealthbiobank.com\/lv\/#website\"},\"datePublished\":\"2016-03-28T16:06:16+00:00\",\"dateModified\":\"2017-02-17T15:27:51+00:00\",\"description\":\"The world\u2019s first clinical trial to investigate if cord blood can cure HIV is set to start early next year in Spain\",\"breadcrumb\":{\"@id\":\"https:\/\/staging.futurehealthbiobank.com\/lv\/plasaka-informacija-par-cilmes-sunu-uzglabasanu\/pirmais-nabassaites-asins-cilmes-sunu-izmeginajums-hiv-arstesana\/#breadcrumb\"},\"inLanguage\":\"lv-LV\",\"potentialAction\":[{\"@type\":\"ReadAction\",\"target\":[\"https:\/\/staging.futurehealthbiobank.com\/lv\/plasaka-informacija-par-cilmes-sunu-uzglabasanu\/pirmais-nabassaites-asins-cilmes-sunu-izmeginajums-hiv-arstesana\/\"]}]},{\"@type\":\"BreadcrumbList\",\"@id\":\"https:\/\/staging.futurehealthbiobank.com\/lv\/plasaka-informacija-par-cilmes-sunu-uzglabasanu\/pirmais-nabassaites-asins-cilmes-sunu-izmeginajums-hiv-arstesana\/#breadcrumb\",\"itemListElement\":[{\"@type\":\"ListItem\",\"position\":1,\"name\":\"Pla\u0161\u0101ka inform\u0101cija par cilmes \u0161\u016bnu uzglab\u0101\u0161anu\",\"item\":\"https:\/\/staging.futurehealthbiobank.com\/lv\/plasaka-informacija-par-cilmes-sunu-uzglabasanu\/\"},{\"@type\":\"ListItem\",\"position\":2,\"name\":\"Pirmais nabassaites asins cilmes \u0161\u016bnu izm\u0113\u0123in\u0101jums HIV \u0101rst\u0113\u0161an\u0101\"}]},{\"@type\":\"WebSite\",\"@id\":\"https:\/\/staging.futurehealthbiobank.com\/lv\/#website\",\"url\":\"https:\/\/staging.futurehealthbiobank.com\/lv\/\",\"name\":\"Future Health Biobank Latvia\",\"description\":\"\",\"potentialAction\":[{\"@type\":\"SearchAction\",\"target\":{\"@type\":\"EntryPoint\",\"urlTemplate\":\"https:\/\/staging.futurehealthbiobank.com\/lv\/?s={search_term_string}\"},\"query-input\":{\"@type\":\"PropertyValueSpecification\",\"valueRequired\":true,\"valueName\":\"search_term_string\"}}],\"inLanguage\":\"lv-LV\"}]}<\/script>\n<!-- \/ Yoast SEO plugin. -->","yoast_head_json":{"title":"Stem cell banking advice | HIV clinical trial","description":"The world\u2019s first clinical trial to investigate if cord blood can cure HIV is set to start early next year in Spain","robots":{"index":"noindex","follow":"follow","max-snippet":"max-snippet:-1","max-image-preview":"max-image-preview:large","max-video-preview":"max-video-preview:-1"},"og_locale":"lv_LV","og_type":"article","og_title":"Stem cell banking advice | HIV clinical trial","og_description":"The world\u2019s first clinical trial to investigate if cord blood can cure HIV is set to start early next year in Spain","og_url":"https:\/\/staging.futurehealthbiobank.com\/lv\/plasaka-informacija-par-cilmes-sunu-uzglabasanu\/pirmais-nabassaites-asins-cilmes-sunu-izmeginajums-hiv-arstesana\/","og_site_name":"Future Health Biobank Latvia","article_modified_time":"2017-02-17T15:27:51+00:00","twitter_card":"summary_large_image","schema":{"@context":"https:\/\/schema.org","@graph":[{"@type":"WebPage","@id":"https:\/\/staging.futurehealthbiobank.com\/lv\/plasaka-informacija-par-cilmes-sunu-uzglabasanu\/pirmais-nabassaites-asins-cilmes-sunu-izmeginajums-hiv-arstesana\/","url":"https:\/\/staging.futurehealthbiobank.com\/lv\/plasaka-informacija-par-cilmes-sunu-uzglabasanu\/pirmais-nabassaites-asins-cilmes-sunu-izmeginajums-hiv-arstesana\/","name":"Stem cell banking advice | HIV clinical trial","isPartOf":{"@id":"https:\/\/staging.futurehealthbiobank.com\/lv\/#website"},"datePublished":"2016-03-28T16:06:16+00:00","dateModified":"2017-02-17T15:27:51+00:00","description":"The world\u2019s first clinical trial to investigate if cord blood can cure HIV is set to start early next year in Spain","breadcrumb":{"@id":"https:\/\/staging.futurehealthbiobank.com\/lv\/plasaka-informacija-par-cilmes-sunu-uzglabasanu\/pirmais-nabassaites-asins-cilmes-sunu-izmeginajums-hiv-arstesana\/#breadcrumb"},"inLanguage":"lv-LV","potentialAction":[{"@type":"ReadAction","target":["https:\/\/staging.futurehealthbiobank.com\/lv\/plasaka-informacija-par-cilmes-sunu-uzglabasanu\/pirmais-nabassaites-asins-cilmes-sunu-izmeginajums-hiv-arstesana\/"]}]},{"@type":"BreadcrumbList","@id":"https:\/\/staging.futurehealthbiobank.com\/lv\/plasaka-informacija-par-cilmes-sunu-uzglabasanu\/pirmais-nabassaites-asins-cilmes-sunu-izmeginajums-hiv-arstesana\/#breadcrumb","itemListElement":[{"@type":"ListItem","position":1,"name":"Pla\u0161\u0101ka inform\u0101cija par cilmes \u0161\u016bnu uzglab\u0101\u0161anu","item":"https:\/\/staging.futurehealthbiobank.com\/lv\/plasaka-informacija-par-cilmes-sunu-uzglabasanu\/"},{"@type":"ListItem","position":2,"name":"Pirmais nabassaites asins cilmes \u0161\u016bnu izm\u0113\u0123in\u0101jums HIV \u0101rst\u0113\u0161an\u0101"}]},{"@type":"WebSite","@id":"https:\/\/staging.futurehealthbiobank.com\/lv\/#website","url":"https:\/\/staging.futurehealthbiobank.com\/lv\/","name":"Future Health Biobank Latvia","description":"","potentialAction":[{"@type":"SearchAction","target":{"@type":"EntryPoint","urlTemplate":"https:\/\/staging.futurehealthbiobank.com\/lv\/?s={search_term_string}"},"query-input":{"@type":"PropertyValueSpecification","valueRequired":true,"valueName":"search_term_string"}}],"inLanguage":"lv-LV"}]}},"_links":{"self":[{"href":"https:\/\/staging.futurehealthbiobank.com\/lv\/wp-json\/wp\/v2\/pages\/3353","targetHints":{"allow":["GET"]}}],"collection":[{"href":"https:\/\/staging.futurehealthbiobank.com\/lv\/wp-json\/wp\/v2\/pages"}],"about":[{"href":"https:\/\/staging.futurehealthbiobank.com\/lv\/wp-json\/wp\/v2\/types\/page"}],"author":[{"embeddable":true,"href":"https:\/\/staging.futurehealthbiobank.com\/lv\/wp-json\/wp\/v2\/users\/25"}],"replies":[{"embeddable":true,"href":"https:\/\/staging.futurehealthbiobank.com\/lv\/wp-json\/wp\/v2\/comments?post=3353"}],"version-history":[{"count":0,"href":"https:\/\/staging.futurehealthbiobank.com\/lv\/wp-json\/wp\/v2\/pages\/3353\/revisions"}],"up":[{"embeddable":true,"href":"https:\/\/staging.futurehealthbiobank.com\/lv\/wp-json\/wp\/v2\/pages\/3051"}],"wp:attachment":[{"href":"https:\/\/staging.futurehealthbiobank.com\/lv\/wp-json\/wp\/v2\/media?parent=3353"}],"curies":[{"name":"wp","href":"https:\/\/api.w.org\/{rel}","templated":true}]}}