{"id":3358,"date":"2016-03-28T18:51:19","date_gmt":"2016-03-28T17:51:19","guid":{"rendered":"https:\/\/staging.futurehealthbiobank.com\/lv\/?page_id=3358"},"modified":"2017-03-20T16:08:09","modified_gmt":"2017-03-20T14:08:09","slug":"atklajumi-diabeta-arstesana","status":"publish","type":"page","link":"https:\/\/staging.futurehealthbiobank.com\/lv\/plasaka-informacija-par-cilmes-sunu-uzglabasanu\/atklajumi-diabeta-arstesana\/","title":{"rendered":"Atkl\u0101jumi diab\u0113ta \u0101rst\u0113\u0161an\u0101"},"content":{"rendered":"","protected":false},"excerpt":{"rendered":"","protected":false},"author":25,"featured_media":0,"parent":3051,"menu_order":0,"comment_status":"closed","ping_status":"closed","template":"page-page_template.php","meta":{"_acf_changed":false,"footnotes":""},"class_list":["post-3358","page","type-page","status-publish","hentry"],"acf":[],"yoast_head":"<!-- This site is optimized with the Yoast SEO plugin v26.7 - https:\/\/yoast.com\/wordpress\/plugins\/seo\/ -->\n<title>Stem cell banking advice | Diabetes clinical trial<\/title>\n<meta name=\"description\" content=\"There has been an umbilical cord stem cell transfusion into a patient to prevent \u00a0the development of type I diabetes.\" \/>\n<meta name=\"robots\" content=\"noindex, follow, max-snippet:-1, max-image-preview:large, max-video-preview:-1\" \/>\n<meta property=\"og:locale\" content=\"lv_LV\" \/>\n<meta property=\"og:type\" content=\"article\" \/>\n<meta property=\"og:title\" content=\"Stem cell banking advice | Diabetes clinical trial\" \/>\n<meta property=\"og:description\" content=\"There has been an umbilical cord stem cell transfusion into a patient to prevent \u00a0the development of type I diabetes.\" \/>\n<meta property=\"og:url\" content=\"https:\/\/staging.futurehealthbiobank.com\/lv\/plasaka-informacija-par-cilmes-sunu-uzglabasanu\/atklajumi-diabeta-arstesana\/\" \/>\n<meta property=\"og:site_name\" content=\"Future Health Biobank Latvia\" \/>\n<meta property=\"article:modified_time\" content=\"2017-03-20T14:08:09+00:00\" \/>\n<meta name=\"twitter:card\" content=\"summary_large_image\" \/>\n<script type=\"application\/ld+json\" class=\"yoast-schema-graph\">{\"@context\":\"https:\/\/schema.org\",\"@graph\":[{\"@type\":\"WebPage\",\"@id\":\"https:\/\/staging.futurehealthbiobank.com\/lv\/plasaka-informacija-par-cilmes-sunu-uzglabasanu\/atklajumi-diabeta-arstesana\/\",\"url\":\"https:\/\/staging.futurehealthbiobank.com\/lv\/plasaka-informacija-par-cilmes-sunu-uzglabasanu\/atklajumi-diabeta-arstesana\/\",\"name\":\"Stem cell banking advice | Diabetes clinical trial\",\"isPartOf\":{\"@id\":\"https:\/\/staging.futurehealthbiobank.com\/lv\/#website\"},\"datePublished\":\"2016-03-28T17:51:19+00:00\",\"dateModified\":\"2017-03-20T14:08:09+00:00\",\"description\":\"There has been an umbilical cord stem cell transfusion into a patient to prevent \u00a0the development of type I diabetes.\",\"breadcrumb\":{\"@id\":\"https:\/\/staging.futurehealthbiobank.com\/lv\/plasaka-informacija-par-cilmes-sunu-uzglabasanu\/atklajumi-diabeta-arstesana\/#breadcrumb\"},\"inLanguage\":\"lv-LV\",\"potentialAction\":[{\"@type\":\"ReadAction\",\"target\":[\"https:\/\/staging.futurehealthbiobank.com\/lv\/plasaka-informacija-par-cilmes-sunu-uzglabasanu\/atklajumi-diabeta-arstesana\/\"]}]},{\"@type\":\"BreadcrumbList\",\"@id\":\"https:\/\/staging.futurehealthbiobank.com\/lv\/plasaka-informacija-par-cilmes-sunu-uzglabasanu\/atklajumi-diabeta-arstesana\/#breadcrumb\",\"itemListElement\":[{\"@type\":\"ListItem\",\"position\":1,\"name\":\"Pla\u0161\u0101ka inform\u0101cija par cilmes \u0161\u016bnu uzglab\u0101\u0161anu\",\"item\":\"https:\/\/staging.futurehealthbiobank.com\/lv\/plasaka-informacija-par-cilmes-sunu-uzglabasanu\/\"},{\"@type\":\"ListItem\",\"position\":2,\"name\":\"Atkl\u0101jumi diab\u0113ta \u0101rst\u0113\u0161an\u0101\"}]},{\"@type\":\"WebSite\",\"@id\":\"https:\/\/staging.futurehealthbiobank.com\/lv\/#website\",\"url\":\"https:\/\/staging.futurehealthbiobank.com\/lv\/\",\"name\":\"Future Health Biobank Latvia\",\"description\":\"\",\"potentialAction\":[{\"@type\":\"SearchAction\",\"target\":{\"@type\":\"EntryPoint\",\"urlTemplate\":\"https:\/\/staging.futurehealthbiobank.com\/lv\/?s={search_term_string}\"},\"query-input\":{\"@type\":\"PropertyValueSpecification\",\"valueRequired\":true,\"valueName\":\"search_term_string\"}}],\"inLanguage\":\"lv-LV\"}]}<\/script>\n<!-- \/ Yoast SEO plugin. -->","yoast_head_json":{"title":"Stem cell banking advice | Diabetes clinical trial","description":"There has been an umbilical cord stem cell transfusion into a patient to prevent \u00a0the development of type I diabetes.","robots":{"index":"noindex","follow":"follow","max-snippet":"max-snippet:-1","max-image-preview":"max-image-preview:large","max-video-preview":"max-video-preview:-1"},"og_locale":"lv_LV","og_type":"article","og_title":"Stem cell banking advice | Diabetes clinical trial","og_description":"There has been an umbilical cord stem cell transfusion into a patient to prevent \u00a0the development of type I diabetes.","og_url":"https:\/\/staging.futurehealthbiobank.com\/lv\/plasaka-informacija-par-cilmes-sunu-uzglabasanu\/atklajumi-diabeta-arstesana\/","og_site_name":"Future Health Biobank Latvia","article_modified_time":"2017-03-20T14:08:09+00:00","twitter_card":"summary_large_image","schema":{"@context":"https:\/\/schema.org","@graph":[{"@type":"WebPage","@id":"https:\/\/staging.futurehealthbiobank.com\/lv\/plasaka-informacija-par-cilmes-sunu-uzglabasanu\/atklajumi-diabeta-arstesana\/","url":"https:\/\/staging.futurehealthbiobank.com\/lv\/plasaka-informacija-par-cilmes-sunu-uzglabasanu\/atklajumi-diabeta-arstesana\/","name":"Stem cell banking advice | Diabetes clinical trial","isPartOf":{"@id":"https:\/\/staging.futurehealthbiobank.com\/lv\/#website"},"datePublished":"2016-03-28T17:51:19+00:00","dateModified":"2017-03-20T14:08:09+00:00","description":"There has been an umbilical cord stem cell transfusion into a patient to prevent \u00a0the development of type I diabetes.","breadcrumb":{"@id":"https:\/\/staging.futurehealthbiobank.com\/lv\/plasaka-informacija-par-cilmes-sunu-uzglabasanu\/atklajumi-diabeta-arstesana\/#breadcrumb"},"inLanguage":"lv-LV","potentialAction":[{"@type":"ReadAction","target":["https:\/\/staging.futurehealthbiobank.com\/lv\/plasaka-informacija-par-cilmes-sunu-uzglabasanu\/atklajumi-diabeta-arstesana\/"]}]},{"@type":"BreadcrumbList","@id":"https:\/\/staging.futurehealthbiobank.com\/lv\/plasaka-informacija-par-cilmes-sunu-uzglabasanu\/atklajumi-diabeta-arstesana\/#breadcrumb","itemListElement":[{"@type":"ListItem","position":1,"name":"Pla\u0161\u0101ka inform\u0101cija par cilmes \u0161\u016bnu uzglab\u0101\u0161anu","item":"https:\/\/staging.futurehealthbiobank.com\/lv\/plasaka-informacija-par-cilmes-sunu-uzglabasanu\/"},{"@type":"ListItem","position":2,"name":"Atkl\u0101jumi diab\u0113ta \u0101rst\u0113\u0161an\u0101"}]},{"@type":"WebSite","@id":"https:\/\/staging.futurehealthbiobank.com\/lv\/#website","url":"https:\/\/staging.futurehealthbiobank.com\/lv\/","name":"Future Health Biobank Latvia","description":"","potentialAction":[{"@type":"SearchAction","target":{"@type":"EntryPoint","urlTemplate":"https:\/\/staging.futurehealthbiobank.com\/lv\/?s={search_term_string}"},"query-input":{"@type":"PropertyValueSpecification","valueRequired":true,"valueName":"search_term_string"}}],"inLanguage":"lv-LV"}]}},"_links":{"self":[{"href":"https:\/\/staging.futurehealthbiobank.com\/lv\/wp-json\/wp\/v2\/pages\/3358","targetHints":{"allow":["GET"]}}],"collection":[{"href":"https:\/\/staging.futurehealthbiobank.com\/lv\/wp-json\/wp\/v2\/pages"}],"about":[{"href":"https:\/\/staging.futurehealthbiobank.com\/lv\/wp-json\/wp\/v2\/types\/page"}],"author":[{"embeddable":true,"href":"https:\/\/staging.futurehealthbiobank.com\/lv\/wp-json\/wp\/v2\/users\/25"}],"replies":[{"embeddable":true,"href":"https:\/\/staging.futurehealthbiobank.com\/lv\/wp-json\/wp\/v2\/comments?post=3358"}],"version-history":[{"count":0,"href":"https:\/\/staging.futurehealthbiobank.com\/lv\/wp-json\/wp\/v2\/pages\/3358\/revisions"}],"up":[{"embeddable":true,"href":"https:\/\/staging.futurehealthbiobank.com\/lv\/wp-json\/wp\/v2\/pages\/3051"}],"wp:attachment":[{"href":"https:\/\/staging.futurehealthbiobank.com\/lv\/wp-json\/wp\/v2\/media?parent=3358"}],"curies":[{"name":"wp","href":"https:\/\/api.w.org\/{rel}","templated":true}]}}