{"id":3654,"date":"2016-04-25T18:51:46","date_gmt":"2016-04-25T17:51:46","guid":{"rendered":"https:\/\/staging.futurehealthbiobank.com\/lv\/?page_id=3654"},"modified":"2017-03-09T14:00:42","modified_gmt":"2017-03-09T13:00:42","slug":"ternera-sindroms","status":"publish","type":"page","link":"https:\/\/staging.futurehealthbiobank.com\/lv\/musu-pakalpojumi\/diagnostikas-testi\/neinvaziva-pirmsdzemdibu-testesana\/ternera-sindroms\/","title":{"rendered":"T\u0113rnera sindroms"},"content":{"rendered":"","protected":false},"excerpt":{"rendered":"","protected":false},"author":25,"featured_media":0,"parent":2816,"menu_order":0,"comment_status":"closed","ping_status":"closed","template":"page-page_template.php","meta":{"_acf_changed":false,"footnotes":""},"class_list":["post-3654","page","type-page","status-publish","hentry"],"acf":[],"yoast_head":"<!-- This site is optimized with the Yoast SEO plugin v26.7 - https:\/\/yoast.com\/wordpress\/plugins\/seo\/ -->\n<title>T\u0113rnera sindroms - Future Health Biobank Latvia<\/title>\n<meta name=\"robots\" content=\"noindex, follow, max-snippet:-1, max-image-preview:large, max-video-preview:-1\" \/>\n<meta property=\"og:locale\" content=\"lv_LV\" \/>\n<meta property=\"og:type\" content=\"article\" \/>\n<meta property=\"og:title\" content=\"T\u0113rnera sindroms - Future Health Biobank Latvia\" \/>\n<meta property=\"og:url\" content=\"https:\/\/staging.futurehealthbiobank.com\/lv\/musu-pakalpojumi\/diagnostikas-testi\/neinvaziva-pirmsdzemdibu-testesana\/ternera-sindroms\/\" \/>\n<meta property=\"og:site_name\" content=\"Future Health Biobank Latvia\" \/>\n<meta property=\"article:modified_time\" content=\"2017-03-09T13:00:42+00:00\" \/>\n<meta name=\"twitter:card\" content=\"summary_large_image\" \/>\n<script type=\"application\/ld+json\" class=\"yoast-schema-graph\">{\"@context\":\"https:\/\/schema.org\",\"@graph\":[{\"@type\":\"WebPage\",\"@id\":\"https:\/\/staging.futurehealthbiobank.com\/lv\/musu-pakalpojumi\/diagnostikas-testi\/neinvaziva-pirmsdzemdibu-testesana\/ternera-sindroms\/\",\"url\":\"https:\/\/staging.futurehealthbiobank.com\/lv\/musu-pakalpojumi\/diagnostikas-testi\/neinvaziva-pirmsdzemdibu-testesana\/ternera-sindroms\/\",\"name\":\"T\u0113rnera sindroms - Future Health Biobank Latvia\",\"isPartOf\":{\"@id\":\"https:\/\/staging.futurehealthbiobank.com\/lv\/#website\"},\"datePublished\":\"2016-04-25T17:51:46+00:00\",\"dateModified\":\"2017-03-09T13:00:42+00:00\",\"breadcrumb\":{\"@id\":\"https:\/\/staging.futurehealthbiobank.com\/lv\/musu-pakalpojumi\/diagnostikas-testi\/neinvaziva-pirmsdzemdibu-testesana\/ternera-sindroms\/#breadcrumb\"},\"inLanguage\":\"lv-LV\",\"potentialAction\":[{\"@type\":\"ReadAction\",\"target\":[\"https:\/\/staging.futurehealthbiobank.com\/lv\/musu-pakalpojumi\/diagnostikas-testi\/neinvaziva-pirmsdzemdibu-testesana\/ternera-sindroms\/\"]}]},{\"@type\":\"BreadcrumbList\",\"@id\":\"https:\/\/staging.futurehealthbiobank.com\/lv\/musu-pakalpojumi\/diagnostikas-testi\/neinvaziva-pirmsdzemdibu-testesana\/ternera-sindroms\/#breadcrumb\",\"itemListElement\":[{\"@type\":\"ListItem\",\"position\":1,\"name\":\"M\u016bsu pakalpojumi\",\"item\":\"https:\/\/staging.futurehealthbiobank.com\/lv\/musu-pakalpojumi\/\"},{\"@type\":\"ListItem\",\"position\":2,\"name\":\"Diagnostikas testi\",\"item\":\"https:\/\/staging.futurehealthbiobank.com\/lv\/musu-pakalpojumi\/diagnostikas-testi\/\"},{\"@type\":\"ListItem\",\"position\":3,\"name\":\"Neinvaz\u012bv\u0101 pirmsdzemd\u012bbu test\u0113\u0161ana\",\"item\":\"https:\/\/staging.futurehealthbiobank.com\/lv\/musu-pakalpojumi\/diagnostikas-testi\/neinvaziva-pirmsdzemdibu-testesana\/\"},{\"@type\":\"ListItem\",\"position\":4,\"name\":\"T\u0113rnera sindroms\"}]},{\"@type\":\"WebSite\",\"@id\":\"https:\/\/staging.futurehealthbiobank.com\/lv\/#website\",\"url\":\"https:\/\/staging.futurehealthbiobank.com\/lv\/\",\"name\":\"Future Health Biobank Latvia\",\"description\":\"\",\"potentialAction\":[{\"@type\":\"SearchAction\",\"target\":{\"@type\":\"EntryPoint\",\"urlTemplate\":\"https:\/\/staging.futurehealthbiobank.com\/lv\/?s={search_term_string}\"},\"query-input\":{\"@type\":\"PropertyValueSpecification\",\"valueRequired\":true,\"valueName\":\"search_term_string\"}}],\"inLanguage\":\"lv-LV\"}]}<\/script>\n<!-- \/ Yoast SEO plugin. -->","yoast_head_json":{"title":"T\u0113rnera sindroms - Future Health Biobank Latvia","robots":{"index":"noindex","follow":"follow","max-snippet":"max-snippet:-1","max-image-preview":"max-image-preview:large","max-video-preview":"max-video-preview:-1"},"og_locale":"lv_LV","og_type":"article","og_title":"T\u0113rnera sindroms - Future Health Biobank Latvia","og_url":"https:\/\/staging.futurehealthbiobank.com\/lv\/musu-pakalpojumi\/diagnostikas-testi\/neinvaziva-pirmsdzemdibu-testesana\/ternera-sindroms\/","og_site_name":"Future Health Biobank Latvia","article_modified_time":"2017-03-09T13:00:42+00:00","twitter_card":"summary_large_image","schema":{"@context":"https:\/\/schema.org","@graph":[{"@type":"WebPage","@id":"https:\/\/staging.futurehealthbiobank.com\/lv\/musu-pakalpojumi\/diagnostikas-testi\/neinvaziva-pirmsdzemdibu-testesana\/ternera-sindroms\/","url":"https:\/\/staging.futurehealthbiobank.com\/lv\/musu-pakalpojumi\/diagnostikas-testi\/neinvaziva-pirmsdzemdibu-testesana\/ternera-sindroms\/","name":"T\u0113rnera sindroms - Future Health Biobank Latvia","isPartOf":{"@id":"https:\/\/staging.futurehealthbiobank.com\/lv\/#website"},"datePublished":"2016-04-25T17:51:46+00:00","dateModified":"2017-03-09T13:00:42+00:00","breadcrumb":{"@id":"https:\/\/staging.futurehealthbiobank.com\/lv\/musu-pakalpojumi\/diagnostikas-testi\/neinvaziva-pirmsdzemdibu-testesana\/ternera-sindroms\/#breadcrumb"},"inLanguage":"lv-LV","potentialAction":[{"@type":"ReadAction","target":["https:\/\/staging.futurehealthbiobank.com\/lv\/musu-pakalpojumi\/diagnostikas-testi\/neinvaziva-pirmsdzemdibu-testesana\/ternera-sindroms\/"]}]},{"@type":"BreadcrumbList","@id":"https:\/\/staging.futurehealthbiobank.com\/lv\/musu-pakalpojumi\/diagnostikas-testi\/neinvaziva-pirmsdzemdibu-testesana\/ternera-sindroms\/#breadcrumb","itemListElement":[{"@type":"ListItem","position":1,"name":"M\u016bsu pakalpojumi","item":"https:\/\/staging.futurehealthbiobank.com\/lv\/musu-pakalpojumi\/"},{"@type":"ListItem","position":2,"name":"Diagnostikas testi","item":"https:\/\/staging.futurehealthbiobank.com\/lv\/musu-pakalpojumi\/diagnostikas-testi\/"},{"@type":"ListItem","position":3,"name":"Neinvaz\u012bv\u0101 pirmsdzemd\u012bbu test\u0113\u0161ana","item":"https:\/\/staging.futurehealthbiobank.com\/lv\/musu-pakalpojumi\/diagnostikas-testi\/neinvaziva-pirmsdzemdibu-testesana\/"},{"@type":"ListItem","position":4,"name":"T\u0113rnera sindroms"}]},{"@type":"WebSite","@id":"https:\/\/staging.futurehealthbiobank.com\/lv\/#website","url":"https:\/\/staging.futurehealthbiobank.com\/lv\/","name":"Future Health Biobank Latvia","description":"","potentialAction":[{"@type":"SearchAction","target":{"@type":"EntryPoint","urlTemplate":"https:\/\/staging.futurehealthbiobank.com\/lv\/?s={search_term_string}"},"query-input":{"@type":"PropertyValueSpecification","valueRequired":true,"valueName":"search_term_string"}}],"inLanguage":"lv-LV"}]}},"_links":{"self":[{"href":"https:\/\/staging.futurehealthbiobank.com\/lv\/wp-json\/wp\/v2\/pages\/3654","targetHints":{"allow":["GET"]}}],"collection":[{"href":"https:\/\/staging.futurehealthbiobank.com\/lv\/wp-json\/wp\/v2\/pages"}],"about":[{"href":"https:\/\/staging.futurehealthbiobank.com\/lv\/wp-json\/wp\/v2\/types\/page"}],"author":[{"embeddable":true,"href":"https:\/\/staging.futurehealthbiobank.com\/lv\/wp-json\/wp\/v2\/users\/25"}],"replies":[{"embeddable":true,"href":"https:\/\/staging.futurehealthbiobank.com\/lv\/wp-json\/wp\/v2\/comments?post=3654"}],"version-history":[{"count":0,"href":"https:\/\/staging.futurehealthbiobank.com\/lv\/wp-json\/wp\/v2\/pages\/3654\/revisions"}],"up":[{"embeddable":true,"href":"https:\/\/staging.futurehealthbiobank.com\/lv\/wp-json\/wp\/v2\/pages\/2816"}],"wp:attachment":[{"href":"https:\/\/staging.futurehealthbiobank.com\/lv\/wp-json\/wp\/v2\/media?parent=3654"}],"curies":[{"name":"wp","href":"https:\/\/api.w.org\/{rel}","templated":true}]}}