{"id":3992,"date":"2016-08-02T14:03:10","date_gmt":"2016-08-02T13:03:10","guid":{"rendered":"https:\/\/staging.futurehealthbiobank.com\/lv\/?page_id=3992"},"modified":"2017-02-17T13:41:56","modified_gmt":"2017-02-17T12:41:56","slug":"cilmes-sunu-parauga-nepieciesamibas-gadijuma-vai-man-bus-jamaksa-papildus-lai-to-sanemtu-un-nogadatu-uz-vietu-kur-tiks-veikta-transplantacija","status":"publish","type":"page","link":"https:\/\/staging.futurehealthbiobank.com\/lv\/plasaka-informacija-par-cilmes-sunu-uzglabasanu\/cilmes-sunu-parauga-nepieciesamibas-gadijuma-vai-man-bus-jamaksa-papildus-lai-to-sanemtu-un-nogadatu-uz-vietu-kur-tiks-veikta-transplantacija\/","title":{"rendered":"Cilmes \u0161\u016bnu parauga nepiecie\u0161am\u012bbas gad\u012bjum\u0101, vai man b\u016bs j\u0101maks\u0101 papildus, lai to sa\u0146emtu un nog\u0101d\u0101tu uz vietu, kur tiks veikta transplant\u0101cija?"},"content":{"rendered":"","protected":false},"excerpt":{"rendered":"","protected":false},"author":25,"featured_media":0,"parent":3051,"menu_order":0,"comment_status":"closed","ping_status":"closed","template":"page-page_template.php","meta":{"_acf_changed":false,"footnotes":""},"class_list":["post-3992","page","type-page","status-publish","hentry"],"acf":[],"yoast_head":"<!-- This site is optimized with the Yoast SEO plugin v26.7 - https:\/\/yoast.com\/wordpress\/plugins\/seo\/ -->\n<title>Cilmes \u0161\u016bnu parauga nepiecie\u0161am\u012bbas gad\u012bjum\u0101, vai man b\u016bs j\u0101maks\u0101 papildus, lai to sa\u0146emtu un nog\u0101d\u0101tu uz vietu, kur tiks veikta transplant\u0101cija? - Future Health Biobank Latvia<\/title>\n<meta name=\"robots\" content=\"noindex, follow, max-snippet:-1, max-image-preview:large, max-video-preview:-1\" \/>\n<meta property=\"og:locale\" content=\"lv_LV\" \/>\n<meta property=\"og:type\" content=\"article\" \/>\n<meta property=\"og:title\" content=\"Cilmes \u0161\u016bnu parauga nepiecie\u0161am\u012bbas gad\u012bjum\u0101, vai man b\u016bs j\u0101maks\u0101 papildus, lai to sa\u0146emtu un nog\u0101d\u0101tu uz vietu, kur tiks veikta transplant\u0101cija? - Future Health Biobank Latvia\" \/>\n<meta property=\"og:url\" content=\"https:\/\/staging.futurehealthbiobank.com\/lv\/plasaka-informacija-par-cilmes-sunu-uzglabasanu\/cilmes-sunu-parauga-nepieciesamibas-gadijuma-vai-man-bus-jamaksa-papildus-lai-to-sanemtu-un-nogadatu-uz-vietu-kur-tiks-veikta-transplantacija\/\" \/>\n<meta property=\"og:site_name\" content=\"Future Health Biobank Latvia\" \/>\n<meta property=\"article:modified_time\" content=\"2017-02-17T12:41:56+00:00\" \/>\n<meta name=\"twitter:card\" content=\"summary_large_image\" \/>\n<script type=\"application\/ld+json\" class=\"yoast-schema-graph\">{\"@context\":\"https:\/\/schema.org\",\"@graph\":[{\"@type\":\"WebPage\",\"@id\":\"https:\/\/staging.futurehealthbiobank.com\/lv\/plasaka-informacija-par-cilmes-sunu-uzglabasanu\/cilmes-sunu-parauga-nepieciesamibas-gadijuma-vai-man-bus-jamaksa-papildus-lai-to-sanemtu-un-nogadatu-uz-vietu-kur-tiks-veikta-transplantacija\/\",\"url\":\"https:\/\/staging.futurehealthbiobank.com\/lv\/plasaka-informacija-par-cilmes-sunu-uzglabasanu\/cilmes-sunu-parauga-nepieciesamibas-gadijuma-vai-man-bus-jamaksa-papildus-lai-to-sanemtu-un-nogadatu-uz-vietu-kur-tiks-veikta-transplantacija\/\",\"name\":\"Cilmes \u0161\u016bnu parauga nepiecie\u0161am\u012bbas gad\u012bjum\u0101, vai man b\u016bs j\u0101maks\u0101 papildus, lai to sa\u0146emtu un nog\u0101d\u0101tu uz vietu, kur tiks veikta transplant\u0101cija? - Future Health Biobank Latvia\",\"isPartOf\":{\"@id\":\"https:\/\/staging.futurehealthbiobank.com\/lv\/#website\"},\"datePublished\":\"2016-08-02T13:03:10+00:00\",\"dateModified\":\"2017-02-17T12:41:56+00:00\",\"breadcrumb\":{\"@id\":\"https:\/\/staging.futurehealthbiobank.com\/lv\/plasaka-informacija-par-cilmes-sunu-uzglabasanu\/cilmes-sunu-parauga-nepieciesamibas-gadijuma-vai-man-bus-jamaksa-papildus-lai-to-sanemtu-un-nogadatu-uz-vietu-kur-tiks-veikta-transplantacija\/#breadcrumb\"},\"inLanguage\":\"lv-LV\",\"potentialAction\":[{\"@type\":\"ReadAction\",\"target\":[\"https:\/\/staging.futurehealthbiobank.com\/lv\/plasaka-informacija-par-cilmes-sunu-uzglabasanu\/cilmes-sunu-parauga-nepieciesamibas-gadijuma-vai-man-bus-jamaksa-papildus-lai-to-sanemtu-un-nogadatu-uz-vietu-kur-tiks-veikta-transplantacija\/\"]}]},{\"@type\":\"BreadcrumbList\",\"@id\":\"https:\/\/staging.futurehealthbiobank.com\/lv\/plasaka-informacija-par-cilmes-sunu-uzglabasanu\/cilmes-sunu-parauga-nepieciesamibas-gadijuma-vai-man-bus-jamaksa-papildus-lai-to-sanemtu-un-nogadatu-uz-vietu-kur-tiks-veikta-transplantacija\/#breadcrumb\",\"itemListElement\":[{\"@type\":\"ListItem\",\"position\":1,\"name\":\"Pla\u0161\u0101ka inform\u0101cija par cilmes \u0161\u016bnu uzglab\u0101\u0161anu\",\"item\":\"https:\/\/staging.futurehealthbiobank.com\/lv\/plasaka-informacija-par-cilmes-sunu-uzglabasanu\/\"},{\"@type\":\"ListItem\",\"position\":2,\"name\":\"Cilmes \u0161\u016bnu parauga nepiecie\u0161am\u012bbas gad\u012bjum\u0101, vai man b\u016bs j\u0101maks\u0101 papildus, lai to sa\u0146emtu un nog\u0101d\u0101tu uz vietu, kur tiks veikta transplant\u0101cija?\"}]},{\"@type\":\"WebSite\",\"@id\":\"https:\/\/staging.futurehealthbiobank.com\/lv\/#website\",\"url\":\"https:\/\/staging.futurehealthbiobank.com\/lv\/\",\"name\":\"Future Health Biobank Latvia\",\"description\":\"\",\"potentialAction\":[{\"@type\":\"SearchAction\",\"target\":{\"@type\":\"EntryPoint\",\"urlTemplate\":\"https:\/\/staging.futurehealthbiobank.com\/lv\/?s={search_term_string}\"},\"query-input\":{\"@type\":\"PropertyValueSpecification\",\"valueRequired\":true,\"valueName\":\"search_term_string\"}}],\"inLanguage\":\"lv-LV\"}]}<\/script>\n<!-- \/ Yoast SEO plugin. -->","yoast_head_json":{"title":"Cilmes \u0161\u016bnu parauga nepiecie\u0161am\u012bbas gad\u012bjum\u0101, vai man b\u016bs j\u0101maks\u0101 papildus, lai to sa\u0146emtu un nog\u0101d\u0101tu uz vietu, kur tiks veikta transplant\u0101cija? - Future Health Biobank Latvia","robots":{"index":"noindex","follow":"follow","max-snippet":"max-snippet:-1","max-image-preview":"max-image-preview:large","max-video-preview":"max-video-preview:-1"},"og_locale":"lv_LV","og_type":"article","og_title":"Cilmes \u0161\u016bnu parauga nepiecie\u0161am\u012bbas gad\u012bjum\u0101, vai man b\u016bs j\u0101maks\u0101 papildus, lai to sa\u0146emtu un nog\u0101d\u0101tu uz vietu, kur tiks veikta transplant\u0101cija? - Future Health Biobank Latvia","og_url":"https:\/\/staging.futurehealthbiobank.com\/lv\/plasaka-informacija-par-cilmes-sunu-uzglabasanu\/cilmes-sunu-parauga-nepieciesamibas-gadijuma-vai-man-bus-jamaksa-papildus-lai-to-sanemtu-un-nogadatu-uz-vietu-kur-tiks-veikta-transplantacija\/","og_site_name":"Future Health Biobank Latvia","article_modified_time":"2017-02-17T12:41:56+00:00","twitter_card":"summary_large_image","schema":{"@context":"https:\/\/schema.org","@graph":[{"@type":"WebPage","@id":"https:\/\/staging.futurehealthbiobank.com\/lv\/plasaka-informacija-par-cilmes-sunu-uzglabasanu\/cilmes-sunu-parauga-nepieciesamibas-gadijuma-vai-man-bus-jamaksa-papildus-lai-to-sanemtu-un-nogadatu-uz-vietu-kur-tiks-veikta-transplantacija\/","url":"https:\/\/staging.futurehealthbiobank.com\/lv\/plasaka-informacija-par-cilmes-sunu-uzglabasanu\/cilmes-sunu-parauga-nepieciesamibas-gadijuma-vai-man-bus-jamaksa-papildus-lai-to-sanemtu-un-nogadatu-uz-vietu-kur-tiks-veikta-transplantacija\/","name":"Cilmes \u0161\u016bnu parauga nepiecie\u0161am\u012bbas gad\u012bjum\u0101, vai man b\u016bs j\u0101maks\u0101 papildus, lai to sa\u0146emtu un nog\u0101d\u0101tu uz vietu, kur tiks veikta transplant\u0101cija? - Future Health Biobank Latvia","isPartOf":{"@id":"https:\/\/staging.futurehealthbiobank.com\/lv\/#website"},"datePublished":"2016-08-02T13:03:10+00:00","dateModified":"2017-02-17T12:41:56+00:00","breadcrumb":{"@id":"https:\/\/staging.futurehealthbiobank.com\/lv\/plasaka-informacija-par-cilmes-sunu-uzglabasanu\/cilmes-sunu-parauga-nepieciesamibas-gadijuma-vai-man-bus-jamaksa-papildus-lai-to-sanemtu-un-nogadatu-uz-vietu-kur-tiks-veikta-transplantacija\/#breadcrumb"},"inLanguage":"lv-LV","potentialAction":[{"@type":"ReadAction","target":["https:\/\/staging.futurehealthbiobank.com\/lv\/plasaka-informacija-par-cilmes-sunu-uzglabasanu\/cilmes-sunu-parauga-nepieciesamibas-gadijuma-vai-man-bus-jamaksa-papildus-lai-to-sanemtu-un-nogadatu-uz-vietu-kur-tiks-veikta-transplantacija\/"]}]},{"@type":"BreadcrumbList","@id":"https:\/\/staging.futurehealthbiobank.com\/lv\/plasaka-informacija-par-cilmes-sunu-uzglabasanu\/cilmes-sunu-parauga-nepieciesamibas-gadijuma-vai-man-bus-jamaksa-papildus-lai-to-sanemtu-un-nogadatu-uz-vietu-kur-tiks-veikta-transplantacija\/#breadcrumb","itemListElement":[{"@type":"ListItem","position":1,"name":"Pla\u0161\u0101ka inform\u0101cija par cilmes \u0161\u016bnu uzglab\u0101\u0161anu","item":"https:\/\/staging.futurehealthbiobank.com\/lv\/plasaka-informacija-par-cilmes-sunu-uzglabasanu\/"},{"@type":"ListItem","position":2,"name":"Cilmes \u0161\u016bnu parauga nepiecie\u0161am\u012bbas gad\u012bjum\u0101, vai man b\u016bs j\u0101maks\u0101 papildus, lai to sa\u0146emtu un nog\u0101d\u0101tu uz vietu, kur tiks veikta transplant\u0101cija?"}]},{"@type":"WebSite","@id":"https:\/\/staging.futurehealthbiobank.com\/lv\/#website","url":"https:\/\/staging.futurehealthbiobank.com\/lv\/","name":"Future Health Biobank Latvia","description":"","potentialAction":[{"@type":"SearchAction","target":{"@type":"EntryPoint","urlTemplate":"https:\/\/staging.futurehealthbiobank.com\/lv\/?s={search_term_string}"},"query-input":{"@type":"PropertyValueSpecification","valueRequired":true,"valueName":"search_term_string"}}],"inLanguage":"lv-LV"}]}},"_links":{"self":[{"href":"https:\/\/staging.futurehealthbiobank.com\/lv\/wp-json\/wp\/v2\/pages\/3992","targetHints":{"allow":["GET"]}}],"collection":[{"href":"https:\/\/staging.futurehealthbiobank.com\/lv\/wp-json\/wp\/v2\/pages"}],"about":[{"href":"https:\/\/staging.futurehealthbiobank.com\/lv\/wp-json\/wp\/v2\/types\/page"}],"author":[{"embeddable":true,"href":"https:\/\/staging.futurehealthbiobank.com\/lv\/wp-json\/wp\/v2\/users\/25"}],"replies":[{"embeddable":true,"href":"https:\/\/staging.futurehealthbiobank.com\/lv\/wp-json\/wp\/v2\/comments?post=3992"}],"version-history":[{"count":0,"href":"https:\/\/staging.futurehealthbiobank.com\/lv\/wp-json\/wp\/v2\/pages\/3992\/revisions"}],"up":[{"embeddable":true,"href":"https:\/\/staging.futurehealthbiobank.com\/lv\/wp-json\/wp\/v2\/pages\/3051"}],"wp:attachment":[{"href":"https:\/\/staging.futurehealthbiobank.com\/lv\/wp-json\/wp\/v2\/media?parent=3992"}],"curies":[{"name":"wp","href":"https:\/\/api.w.org\/{rel}","templated":true}]}}