{"id":30147,"date":"2019-08-09T12:10:07","date_gmt":"2019-08-09T11:10:07","guid":{"rendered":"https:\/\/staging.futurehealthbiobank.com\/?page_id=10943"},"modified":"2021-04-30T16:04:53","modified_gmt":"2021-04-30T14:04:53","slug":"la-therapie-par-cellules-souches-pour-la-soigner-des-brulures","status":"publish","type":"page","link":"https:\/\/staging.futurehealthbiobank.com\/mc\/maladies-traitees\/la-therapie-par-cellules-souches-pour-la-soigner-des-brulures\/","title":{"rendered":"La th\u00e9rapie par cellules souches pour la soigner des br\u00fblures"},"content":{"rendered":"","protected":false},"excerpt":{"rendered":"","protected":false},"author":10,"featured_media":0,"parent":12952,"menu_order":0,"comment_status":"closed","ping_status":"closed","template":"page-diseases.php","meta":{"_acf_changed":false,"footnotes":""},"class_list":["post-30147","page","type-page","status-publish","hentry"],"acf":[],"yoast_head":"<!-- This site is optimized with the Yoast SEO plugin v26.7 - https:\/\/yoast.com\/wordpress\/plugins\/seo\/ -->\n<title>Th\u00e9rapie par cellules souches pour la r\u00e9paration des br\u00fblures | Future Health Biobank<\/title>\n<meta name=\"description\" content=\"Pr\u00e8s de 2 millions de personnes dans toute l&#039;Europe souffrent de br\u00fblures chaque ann\u00e9e.\" \/>\n<meta name=\"robots\" content=\"noindex, follow, max-snippet:-1, max-image-preview:large, max-video-preview:-1\" \/>\n<meta property=\"og:locale\" content=\"fr_FR\" \/>\n<meta property=\"og:type\" content=\"article\" \/>\n<meta property=\"og:title\" content=\"Th\u00e9rapie par cellules souches pour la r\u00e9paration des br\u00fblures | Future Health Biobank\" \/>\n<meta property=\"og:description\" content=\"Pr\u00e8s de 2 millions de personnes dans toute l&#039;Europe souffrent de br\u00fblures chaque ann\u00e9e.\" \/>\n<meta property=\"og:url\" content=\"https:\/\/staging.futurehealthbiobank.com\/mc\/maladies-traitees\/la-therapie-par-cellules-souches-pour-la-soigner-des-brulures\/\" \/>\n<meta property=\"og:site_name\" content=\"Future Health Biobank Monaco\" \/>\n<meta property=\"article:modified_time\" content=\"2021-04-30T14:04:53+00:00\" \/>\n<meta name=\"twitter:card\" content=\"summary_large_image\" \/>\n<script type=\"application\/ld+json\" class=\"yoast-schema-graph\">{\"@context\":\"https:\/\/schema.org\",\"@graph\":[{\"@type\":\"WebPage\",\"@id\":\"https:\/\/staging.futurehealthbiobank.com\/mc\/maladies-traitees\/la-therapie-par-cellules-souches-pour-la-soigner-des-brulures\/\",\"url\":\"https:\/\/staging.futurehealthbiobank.com\/mc\/maladies-traitees\/la-therapie-par-cellules-souches-pour-la-soigner-des-brulures\/\",\"name\":\"Th\u00e9rapie par cellules souches pour la r\u00e9paration des br\u00fblures | Future Health Biobank\",\"isPartOf\":{\"@id\":\"https:\/\/staging.futurehealthbiobank.com\/mc\/#website\"},\"datePublished\":\"2019-08-09T11:10:07+00:00\",\"dateModified\":\"2021-04-30T14:04:53+00:00\",\"description\":\"Pr\u00e8s de 2 millions de personnes dans toute l'Europe souffrent de br\u00fblures chaque ann\u00e9e.\",\"breadcrumb\":{\"@id\":\"https:\/\/staging.futurehealthbiobank.com\/mc\/maladies-traitees\/la-therapie-par-cellules-souches-pour-la-soigner-des-brulures\/#breadcrumb\"},\"inLanguage\":\"fr-FR\",\"potentialAction\":[{\"@type\":\"ReadAction\",\"target\":[\"https:\/\/staging.futurehealthbiobank.com\/mc\/maladies-traitees\/la-therapie-par-cellules-souches-pour-la-soigner-des-brulures\/\"]}]},{\"@type\":\"BreadcrumbList\",\"@id\":\"https:\/\/staging.futurehealthbiobank.com\/mc\/maladies-traitees\/la-therapie-par-cellules-souches-pour-la-soigner-des-brulures\/#breadcrumb\",\"itemListElement\":[{\"@type\":\"ListItem\",\"position\":1,\"name\":\"Maladies trait\u00e9es\",\"item\":\"https:\/\/staging.futurehealthbiobank.com\/mc\/maladies-traitees\/\"},{\"@type\":\"ListItem\",\"position\":2,\"name\":\"La th\u00e9rapie par cellules souches pour la soigner des br\u00fblures\"}]},{\"@type\":\"WebSite\",\"@id\":\"https:\/\/staging.futurehealthbiobank.com\/mc\/#website\",\"url\":\"https:\/\/staging.futurehealthbiobank.com\/mc\/\",\"name\":\"Future Health Biobank Monaco\",\"description\":\"\",\"potentialAction\":[{\"@type\":\"SearchAction\",\"target\":{\"@type\":\"EntryPoint\",\"urlTemplate\":\"https:\/\/staging.futurehealthbiobank.com\/mc\/?s={search_term_string}\"},\"query-input\":{\"@type\":\"PropertyValueSpecification\",\"valueRequired\":true,\"valueName\":\"search_term_string\"}}],\"inLanguage\":\"fr-FR\"}]}<\/script>\n<!-- \/ Yoast SEO plugin. -->","yoast_head_json":{"title":"Th\u00e9rapie par cellules souches pour la r\u00e9paration des br\u00fblures | Future Health Biobank","description":"Pr\u00e8s de 2 millions de personnes dans toute l'Europe souffrent de br\u00fblures chaque ann\u00e9e.","robots":{"index":"noindex","follow":"follow","max-snippet":"max-snippet:-1","max-image-preview":"max-image-preview:large","max-video-preview":"max-video-preview:-1"},"og_locale":"fr_FR","og_type":"article","og_title":"Th\u00e9rapie par cellules souches pour la r\u00e9paration des br\u00fblures | Future Health Biobank","og_description":"Pr\u00e8s de 2 millions de personnes dans toute l'Europe souffrent de br\u00fblures chaque ann\u00e9e.","og_url":"https:\/\/staging.futurehealthbiobank.com\/mc\/maladies-traitees\/la-therapie-par-cellules-souches-pour-la-soigner-des-brulures\/","og_site_name":"Future Health Biobank Monaco","article_modified_time":"2021-04-30T14:04:53+00:00","twitter_card":"summary_large_image","schema":{"@context":"https:\/\/schema.org","@graph":[{"@type":"WebPage","@id":"https:\/\/staging.futurehealthbiobank.com\/mc\/maladies-traitees\/la-therapie-par-cellules-souches-pour-la-soigner-des-brulures\/","url":"https:\/\/staging.futurehealthbiobank.com\/mc\/maladies-traitees\/la-therapie-par-cellules-souches-pour-la-soigner-des-brulures\/","name":"Th\u00e9rapie par cellules souches pour la r\u00e9paration des br\u00fblures | Future Health Biobank","isPartOf":{"@id":"https:\/\/staging.futurehealthbiobank.com\/mc\/#website"},"datePublished":"2019-08-09T11:10:07+00:00","dateModified":"2021-04-30T14:04:53+00:00","description":"Pr\u00e8s de 2 millions de personnes dans toute l'Europe souffrent de br\u00fblures chaque ann\u00e9e.","breadcrumb":{"@id":"https:\/\/staging.futurehealthbiobank.com\/mc\/maladies-traitees\/la-therapie-par-cellules-souches-pour-la-soigner-des-brulures\/#breadcrumb"},"inLanguage":"fr-FR","potentialAction":[{"@type":"ReadAction","target":["https:\/\/staging.futurehealthbiobank.com\/mc\/maladies-traitees\/la-therapie-par-cellules-souches-pour-la-soigner-des-brulures\/"]}]},{"@type":"BreadcrumbList","@id":"https:\/\/staging.futurehealthbiobank.com\/mc\/maladies-traitees\/la-therapie-par-cellules-souches-pour-la-soigner-des-brulures\/#breadcrumb","itemListElement":[{"@type":"ListItem","position":1,"name":"Maladies trait\u00e9es","item":"https:\/\/staging.futurehealthbiobank.com\/mc\/maladies-traitees\/"},{"@type":"ListItem","position":2,"name":"La th\u00e9rapie par cellules souches pour la soigner des br\u00fblures"}]},{"@type":"WebSite","@id":"https:\/\/staging.futurehealthbiobank.com\/mc\/#website","url":"https:\/\/staging.futurehealthbiobank.com\/mc\/","name":"Future Health Biobank Monaco","description":"","potentialAction":[{"@type":"SearchAction","target":{"@type":"EntryPoint","urlTemplate":"https:\/\/staging.futurehealthbiobank.com\/mc\/?s={search_term_string}"},"query-input":{"@type":"PropertyValueSpecification","valueRequired":true,"valueName":"search_term_string"}}],"inLanguage":"fr-FR"}]}},"_links":{"self":[{"href":"https:\/\/staging.futurehealthbiobank.com\/mc\/wp-json\/wp\/v2\/pages\/30147","targetHints":{"allow":["GET"]}}],"collection":[{"href":"https:\/\/staging.futurehealthbiobank.com\/mc\/wp-json\/wp\/v2\/pages"}],"about":[{"href":"https:\/\/staging.futurehealthbiobank.com\/mc\/wp-json\/wp\/v2\/types\/page"}],"author":[{"embeddable":true,"href":"https:\/\/staging.futurehealthbiobank.com\/mc\/wp-json\/wp\/v2\/users\/10"}],"replies":[{"embeddable":true,"href":"https:\/\/staging.futurehealthbiobank.com\/mc\/wp-json\/wp\/v2\/comments?post=30147"}],"version-history":[{"count":0,"href":"https:\/\/staging.futurehealthbiobank.com\/mc\/wp-json\/wp\/v2\/pages\/30147\/revisions"}],"up":[{"embeddable":true,"href":"https:\/\/staging.futurehealthbiobank.com\/mc\/wp-json\/wp\/v2\/pages\/12952"}],"wp:attachment":[{"href":"https:\/\/staging.futurehealthbiobank.com\/mc\/wp-json\/wp\/v2\/media?parent=30147"}],"curies":[{"name":"wp","href":"https:\/\/api.w.org\/{rel}","templated":true}]}}