{"id":30150,"date":"2019-08-19T16:07:03","date_gmt":"2019-08-19T15:07:03","guid":{"rendered":"https:\/\/staging.futurehealthbiobank.com\/?page_id=11084"},"modified":"2021-04-30T15:57:32","modified_gmt":"2021-04-30T13:57:32","slug":"la-therapie-par-cellules-souches-et-la-paralysie-cerebrale","status":"publish","type":"page","link":"https:\/\/staging.futurehealthbiobank.com\/mc\/maladies-traitees\/la-therapie-par-cellules-souches-et-la-paralysie-cerebrale\/","title":{"rendered":"La th\u00e9rapie par cellules souches et la paralysie c\u00e9r\u00e9brale"},"content":{"rendered":"","protected":false},"excerpt":{"rendered":"","protected":false},"author":10,"featured_media":0,"parent":12952,"menu_order":0,"comment_status":"closed","ping_status":"closed","template":"page-diseases.php","meta":{"_acf_changed":false,"footnotes":""},"class_list":["post-30150","page","type-page","status-publish","hentry"],"acf":[],"yoast_head":"<!-- This site is optimized with the Yoast SEO plugin v26.7 - https:\/\/yoast.com\/wordpress\/plugins\/seo\/ -->\n<title>Th\u00e9rapie par cellules souches et infirmit\u00e9 motrice c\u00e9r\u00e9brale | Future Health Biobank<\/title>\n<meta name=\"description\" content=\"Bien qu&#039;il n&#039;y ait pas de rem\u00e8de, la th\u00e9rapie utilisant les cellules souches du sang de cordon s&#039;av\u00e8re \u00eatre une possibilit\u00e9 de traitement passionnante et en plein d\u00e9veloppement pour les personnes atteintes de paralysie c\u00e9r\u00e9brale.\" \/>\n<meta name=\"robots\" content=\"noindex, follow, max-snippet:-1, max-image-preview:large, max-video-preview:-1\" \/>\n<meta property=\"og:locale\" content=\"fr_FR\" \/>\n<meta property=\"og:type\" content=\"article\" \/>\n<meta property=\"og:title\" content=\"Th\u00e9rapie par cellules souches et infirmit\u00e9 motrice c\u00e9r\u00e9brale | Future Health Biobank\" \/>\n<meta property=\"og:description\" content=\"Bien qu&#039;il n&#039;y ait pas de rem\u00e8de, la th\u00e9rapie utilisant les cellules souches du sang de cordon s&#039;av\u00e8re \u00eatre une possibilit\u00e9 de traitement passionnante et en plein d\u00e9veloppement pour les personnes atteintes de paralysie c\u00e9r\u00e9brale.\" \/>\n<meta property=\"og:url\" content=\"https:\/\/staging.futurehealthbiobank.com\/mc\/maladies-traitees\/la-therapie-par-cellules-souches-et-la-paralysie-cerebrale\/\" \/>\n<meta property=\"og:site_name\" content=\"Future Health Biobank Monaco\" \/>\n<meta property=\"article:modified_time\" content=\"2021-04-30T13:57:32+00:00\" \/>\n<meta name=\"twitter:card\" content=\"summary_large_image\" \/>\n<script type=\"application\/ld+json\" class=\"yoast-schema-graph\">{\"@context\":\"https:\/\/schema.org\",\"@graph\":[{\"@type\":\"WebPage\",\"@id\":\"https:\/\/staging.futurehealthbiobank.com\/mc\/maladies-traitees\/la-therapie-par-cellules-souches-et-la-paralysie-cerebrale\/\",\"url\":\"https:\/\/staging.futurehealthbiobank.com\/mc\/maladies-traitees\/la-therapie-par-cellules-souches-et-la-paralysie-cerebrale\/\",\"name\":\"Th\u00e9rapie par cellules souches et infirmit\u00e9 motrice c\u00e9r\u00e9brale | Future Health Biobank\",\"isPartOf\":{\"@id\":\"https:\/\/staging.futurehealthbiobank.com\/mc\/#website\"},\"datePublished\":\"2019-08-19T15:07:03+00:00\",\"dateModified\":\"2021-04-30T13:57:32+00:00\",\"description\":\"Bien qu'il n'y ait pas de rem\u00e8de, la th\u00e9rapie utilisant les cellules souches du sang de cordon s'av\u00e8re \u00eatre une possibilit\u00e9 de traitement passionnante et en plein d\u00e9veloppement pour les personnes atteintes de paralysie c\u00e9r\u00e9brale.\",\"breadcrumb\":{\"@id\":\"https:\/\/staging.futurehealthbiobank.com\/mc\/maladies-traitees\/la-therapie-par-cellules-souches-et-la-paralysie-cerebrale\/#breadcrumb\"},\"inLanguage\":\"fr-FR\",\"potentialAction\":[{\"@type\":\"ReadAction\",\"target\":[\"https:\/\/staging.futurehealthbiobank.com\/mc\/maladies-traitees\/la-therapie-par-cellules-souches-et-la-paralysie-cerebrale\/\"]}]},{\"@type\":\"BreadcrumbList\",\"@id\":\"https:\/\/staging.futurehealthbiobank.com\/mc\/maladies-traitees\/la-therapie-par-cellules-souches-et-la-paralysie-cerebrale\/#breadcrumb\",\"itemListElement\":[{\"@type\":\"ListItem\",\"position\":1,\"name\":\"Maladies trait\u00e9es\",\"item\":\"https:\/\/staging.futurehealthbiobank.com\/mc\/maladies-traitees\/\"},{\"@type\":\"ListItem\",\"position\":2,\"name\":\"La th\u00e9rapie par cellules souches et la paralysie c\u00e9r\u00e9brale\"}]},{\"@type\":\"WebSite\",\"@id\":\"https:\/\/staging.futurehealthbiobank.com\/mc\/#website\",\"url\":\"https:\/\/staging.futurehealthbiobank.com\/mc\/\",\"name\":\"Future Health Biobank Monaco\",\"description\":\"\",\"potentialAction\":[{\"@type\":\"SearchAction\",\"target\":{\"@type\":\"EntryPoint\",\"urlTemplate\":\"https:\/\/staging.futurehealthbiobank.com\/mc\/?s={search_term_string}\"},\"query-input\":{\"@type\":\"PropertyValueSpecification\",\"valueRequired\":true,\"valueName\":\"search_term_string\"}}],\"inLanguage\":\"fr-FR\"}]}<\/script>\n<!-- \/ Yoast SEO plugin. -->","yoast_head_json":{"title":"Th\u00e9rapie par cellules souches et infirmit\u00e9 motrice c\u00e9r\u00e9brale | Future Health Biobank","description":"Bien qu'il n'y ait pas de rem\u00e8de, la th\u00e9rapie utilisant les cellules souches du sang de cordon s'av\u00e8re \u00eatre une possibilit\u00e9 de traitement passionnante et en plein d\u00e9veloppement pour les personnes atteintes de paralysie c\u00e9r\u00e9brale.","robots":{"index":"noindex","follow":"follow","max-snippet":"max-snippet:-1","max-image-preview":"max-image-preview:large","max-video-preview":"max-video-preview:-1"},"og_locale":"fr_FR","og_type":"article","og_title":"Th\u00e9rapie par cellules souches et infirmit\u00e9 motrice c\u00e9r\u00e9brale | Future Health Biobank","og_description":"Bien qu'il n'y ait pas de rem\u00e8de, la th\u00e9rapie utilisant les cellules souches du sang de cordon s'av\u00e8re \u00eatre une possibilit\u00e9 de traitement passionnante et en plein d\u00e9veloppement pour les personnes atteintes de paralysie c\u00e9r\u00e9brale.","og_url":"https:\/\/staging.futurehealthbiobank.com\/mc\/maladies-traitees\/la-therapie-par-cellules-souches-et-la-paralysie-cerebrale\/","og_site_name":"Future Health Biobank Monaco","article_modified_time":"2021-04-30T13:57:32+00:00","twitter_card":"summary_large_image","schema":{"@context":"https:\/\/schema.org","@graph":[{"@type":"WebPage","@id":"https:\/\/staging.futurehealthbiobank.com\/mc\/maladies-traitees\/la-therapie-par-cellules-souches-et-la-paralysie-cerebrale\/","url":"https:\/\/staging.futurehealthbiobank.com\/mc\/maladies-traitees\/la-therapie-par-cellules-souches-et-la-paralysie-cerebrale\/","name":"Th\u00e9rapie par cellules souches et infirmit\u00e9 motrice c\u00e9r\u00e9brale | Future Health Biobank","isPartOf":{"@id":"https:\/\/staging.futurehealthbiobank.com\/mc\/#website"},"datePublished":"2019-08-19T15:07:03+00:00","dateModified":"2021-04-30T13:57:32+00:00","description":"Bien qu'il n'y ait pas de rem\u00e8de, la th\u00e9rapie utilisant les cellules souches du sang de cordon s'av\u00e8re \u00eatre une possibilit\u00e9 de traitement passionnante et en plein d\u00e9veloppement pour les personnes atteintes de paralysie c\u00e9r\u00e9brale.","breadcrumb":{"@id":"https:\/\/staging.futurehealthbiobank.com\/mc\/maladies-traitees\/la-therapie-par-cellules-souches-et-la-paralysie-cerebrale\/#breadcrumb"},"inLanguage":"fr-FR","potentialAction":[{"@type":"ReadAction","target":["https:\/\/staging.futurehealthbiobank.com\/mc\/maladies-traitees\/la-therapie-par-cellules-souches-et-la-paralysie-cerebrale\/"]}]},{"@type":"BreadcrumbList","@id":"https:\/\/staging.futurehealthbiobank.com\/mc\/maladies-traitees\/la-therapie-par-cellules-souches-et-la-paralysie-cerebrale\/#breadcrumb","itemListElement":[{"@type":"ListItem","position":1,"name":"Maladies trait\u00e9es","item":"https:\/\/staging.futurehealthbiobank.com\/mc\/maladies-traitees\/"},{"@type":"ListItem","position":2,"name":"La th\u00e9rapie par cellules souches et la paralysie c\u00e9r\u00e9brale"}]},{"@type":"WebSite","@id":"https:\/\/staging.futurehealthbiobank.com\/mc\/#website","url":"https:\/\/staging.futurehealthbiobank.com\/mc\/","name":"Future Health Biobank Monaco","description":"","potentialAction":[{"@type":"SearchAction","target":{"@type":"EntryPoint","urlTemplate":"https:\/\/staging.futurehealthbiobank.com\/mc\/?s={search_term_string}"},"query-input":{"@type":"PropertyValueSpecification","valueRequired":true,"valueName":"search_term_string"}}],"inLanguage":"fr-FR"}]}},"_links":{"self":[{"href":"https:\/\/staging.futurehealthbiobank.com\/mc\/wp-json\/wp\/v2\/pages\/30150","targetHints":{"allow":["GET"]}}],"collection":[{"href":"https:\/\/staging.futurehealthbiobank.com\/mc\/wp-json\/wp\/v2\/pages"}],"about":[{"href":"https:\/\/staging.futurehealthbiobank.com\/mc\/wp-json\/wp\/v2\/types\/page"}],"author":[{"embeddable":true,"href":"https:\/\/staging.futurehealthbiobank.com\/mc\/wp-json\/wp\/v2\/users\/10"}],"replies":[{"embeddable":true,"href":"https:\/\/staging.futurehealthbiobank.com\/mc\/wp-json\/wp\/v2\/comments?post=30150"}],"version-history":[{"count":0,"href":"https:\/\/staging.futurehealthbiobank.com\/mc\/wp-json\/wp\/v2\/pages\/30150\/revisions"}],"up":[{"embeddable":true,"href":"https:\/\/staging.futurehealthbiobank.com\/mc\/wp-json\/wp\/v2\/pages\/12952"}],"wp:attachment":[{"href":"https:\/\/staging.futurehealthbiobank.com\/mc\/wp-json\/wp\/v2\/media?parent=30150"}],"curies":[{"name":"wp","href":"https:\/\/api.w.org\/{rel}","templated":true}]}}