{"id":30154,"date":"2019-08-03T12:25:40","date_gmt":"2019-08-03T11:25:40","guid":{"rendered":"https:\/\/staging.futurehealthbiobank.com\/?page_id=12155"},"modified":"2021-04-30T16:07:47","modified_gmt":"2021-04-30T14:07:47","slug":"therapie-par-cellules-souches-et-anemie-de-fanconi","status":"publish","type":"page","link":"https:\/\/staging.futurehealthbiobank.com\/mc\/maladies-traitees\/therapie-par-cellules-souches-et-anemie-de-fanconi\/","title":{"rendered":"Th\u00e9rapie par cellules souches et an\u00e9mie de Fanconi"},"content":{"rendered":"","protected":false},"excerpt":{"rendered":"","protected":false},"author":10,"featured_media":0,"parent":12952,"menu_order":0,"comment_status":"closed","ping_status":"closed","template":"page-diseases.php","meta":{"_acf_changed":false,"footnotes":""},"class_list":["post-30154","page","type-page","status-publish","hentry"],"acf":[],"yoast_head":"<!-- This site is optimized with the Yoast SEO plugin v26.7 - https:\/\/yoast.com\/wordpress\/plugins\/seo\/ -->\n<title>Th\u00e9rapie par cellules souches et an\u00e9mie de Fanconi | Future Health Biobank<\/title>\n<meta name=\"description\" content=\"La premi\u00e8re greffe de cellules souches de sang de cordon ombilical pour l&#039;an\u00e9mie de Fanconi a eu lieu en 1988. Depuis lors, les greffes de sang de cordon ont permis des avanc\u00e9es significatives dans le traitement de l&#039;AF et l&#039;am\u00e9lioration du taux de survie.\" \/>\n<meta name=\"robots\" content=\"noindex, follow, max-snippet:-1, max-image-preview:large, max-video-preview:-1\" \/>\n<meta property=\"og:locale\" content=\"fr_FR\" \/>\n<meta property=\"og:type\" content=\"article\" \/>\n<meta property=\"og:title\" content=\"Th\u00e9rapie par cellules souches et an\u00e9mie de Fanconi | Future Health Biobank\" \/>\n<meta property=\"og:description\" content=\"La premi\u00e8re greffe de cellules souches de sang de cordon ombilical pour l&#039;an\u00e9mie de Fanconi a eu lieu en 1988. Depuis lors, les greffes de sang de cordon ont permis des avanc\u00e9es significatives dans le traitement de l&#039;AF et l&#039;am\u00e9lioration du taux de survie.\" \/>\n<meta property=\"og:url\" content=\"https:\/\/staging.futurehealthbiobank.com\/mc\/maladies-traitees\/therapie-par-cellules-souches-et-anemie-de-fanconi\/\" \/>\n<meta property=\"og:site_name\" content=\"Future Health Biobank Monaco\" \/>\n<meta property=\"article:modified_time\" content=\"2021-04-30T14:07:47+00:00\" \/>\n<meta name=\"twitter:card\" content=\"summary_large_image\" \/>\n<script type=\"application\/ld+json\" class=\"yoast-schema-graph\">{\"@context\":\"https:\/\/schema.org\",\"@graph\":[{\"@type\":\"WebPage\",\"@id\":\"https:\/\/staging.futurehealthbiobank.com\/mc\/maladies-traitees\/therapie-par-cellules-souches-et-anemie-de-fanconi\/\",\"url\":\"https:\/\/staging.futurehealthbiobank.com\/mc\/maladies-traitees\/therapie-par-cellules-souches-et-anemie-de-fanconi\/\",\"name\":\"Th\u00e9rapie par cellules souches et an\u00e9mie de Fanconi | Future Health Biobank\",\"isPartOf\":{\"@id\":\"https:\/\/staging.futurehealthbiobank.com\/mc\/#website\"},\"datePublished\":\"2019-08-03T11:25:40+00:00\",\"dateModified\":\"2021-04-30T14:07:47+00:00\",\"description\":\"La premi\u00e8re greffe de cellules souches de sang de cordon ombilical pour l'an\u00e9mie de Fanconi a eu lieu en 1988. Depuis lors, les greffes de sang de cordon ont permis des avanc\u00e9es significatives dans le traitement de l'AF et l'am\u00e9lioration du taux de survie.\",\"breadcrumb\":{\"@id\":\"https:\/\/staging.futurehealthbiobank.com\/mc\/maladies-traitees\/therapie-par-cellules-souches-et-anemie-de-fanconi\/#breadcrumb\"},\"inLanguage\":\"fr-FR\",\"potentialAction\":[{\"@type\":\"ReadAction\",\"target\":[\"https:\/\/staging.futurehealthbiobank.com\/mc\/maladies-traitees\/therapie-par-cellules-souches-et-anemie-de-fanconi\/\"]}]},{\"@type\":\"BreadcrumbList\",\"@id\":\"https:\/\/staging.futurehealthbiobank.com\/mc\/maladies-traitees\/therapie-par-cellules-souches-et-anemie-de-fanconi\/#breadcrumb\",\"itemListElement\":[{\"@type\":\"ListItem\",\"position\":1,\"name\":\"Maladies trait\u00e9es\",\"item\":\"https:\/\/staging.futurehealthbiobank.com\/mc\/maladies-traitees\/\"},{\"@type\":\"ListItem\",\"position\":2,\"name\":\"Th\u00e9rapie par cellules souches et an\u00e9mie de Fanconi\"}]},{\"@type\":\"WebSite\",\"@id\":\"https:\/\/staging.futurehealthbiobank.com\/mc\/#website\",\"url\":\"https:\/\/staging.futurehealthbiobank.com\/mc\/\",\"name\":\"Future Health Biobank Monaco\",\"description\":\"\",\"potentialAction\":[{\"@type\":\"SearchAction\",\"target\":{\"@type\":\"EntryPoint\",\"urlTemplate\":\"https:\/\/staging.futurehealthbiobank.com\/mc\/?s={search_term_string}\"},\"query-input\":{\"@type\":\"PropertyValueSpecification\",\"valueRequired\":true,\"valueName\":\"search_term_string\"}}],\"inLanguage\":\"fr-FR\"}]}<\/script>\n<!-- \/ Yoast SEO plugin. -->","yoast_head_json":{"title":"Th\u00e9rapie par cellules souches et an\u00e9mie de Fanconi | Future Health Biobank","description":"La premi\u00e8re greffe de cellules souches de sang de cordon ombilical pour l'an\u00e9mie de Fanconi a eu lieu en 1988. Depuis lors, les greffes de sang de cordon ont permis des avanc\u00e9es significatives dans le traitement de l'AF et l'am\u00e9lioration du taux de survie.","robots":{"index":"noindex","follow":"follow","max-snippet":"max-snippet:-1","max-image-preview":"max-image-preview:large","max-video-preview":"max-video-preview:-1"},"og_locale":"fr_FR","og_type":"article","og_title":"Th\u00e9rapie par cellules souches et an\u00e9mie de Fanconi | Future Health Biobank","og_description":"La premi\u00e8re greffe de cellules souches de sang de cordon ombilical pour l'an\u00e9mie de Fanconi a eu lieu en 1988. Depuis lors, les greffes de sang de cordon ont permis des avanc\u00e9es significatives dans le traitement de l'AF et l'am\u00e9lioration du taux de survie.","og_url":"https:\/\/staging.futurehealthbiobank.com\/mc\/maladies-traitees\/therapie-par-cellules-souches-et-anemie-de-fanconi\/","og_site_name":"Future Health Biobank Monaco","article_modified_time":"2021-04-30T14:07:47+00:00","twitter_card":"summary_large_image","schema":{"@context":"https:\/\/schema.org","@graph":[{"@type":"WebPage","@id":"https:\/\/staging.futurehealthbiobank.com\/mc\/maladies-traitees\/therapie-par-cellules-souches-et-anemie-de-fanconi\/","url":"https:\/\/staging.futurehealthbiobank.com\/mc\/maladies-traitees\/therapie-par-cellules-souches-et-anemie-de-fanconi\/","name":"Th\u00e9rapie par cellules souches et an\u00e9mie de Fanconi | Future Health Biobank","isPartOf":{"@id":"https:\/\/staging.futurehealthbiobank.com\/mc\/#website"},"datePublished":"2019-08-03T11:25:40+00:00","dateModified":"2021-04-30T14:07:47+00:00","description":"La premi\u00e8re greffe de cellules souches de sang de cordon ombilical pour l'an\u00e9mie de Fanconi a eu lieu en 1988. Depuis lors, les greffes de sang de cordon ont permis des avanc\u00e9es significatives dans le traitement de l'AF et l'am\u00e9lioration du taux de survie.","breadcrumb":{"@id":"https:\/\/staging.futurehealthbiobank.com\/mc\/maladies-traitees\/therapie-par-cellules-souches-et-anemie-de-fanconi\/#breadcrumb"},"inLanguage":"fr-FR","potentialAction":[{"@type":"ReadAction","target":["https:\/\/staging.futurehealthbiobank.com\/mc\/maladies-traitees\/therapie-par-cellules-souches-et-anemie-de-fanconi\/"]}]},{"@type":"BreadcrumbList","@id":"https:\/\/staging.futurehealthbiobank.com\/mc\/maladies-traitees\/therapie-par-cellules-souches-et-anemie-de-fanconi\/#breadcrumb","itemListElement":[{"@type":"ListItem","position":1,"name":"Maladies trait\u00e9es","item":"https:\/\/staging.futurehealthbiobank.com\/mc\/maladies-traitees\/"},{"@type":"ListItem","position":2,"name":"Th\u00e9rapie par cellules souches et an\u00e9mie de Fanconi"}]},{"@type":"WebSite","@id":"https:\/\/staging.futurehealthbiobank.com\/mc\/#website","url":"https:\/\/staging.futurehealthbiobank.com\/mc\/","name":"Future Health Biobank Monaco","description":"","potentialAction":[{"@type":"SearchAction","target":{"@type":"EntryPoint","urlTemplate":"https:\/\/staging.futurehealthbiobank.com\/mc\/?s={search_term_string}"},"query-input":{"@type":"PropertyValueSpecification","valueRequired":true,"valueName":"search_term_string"}}],"inLanguage":"fr-FR"}]}},"_links":{"self":[{"href":"https:\/\/staging.futurehealthbiobank.com\/mc\/wp-json\/wp\/v2\/pages\/30154","targetHints":{"allow":["GET"]}}],"collection":[{"href":"https:\/\/staging.futurehealthbiobank.com\/mc\/wp-json\/wp\/v2\/pages"}],"about":[{"href":"https:\/\/staging.futurehealthbiobank.com\/mc\/wp-json\/wp\/v2\/types\/page"}],"author":[{"embeddable":true,"href":"https:\/\/staging.futurehealthbiobank.com\/mc\/wp-json\/wp\/v2\/users\/10"}],"replies":[{"embeddable":true,"href":"https:\/\/staging.futurehealthbiobank.com\/mc\/wp-json\/wp\/v2\/comments?post=30154"}],"version-history":[{"count":0,"href":"https:\/\/staging.futurehealthbiobank.com\/mc\/wp-json\/wp\/v2\/pages\/30154\/revisions"}],"up":[{"embeddable":true,"href":"https:\/\/staging.futurehealthbiobank.com\/mc\/wp-json\/wp\/v2\/pages\/12952"}],"wp:attachment":[{"href":"https:\/\/staging.futurehealthbiobank.com\/mc\/wp-json\/wp\/v2\/media?parent=30154"}],"curies":[{"name":"wp","href":"https:\/\/api.w.org\/{rel}","templated":true}]}}