{"id":10436,"date":"2019-03-01T14:21:48","date_gmt":"2019-03-01T14:21:48","guid":{"rendered":"http:\/\/fhbb.staging.wpengine.com\/?page_id=10006"},"modified":"2021-10-19T13:59:47","modified_gmt":"2021-10-19T12:59:47","slug":"bancos-biologicos-de-sangue-do-cordao-umbilical-privados-vs-publicos","status":"publish","type":"page","link":"https:\/\/staging.futurehealthbiobank.com\/pt\/bancos-biologicos-de-sangue-do-cordao-umbilical-privados-vs-publicos\/","title":{"rendered":"Bancos biol\u00f3gicos de sangue do cord\u00e3o umbilical privados vs. p\u00fablicos"},"content":{"rendered":"<div class=\"helpful-block-content wth-theme-thumbs\" data-title=\"\">\n<ul>\n<li><span class=\"wth-title\">Isto foi \u00fatil?<\/span><\/li>\n<li><a data-post=\"10436\" data-post-url=\"https:\/\/staging.futurehealthbiobank.com\/pt\/bancos-biologicos-de-sangue-do-cordao-umbilical-privados-vs-publicos\/\" data-post-title=\"Bancos biol\u00f3gicos de sangue do cord\u00e3o umbilical privados vs. p\u00fablicos\" data-response=\"1\" href=\"#\" class=\"wth-green-btn icon-thumbs-o-up icon1-thumbs-o-up\">Sim<\/a><a data-response=\"0\" data-post=\"10436\" data-post-url=\"https:\/\/staging.futurehealthbiobank.com\/pt\/bancos-biologicos-de-sangue-do-cordao-umbilical-privados-vs-publicos\/\" data-post-title=\"Bancos biol\u00f3gicos de sangue do cord\u00e3o umbilical privados vs. p\u00fablicos\" href=\"#\" class=\"wth-red-btn icon-thumbs-o-down icon1-thumbs-o-down\">N\u00e3o<\/a><\/li>\n<\/ul>\n<\/div>","protected":false},"excerpt":{"rendered":"<p>Isto foi \u00fatil? SimN\u00e3o<\/p>\n","protected":false},"author":25,"featured_media":0,"parent":0,"menu_order":0,"comment_status":"closed","ping_status":"closed","template":"page-privatepublic.php","meta":{"_acf_changed":false,"footnotes":""},"class_list":["post-10436","page","type-page","status-publish","hentry"],"acf":[],"yoast_head":"<!-- This site is optimized with the Yoast SEO plugin v26.7 - https:\/\/yoast.com\/wordpress\/plugins\/seo\/ -->\n<title>Banco de c\u00e9lulas estaminais: privados vs. p\u00fablicos | Future Health Biobank<\/title>\n<meta name=\"description\" content=\"Tomou a importante decis\u00e3o de preservar as suas pr\u00f3prias c\u00e9lulas estaminais, ou do seu filho. Mas agora vem o passo seguinte - decidir a que banco de armazenamento confiar a preserva\u00e7\u00e3o da sua preciosa amostra de c\u00e9lulas estaminais.\" \/>\n<meta name=\"robots\" content=\"noindex, follow, max-snippet:-1, max-image-preview:large, max-video-preview:-1\" \/>\n<meta property=\"og:locale\" content=\"pt_PT\" \/>\n<meta property=\"og:type\" content=\"article\" \/>\n<meta property=\"og:title\" content=\"Banco de c\u00e9lulas estaminais: privados vs. p\u00fablicos | Future Health Biobank\" \/>\n<meta property=\"og:description\" content=\"Tomou a importante decis\u00e3o de preservar as suas pr\u00f3prias c\u00e9lulas estaminais, ou do seu filho. Mas agora vem o passo seguinte - decidir a que banco de armazenamento confiar a preserva\u00e7\u00e3o da sua preciosa amostra de c\u00e9lulas estaminais.\" \/>\n<meta property=\"og:url\" content=\"https:\/\/staging.futurehealthbiobank.com\/pt\/bancos-biologicos-de-sangue-do-cordao-umbilical-privados-vs-publicos\/\" \/>\n<meta property=\"og:site_name\" content=\"Future Health Biobank Portugal\" \/>\n<meta property=\"article:modified_time\" content=\"2021-10-19T12:59:47+00:00\" \/>\n<meta name=\"twitter:card\" content=\"summary_large_image\" \/>\n<script type=\"application\/ld+json\" class=\"yoast-schema-graph\">{\"@context\":\"https:\/\/schema.org\",\"@graph\":[{\"@type\":\"WebPage\",\"@id\":\"https:\/\/staging.futurehealthbiobank.com\/pt\/bancos-biologicos-de-sangue-do-cordao-umbilical-privados-vs-publicos\/\",\"url\":\"https:\/\/staging.futurehealthbiobank.com\/pt\/bancos-biologicos-de-sangue-do-cordao-umbilical-privados-vs-publicos\/\",\"name\":\"Banco de c\u00e9lulas estaminais: privados vs. p\u00fablicos | Future Health Biobank\",\"isPartOf\":{\"@id\":\"https:\/\/staging.futurehealthbiobank.com\/pt\/#website\"},\"datePublished\":\"2019-03-01T14:21:48+00:00\",\"dateModified\":\"2021-10-19T12:59:47+00:00\",\"description\":\"Tomou a importante decis\u00e3o de preservar as suas pr\u00f3prias c\u00e9lulas estaminais, ou do seu filho. Mas agora vem o passo seguinte - decidir a que banco de armazenamento confiar a preserva\u00e7\u00e3o da sua preciosa amostra de c\u00e9lulas estaminais.\",\"inLanguage\":\"pt-PT\",\"potentialAction\":[{\"@type\":\"ReadAction\",\"target\":[\"https:\/\/staging.futurehealthbiobank.com\/pt\/bancos-biologicos-de-sangue-do-cordao-umbilical-privados-vs-publicos\/\"]}]},{\"@type\":\"WebSite\",\"@id\":\"https:\/\/staging.futurehealthbiobank.com\/pt\/#website\",\"url\":\"https:\/\/staging.futurehealthbiobank.com\/pt\/\",\"name\":\"Future Health Biobank Portugal\",\"description\":\"\",\"potentialAction\":[{\"@type\":\"SearchAction\",\"target\":{\"@type\":\"EntryPoint\",\"urlTemplate\":\"https:\/\/staging.futurehealthbiobank.com\/pt\/?s={search_term_string}\"},\"query-input\":{\"@type\":\"PropertyValueSpecification\",\"valueRequired\":true,\"valueName\":\"search_term_string\"}}],\"inLanguage\":\"pt-PT\"}]}<\/script>\n<!-- \/ Yoast SEO plugin. -->","yoast_head_json":{"title":"Banco de c\u00e9lulas estaminais: privados vs. p\u00fablicos | Future Health Biobank","description":"Tomou a importante decis\u00e3o de preservar as suas pr\u00f3prias c\u00e9lulas estaminais, ou do seu filho. Mas agora vem o passo seguinte - decidir a que banco de armazenamento confiar a preserva\u00e7\u00e3o da sua preciosa amostra de c\u00e9lulas estaminais.","robots":{"index":"noindex","follow":"follow","max-snippet":"max-snippet:-1","max-image-preview":"max-image-preview:large","max-video-preview":"max-video-preview:-1"},"og_locale":"pt_PT","og_type":"article","og_title":"Banco de c\u00e9lulas estaminais: privados vs. p\u00fablicos | Future Health Biobank","og_description":"Tomou a importante decis\u00e3o de preservar as suas pr\u00f3prias c\u00e9lulas estaminais, ou do seu filho. Mas agora vem o passo seguinte - decidir a que banco de armazenamento confiar a preserva\u00e7\u00e3o da sua preciosa amostra de c\u00e9lulas estaminais.","og_url":"https:\/\/staging.futurehealthbiobank.com\/pt\/bancos-biologicos-de-sangue-do-cordao-umbilical-privados-vs-publicos\/","og_site_name":"Future Health Biobank Portugal","article_modified_time":"2021-10-19T12:59:47+00:00","twitter_card":"summary_large_image","schema":{"@context":"https:\/\/schema.org","@graph":[{"@type":"WebPage","@id":"https:\/\/staging.futurehealthbiobank.com\/pt\/bancos-biologicos-de-sangue-do-cordao-umbilical-privados-vs-publicos\/","url":"https:\/\/staging.futurehealthbiobank.com\/pt\/bancos-biologicos-de-sangue-do-cordao-umbilical-privados-vs-publicos\/","name":"Banco de c\u00e9lulas estaminais: privados vs. p\u00fablicos | Future Health Biobank","isPartOf":{"@id":"https:\/\/staging.futurehealthbiobank.com\/pt\/#website"},"datePublished":"2019-03-01T14:21:48+00:00","dateModified":"2021-10-19T12:59:47+00:00","description":"Tomou a importante decis\u00e3o de preservar as suas pr\u00f3prias c\u00e9lulas estaminais, ou do seu filho. Mas agora vem o passo seguinte - decidir a que banco de armazenamento confiar a preserva\u00e7\u00e3o da sua preciosa amostra de c\u00e9lulas estaminais.","inLanguage":"pt-PT","potentialAction":[{"@type":"ReadAction","target":["https:\/\/staging.futurehealthbiobank.com\/pt\/bancos-biologicos-de-sangue-do-cordao-umbilical-privados-vs-publicos\/"]}]},{"@type":"WebSite","@id":"https:\/\/staging.futurehealthbiobank.com\/pt\/#website","url":"https:\/\/staging.futurehealthbiobank.com\/pt\/","name":"Future Health Biobank Portugal","description":"","potentialAction":[{"@type":"SearchAction","target":{"@type":"EntryPoint","urlTemplate":"https:\/\/staging.futurehealthbiobank.com\/pt\/?s={search_term_string}"},"query-input":{"@type":"PropertyValueSpecification","valueRequired":true,"valueName":"search_term_string"}}],"inLanguage":"pt-PT"}]}},"_links":{"self":[{"href":"https:\/\/staging.futurehealthbiobank.com\/pt\/wp-json\/wp\/v2\/pages\/10436","targetHints":{"allow":["GET"]}}],"collection":[{"href":"https:\/\/staging.futurehealthbiobank.com\/pt\/wp-json\/wp\/v2\/pages"}],"about":[{"href":"https:\/\/staging.futurehealthbiobank.com\/pt\/wp-json\/wp\/v2\/types\/page"}],"author":[{"embeddable":true,"href":"https:\/\/staging.futurehealthbiobank.com\/pt\/wp-json\/wp\/v2\/users\/25"}],"replies":[{"embeddable":true,"href":"https:\/\/staging.futurehealthbiobank.com\/pt\/wp-json\/wp\/v2\/comments?post=10436"}],"version-history":[{"count":0,"href":"https:\/\/staging.futurehealthbiobank.com\/pt\/wp-json\/wp\/v2\/pages\/10436\/revisions"}],"wp:attachment":[{"href":"https:\/\/staging.futurehealthbiobank.com\/pt\/wp-json\/wp\/v2\/media?parent=10436"}],"curies":[{"name":"wp","href":"https:\/\/api.w.org\/{rel}","templated":true}]}}