{"id":10983,"date":"2019-10-01T16:10:32","date_gmt":"2019-10-01T15:10:32","guid":{"rendered":"http:\/\/fhbb.staging.wpengine.com\/pt\/?page_id=10172"},"modified":"2025-08-11T11:53:54","modified_gmt":"2025-08-11T10:53:54","slug":"precos-de-preservacao-da-polpa-dentaria","status":"publish","type":"page","link":"https:\/\/staging.futurehealthbiobank.com\/pt\/precos-de-preservacao-da-polpa-dentaria\/","title":{"rendered":"Pre\u00e7os de preserva\u00e7\u00e3o da polpa dent\u00e1ria"},"content":{"rendered":"<div class=\"helpful-block-content wth-theme-thumbs\" data-title=\"\">\n<ul>\n<li><span class=\"wth-title\">Isto foi \u00fatil?<\/span><\/li>\n<li><a data-post=\"10983\" data-post-url=\"https:\/\/staging.futurehealthbiobank.com\/pt\/precos-de-preservacao-da-polpa-dentaria\/\" data-post-title=\"Pre\u00e7os de preserva\u00e7\u00e3o da polpa dent\u00e1ria\" data-response=\"1\" href=\"#\" class=\"wth-green-btn icon-thumbs-o-up icon1-thumbs-o-up\">Sim<\/a><a data-response=\"0\" data-post=\"10983\" data-post-url=\"https:\/\/staging.futurehealthbiobank.com\/pt\/precos-de-preservacao-da-polpa-dentaria\/\" data-post-title=\"Pre\u00e7os de preserva\u00e7\u00e3o da polpa dent\u00e1ria\" href=\"#\" class=\"wth-red-btn icon-thumbs-o-down icon1-thumbs-o-down\">N\u00e3o<\/a><\/li>\n<\/ul>\n<\/div>","protected":false},"excerpt":{"rendered":"<p>Isto foi \u00fatil? SimN\u00e3o<\/p>\n","protected":false},"author":25,"featured_media":0,"parent":0,"menu_order":0,"comment_status":"closed","ping_status":"closed","template":"page-pricingnew.php","meta":{"_acf_changed":false,"footnotes":""},"class_list":["post-10983","page","type-page","status-publish","hentry"],"acf":[],"yoast_head":"<!-- This site is optimized with the Yoast SEO plugin v26.7 - https:\/\/yoast.com\/wordpress\/plugins\/seo\/ -->\n<title>Pre\u00e7os de preserva\u00e7\u00e3o da polpa dent\u00e1ria | Future Health Biobank<\/title>\n<meta name=\"description\" content=\"O primeiro passo para garantir que est\u00e1 preparado para o pr\u00f3ximo dente a abanar \u00e9 aderir ao nosso servi\u00e7o e receber o seu kit de colheita dental.\" \/>\n<meta name=\"robots\" content=\"noindex, follow, max-snippet:-1, max-image-preview:large, max-video-preview:-1\" \/>\n<meta property=\"og:locale\" content=\"pt_PT\" \/>\n<meta property=\"og:type\" content=\"article\" \/>\n<meta property=\"og:title\" content=\"Pre\u00e7os de preserva\u00e7\u00e3o da polpa dent\u00e1ria | Future Health Biobank\" \/>\n<meta property=\"og:description\" content=\"O primeiro passo para garantir que est\u00e1 preparado para o pr\u00f3ximo dente a abanar \u00e9 aderir ao nosso servi\u00e7o e receber o seu kit de colheita dental.\" \/>\n<meta property=\"og:url\" content=\"https:\/\/staging.futurehealthbiobank.com\/pt\/precos-de-preservacao-da-polpa-dentaria\/\" \/>\n<meta property=\"og:site_name\" content=\"Future Health Biobank Portugal\" \/>\n<meta property=\"article:modified_time\" content=\"2025-08-11T10:53:54+00:00\" \/>\n<meta name=\"twitter:card\" content=\"summary_large_image\" \/>\n<script type=\"application\/ld+json\" class=\"yoast-schema-graph\">{\"@context\":\"https:\/\/schema.org\",\"@graph\":[{\"@type\":\"WebPage\",\"@id\":\"https:\/\/staging.futurehealthbiobank.com\/pt\/precos-de-preservacao-da-polpa-dentaria\/\",\"url\":\"https:\/\/staging.futurehealthbiobank.com\/pt\/precos-de-preservacao-da-polpa-dentaria\/\",\"name\":\"Pre\u00e7os de preserva\u00e7\u00e3o da polpa dent\u00e1ria | Future Health Biobank\",\"isPartOf\":{\"@id\":\"https:\/\/staging.futurehealthbiobank.com\/pt\/#website\"},\"datePublished\":\"2019-10-01T15:10:32+00:00\",\"dateModified\":\"2025-08-11T10:53:54+00:00\",\"description\":\"O primeiro passo para garantir que est\u00e1 preparado para o pr\u00f3ximo dente a abanar \u00e9 aderir ao nosso servi\u00e7o e receber o seu kit de colheita dental.\",\"inLanguage\":\"pt-PT\",\"potentialAction\":[{\"@type\":\"ReadAction\",\"target\":[\"https:\/\/staging.futurehealthbiobank.com\/pt\/precos-de-preservacao-da-polpa-dentaria\/\"]}]},{\"@type\":\"WebSite\",\"@id\":\"https:\/\/staging.futurehealthbiobank.com\/pt\/#website\",\"url\":\"https:\/\/staging.futurehealthbiobank.com\/pt\/\",\"name\":\"Future Health Biobank Portugal\",\"description\":\"\",\"potentialAction\":[{\"@type\":\"SearchAction\",\"target\":{\"@type\":\"EntryPoint\",\"urlTemplate\":\"https:\/\/staging.futurehealthbiobank.com\/pt\/?s={search_term_string}\"},\"query-input\":{\"@type\":\"PropertyValueSpecification\",\"valueRequired\":true,\"valueName\":\"search_term_string\"}}],\"inLanguage\":\"pt-PT\"}]}<\/script>\n<!-- \/ Yoast SEO plugin. -->","yoast_head_json":{"title":"Pre\u00e7os de preserva\u00e7\u00e3o da polpa dent\u00e1ria | Future Health Biobank","description":"O primeiro passo para garantir que est\u00e1 preparado para o pr\u00f3ximo dente a abanar \u00e9 aderir ao nosso servi\u00e7o e receber o seu kit de colheita dental.","robots":{"index":"noindex","follow":"follow","max-snippet":"max-snippet:-1","max-image-preview":"max-image-preview:large","max-video-preview":"max-video-preview:-1"},"og_locale":"pt_PT","og_type":"article","og_title":"Pre\u00e7os de preserva\u00e7\u00e3o da polpa dent\u00e1ria | Future Health Biobank","og_description":"O primeiro passo para garantir que est\u00e1 preparado para o pr\u00f3ximo dente a abanar \u00e9 aderir ao nosso servi\u00e7o e receber o seu kit de colheita dental.","og_url":"https:\/\/staging.futurehealthbiobank.com\/pt\/precos-de-preservacao-da-polpa-dentaria\/","og_site_name":"Future Health Biobank Portugal","article_modified_time":"2025-08-11T10:53:54+00:00","twitter_card":"summary_large_image","schema":{"@context":"https:\/\/schema.org","@graph":[{"@type":"WebPage","@id":"https:\/\/staging.futurehealthbiobank.com\/pt\/precos-de-preservacao-da-polpa-dentaria\/","url":"https:\/\/staging.futurehealthbiobank.com\/pt\/precos-de-preservacao-da-polpa-dentaria\/","name":"Pre\u00e7os de preserva\u00e7\u00e3o da polpa dent\u00e1ria | Future Health Biobank","isPartOf":{"@id":"https:\/\/staging.futurehealthbiobank.com\/pt\/#website"},"datePublished":"2019-10-01T15:10:32+00:00","dateModified":"2025-08-11T10:53:54+00:00","description":"O primeiro passo para garantir que est\u00e1 preparado para o pr\u00f3ximo dente a abanar \u00e9 aderir ao nosso servi\u00e7o e receber o seu kit de colheita dental.","inLanguage":"pt-PT","potentialAction":[{"@type":"ReadAction","target":["https:\/\/staging.futurehealthbiobank.com\/pt\/precos-de-preservacao-da-polpa-dentaria\/"]}]},{"@type":"WebSite","@id":"https:\/\/staging.futurehealthbiobank.com\/pt\/#website","url":"https:\/\/staging.futurehealthbiobank.com\/pt\/","name":"Future Health Biobank Portugal","description":"","potentialAction":[{"@type":"SearchAction","target":{"@type":"EntryPoint","urlTemplate":"https:\/\/staging.futurehealthbiobank.com\/pt\/?s={search_term_string}"},"query-input":{"@type":"PropertyValueSpecification","valueRequired":true,"valueName":"search_term_string"}}],"inLanguage":"pt-PT"}]}},"_links":{"self":[{"href":"https:\/\/staging.futurehealthbiobank.com\/pt\/wp-json\/wp\/v2\/pages\/10983","targetHints":{"allow":["GET"]}}],"collection":[{"href":"https:\/\/staging.futurehealthbiobank.com\/pt\/wp-json\/wp\/v2\/pages"}],"about":[{"href":"https:\/\/staging.futurehealthbiobank.com\/pt\/wp-json\/wp\/v2\/types\/page"}],"author":[{"embeddable":true,"href":"https:\/\/staging.futurehealthbiobank.com\/pt\/wp-json\/wp\/v2\/users\/25"}],"replies":[{"embeddable":true,"href":"https:\/\/staging.futurehealthbiobank.com\/pt\/wp-json\/wp\/v2\/comments?post=10983"}],"version-history":[{"count":2,"href":"https:\/\/staging.futurehealthbiobank.com\/pt\/wp-json\/wp\/v2\/pages\/10983\/revisions"}],"predecessor-version":[{"id":32983,"href":"https:\/\/staging.futurehealthbiobank.com\/pt\/wp-json\/wp\/v2\/pages\/10983\/revisions\/32983"}],"wp:attachment":[{"href":"https:\/\/staging.futurehealthbiobank.com\/pt\/wp-json\/wp\/v2\/media?parent=10983"}],"curies":[{"name":"wp","href":"https:\/\/api.w.org\/{rel}","templated":true}]}}